{"id":1015,"date":"2015-08-12T11:42:46","date_gmt":"2015-08-12T09:42:46","guid":{"rendered":"https:\/\/www.jkg-bruchsal.de\/wordpress\/?page_id=1015"},"modified":"2025-11-24T20:20:30","modified_gmt":"2025-11-24T19:20:30","slug":"lehrplaene","status":"publish","type":"page","link":"https:\/\/www.jkg-bruchsal.de\/?page_id=1015","title":{"rendered":"Bildungspl\u00e4ne und Stundentafeln"},"content":{"rendered":"<p>\n  <a class=\"btn btn-primary\" style=\"float:right;\" href=\"https:\/\/www.jkg-bruchsal.de\/?page_id=1017\"><span class=\"hidden-xs\">Notengebung >><\/span><i class=\"glyphicon glyphicon-arrow-right visible-xs\"><\/i><\/a>\n<\/p>\n<h3>Bildungsplan<\/h3>\n<p>Der&nbsp;Unterricht&nbsp;am JKG basiert auf dem jeweils aktuellen Bildungsplan f\u00fcr Gymnasien in Baden-W\u00fcrttemberg, der im neunj\u00e4hrigen Bildungsgang gilt. Genauere Informationen sind hier zu finden: <a href=\"http:\/\/www.bildungsplaene-bw.de\/,Lde\/Startseite\" target=\"_blank\" rel=\"noopener noreferrer\">Bildungsplan 2016 (externer Link)<\/a><\/p>\n<p>Die Kompetenzen, die unsere Sch\u00fclerinnen und Sch\u00fcler in den einzelnen Klassenstufen erreichen, sind in beiden Bildungspl\u00e4nen in ein Kerncurriculum und ein Schulcurriculum aufgeteilt. Ersteres ist unter den o.g. Links abrufbar.<\/p>\n<p>Des Weiteren orientiert sich der Unterricht am JKG an einem sog. Methoden- und Sozialcurriculum, welches <a href=\"https:\/\/www.jkg-bruchsal.de\/?page_id=1040\">hier<\/a> genauer beschrieben wird. Dieses wird ebenfalls in beiden Bildungswegen angewandt.<\/p>\n<p><\/p>\n<h3>Stundentafeln<\/h3>\n<p>Hier finden Sie die aktuell g\u00fcltigen Stundentafeln: Zum einen f\u00fcr den neunj\u00e4higen Bildungsgang &#8222;G9 Baden-W\u00fcrttemberg&#8220; (gilt aktuell f\u00fcr die 5. und 6. Klassen), zum anderen f\u00fcr das G9 &#8222;JKG Modellschule&#8220; (gilt f\u00fcr Sch\u00fclerinnen und Sch\u00fcler, die im Schuljahr 2025\/26 Klasse 7 oder eine h\u00f6here Klasse besuchen). <\/p>\n<p>F\u00fcr weitere Informationen zu den Stundentafeln clicken Sie bitte auf das jeweilige Bild. Alles Wichtige zu unseren Bildungsg\u00e4ngen ist hier zu finden: <a href=\"https:\/\/www.jkg-bruchsal.de\/?page_id=108\" target=\"_blank\">Bildungsg\u00e4nge und Profile am JKG >><\/a><\/p>\n<p><\/br><\/p>\n<div class=\"row\">\n<div class=\"col-md-6\">\n  <a href=\"https:\/\/www.jkg-bruchsal.de\/wordpress\/inhalte\/uploads\/2025\/11\/Stundentafel-neues-G9-Baden-Wuerttemberg-2025-11-23.pdf\" target=\"_blank\" rel=\"noopener noreferrer\"><img decoding=\"async\" style=\"margin-bottom: 20px\" class=\"img-responsive\" src=\"https:\/\/www.jkg-bruchsal.de\/wordpress\/inhalte\/uploads\/2025\/11\/Stundentafel-neues-G9-Baden-Wuerttemberg-2025-11-23.jpg\" alt=\"Stundentafel neu\" \/><\/a>\n<\/div>\n<div class=\"col-md-6\">\n  <a href=\"https:\/\/www.jkg-bruchsal.de\/wordpress\/inhalte\/uploads\/2025\/11\/Stundentafel-G9-JKG-2025-11-23.pdf\" target=\"_blank\" rel=\"noopener noreferrer\"><img decoding=\"async\" style=\"margin-bottom: 20px\" class=\"img-responsive\" src=\"https:\/\/www.jkg-bruchsal.de\/wordpress\/inhalte\/uploads\/2025\/11\/Stundentafel-G9-JKG-2025-11-23.jpg\" alt=\"Stundentafel alt\" \/><\/a>\n<\/div>\n<\/div>\n<p>Link: <a href=\"https:\/\/km.baden-wuerttemberg.de\/de\/schule\/gymnasium\/bildungsplan-2016-faecher-und-kontingentstundentafel\" target=\"_blank\">Kontingentstundentafel (neues G9) des Kultusministeriums<\/a> (externer Link)<\/p>\n","protected":false},"excerpt":{"rendered":"<p>Notengebung >> Bildungsplan Der&nbsp;Unterricht&nbsp;am JKG basiert auf dem jeweils aktuellen Bildungsplan f\u00fcr Gymnasien in Baden-W\u00fcrttemberg, der im neunj\u00e4hrigen Bildungsgang gilt. Genauere Informationen sind hier zu finden: Bildungsplan 2016 (externer Link) Die Kompetenzen, die unsere Sch\u00fclerinnen und Sch\u00fcler in den einzelnen Klassenstufen erreichen, sind in beiden Bildungspl\u00e4nen in ein Kerncurriculum und ein Schulcurriculum aufgeteilt. Ersteres ist [&hellip;]<\/p>\n","protected":false},"author":2,"featured_media":0,"parent":110,"menu_order":10,"comment_status":"closed","ping_status":"closed","template":"","meta":{"footnotes":""},"class_list":["post-1015","page","type-page","status-publish","hentry"],"_links":{"self":[{"href":"https:\/\/www.jkg-bruchsal.de\/index.php?rest_route=\/wp\/v2\/pages\/1015","targetHints":{"allow":["GET"]}}],"collection":[{"href":"https:\/\/www.jkg-bruchsal.de\/index.php?rest_route=\/wp\/v2\/pages"}],"about":[{"href":"https:\/\/www.jkg-bruchsal.de\/index.php?rest_route=\/wp\/v2\/types\/page"}],"author":[{"embeddable":true,"href":"https:\/\/www.jkg-bruchsal.de\/index.php?rest_route=\/wp\/v2\/users\/2"}],"replies":[{"embeddable":true,"href":"https:\/\/www.jkg-bruchsal.de\/index.php?rest_route=%2Fwp%2Fv2%2Fcomments&post=1015"}],"version-history":[{"count":18,"href":"https:\/\/www.jkg-bruchsal.de\/index.php?rest_route=\/wp\/v2\/pages\/1015\/revisions"}],"predecessor-version":[{"id":16708,"href":"https:\/\/www.jkg-bruchsal.de\/index.php?rest_route=\/wp\/v2\/pages\/1015\/revisions\/16708"}],"up":[{"embeddable":true,"href":"https:\/\/www.jkg-bruchsal.de\/index.php?rest_route=\/wp\/v2\/pages\/110"}],"wp:attachment":[{"href":"https:\/\/www.jkg-bruchsal.de\/index.php?rest_route=%2Fwp%2Fv2%2Fmedia&parent=1015"}],"curies":[{"name":"wp","href":"https:\/\/api.w.org\/{rel}","templated":true}]}}