{"id":10774,"date":"2020-03-21T15:01:24","date_gmt":"2020-03-21T14:01:24","guid":{"rendered":"https:\/\/www.jkg-bruchsal.de\/?page_id=10774"},"modified":"2025-09-10T16:20:46","modified_gmt":"2025-09-10T14:20:46","slug":"online-tools","status":"publish","type":"page","link":"https:\/\/www.jkg-bruchsal.de\/?page_id=10774","title":{"rendered":"Anleitungen"},"content":{"rendered":"<h3><a name=\"Anleitungen\"><\/a>BigBlueButton, Sch\u00fclercloud<\/h3>\n<div class=\"row\">\n<div class=\"col-md-2\">\n<figure>\n      <a href=\"https:\/\/www.jkg-bruchsal.de\/wordpress\/inhalte\/uploads\/2020\/04\/BBB-Logo.jpg\" data-rel=\"lightbox-image-0\" data-rl_title=\"\" data-rl_caption=\"\" title=\"\"><img decoding=\"async\" class=\"img-responsive\" src=\"https:\/\/www.jkg-bruchsal.de\/wordpress\/inhalte\/uploads\/2020\/04\/BBB-Logo.jpg\" alt=\"BBB\" \/><\/a><br \/>\n    <\/figure>\n<\/p><\/div>\n<div class=\"col-md-10\">\n<p><strong>BigBlueButton: <\/strong>Mit dem Webkonferenztool BigBlueButton haben wir eine M\u00f6glichkeit miteinander zu sprechen, Fragen zu kl\u00e4ren und uns auszutauschen (Video- oder Telefonkonferenz). Da BBB \u00fcber den Schulserver l\u00e4uft, ist es datenschutzkonform. Der Zugang ist per PC und Handy m\u00f6glich. Zu empfehlen ist die Nutzung am PC, da die Handhabung dort \u00fcbersichtlicher und einfacher ist. BBB l\u00e4uft im Browser Chrome am besten. <a href=\"https:\/\/www.jkg-bruchsal.de\/wordpress\/inhalte\/uploads\/2021\/09\/BigBlueButton-Anleitung-SuS_VersionMoodle.pdf\" rel=\"noopener noreferrer\" target=\"_blank\">Anleitung BigBlueButton f\u00fcr Sch\u00fcler*innen (PDF)<\/a><\/p>\n<\/p><\/div>\n<\/p><\/div>\n<div class=\"row\">\n<div class=\"col-md-2\">\n<figure>\n      <a href=\"https:\/\/www.jkg-bruchsal.de\/wordpress\/inhalte\/uploads\/2020\/04\/Cloud-Logo.jpg\" data-rel=\"lightbox-image-1\" data-rl_title=\"\" data-rl_caption=\"\" title=\"\"><img decoding=\"async\" class=\"img-responsive\" src=\"https:\/\/www.jkg-bruchsal.de\/wordpress\/inhalte\/uploads\/2020\/04\/Cloud-Logo.jpg\" alt=\"Cloud\" \/><\/a><br \/>\n <\/figure>\n<\/p><\/div>\n<div class=\"col-md-10\">\n<p><strong>Sch\u00fclercloud: <\/strong>In der JKG-eigenen Cloud k\u00f6nnen gr\u00f6\u00dfere Dateien hochgeladen werden als auf Moodle. Tipp: Es gibt auch einen Client dazu (geht aber auch im Browser gut). <a href=\"https:\/\/www.jkg-bruchsal.de\/wordpress\/inhalte\/uploads\/2020\/04\/scloud-Schu\u0308ler.pdf\" rel=\"noopener noreferrer\" target=\"_blank\">Anleitung Sch\u00fclercloud f\u00fcr Sch\u00fcler*innen (PDF)<\/a><\/p>\n<\/div><\/div>\n<h3><a name=\"Tipps\"><\/a>Tipps &#038; Tricks<\/h3>\n<p>Zum Verkleinern von Dateien hier eine Anleitung: <a href=\"https:\/\/www.jkg-bruchsal.de\/wordpress\/inhalte\/uploads\/2020\/05\/Komprimierung-von-abzugebenden-digitalen-Hausaufgaben.pdf\" rel=\"noopener noreferrer\" target=\"_blank\">Komprimierung von abzugebenden Hausaufgaben (PDF)<\/a> <em>(Bur, 6.5.20)<\/em><\/p>\n<p>Hilfreich zum Scannen mit dem Smartphone ist die App &#8222;Adobe Scan&#8220;: <a href=\"https:\/\/acrobat.adobe.com\/de\/de\/mobile\/scanner-app.html\" rel=\"noopener noreferrer\" target=\"_blank\">https:\/\/acrobat.adobe.com\/de\/de\/mobile\/scanner-app.html<\/a> (externer Link)<\/p>\n<p><\/br><\/p>\n","protected":false},"excerpt":{"rendered":"<p>BigBlueButton, Sch\u00fclercloud BigBlueButton: Mit dem Webkonferenztool BigBlueButton haben wir eine M\u00f6glichkeit miteinander zu sprechen, Fragen zu kl\u00e4ren und uns auszutauschen (Video- oder Telefonkonferenz). Da BBB \u00fcber den Schulserver l\u00e4uft, ist es datenschutzkonform. Der Zugang ist per PC und Handy m\u00f6glich. Zu empfehlen ist die Nutzung am PC, da die Handhabung dort \u00fcbersichtlicher und einfacher ist. [&hellip;]<\/p>\n","protected":false},"author":2,"featured_media":0,"parent":1466,"menu_order":0,"comment_status":"closed","ping_status":"closed","template":"","meta":{"footnotes":""},"class_list":["post-10774","page","type-page","status-publish","hentry"],"_links":{"self":[{"href":"https:\/\/www.jkg-bruchsal.de\/index.php?rest_route=\/wp\/v2\/pages\/10774","targetHints":{"allow":["GET"]}}],"collection":[{"href":"https:\/\/www.jkg-bruchsal.de\/index.php?rest_route=\/wp\/v2\/pages"}],"about":[{"href":"https:\/\/www.jkg-bruchsal.de\/index.php?rest_route=\/wp\/v2\/types\/page"}],"author":[{"embeddable":true,"href":"https:\/\/www.jkg-bruchsal.de\/index.php?rest_route=\/wp\/v2\/users\/2"}],"replies":[{"embeddable":true,"href":"https:\/\/www.jkg-bruchsal.de\/index.php?rest_route=%2Fwp%2Fv2%2Fcomments&post=10774"}],"version-history":[{"count":5,"href":"https:\/\/www.jkg-bruchsal.de\/index.php?rest_route=\/wp\/v2\/pages\/10774\/revisions"}],"predecessor-version":[{"id":16555,"href":"https:\/\/www.jkg-bruchsal.de\/index.php?rest_route=\/wp\/v2\/pages\/10774\/revisions\/16555"}],"up":[{"embeddable":true,"href":"https:\/\/www.jkg-bruchsal.de\/index.php?rest_route=\/wp\/v2\/pages\/1466"}],"wp:attachment":[{"href":"https:\/\/www.jkg-bruchsal.de\/index.php?rest_route=%2Fwp%2Fv2%2Fmedia&parent=10774"}],"curies":[{"name":"wp","href":"https:\/\/api.w.org\/{rel}","templated":true}]}}