{"id":1113,"date":"2015-08-12T19:07:54","date_gmt":"2015-08-12T17:07:54","guid":{"rendered":"https:\/\/www.jkg-bruchsal.de\/wordpress\/?page_id=1113"},"modified":"2024-12-03T17:37:56","modified_gmt":"2024-12-03T16:37:56","slug":"deutsch","status":"publish","type":"page","link":"https:\/\/www.jkg-bruchsal.de\/?page_id=1113","title":{"rendered":"Deutsch"},"content":{"rendered":"<div class=\"row\">\n<div class=\"col-md-6\">\n    <a class=\"btn btn-primary\" style=\"float:left;\" href=\"https:\/\/www.jkg-bruchsal.de\/?page_id=104\"><span class=\"hidden-xs\"><< \u00dcbersicht: F\u00e4cher<\/span><i class=\"glyphicon glyphicon-arrow-left visible-xs\"><\/i><\/a>\n  <\/div>\n<div class=\"col-md-6\">\n    <a class=\"btn btn-primary\" style=\"float:right;\" href=\"https:\/\/www.jkg-bruchsal.de\/?page_id=1509\"><span class=\"hidden-xs\">Literatur >><\/span><i class=\"glyphicon glyphicon-arrow-right visible-xs\"><\/i><\/a>\n  <\/div>\n<\/div>\n<p><br class=\"hidden-xs brmenue\"><\/p>\n<div class=\"row\">\n<div class=\"col-md-6\">\n    <a class=\"btn btn-primary\" style=\"float:left;\" href=\"https:\/\/www.jkg-bruchsal.de\/?page_id=1139\"><span class=\"hidden-xs\"><< Lernatelier<\/span><i class=\"glyphicon glyphicon-arrow-left visible-xs\"><\/i><\/a>\n  <\/div>\n<div class=\"col-md-6\">\n    <a class=\"btn btn-primary\" style=\"float:right;\" href=\"https:\/\/www.jkg-bruchsal.de\/?page_id=4957\"><span class=\"hidden-xs\">AG: Fit in Rechtschreibung >><\/span><i class=\"glyphicon glyphicon-arrow-right visible-xs\"><\/i><\/a>\n  <\/div>\n<\/div>\n<hr>\n<p>Herzlich Willkommen auf der Seite der Fachschaft Deutsch am Justus-Knecht-Gymnasium! <\/p>\n<p><\/br><\/p>\n<div class=\"col-md-12\">\n<div class=\"row\">\n<div class=\"col-xs-4 bootstrapfloat\">\n<p><strong>Vorlesewettbewerb:<\/strong><\/p>\n<p>      <a href=\"https:\/\/www.jkg-bruchsal.de\/?page_id=16265\"><img decoding=\"async\" class=\"img-responsive\" src=\"https:\/\/www.jkg-bruchsal.de\/wordpress\/inhalte\/uploads\/2024\/12\/Vorlesewettbewerb2021-4.jpg\" alt=\"Vorlesewettbewerb\" style=\"padding: 7px;\" \/><\/a>\n    <\/div>\n<div class=\"col-xs-3 bootstrapfloat\">\n<p><strong>Frederick-Tag:<\/strong><\/p>\n<p>       <a href=\"https:\/\/www.jkg-bruchsal.de\/?page_id=16257\"><img decoding=\"async\" class=\"img-responsive\" src=\"https:\/\/www.jkg-bruchsal.de\/wordpress\/inhalte\/uploads\/2024\/12\/Frederick-Tag-Logo.jpg\" alt=\"Frederick-Tag\" style=\"padding: 7px;\" \/><\/a>\n    <\/div>\n<div class=\"col-xs-4 bootstrapfloat\">\n<p><strong>B\u00fcchershow:<\/strong><\/p>\n<p>       <a href=\"https:\/\/www.jkg-bruchsal.de\/?page_id=16261\"><img decoding=\"async\" class=\"img-responsive\" src=\"https:\/\/www.jkg-bruchsal.de\/wordpress\/inhalte\/uploads\/2023\/06\/Buechershow-Mai-2023.jpg\" alt=\"B\u00fcchershow\" style=\"padding: 7px;\" \/><\/a>\n    <\/div>\n<\/p><\/div>\n<\/p><\/div>\n<p>.<\/p>\n<hr>\n<h3>Weitere Veranstaltungen der Fachschaft Deutsch<\/h3>\n<hr>\n<h3><a name=\"Tag des Buches 2024\"><\/a>Vorlese-Event am Welttag des Buches 2024<\/h3>\n<h4>\u201eDie Vorleser\u201c lesen aus Crazy Family von Markus Orths<\/h4>\n<div class=\"col-md-12\">\n<div class=\"row\">\n<div class=\"col-md-4 bootstrapfloat\">\n      <a href=\"https:\/\/www.jkg-bruchsal.de\/wordpress\/inhalte\/uploads\/2024\/05\/k-Tag-des-Buches-2024.jpg\" data-rel=\"lightbox-image-0\" data-rl_title=\"\" data-rl_caption=\"\" title=\"\"><img decoding=\"async\" class=\"img-responsive\" src=\"https:\/\/www.jkg-bruchsal.de\/wordpress\/inhalte\/uploads\/2024\/05\/k-Tag-des-Buches-2024.jpg\" alt=\"Tag vom Buch\" \/><\/a>\n    <\/div>\n<p>Was haben eine Enzyklop\u00e4die und Butterkekse mit \u201eWer wird Million\u00e4r?\u201c zu tun? Dies konnten Sch\u00fclerinnen und Sch\u00fcler der 5. Klassen am Welttag des Buches in der Aula herausfinden. Dort lasen die Mitglieder der Projektgruppe \u201eDie Vorleser\u201c aus dem vergn\u00fcglichen Buch Crazy Family vor und erweckten die verr\u00fcckte Familie Hackebart, um die es in dem Jugendbuch geht, durch ihren ausdrucksvollen Vortrag zum Leben. Sowohl die Vorleser als auch das Publikum hatten viel Spa\u00df bei den Geschichten der total abgedrehten Familie.<\/p>\n<p>Am 23. April, dem UNESCO Welttag des Buches, wird traditionell in Schulen, Bibliotheken, Buchhandlungen und Verlagen das Lesen gefeiert, so auch in diesem Jahr am JKG. Die Aktion zum Welttag des Buches stellt den Abschluss der Vorleseaktionen der Projektgruppe dar. Die Achtkl\u00e4ssler der Projektgruppe hatten eine Vorlesepatenschaft f\u00fcr die F\u00fcnftkl\u00e4ssler \u00fcbernommen und diesen w\u00f6chentlich in einer \u201eVorlesepause\u201c aus verschiedenen aktuellen Jugendb\u00fcchern vorgelesen.<\/p>\n<\/p><\/div>\n<\/p><\/div>\n<p><em>Text und Foto: Bai (Mai 2024)<\/em><\/p>\n<hr>\n<h3><a name=\"Stadtbibliothek\"><\/a>Besuch der Stadtbibliothek<\/h3>\n<h4>Aktion: \u201eHei\u00df auf Lesen\u201c<\/h4>\n<div class=\"col-md-12\">\n<div class=\"row\">\n<div class=\"col-md-5 bootstrapfloat\">\n      <a href=\"https:\/\/www.jkg-bruchsal.de\/wordpress\/inhalte\/uploads\/2022\/07\/k-IMG_20220705_080806.jpg\" data-rel=\"lightbox-image-1\" data-rl_title=\"\" data-rl_caption=\"\" title=\"\"><img decoding=\"async\" class=\"img-responsive\" src=\"https:\/\/www.jkg-bruchsal.de\/wordpress\/inhalte\/uploads\/2022\/07\/k-IMG_20220705_080806.jpg\" alt=\"Bibliothek 2022\" \/><\/a>\n    <\/div>\n<p>Am Dienstag, 21. Juni 2022 machte die Klasse 5u mit ihren Klassenlehrerinnen Frau Nordberg und Frau Burckhart-Dreyer nach der zweiten Stunde einen Ausflug zur Stadtbibliothek Bruchsal. Nach einem kurzen Marsch kamen wir dort an. Wir wurden freundlich begr\u00fc\u00dft und dann ging es auch schon los: Ein ehrenamtlicher Mitarbeiter der Bibliothek unternahm mit uns einen Rundgang auf den beiden Etagen. Wir entdeckten verschiedene Medien, wie B\u00fccher, Spiele, Mangas, CDs und Zeitungen. Der Bibliothekar hatte auch ein Quiz f\u00fcr alle Sch\u00fclerinnen und Sch\u00fcler zusammengestellt, das in Kleingruppen gel\u00f6st wurde. Dabei musste man verschiedene Fragen beantworten, wie beispielsweise zu der Autorin von \u201eHarry Potter\u201c. Aber auch der Bibliothekscomputer kam zum Einsatz. Knapp 30 Kinder d\u00fcsten durch die Regale. Nach dieser spannenden Quizjagd ging es nach einer kleinen Mittagspause zum Basteln der eigenen Wunschbibliothek.<\/p>\n<p>Wie es zu diesem Projekt kam? Unsere Lehrerinnen hatten uns mitgeteilt, dass wir von der Stadtb\u00fccherei Bruchsal dazu eingeladen worden waren, f\u00fcr die Aktion \u201eHei\u00df auf Lesen\u201c unsere Wunschbibliothek im Schuhkarton zu basteln. Hierf\u00fcr haben wir im Vorfeld zuerst Ideen und dann Materialien gesammelt, wie z.B. Pappe, Schuhkartons, Playmobil und anderes. In einem Extraraum der Bibliothek, in dem wir noch weitere Bastelutensilien vorfanden, durften wir uns ausbreiten und anfangen, unsere Ideen umzusetzen. Schon nach dieser ersten Etappe konnte man tolle Objekte bewundern. In der Schule wurden die Arbeiten dann an einem anderen Tag abgeschlossen und schlie\u00dflich von Frau Els\u00e4sser abgeholt. Unsere gebastelten Wunschbibliotheken kann man nun in der Stadtb\u00fccherei Bruchsal bei der Aktion \u201eHei\u00df auf Lesen\u201c bewundern.<\/p>\n<\/p><\/div>\n<\/p><\/div>\n<p>Uns hat das Projekt viel Spa\u00df gemacht und es war toll, dass wir zur Dekoration der Bibliothek beitragen konnten. Wir empfehlen euch auf jeden Fall, spannende neue B\u00fccher kennenzulernen, indem ihr bei der Aktion \u201eHei\u00df auf Lesen\u201c mitmacht, die schon jetzt angelaufen ist und an der man in den gesamten Sommerferien teilnehmen kann.<\/p>\n<div class=\"col-md-12\">\n<div class=\"row\">\n<div class=\"col-md-6 bootstrapfloat\">\n      <a href=\"https:\/\/www.jkg-bruchsal.de\/wordpress\/inhalte\/uploads\/2022\/07\/k-IMG_20220705_0743301.jpg\" data-rel=\"lightbox-image-2\" data-rl_title=\"\" data-rl_caption=\"\" title=\"\"><img decoding=\"async\" class=\"img-responsive\" src=\"https:\/\/www.jkg-bruchsal.de\/wordpress\/inhalte\/uploads\/2022\/07\/k-IMG_20220705_0743301.jpg\" alt=\"Stadtbibliothek 2\" \/><\/a>\n    <\/div>\n<div class=\"col-md-6 bootstrapfloat\">\n      <a href=\"https:\/\/www.jkg-bruchsal.de\/wordpress\/inhalte\/uploads\/2022\/07\/k-SDC11903.JPG-rotated.jpg\" data-rel=\"lightbox-image-3\" data-rl_title=\"\" data-rl_caption=\"\" title=\"\"><img decoding=\"async\" class=\"img-responsive\" src=\"https:\/\/www.jkg-bruchsal.de\/wordpress\/inhalte\/uploads\/2022\/07\/k-SDC11903.JPG-rotated.jpg\" alt=\"Stadtbibliothek 3\" \/><\/a>\n    <\/div>\n<\/p><\/div>\n<\/p><\/div>\n<p><em>Text: Eliah, Fotios, Jonas, Oskar (5u);<br \/>\nFotos: Fr. Els\u00e4sser (Stadtbibliothek)<\/em><\/p>\n<hr>\n<h3><a name=\"Autorenlesung\"><\/a>Autorenlesung<\/h3>\n<h4>Autor und ehemaliger JKG-Sch\u00fcler Jakob Riffel stellt sein neues Buch vor<\/h4>\n<div class=\"col-md-12\">\n<div class=\"row\">\n<div class=\"col-md-3 bootstrapfloat\">\n      <a href=\"https:\/\/www.jkg-bruchsal.de\/wordpress\/inhalte\/uploads\/2022\/07\/k-IMG_3032.jpeg.jpg\" data-rel=\"lightbox-image-4\" data-rl_title=\"\" data-rl_caption=\"\" title=\"\"><img decoding=\"async\" class=\"img-responsive\" src=\"https:\/\/www.jkg-bruchsal.de\/wordpress\/inhalte\/uploads\/2022\/07\/k-IMG_3032.jpeg.jpg\" alt=\"Autorenlesung 2022\" \/><\/a>\n    <\/div>\n<p>Am 24.05.2022 fand am JKG f\u00fcr die Klassen 7a und 7b eine Autorenlesung statt, organisiert von der Projektgruppe \u201eSch\u00fclerbibliothek\u201c. Der ehemalige Sch\u00fcler unserer Schule, Jakob Riffel, stellte sein erstes Buch \u201eMeteorit\u201c vor.<\/p>\n<p>In dem spannenden Fantasy-Roman f\u00fcr Leser ab ca. 12 Jahren geht es um Marie und ihren Drachen Meteorit. Die beiden wollen an einem gro\u00dfen Turnier teilnehmen, aber Marie traut sich nicht mehr. Seit einiger Zeit hat sie n\u00e4mlich merkw\u00fcrdige Tr\u00e4ume, bei denen sie sich sterben sieht. Dann lernt sie den jungen Pilger Markus und den Drachenreiter Serinus kennen. Als Markus die gleichen Tr\u00e4ume bekommt, wird den dreien bewusst, dass sie eine gro\u00dfe Aufgabe zu bew\u00e4ltigen haben, bei der es um Leben und Tod geht. <\/p>\n<p>Die Siebtkl\u00e4ssler h\u00f6rten der spannenden Geschichte aufmerksam zu und waren ganz begeistert von dem jungen Autor, der den Sch\u00fclerinnen und Sch\u00fclern auch von seiner Zeit als Sch\u00fcler am JKG und von der Entstehungsgeschichte des Romans erz\u00e4hlte. <\/p>\n<p>Ganz herzlichen Dank nochmal an Jakob Riffel, der sich trotz seines aufw\u00e4ndigen Medizinstudiums die Zeit f\u00fcr uns genommen hat. <\/p>\n<\/p><\/div>\n<\/p><\/div>\n<p><em>Text: Leni 8v, Tianyu 8t, Anastasia 8t<\/em><\/p>\n<hr>\n","protected":false},"excerpt":{"rendered":"<p>> > Herzlich Willkommen auf der Seite der Fachschaft Deutsch am Justus-Knecht-Gymnasium! Vorlesewettbewerb: Frederick-Tag: B\u00fcchershow: . Weitere Veranstaltungen der Fachschaft Deutsch Vorlese-Event am Welttag des Buches 2024 \u201eDie Vorleser\u201c lesen aus Crazy Family von Markus Orths Was haben eine Enzyklop\u00e4die und Butterkekse mit \u201eWer wird Million\u00e4r?\u201c zu tun? Dies konnten Sch\u00fclerinnen und Sch\u00fcler der 5. [&hellip;]<\/p>\n","protected":false},"author":2,"featured_media":0,"parent":104,"menu_order":0,"comment_status":"closed","ping_status":"closed","template":"","meta":{"footnotes":""},"class_list":["post-1113","page","type-page","status-publish","hentry"],"_links":{"self":[{"href":"https:\/\/www.jkg-bruchsal.de\/index.php?rest_route=\/wp\/v2\/pages\/1113","targetHints":{"allow":["GET"]}}],"collection":[{"href":"https:\/\/www.jkg-bruchsal.de\/index.php?rest_route=\/wp\/v2\/pages"}],"about":[{"href":"https:\/\/www.jkg-bruchsal.de\/index.php?rest_route=\/wp\/v2\/types\/page"}],"author":[{"embeddable":true,"href":"https:\/\/www.jkg-bruchsal.de\/index.php?rest_route=\/wp\/v2\/users\/2"}],"replies":[{"embeddable":true,"href":"https:\/\/www.jkg-bruchsal.de\/index.php?rest_route=%2Fwp%2Fv2%2Fcomments&post=1113"}],"version-history":[{"count":29,"href":"https:\/\/www.jkg-bruchsal.de\/index.php?rest_route=\/wp\/v2\/pages\/1113\/revisions"}],"predecessor-version":[{"id":7806,"href":"https:\/\/www.jkg-bruchsal.de\/index.php?rest_route=\/wp\/v2\/pages\/1113\/revisions\/7806"}],"up":[{"embeddable":true,"href":"https:\/\/www.jkg-bruchsal.de\/index.php?rest_route=\/wp\/v2\/pages\/104"}],"wp:attachment":[{"href":"https:\/\/www.jkg-bruchsal.de\/index.php?rest_route=%2Fwp%2Fv2%2Fmedia&parent=1113"}],"curies":[{"name":"wp","href":"https:\/\/api.w.org\/{rel}","templated":true}]}}