{"id":1147,"date":"2015-08-12T19:14:16","date_gmt":"2015-08-12T17:14:16","guid":{"rendered":"https:\/\/www.jkg-bruchsal.de\/wordpress\/?page_id=1147"},"modified":"2023-07-28T08:05:39","modified_gmt":"2023-07-28T06:05:39","slug":"musik","status":"publish","type":"page","link":"https:\/\/www.jkg-bruchsal.de\/?page_id=1147","title":{"rendered":"Musik"},"content":{"rendered":"<div class=\"row\">\n<div class=\"col-md-6\">\n    <a class=\"btn btn-primary\" style=\"float:left;\" href=\"https:\/\/www.jkg-bruchsal.de\/?page_id=104\"><span class=\"hidden-xs\"><< \u00dcbersicht: F\u00e4cher<\/span><i class=\"glyphicon glyphicon-arrow-left visible-xs\"><\/i><\/a>\n  <\/div>\n<div class=\"col-md-6\">\n  <\/div>\n<\/div>\n<a href=\"https:\/\/www.jkg-bruchsal.de\/wordpress\/inhalte\/uploads\/2015\/08\/Melodie.jpg\" data-rel=\"lightbox-image-0\" data-rl_title=\"\" data-rl_caption=\"\" title=\"\"><img decoding=\"async\" class=\"img-responsive\" src=\"https:\/\/www.jkg-bruchsal.de\/wordpress\/inhalte\/uploads\/2015\/08\/Melodie.jpg\" alt=\"Melodie\" \/><\/a>\n<ul class=\"nav nav-tabs nav-justified\">\n<li role=\"presentation\" class=\"active\"><a href=\"#\">Musikunterricht<\/a><\/li>\n<li role=\"presentation\"><a href=\"https:\/\/www.jkg-bruchsal.de\/?page_id=2965\">Konzerte >><\/a><\/li>\n<li role=\"presentation\"><a href=\"https:\/\/www.jkg-bruchsal.de\/?page_id=112#Musik\">Musik-AGs >><\/a><\/li>\n<li role=\"presentation\"><a href=\"https:\/\/www.jkg-bruchsal.de\/?page_id=5939\">Probenfahrten >><\/a><\/li>\n<\/ul>\n<div class=\"nav-rule\">\n<hr>\n<\/div>\n<h3><a name=\"Klassenmusik\"><\/a>Klassenmusik<\/h3>\n<p>Aus dem Bildungsplan 2004:<\/p>\n<blockquote style=\"font-size: 11pt; font-style: italic;\"><p>&#8222;Grundlegende musikalische Erfahrungen werden vor allem \u00fcber das Musizieren und das musikalische Gestalten gemacht. Die st\u00e4ndig wachsende Bedeutung medial vermittelter musikalischer Erfahrung reduziert die selbstbestimmten Eigent\u00e4tigkeiten. Daher besteht ein wichtiges Ziel des Musikunterrichts darin, Musik gestalten zu k\u00f6nnen, durch unmittelbare musikalische Erfahrungen (Singen, Musizieren, Bewegen) die Freude an der Musik zu wecken, zu erhalten und zu pflegen.&#8220;<\/p><\/blockquote>\n<p>Der allt\u00e4gliche Musikunterricht am JKG enth\u00e4lt viel Gesang und Instrumentalspiel und vermittelt handlungsorientiert das zu Grunde liegende Musikwissen. Die Erfolgserlebnisse im Musizieren st\u00e4rken jeden Einzelnen, das Zusammenspiel die Klassengemeinschaft. Stolz k\u00f6nnen die Ergebnisse in der neuen \u201e<a href=\"https:\/\/www.jkg-bruchsal.de\/?page_id=2982\">KlassenKultKonzert<\/a>\u201c-Reihe vor Publikum pr\u00e4sentiert werden.<\/p>\n<p><\/br><\/p>\n<hr>\n<h3><a name=\"GFS-Kriterien\"><\/a>GFS-Kriterien<\/h3>\n<p><a href=\"https:\/\/www.jkg-bruchsal.de\/wordpress\/inhalte\/uploads\/2015\/08\/JKG-MUSIK-gFS-Regelung.pdf\" target=\"_blank\" rel=\"noopener\">GFS-Kriterien des Fachs Musik (PDF)<\/a><\/p>\n<p><\/br><\/p>\n<hr>\n<h3><a name=\"Bildungsplan\"><\/a>Bildungsplan<\/h3>\n<p><a href=\"http:\/\/www.bildungsplaene-bw.de\/,Lde\/Startseite\/BP2016BW_ALLG\/BP2016BW_ALLG_GYM_MUS\" target=\"_blank\" rel=\"noopener\">Bildungsplan Musik 2016 (externer Link)<\/a><\/p>\n<p><\/br><\/p>\n<hr>\n<h3><a name=\"Musik in der Oberstufe\"><\/a>Musik in der Oberstufe<\/h3>\n<p>In der Oberstufe bietet das Justus-Knecht-Gymnasium regelm\u00e4\u00dfig Musik-Leistungskurse an. Sch\u00fclerInnen, die diesen Kurs w\u00e4hlen, genie\u00dfen dann mit f\u00fcnf Stunden in der Woche einen intensiven und anspruchsvollen Musikunterricht. In den Bereichen Musikwissenschaft, Geh\u00f6rbildung, Analyse, Musikgeschichte (Klassische und Popul\u00e4re Musik), Harmonielehre, Tonsatz, Arrangement, Instrumentenkunde und nat\u00fcrlich im praktischen Musizieren und Singen erwerben die TeilnehmerInnen vertiefte Kompetenzen. Neben dem pers\u00f6nlichen Interesse ist der Leistungskurs f\u00fcr einige Sch\u00fclerInnen eine optimale Vorbereitung auf die Aufnahmepr\u00fcfung an einer Musikhochschule. Aber auch wenn der Berufswunsch im Bereich Bildung, Medien oder Kultur liegt, wird Musik gerne in der Oberstufe gew\u00e4hlt. Die Kurswahl erfolgt bei G8 in der zehnten, bei G9 in der elften Klasse.<\/p>\n<p><\/br><br \/>\n<a href=\"http:\/\/jkg-musik.jimdo.com\/\" target=\"_blank\" rel=\"noopener\">Weitere Informationen zum Neigungsfach Musik in der Oberstufe (externer Link)<\/a><br \/>\n<a href=\"https:\/\/www.jkg-bruchsal.de\/?page_id=2988\">Konzertreihe &#8222;KursMusikNacht&#8220; >><\/a><\/p>\n<p><\/br><br \/>\n<em>Text: Db, akt. von Kow 2019<\/em><\/p>\n<p><\/br><\/p>\n<hr>\n<h3><a name=\"Musik-Wettbewerbe\"><\/a>Musik-Wettbewerbe<\/h3>\n<h4>JKG-Sch\u00fclerin Katharina Hock erh\u00e4lt zahlreiche Preise bei Klavier-Wettbewerben<\/h4>\n<div class=\"col-md-12\">\n<div class=\"row\">\n<div class=\"col-md-3 bootstrapfloat\">\n     <a href=\"https:\/\/www.jkg-bruchsal.de\/wordpress\/inhalte\/uploads\/2021\/06\/25-Hock.jpg\" data-rel=\"lightbox-image-1\" data-rl_title=\"\" data-rl_caption=\"\" title=\"\"><img decoding=\"async\" class=\"img-responsive\" src=\"https:\/\/www.jkg-bruchsal.de\/wordpress\/inhalte\/uploads\/2021\/06\/25-Hock.jpg\" alt=\"Katharina Hock\"\/><\/a>\n    <\/div>\n<p><em>Juni 2021<\/em> &#8211; Die Pianistin Katharina Hock (Klasse 10b des JKG) spielt seit ihrem 6. Lebensjahr leidenschaftlich Klavier. Als Sch\u00fclerin der Musikschule Bruchsal wird sie von Leonid Schick, der im Rahmen seiner Lehrt\u00e4tigkeit f\u00fcr die Begabtenf\u00f6rderung verantwortlich ist, unterrichtet. Seit Herbst 2018 ist sie Mitglied der Stiftung \u201eAmad\u00e9\u201c der Musikhochschule Mannheim, die sich mit der F\u00f6rderung musikalisch begabter Jugendlichen besch\u00e4ftigt.<\/p>\n<p>Katharina Hock hat bereits mehrmals \u00e4u\u00dferst erfolgreich am Wettbewerb \u201eJugend musiziert\u201c teilgenommen und mehrere Preise gewonnen. Im Oktober 2020 wurde sie dann mit dem \u201eHeinz-Heckmann-F\u00f6rderpreis\u201c der Bruchsaler Musikschulstiftung f\u00fcr herausragende Leistungen ausgezeichnet.<\/p>\n<p>Nach der coronabedingten Absage nationaler und internationaler Wettbewerbe stellte sich Katharina Hock einer neuen Herausforderung, obwohl das viel Zeit, Arbeitsbereitschaft und Kraft in Anspruch nahm und neben dem Unterricht in der Schule bew\u00e4ltigt werden musste: Sie bildete ein Klavier-Duo mit Julia Prikhodko, die sie beim Regionalwettbewerb kennengelernt hatte. Allerdings musste wegen der Inzidenzzahlen der Wettbewerb &#8222;Jugend musiziert&#8220; 2021 erstmals in seiner Geschichte online ablaufen. So musste auf die Schnelle die ben\u00f6tigte Technik organisiert sowie ein geeigneter Ort mit zwei Klavieren gefunden werden, um Aufnahmen zu machen. Das Klavier-Duo hat mit seinen engagierten Lehrkr\u00e4ften viele Aufnahmen gemacht, die schlie\u00dflich an unterschiedliche Wettbewerbe gingen.<\/p>\n<p>Letztendlich hat sich der Aufwand gelohnt: Katharina und Julia qualifizierten sich in der Wertung \u201eKlavier vierh\u00e4ndig oder an zwei Klavieren\u201c f\u00fcr den 58. Bundeswettbewerb &#8222;Jugend musiziert&#8220;, bei dem sie sich einen spektakul\u00e4ren 1. Preis mit H\u00f6chstpunktzahl erspielten! Des Weiteren brillierten die beiden beim internationalen Musikwettbewerb \u201eL\u00e0szl\u00f2 Spezzaferri\u201c in Verona und wurden mit einem ersten Platz honoriert. Dar\u00fcber hinaus wurden Katharina und Julia am 13. Juni 2021 Laureaten des internationalen Karl-Adler-Jugendmusikwettbewerbs in Stuttgart, bei dem sie den 1. Platz erhielten und den Grand Prix gewannen! F\u00fcr 2022 ist Katharina Hock vom Jugend-Sinfonie-Orchester Bruchsal als Solistin vorgesehen.<\/p>\n<p>Das JKG gratuliert voller Stolz seiner Sch\u00fclerin zu diesen herausragenden musikalischen Erfolgen!<\/p>\n<\/p><\/div>\n<\/p><\/div>\n<p><em>Text: Wip (Juni 2021),<br \/>\nFoto: pivat<\/em><\/p>\n<p><\/br><\/p>\n<hr>\n<h3><a name=\"Musik-Exkursionen\"><\/a>Musik-Exkursionen<\/h3>\n<h4>Klasse 10c besucht die Popakademie Mannheim<\/h4>\n<div class=\"col-md-12\">\n<div class=\"row\">\n<div class=\"col-md-5 bootstrapfloat\">\n     <a href=\"https:\/\/www.jkg-bruchsal.de\/wordpress\/inhalte\/uploads\/2023\/07\/k-IMG_0855.png\" data-rel=\"lightbox-image-2\" data-rl_title=\"\" data-rl_caption=\"\" title=\"\"><img decoding=\"async\" class=\"img-responsive\" src=\"https:\/\/www.jkg-bruchsal.de\/wordpress\/inhalte\/uploads\/2023\/07\/k-IMG_0855.png\" alt=\"Popakademie\"\/><\/a>\n    <\/div>\n<p>Am Mittwoch, den 14 Juni, hatten wir das Vergn\u00fcgen, an einer spannenden F\u00fchrung durch die renommierte Popakademie Mannheim teilzunehmen, gefolgt von einem mitrei\u00dfenden Konzert im hauseigenen Veranstaltungssaal. Die Popakademie ist bekannt f\u00fcr ihre exzellente Ausbildung im Bereich der Popmusik und genie\u00dft international einen herausragenden Ruf.<\/p>\n<p>Die F\u00fchrung begann um 17 Uhr und wurde von einer freundlichen und sachkundigen Mitarbeiterin der Akademie geleitet. Wir wurden zun\u00e4chst in einen gem\u00fctlichen Vortragsraum gef\u00fchrt, in dem uns ein kurzer Film \u00fcber die Geschichte und die Erfolge der Popakademie gezeigt wurde. Es war beeindruckend zu sehen, wie viele talentierte K\u00fcnstlerinnen und K\u00fcnstler aus dieser Institution hervorgegangen sind und wie sie die Musikindustrie nachhaltig beeinflusst haben.<\/p>\n<p>Anschlie\u00dfend begaben wir uns auf einen Rundgang durch die verschiedenen R\u00e4umlichkeiten der Popakademie. Wir besichtigten die modern ausgestatteten Musikstudios, in denen die Studierenden ihre eigenen Songs aufnehmen und produzieren k\u00f6nnen. Es war faszinierend zu sehen, wie viel technisches Know-how und kreative Energie in diese Arbeitsbereiche investiert wird. Die Klangqualit\u00e4t und die M\u00f6glichkeiten der Musikproduktion waren wirklich beeindruckend.<\/p>\n<p>Nach der F\u00fchrung hatten wir die M\u00f6glichkeit, im hauseigenen Veranstaltungssaal ein Konzert zu besuchen. Das Konzertprogramm war vielf\u00e4ltig und bot eine Mischung aus verschiedenen Genres und Stilen. Von energiegeladenen Rockbands \u00fcber gef\u00fchlvolle Singer-Songwriter bis hin zu mitrei\u00dfenden elektronischen Beats &#8211; das Repertoire war breit gef\u00e4chert und garantierte f\u00fcr jeden Geschmack etwas.<\/p>\n<p>Die auftretenden K\u00fcnstlerinnen und K\u00fcnstler waren allesamt talentiert und \u00fcberzeugten mit ihren beeindruckenden B\u00fchnenperformance. Es war inspirierend zu sehen, wie junge Musikerinnen und Musiker ihr K\u00f6nnen unter Beweis stellten und das Publikum mit ihrer Musik begeisterten. Der Veranstaltungssaal der Popakademie bot eine hervorragende Akustik und schaffte eine intime Atmosph\u00e4re, die das Erlebnis noch intensiver machte.<\/p>\n<p>Insgesamt war die F\u00fchrung durch die Popakademie Mannheim eine \u00e4u\u00dferst interessante und inspirierende Erfahrung. Die Einblicke in die Ausbildungsst\u00e4tte und die talentierten Studierenden haben gezeigt, dass die Popakademie ein Ort ist, an dem musikalische Innovation und Kreativit\u00e4t gef\u00f6rdert werden. Das abschlie\u00dfende Konzert war der perfekte Abschluss und bot eine wunderbare Gelegenheit, die Ergebnisse der Ausbildung hautnah zu erleben.<\/p>\n<\/p><\/div>\n<\/p><\/div>\n<p><em>Text und Foto: S. Schopf (Juni 2023)<\/em><\/p>\n","protected":false},"excerpt":{"rendered":"<p>> Musik-AGs >> Probenfahrten >> Klassenmusik Aus dem Bildungsplan 2004: &#8222;Grundlegende musikalische Erfahrungen werden vor allem \u00fcber das Musizieren und das musikalische Gestalten gemacht. Die st\u00e4ndig wachsende Bedeutung medial vermittelter musikalischer Erfahrung reduziert die selbstbestimmten Eigent\u00e4tigkeiten. Daher besteht ein wichtiges Ziel des Musikunterrichts darin, Musik gestalten zu k\u00f6nnen, durch unmittelbare musikalische Erfahrungen (Singen, Musizieren, Bewegen) [&hellip;]<\/p>\n","protected":false},"author":2,"featured_media":0,"parent":104,"menu_order":0,"comment_status":"closed","ping_status":"closed","template":"","meta":{"footnotes":""},"class_list":["post-1147","page","type-page","status-publish","hentry"],"_links":{"self":[{"href":"https:\/\/www.jkg-bruchsal.de\/index.php?rest_route=\/wp\/v2\/pages\/1147","targetHints":{"allow":["GET"]}}],"collection":[{"href":"https:\/\/www.jkg-bruchsal.de\/index.php?rest_route=\/wp\/v2\/pages"}],"about":[{"href":"https:\/\/www.jkg-bruchsal.de\/index.php?rest_route=\/wp\/v2\/types\/page"}],"author":[{"embeddable":true,"href":"https:\/\/www.jkg-bruchsal.de\/index.php?rest_route=\/wp\/v2\/users\/2"}],"replies":[{"embeddable":true,"href":"https:\/\/www.jkg-bruchsal.de\/index.php?rest_route=%2Fwp%2Fv2%2Fcomments&post=1147"}],"version-history":[{"count":2,"href":"https:\/\/www.jkg-bruchsal.de\/index.php?rest_route=\/wp\/v2\/pages\/1147\/revisions"}],"predecessor-version":[{"id":15370,"href":"https:\/\/www.jkg-bruchsal.de\/index.php?rest_route=\/wp\/v2\/pages\/1147\/revisions\/15370"}],"up":[{"embeddable":true,"href":"https:\/\/www.jkg-bruchsal.de\/index.php?rest_route=\/wp\/v2\/pages\/104"}],"wp:attachment":[{"href":"https:\/\/www.jkg-bruchsal.de\/index.php?rest_route=%2Fwp%2Fv2%2Fmedia&parent=1147"}],"curies":[{"name":"wp","href":"https:\/\/api.w.org\/{rel}","templated":true}]}}