{"id":11565,"date":"2020-10-09T19:23:18","date_gmt":"2020-10-09T17:23:18","guid":{"rendered":"https:\/\/www.jkg-bruchsal.de\/?page_id=11565"},"modified":"2022-10-05T21:34:53","modified_gmt":"2022-10-05T19:34:53","slug":"arbeitsgemeinschaften-entwurf","status":"publish","type":"page","link":"https:\/\/www.jkg-bruchsal.de\/?page_id=11565","title":{"rendered":"Arbeitsgemeinschaften (Entwurf)"},"content":{"rendered":"<h4>Willkommen auf der AG-Seite des JKG!<\/h4>\n<p><\/br><br \/>\n<em><FONT COLOR=\"#FF0000\">Stand: 05.10.2022 &#8211; ENTWURF<\/FONT><\/em><br \/>\n<\/br><\/p>\n<p>Liebe Sch\u00fclerinnen und Sch\u00fcler, liebe Eltern,<\/p>\n<p>am JKG besteht die M\u00f6glichkeit neben dem Pflichtunterricht verschiedene Arbeitsgemeinschaften zu besuchen. Hier erhalten alle Sch\u00fclerinnen und Sch\u00fcler die Gelegenheit, ihren besonderen Neigungen und Talenten nachzugehen. Eine regelm\u00e4\u00dfige Teilnahme ist nat\u00fcrlich unerl\u00e4sslich, um ein erfolgreiches Arbeiten der AG garantieren zu k\u00f6nnen.<\/p>\n<p>Eure Lehrerinnen und Lehrer freuen sich \u00fcber eine rege Teilnahme.<\/p>\n<p>Im Schuljahr 2022\/23 wird es folgendes AG-Angebot am JKG geben:<\/p>\n<div class=\"table-responsive\">\n<table class=\"table table-hover table-bordered table-jkg\">\n<thead>\n<tr>\n<th>AG<\/th>\n<th>Kurzinfo<\/th>\n<th>Leitung<\/th>\n<th>Teilnehmende<\/th>\n<th>Termin, Ort<\/th>\n<\/tr>\n<\/thead>\n<tbody>\n<tr>\n<td><strong>DELF-AG<\/strong><\/td>\n<td>Vorbereitung auf das Franz\u00f6sische Sprach-Diplom auf verschiedenen Niveaus.<br \/> <br \/>\n<a href=\"https:\/\/www.jkg-bruchsal.de\/?page_id=1767\">AG-Vorstellung<\/a><\/td>\n<td>Frau Fath<\/td>\n<td>Klasse 10+11 <\/td>\n<td>Mittwoch, 7.+8. Stunde, vierzehnt\u00e4gig, Raum 310<\/td>\n<\/tr>\n<tr>\n<td><strong>Energie-AG<\/strong><\/td>\n<td>Die AG richtet sich an alle an Umweltschutz und Naturwissenschaften Interessierten.<\/td>\n<td>Frau Tataru<\/td>\n<td>Klasse 5-11<\/td>\n<td>Mittwoch, 13:50 &#8211; 14:45 Uhr, Raum 306<\/td>\n<\/tr>\n<tr>\n<td><strong>Jazz Kids&#8216; Gang<\/strong><\/td>\n<td>Unsere Schulband mit vielen Blasinstrumenten, Schlagzeug, E-Bass, E-Gitarre und Vielem mehr.<br \/>\n<a href=\"https:\/\/www.jkg-bruchsal.de\/?page_id=1749\">AG-Vorstellung<\/a><\/td>\n<td>Herr Kowollik<\/td>\n<td>Klasse 5-7<\/td>\n<td>Mittwoch, 7. Stunde, gro\u00dfer Musiksaal<\/td>\n<\/tr>\n<tr>\n<td><strong>JKG-Chor<\/strong><\/td>\n<td>Unser gro\u00dfer Chor f\u00fcr Eltern, Sch\u00fcler, Lehrer, Ehemalige<\/td>\n<td>Herr Wippel<\/td>\n<td>ab Klasse 5<\/td>\n<td>Montag, 18:00 bis 19:30 Uhr, Aula<\/td>\n<\/tr>\n<tr>\n<td><strong>Orchester<\/strong><\/td>\n<td>Wir spielen eine sch\u00f6ne Mischung aus klassischen St\u00fccken, Musicalst\u00fccken und Poparrangements.<br \/>\n<a href=\"https:\/\/www.jkg-bruchsal.de\/?page_id=1747\">AG-Vorstellung<\/a><\/td>\n<\/td>\n<td>Frau Bregler<\/td>\n<td>Klasse 5-13<\/td>\n<td>Donnerstag, 8. Stunde, gro\u00dfer Musiksaal<\/td>\n<\/tr>\n<tr>\n<td><strong>PrayStation-AG<\/strong><\/td>\n<td>Gemeinsam christlichen Glauben erleben und entdecken (z.B. beim Spielen\/Singen\/Beten\/Essen\/Austausch\/Film), <a href=\"https:\/\/www.jkg-bruchsal.de\/wordpress\/inhalte\/uploads\/2022\/10\/Flyer-Praystation-AG.pdf\" rel=\"noopener\" target=\"_blank\">Flyer (PDF)<\/a><\/td>\n<td>Herr Gayer<\/td>\n<td>Klasse 6-13<\/td>\n<td>jeden 1. (Schul-)Mittwoch des Monats, 13.45 Uhr, Raum 214<\/td>\n<\/tr>\n<tr>\n<td><strong>Rechtschreibtrainung<\/strong><\/td>\n<td>Erarbeitung von Rechtschreibstrategien nach der FRESCH-Methode<\/td>\n<td>Frau Winkenwerder, Frau Bail<\/td>\n<td>Klasse 5<\/td>\n<td>Termine folgen, Start nach den Herbstferien<\/td>\n<\/tr>\n<tr>\n<td><strong>Schach-AG<\/strong><\/td>\n<td>\n<a href=\"https:\/\/www.jkg-bruchsal.de\/?page_id=1765\">AG-Vorstellung<\/a><\/td>\n<\/td>\n<td>Herr Noll<\/td>\n<td>Klasse 7-13<\/td>\n<td>Freitag, 7. Stunde, Raum 311<\/td>\n<\/tr>\n<tr>\n<td><strong>Schulsanit\u00e4tsdienst (San-AG)<\/strong><\/td>\n<td>Aus- und Weiterbildung als Schulsanit\u00e4ter*in<br \/>\n<a href=\"https:\/\/www.jkg-bruchsal.de\/?page_id=1757\">AG-Vorstellung<\/a><\/td>\n<td>Herr Scheible<\/td>\n<td>Klasse 8-13<\/td>\n<td>Montag, ab 14:15 Uhr, vierzehnt\u00e4gig, Raum 13<\/td>\n<\/tr>\n<tr>\n<td><strong>Technik-AG<\/strong><\/td>\n<td>Ton-, Licht- und Veranstaltungstechnik<br \/>\n<a href=\"https:\/\/www.jkg-bruchsal.de\/?page_id=5947\">AG-Vorstellung<\/a><\/td>\n<\/td>\n<td>Herr Blum, Herr Kowollik<\/td>\n<td>Klasse 8-13<\/td>\n<td>nach Vereinbarung<\/td>\n<\/tr>\n<tr>\n<td><strong>Theater-AG<\/strong><\/td>\n<td>Die Theater-AG freut sich immer \u00fcber Neueinsteiger!<br \/>\n<a href=\"https:\/\/www.jkg-bruchsal.de\/?page_id=1739\">AG-Vorstellung<\/a><\/td>\n<\/td>\n<td>Herr Noll<\/td>\n<td>Klasse 7-13<\/td>\n<td>Freitag, ab 13:50 Uhr, Aula<\/td>\n<\/tr>\n<tr>\n<td><strong>Unterstufenchor<\/strong><\/td>\n<td><a href=\"https:\/\/www.jkg-bruchsal.de\/?page_id=1741\">AG-Vorstellung<\/a>, <a href=\"https:\/\/www.jkg-bruchsal.de\/wordpress\/inhalte\/uploads\/2022\/10\/22_UstChor_Werbung.pages.pdf\" rel=\"noopener\" target=\"_blank\">Flyer (PDF)<\/a><\/td>\n<td>Frau Doppelbauer<\/td>\n<td>Klasse 5-7<\/td>\n<td>Montag 7. Stunde, gro\u00dfer Musiksaal<\/td>\n<\/td>\n<\/tr>\n<tr>\n<td><strong>Unterstufentheater-AG<\/strong><\/td>\n<td>F\u00fcr Theaterfreunde in den 5. bis 7. Klassen<br \/>\n<a href=\"https:\/\/www.jkg-bruchsal.de\/?page_id=1737\">AG-Vorstellung<\/a><\/td>\n<\/td>\n<td>Frau M\u00fcller<\/td>\n<td>Klasse 5-7<\/td>\n<td>Montag, 7. Stunde, Aula<\/td>\n<\/td>\n<\/tr>\n<\/tbody>\n<\/table>\n<\/div>\n","protected":false},"excerpt":{"rendered":"<p>Willkommen auf der AG-Seite des JKG! Stand: 05.10.2022 &#8211; ENTWURF Liebe Sch\u00fclerinnen und Sch\u00fcler, liebe Eltern, am JKG besteht die M\u00f6glichkeit neben dem Pflichtunterricht verschiedene Arbeitsgemeinschaften zu besuchen. Hier erhalten alle Sch\u00fclerinnen und Sch\u00fcler die Gelegenheit, ihren besonderen Neigungen und Talenten nachzugehen. Eine regelm\u00e4\u00dfige Teilnahme ist nat\u00fcrlich unerl\u00e4sslich, um ein erfolgreiches Arbeiten der AG garantieren [&hellip;]<\/p>\n","protected":false},"author":2,"featured_media":0,"parent":0,"menu_order":0,"comment_status":"closed","ping_status":"closed","template":"","meta":{"footnotes":""},"class_list":["post-11565","page","type-page","status-publish","hentry"],"_links":{"self":[{"href":"https:\/\/www.jkg-bruchsal.de\/index.php?rest_route=\/wp\/v2\/pages\/11565","targetHints":{"allow":["GET"]}}],"collection":[{"href":"https:\/\/www.jkg-bruchsal.de\/index.php?rest_route=\/wp\/v2\/pages"}],"about":[{"href":"https:\/\/www.jkg-bruchsal.de\/index.php?rest_route=\/wp\/v2\/types\/page"}],"author":[{"embeddable":true,"href":"https:\/\/www.jkg-bruchsal.de\/index.php?rest_route=\/wp\/v2\/users\/2"}],"replies":[{"embeddable":true,"href":"https:\/\/www.jkg-bruchsal.de\/index.php?rest_route=%2Fwp%2Fv2%2Fcomments&post=11565"}],"version-history":[{"count":9,"href":"https:\/\/www.jkg-bruchsal.de\/index.php?rest_route=\/wp\/v2\/pages\/11565\/revisions"}],"predecessor-version":[{"id":14813,"href":"https:\/\/www.jkg-bruchsal.de\/index.php?rest_route=\/wp\/v2\/pages\/11565\/revisions\/14813"}],"wp:attachment":[{"href":"https:\/\/www.jkg-bruchsal.de\/index.php?rest_route=%2Fwp%2Fv2%2Fmedia&parent=11565"}],"curies":[{"name":"wp","href":"https:\/\/api.w.org\/{rel}","templated":true}]}}