{"id":1167,"date":"2015-08-12T19:18:12","date_gmt":"2015-08-12T17:18:12","guid":{"rendered":"https:\/\/www.jkg-bruchsal.de\/wordpress\/?page_id=1167"},"modified":"2026-02-09T09:50:21","modified_gmt":"2026-02-09T08:50:21","slug":"vertiefungskurs-mathematik","status":"publish","type":"page","link":"https:\/\/www.jkg-bruchsal.de\/?page_id=1167","title":{"rendered":"Vertiefungskurs Mathematik"},"content":{"rendered":"<div class=\"row\">\n<div class=\"col-md-6\">\n    <a class=\"btn btn-primary\" style=\"float:left;\" href=\"https:\/\/www.jkg-bruchsal.de\/?page_id=104\"><span class=\"hidden-xs\"><< \u00dcbersicht: F\u00e4cher<\/span><i class=\"glyphicon glyphicon-arrow-left visible-xs\"><\/i><\/a><\/br><br \/>\n    <a class=\"btn btn-primary\" style=\"float:left;\" href=\"https:\/\/www.jkg-bruchsal.de\/?page_id=1499\"><span class=\"hidden-xs\"><< \u00dcbersicht: F\u00e4cher im Wahlbereich<\/span><i class=\"glyphicon glyphicon-arrow-left visible-xs\"><\/i><\/a>\n  <\/div>\n<div class=\"col-md-6\">\n    <a class=\"btn btn-primary\" style=\"float:right;\" href=\"https:\/\/www.jkg-bruchsal.de\/?page_id=1143\"><span class=\"hidden-xs\">Mathematik >><\/span><i class=\"glyphicon glyphicon-arrow-right visible-xs\"><\/i><\/a>\n  <\/div>\n<\/div>\n<hr>\n<h3><a name=\"AllgemeinInfosVertiefungskurs\"><\/a>Allgemeine Informationen<\/h3>\n<p>Seit dem Schuljahr 2012\/2013 wird am Justus-Knecht-Gymnasium ein Vertiefungskurs Mathematik angeboten. Der Vertiefungskurs Mathematik ist ein Unterrichtsangebot im Wahlbereich der Kursstufe am allgemeinbildenden Gymnasium in Baden-W\u00fcrttemberg. Der Umfang betr\u00e4gt zwei Wochenstunden und der Kurs geht \u00fcber zwei Schuljahre.<\/p>\n<p>Der Wahlkurs hat das Ziel, den \u00dcbergang zur Hochschule zu erleichtern. Dabei soll der Kurs den Sch\u00fclerinnen und Sch\u00fclern, welche ein Studium der Naturwissenschaften, der Informatik, der Ingenieurwissenschaften, der Betriebs- und Volkswirtschaft, der Mathematik u. \u00e4. beginnen m\u00f6chten, die mathematischen Kenntnisse und Fertigkeiten vermitteln, wie sie in den ersten Semestern an der Hochschule erwartet werden. Auch im Unterrichtsstil soll der Kurs auf die Universit\u00e4t vorbereiten. Dabei werden unter anderem abstrakte mathematische Konzepte vorgestellt und grundlegende wissenschaftliche Fachbegriffe und Notationen zur Anwendung kommen.<\/p>\n<p>Im Vertiefungskurs sollen mathematische Probleme gel\u00f6st werden. Des Weiteren werden im Verlauf des Schuljahres unter anderem Themen wie Aussagenlogik, Beweisverfahren, eine Vertiefung der Gleichungslehre, Folgen, Reihen und Konvergenz, lineare Gleichungssysteme und Matrizen sowie das Rechnen mit komplexen Zahlen behandelt.<\/p>\n<p>Am Ende der Kursstufe I haben alle Sch\u00fclerinnen und Sch\u00fcler die M\u00f6glichkeit, an einer Zertifikatsklausur an der Universit\u00e4t Stuttgart teilzunehmen, die bei der Bewerbung um einen Studienplatz helfen kann.<\/p>\n<p><\/br><br \/>\n<em>Text: Ut (2015)<\/em><\/p>\n<hr>\n<h3><a name=\"Vertiefungskurs\"><\/a><a name=\"Vertiefungskurs\"><\/a>Aktuelles<\/h3>\n<h4>Erfolgreiche Zertifikatspr\u00fcfung im Vertiefungskurs Mathematik am Justus-Knecht-Gymnasium (Schuljahr 2025\/26)<\/h4>\n<div class=\"col-md-12\">\n<div class=\"row\">\n<div class=\"col-md-5 bootstrapfloat\">\n        <a href=\"https:\/\/www.jkg-bruchsal.de\/wordpress\/inhalte\/uploads\/2026\/02\/zertifikat_mathe_vertiefung.jpeg\" data-rel=\"lightbox-image-0\" data-rl_title=\"\" data-rl_caption=\"\" title=\"\"><img decoding=\"async\" class=\"img-responsive\" src=\"https:\/\/www.jkg-bruchsal.de\/wordpress\/inhalte\/uploads\/2026\/02\/zertifikat_mathe_vertiefung.jpeg\" alt=\"Vertiefung-Mathe-2026\" \/><\/a>\n    <\/div>\n<p>Gro\u00dfer Erfolg f\u00fcr die Sch\u00fcler des Vertiefungskurses Mathematik am Justus-Knecht-Gymnasium: Alle Teilnehmer haben die Zertifikatsklausur an der Universit\u00e4t Mannheim erfolgreich bestanden. Besonders bemerkenswert ist dabei, dass neun Sch\u00fcler die Pr\u00fcfung sogar mit der Auszeichnung \u201eexzellent\u201c abschlie\u00dfen konnten.<\/p>\n<p>Seit dem Schuljahr 2012\/2013 wird am Justus-Knecht-Gymnasium der Vertiefungskurs Mathematik angeboten. Das Unterrichtsangebot richtet sich an Sch\u00fcler der Kursstufe und ist im Wahlbereich des allgemeinbildenden Gymnasiums in Baden-W\u00fcrttemberg verankert. Der Kurs umfasst zwei Wochenstunden und erstreckt sich \u00fcber zwei Schuljahre.<\/p>\n<p>Ziel des Vertiefungskurses ist es, den \u00dcbergang von der Schule zur Hochschule zu erleichtern. Insbesondere Sch\u00fcler, die ein Studium in den Naturwissenschaften, der Informatik, den Ingenieurwissenschaften, der Betriebs- oder Volkswirtschaftslehre, der Mathematik oder verwandten Fachrichtungen anstreben, erhalten hier vertiefte mathematische Kenntnisse und Fertigkeiten. Diese orientieren sich an den Anforderungen, wie sie in den ersten Semestern eines Hochschulstudiums erwartet werden.<\/p>\n<p>Am Ende der Kursstufe 1 besteht f\u00fcr die Teilnehmer die M\u00f6glichkeit, an einer Zertifikatsklausur an einer Universit\u00e4t teilzunehmen. Das dabei erworbene Zertifikat kann bei sp\u00e4teren Studienbewerbungen von Vorteil sein und dokumentiert die besondere mathematische Qualifikation der Sch\u00fcler.<\/p>\n<p>Folgende Sch\u00fcler des Justus-Knecht-Gymnasiums nahmen erfolgreich an der Zertifikatsklausur teil:<br \/>\nMatthis Berdyn, Paula Bessale, Amber Blust, Raphael Dauner, Devin Eckstein, Lutz Erhardt, Lea Falda, Jannik Hofheinz, Nils Klotz, Kacper Kowalik, Alana Mohaupt, Carolina R\u00f6dder, Fynn Schmitt, Noa Schmitt, Felix Sitzmann, Mathilda Weindel und Luca Wolf.<\/p>\n<p>Das hervorragende Ergebnis unterstreicht einmal mehr die erfolgreiche F\u00f6rderung mathematisch interessierter und leistungsstarker Sch\u00fcler am Justus-Knecht-Gymnasium.<\/p>\n<\/div>\n<\/div>\n<p><em>Text und Foto: Wip (Februar 2026)<\/em><\/p>\n<hr>\n<h4>Erfolgreiche Teilnahme am Vertiefungskurs Mathematik (Schuljahr 2024\/25)<\/h4>\n<div class=\"col-md-12\">\n<div class=\"row\">\n<div class=\"col-md-5 bootstrapfloat\">\n        <a href=\"https:\/\/www.jkg-bruchsal.de\/wordpress\/inhalte\/uploads\/2025\/03\/k-IMG_2802.jpg\" data-rel=\"lightbox-image-1\" data-rl_title=\"\" data-rl_caption=\"\" title=\"\"><img decoding=\"async\" class=\"img-responsive\" src=\"https:\/\/www.jkg-bruchsal.de\/wordpress\/inhalte\/uploads\/2025\/03\/k-IMG_2802.jpg\" alt=\"Vertiefung-Mathe-2025\" \/><\/a>\n    <\/div>\n<p>Das Justus-Knecht-Gymnasium pflegt sein mathematisch-naturwissenschaftliches Profil mit vielf\u00e4ltigen Unterrichtsangeboten aus diesem Bereich. Seit dem Schuljahr 2012\/13 wird daher ein Vertiefungskurs Mathematik in der Kursstufe angeboten mit dem Ziel, den \u00dcbergang auf die Universit\u00e4t zu erleichtern. Dabei soll der Wahlkurs den Sch\u00fclerinnen und Sch\u00fclern, die ein Studium der Naturwissenschaften, der Ingenieurswissenschaften, der Mathematik sowie der Wirtschaftswissenschaften anstreben, die mathematischen Kenntnisse und Fertigkeiten vermitteln, wie sie in den ersten Semestern der anspruchsvollen Studienf\u00e4cher erwartet werden. <\/p>\n<p>In diesem Schuljahr besuchen 23 Sch\u00fclerinnen und Sch\u00fcler diesen Kurs bei Christina Utech und waren dabei sehr erfolgreich in der Zertifikatsklausur, die an der Universit\u00e4t in Karlsruhe geschrieben wurde. Alle haben die Klausur bestanden und besonders hervorzuheben ist, dass 6 Teilnehmer das Pr\u00e4dikat \u201eexzellent\u201c erworben haben. <\/p>\n<p>Die Schulleitung und der Fachbereich Mathematik gratulieren herzlich zu dieser hervorragenden Leistung.<\/p>\n<\/div>\n<\/div>\n<p><em>Text und Foto: Ut (Februar 2025)<\/em><\/p>\n<hr>\n<h4>Komplexe Zahlen &#8211; Exzellente Ergebnisse (Schuljahr 2023\/24)<\/h4>\n<div class=\"col-md-12\">\n<div class=\"row\">\n<div class=\"col-md-5 bootstrapfloat\">\n        <a href=\"https:\/\/www.jkg-bruchsal.de\/wordpress\/inhalte\/uploads\/2024\/02\/k-IMG_1675.jpg\" data-rel=\"lightbox-image-2\" data-rl_title=\"\" data-rl_caption=\"\" title=\"\"><img decoding=\"async\" class=\"img-responsive\" src=\"https:\/\/www.jkg-bruchsal.de\/wordpress\/inhalte\/uploads\/2024\/02\/k-IMG_1675.jpg\" alt=\"Vertiefung-Mathe-2024\" \/><\/a>\n    <\/div>\n<p>Seit dem Schuljahr 2012\/13 wird am JKG ein Vertiefungskurs Mathematik f\u00fcr die Oberstufe angeboten mit dem Ziel, den \u00dcbergang auf die Universit\u00e4t zu erleichtern. Dabei soll der vier Schulhalbjahre und zwei Stunden pro Woche umfassende Wahlkurs den Sch\u00fcler\/-innen, die ein Studium der Naturwissenschaften, der Ingenieurswissenschaften, der Mathematik oder der Wirtschaftswissenschaften anstreben, die mathematischen Kenntnisse und Fertigkeiten vermitteln, die in den ersten Semestern der anspruchsvollen Studienf\u00e4cher erwartet werden. <\/p>\n<p>Auch im Unterrichtsstil soll der Kurs auf die Universit\u00e4t vorbereiten; dabei werden unter anderem abstrakte mathematische Konzepte vorgestellt und grundlegende wissenschaftliche Fachbegriffe und Notationen zur Anwendung gebracht. Des Weiteren werden im Verlauf des Kurses unter anderem Themen wie Aussagenlogik, Beweisverfahren, eine Vertiefung der Gleichungslehre, Folgen, Reihen und Konvergenz, lineare Gleichungssysteme und Matrizen sowie das Rechnen mit komplexen Zahlen behandelt. <\/p>\n<p>Im Schuljahr 2023\/24 besuchten 11 Sch\u00fcler\/-innen den Vertiefungskurs von StD\u2019n Christina Utech und waren dabei in der abschlie\u00dfenden Zertifikatsklausur an der Universit\u00e4t Stuttgart sehr erfolgreich. Alle Pr\u00fcflinge des JKG haben die Klausur bestanden und einmal wurde auch das Pr\u00e4dikat \u201eexzellent\u201c vergeben. <\/p>\n<\/div>\n<\/div>\n<p><em>Text und Foto: Ut (Januar 2024)<\/em><\/p>\n<hr>\n<h4>3 x erfolgreich + 4 x exzellent = spitzenm\u00e4\u00dfig zum Quadrat! (Schuljahr 2021\/22)<\/h4>\n<div class=\"col-md-12\">\n<div class=\"row\">\n<div class=\"col-md-5 bootstrapfloat\">\n        <a href=\"https:\/\/www.jkg-bruchsal.de\/wordpress\/inhalte\/uploads\/2022\/01\/k-VKM-Ma-Jan-22.jpg\" data-rel=\"lightbox-image-3\" data-rl_title=\"\" data-rl_caption=\"\" title=\"\"><img decoding=\"async\" class=\"img-responsive\" src=\"https:\/\/www.jkg-bruchsal.de\/wordpress\/inhalte\/uploads\/2022\/01\/k-VKM-Ma-Jan-22.jpg\" alt=\"Vertiefung-Mathe-2021\" \/><\/a>\n    <\/div>\n<p>Seit dem Schuljahr 2012\/13 wird am JKG ein Vertiefungskurs Mathematik f\u00fcr die Oberstufe angeboten mit dem Ziel, den \u00dcbergang auf die Universit\u00e4t zu erleichtern. Dabei soll der vier Schulhalbjahre und zwei Stunden pro Woche umfassende Wahlkurs den Sch\u00fcler\/-innen, die ein Studium der Naturwissenschaften, der Ingenieurswissenschaften, der Mathematik oder der Wirtschaftswissenschaften anstreben, die mathematischen Kenntnisse und Fertigkeiten vermitteln, die in den ersten Semestern der anspruchsvollen Studienf\u00e4cher erwartet werden. <\/p>\n<p>Auch im Unterrichtsstil soll der Kurs auf die Universit\u00e4t vorbereiten; dabei werden unter anderem abstrakte mathematische Konzepte vorgestellt und grundlegende wissenschaftliche Fachbegriffe und Notationen zur Anwendung gebracht. Des Weiteren werden im Verlauf des Kurses unter anderem Themen wie Aussagenlogik, Beweisverfahren, eine Vertiefung der Gleichungslehre, Folgen, Reihen und Konvergenz, lineare Gleichungssysteme und Matrizen sowie das Rechnen mit komplexen Zahlen behandelt.<\/p>\n<p>Im Schuljahr 2021\/22 besuchten 7 Sch\u00fcler\/-innen den Vertiefungskurs von StD\u2019n Christina Utech und waren dabei in der abschlie\u00dfenden Zertifikatsklausur an der Universit\u00e4t Stuttgart sehr erfolgreich. Alle Pr\u00fcflinge des JKG haben die Klausur bestanden, wobei besonders hervorzuheben ist, dass 4 Teilnehmer\/-innen das Pr\u00e4dikat \u201eexzellent\u201c erhalten haben &#8211; herzlichen Gl\u00fcckwunsch!<\/p>\n<\/div>\n<\/div>\n<p><em>Text: Wip (Januar 2022)<br \/>\nFoto: Ut<\/em><\/p>\n","protected":false},"excerpt":{"rendered":"<p>Allgemeine Informationen Seit dem Schuljahr 2012\/2013 wird am Justus-Knecht-Gymnasium ein Vertiefungskurs Mathematik angeboten. Der Vertiefungskurs Mathematik ist ein Unterrichtsangebot im Wahlbereich der Kursstufe am allgemeinbildenden Gymnasium in Baden-W\u00fcrttemberg. Der Umfang betr\u00e4gt zwei Wochenstunden und der Kurs geht \u00fcber zwei Schuljahre. Der Wahlkurs hat das Ziel, den \u00dcbergang zur Hochschule zu erleichtern. Dabei soll der Kurs [&hellip;]<\/p>\n","protected":false},"author":2,"featured_media":0,"parent":104,"menu_order":0,"comment_status":"closed","ping_status":"closed","template":"","meta":{"footnotes":""},"class_list":["post-1167","page","type-page","status-publish","hentry"],"_links":{"self":[{"href":"https:\/\/www.jkg-bruchsal.de\/index.php?rest_route=\/wp\/v2\/pages\/1167","targetHints":{"allow":["GET"]}}],"collection":[{"href":"https:\/\/www.jkg-bruchsal.de\/index.php?rest_route=\/wp\/v2\/pages"}],"about":[{"href":"https:\/\/www.jkg-bruchsal.de\/index.php?rest_route=\/wp\/v2\/types\/page"}],"author":[{"embeddable":true,"href":"https:\/\/www.jkg-bruchsal.de\/index.php?rest_route=\/wp\/v2\/users\/2"}],"replies":[{"embeddable":true,"href":"https:\/\/www.jkg-bruchsal.de\/index.php?rest_route=%2Fwp%2Fv2%2Fcomments&post=1167"}],"version-history":[{"count":7,"href":"https:\/\/www.jkg-bruchsal.de\/index.php?rest_route=\/wp\/v2\/pages\/1167\/revisions"}],"predecessor-version":[{"id":16830,"href":"https:\/\/www.jkg-bruchsal.de\/index.php?rest_route=\/wp\/v2\/pages\/1167\/revisions\/16830"}],"up":[{"embeddable":true,"href":"https:\/\/www.jkg-bruchsal.de\/index.php?rest_route=\/wp\/v2\/pages\/104"}],"wp:attachment":[{"href":"https:\/\/www.jkg-bruchsal.de\/index.php?rest_route=%2Fwp%2Fv2%2Fmedia&parent=1167"}],"curies":[{"name":"wp","href":"https:\/\/api.w.org\/{rel}","templated":true}]}}