{"id":11848,"date":"2020-11-30T17:35:34","date_gmt":"2020-11-30T16:35:34","guid":{"rendered":"https:\/\/www.jkg-bruchsal.de\/?page_id=11848"},"modified":"2020-12-23T19:22:02","modified_gmt":"2020-12-23T18:22:02","slug":"advent-2020","status":"publish","type":"page","link":"https:\/\/www.jkg-bruchsal.de\/?page_id=11848","title":{"rendered":"Advent 2020"},"content":{"rendered":"<h4>Klick drauf &#8211; T\u00fcr auf!<\/h4>\n<p>Wir danken dem Weingut Adam M\u00fcller aus Leimen und dem Gro\u00dfvater unseres Kollegen Herrn Fischer sehr herzlich f\u00fcr das Ausleihen der Holzkisten f\u00fcr unseren Kalender!<\/p>\n<div class=\"col-md-12\">\n<div class=\"row\">\n<div class=\"col-md-3 bootstrapfloat\">\n      <a href=\"https:\/\/www.jkg-bruchsal.de\/wordpress\/inhalte\/uploads\/2020\/11\/1.12.jpg\" data-rel=\"lightbox-image-0\" data-rl_title=\"\" data-rl_caption=\"\" title=\"\"><img decoding=\"async\" class=\"img-responsive\" src=\"https:\/\/www.jkg-bruchsal.de\/wordpress\/inhalte\/uploads\/2020\/11\/1.jpg\" alt=\"T\u00fcr 1\" \/><\/a>\n    <\/div>\n<div class=\"col-md-3 bootstrapfloat\">\n      <a href=\"https:\/\/www.jkg-bruchsal.de\/wordpress\/inhalte\/uploads\/2020\/12\/k-2.12..jpg\" data-rel=\"lightbox-image-1\" data-rl_title=\"\" data-rl_caption=\"\" title=\"\"><img decoding=\"async\" class=\"img-responsive\" src=\"https:\/\/www.jkg-bruchsal.de\/wordpress\/inhalte\/uploads\/2020\/11\/2.jpg\" alt=\"T\u00fcr 2\" \/><\/a>\n    <\/div>\n<div class=\"col-md-3 bootstrapfloat\">\n      <a href=\" https:\/\/www.jkg-bruchsal.de\/wordpress\/inhalte\/uploads\/2020\/12\/k-3.12..jpg\" data-rel=\"lightbox-image-2\" data-rl_title=\"\" data-rl_caption=\"\" title=\"\"><img decoding=\"async\" class=\"img-responsive\" src=\"https:\/\/www.jkg-bruchsal.de\/wordpress\/inhalte\/uploads\/2020\/11\/3.jpg\" alt=\"T\u00fcr 3\" \/><\/a>\n    <\/div>\n<div class=\"col-md-3 bootstrapfloat\">\n      <a href=\"https:\/\/www.jkg-bruchsal.de\/wordpress\/inhalte\/uploads\/2020\/12\/k-4.12..jpg\" data-rel=\"lightbox-image-3\" data-rl_title=\"\" data-rl_caption=\"\" title=\"\"><img decoding=\"async\" class=\"img-responsive\" src=\"https:\/\/www.jkg-bruchsal.de\/wordpress\/inhalte\/uploads\/2020\/11\/4.jpg\" alt=\"T\u00fcr 4\" \/><\/a>\n    <\/div>\n<\/p><\/div>\n<\/p><\/div>\n<div class=\"col-md-12\">\n<div class=\"row\">\n<div class=\"col-md-3 bootstrapfloat\">\n      <a href=\"https:\/\/www.jkg-bruchsal.de\/wordpress\/inhalte\/uploads\/2020\/12\/k-5.12..jpg\" data-rel=\"lightbox-image-4\" data-rl_title=\"\" data-rl_caption=\"\" title=\"\"><img decoding=\"async\" class=\"img-responsive\" src=\"https:\/\/www.jkg-bruchsal.de\/wordpress\/inhalte\/uploads\/2020\/11\/5.jpg\" alt=\"T\u00fcr 5\" \/><\/a>\n    <\/div>\n<div class=\"col-md-3 bootstrapfloat\">\n      <a href=\"https:\/\/www.jkg-bruchsal.de\/wordpress\/inhalte\/uploads\/2020\/12\/k-6.12..jpg\" data-rel=\"lightbox-image-5\" data-rl_title=\"\" data-rl_caption=\"\" title=\"\"><img decoding=\"async\" class=\"img-responsive\" src=\"https:\/\/www.jkg-bruchsal.de\/wordpress\/inhalte\/uploads\/2020\/11\/6.jpg\" alt=\"T\u00fcr 6\" \/><\/a>\n    <\/div>\n<div class=\"col-md-3 bootstrapfloat\">\n      <a href=\"https:\/\/www.jkg-bruchsal.de\/wordpress\/inhalte\/uploads\/2020\/12\/k-7.12..jpg\" data-rel=\"lightbox-image-6\" data-rl_title=\"\" data-rl_caption=\"\" title=\"\"><img decoding=\"async\" class=\"img-responsive\" src=\"https:\/\/www.jkg-bruchsal.de\/wordpress\/inhalte\/uploads\/2020\/11\/7.jpg\" alt=\"T\u00fcr 7\" \/><\/a>\n    <\/div>\n<div class=\"col-md-3 bootstrapfloat\">\n      <a href=\"https:\/\/www.jkg-bruchsal.de\/wordpress\/inhalte\/uploads\/2020\/12\/k-8.12..jpg\" data-rel=\"lightbox-image-7\" data-rl_title=\"\" data-rl_caption=\"\" title=\"\"><img decoding=\"async\" class=\"img-responsive\" src=\"https:\/\/www.jkg-bruchsal.de\/wordpress\/inhalte\/uploads\/2020\/11\/8-1.jpg\" alt=\"T\u00fcr 8\" \/><\/a>\n    <\/div>\n<\/p><\/div>\n<\/p><\/div>\n<div class=\"col-md-12\">\n<div class=\"row\">\n<div class=\"col-md-3 bootstrapfloat\">\n      <a href=\"https:\/\/www.jkg-bruchsal.de\/wordpress\/inhalte\/uploads\/2020\/12\/k-9.12..jpg\" data-rel=\"lightbox-image-8\" data-rl_title=\"\" data-rl_caption=\"\" title=\"\"><img decoding=\"async\" class=\"img-responsive\" src=\"https:\/\/www.jkg-bruchsal.de\/wordpress\/inhalte\/uploads\/2020\/11\/9.jpg\" alt=\"T\u00fcr 9\" \/><\/a>\n    <\/div>\n<div class=\"col-md-3 bootstrapfloat\">\n      <a href=\"https:\/\/www.jkg-bruchsal.de\/wordpress\/inhalte\/uploads\/2020\/12\/k-Adventskiste_Tag_10.jpg\" data-rel=\"lightbox-image-9\" data-rl_title=\"\" data-rl_caption=\"\" title=\"\"><img decoding=\"async\" class=\"img-responsive\" src=\"https:\/\/www.jkg-bruchsal.de\/wordpress\/inhalte\/uploads\/2020\/11\/10.jpg\" alt=\"T\u00fcr 10\" \/><\/a>\n    <\/div>\n<div class=\"col-md-3 bootstrapfloat\">\n      <a href=\"https:\/\/www.jkg-bruchsal.de\/wordpress\/inhalte\/uploads\/2020\/12\/k-11.12..jpg\" data-rel=\"lightbox-image-10\" data-rl_title=\"\" data-rl_caption=\"\" title=\"\"><img decoding=\"async\" class=\"img-responsive\" src=\"https:\/\/www.jkg-bruchsal.de\/wordpress\/inhalte\/uploads\/2020\/11\/11.jpg\" alt=\"T\u00fcr 11\" \/><\/a>\n    <\/div>\n<div class=\"col-md-3 bootstrapfloat\">\n      <a href=\"https:\/\/www.jkg-bruchsal.de\/wordpress\/inhalte\/uploads\/2020\/12\/k-12.12..jpg\" data-rel=\"lightbox-image-11\" data-rl_title=\"\" data-rl_caption=\"\" title=\"\"><img decoding=\"async\" class=\"img-responsive\" src=\"https:\/\/www.jkg-bruchsal.de\/wordpress\/inhalte\/uploads\/2020\/11\/12.jpg\" alt=\"T\u00fcr 12\" \/><\/a>\n    <\/div>\n<\/p><\/div>\n<\/p><\/div>\n<div class=\"col-md-12\">\n<div class=\"row\">\n<div class=\"col-md-3 bootstrapfloat\">\n      <a href=\"https:\/\/www.jkg-bruchsal.de\/wordpress\/inhalte\/uploads\/2020\/12\/k-13.12..jpg\" data-rel=\"lightbox-image-12\" data-rl_title=\"\" data-rl_caption=\"\" title=\"\"><img decoding=\"async\" class=\"img-responsive\" src=\"https:\/\/www.jkg-bruchsal.de\/wordpress\/inhalte\/uploads\/2020\/11\/13.jpg\" alt=\"T\u00fcr 13\" \/><\/a>\n    <\/div>\n<div class=\"col-md-3 bootstrapfloat\">\n      <a href=\"https:\/\/www.jkg-bruchsal.de\/wordpress\/inhalte\/uploads\/2020\/12\/k-14.12..jpg\" data-rel=\"lightbox-image-13\" data-rl_title=\"\" data-rl_caption=\"\" title=\"\"><img decoding=\"async\" class=\"img-responsive\" src=\"https:\/\/www.jkg-bruchsal.de\/wordpress\/inhalte\/uploads\/2020\/11\/14.jpg\" alt=\"T\u00fcr 14\" \/><\/a>\n    <\/div>\n<div class=\"col-md-3 bootstrapfloat\">\n      <a href=\"https:\/\/www.jkg-bruchsal.de\/wordpress\/inhalte\/uploads\/2020\/12\/k-15.12..jpg\" data-rel=\"lightbox-image-14\" data-rl_title=\"\" data-rl_caption=\"\" title=\"\"><img decoding=\"async\" class=\"img-responsive\" src=\"https:\/\/www.jkg-bruchsal.de\/wordpress\/inhalte\/uploads\/2020\/11\/15.jpg\" alt=\"T\u00fcr 15\" \/><\/a>\n    <\/div>\n<div class=\"col-md-3 bootstrapfloat\">\n      <a href=\"https:\/\/www.jkg-bruchsal.de\/wordpress\/inhalte\/uploads\/2020\/12\/k-16.12..jpg\" data-rel=\"lightbox-image-15\" data-rl_title=\"\" data-rl_caption=\"\" title=\"\"><img decoding=\"async\" class=\"img-responsive\" src=\"https:\/\/www.jkg-bruchsal.de\/wordpress\/inhalte\/uploads\/2020\/11\/16.jpg\" alt=\"T\u00fcr 16\" \/><\/a>\n    <\/div>\n<\/p><\/div>\n<\/p><\/div>\n<div class=\"col-md-12\">\n<div class=\"row\">\n<div class=\"col-md-3 bootstrapfloat\">\n      <a href=\"https:\/\/www.jkg-bruchsal.de\/wordpress\/inhalte\/uploads\/2020\/12\/k-17.12..jpg\" data-rel=\"lightbox-image-16\" data-rl_title=\"\" data-rl_caption=\"\" title=\"\"><img decoding=\"async\" class=\"img-responsive\" src=\"https:\/\/www.jkg-bruchsal.de\/wordpress\/inhalte\/uploads\/2020\/11\/17.jpg\" alt=\"T\u00fcr 17\" \/><\/a>\n    <\/div>\n<div class=\"col-md-3 bootstrapfloat\">\n      <a href=\"https:\/\/www.jkg-bruchsal.de\/wordpress\/inhalte\/uploads\/2020\/12\/k-18.12..jpg\" data-rel=\"lightbox-image-17\" data-rl_title=\"\" data-rl_caption=\"\" title=\"\"><img decoding=\"async\" class=\"img-responsive\" src=\"https:\/\/www.jkg-bruchsal.de\/wordpress\/inhalte\/uploads\/2020\/11\/18.jpg\" alt=\"T\u00fcr 18\" \/><\/a>\n    <\/div>\n<div class=\"col-md-3 bootstrapfloat\">\n      <a href=\"https:\/\/www.jkg-bruchsal.de\/wordpress\/inhalte\/uploads\/2020\/12\/k-19.12..jpg\" data-rel=\"lightbox-image-18\" data-rl_title=\"\" data-rl_caption=\"\" title=\"\"><img decoding=\"async\" class=\"img-responsive\" src=\"https:\/\/www.jkg-bruchsal.de\/wordpress\/inhalte\/uploads\/2020\/11\/19.jpg\" alt=\"T\u00fcr 19\" \/><\/a>\n    <\/div>\n<div class=\"col-md-3 bootstrapfloat\">\n      <a href=\"https:\/\/www.jkg-bruchsal.de\/wordpress\/inhalte\/uploads\/2020\/12\/k-20.12..jpg\" data-rel=\"lightbox-image-19\" data-rl_title=\"\" data-rl_caption=\"\" title=\"\"><img decoding=\"async\" class=\"img-responsive\" src=\"https:\/\/www.jkg-bruchsal.de\/wordpress\/inhalte\/uploads\/2020\/11\/20.jpg\" alt=\"T\u00fcr 20\" \/><\/a>\n    <\/div>\n<\/p><\/div>\n<\/p><\/div>\n<div class=\"col-md-12\">\n<div class=\"row\">\n<div class=\"col-md-3 bootstrapfloat\">\n      <a href=\"https:\/\/www.jkg-bruchsal.de\/wordpress\/inhalte\/uploads\/2020\/12\/k-21.12..jpg\" data-rel=\"lightbox-image-20\" data-rl_title=\"\" data-rl_caption=\"\" title=\"\"><img decoding=\"async\" class=\"img-responsive\" src=\"https:\/\/www.jkg-bruchsal.de\/wordpress\/inhalte\/uploads\/2020\/11\/21.jpg\" alt=\"T\u00fcr 21\" \/><\/a>\n    <\/div>\n<div class=\"col-md-3 bootstrapfloat\">\n      <a href=\"https:\/\/www.jkg-bruchsal.de\/wordpress\/inhalte\/uploads\/2020\/12\/k-22.12..jpg\" data-rel=\"lightbox-image-21\" data-rl_title=\"\" data-rl_caption=\"\" title=\"\"><img decoding=\"async\" class=\"img-responsive\" src=\"https:\/\/www.jkg-bruchsal.de\/wordpress\/inhalte\/uploads\/2020\/11\/22.jpg\" alt=\"T\u00fcr 22\" \/><\/a>\n    <\/div>\n<div class=\"col-md-3 bootstrapfloat\">\n      <a href=\"https:\/\/www.jkg-bruchsal.de\/wordpress\/inhalte\/uploads\/2020\/12\/k-23-12-Advent.jpg\" data-rel=\"lightbox-image-22\" data-rl_title=\"\" data-rl_caption=\"\" title=\"\"><img decoding=\"async\" class=\"img-responsive\" src=\"https:\/\/www.jkg-bruchsal.de\/wordpress\/inhalte\/uploads\/2020\/11\/23.jpg\" alt=\"T\u00fcr 23\" \/><\/a>\n    <\/div>\n<div class=\"col-md-3 bootstrapfloat\">\n      <a href=\"https:\/\/www.jkg-bruchsal.de\/wordpress\/inhalte\/uploads\/2020\/12\/k-24-12-Advent.jpg\" data-rel=\"lightbox-image-23\" data-rl_title=\"\" data-rl_caption=\"\" title=\"\"><img decoding=\"async\" class=\"img-responsive\" src=\"https:\/\/www.jkg-bruchsal.de\/wordpress\/inhalte\/uploads\/2020\/11\/24.jpg\" alt=\"T\u00fcr 24\" \/><\/a>\n    <\/div>\n<\/p><\/div>\n<\/p><\/div>\n<p><a href=\"https:\/\/www.jkg-bruchsal.de\/wordpress\/inhalte\/uploads\/2020\/11\/Erlaeuterung-Adventskalender_Tag-13-15.pdf\" rel=\"noopener noreferrer\" target=\"_blank\">Erl\u00e4uterungen zu den Adventskalendert\u00fcrchen des 13., 14. und 15. Dezembers (PDF)<\/a><\/p>\n<p>&nbsp;<\/p>\n<hr>\n<h2><a name=\"Advent2020\"><\/a>Advent 2020<\/h2>\n<h3>Adventskalender der Fachschaft Religion<\/h3>\n<div class=\"col-md-12\">\n<div class=\"row\">\n<div class=\"col-md-3 bootstrapfloat\">\n     <a href=\"https:\/\/www.jkg-bruchsal.de\/wordpress\/inhalte\/uploads\/2020\/12\/k-Adventskalender-scaled.jpg\" data-rel=\"lightbox-image-24\" data-rl_title=\"\" data-rl_caption=\"\" title=\"\"><img decoding=\"async\" class=\"img-responsive\" src=\"https:\/\/www.jkg-bruchsal.de\/wordpress\/inhalte\/uploads\/2020\/12\/k-Adventskalender-scaled.jpg\" alt=\"Adventskalender 2020\" \/><\/a>\n    <\/div>\n<p>Zum Thema &#8222;Warten&#8220; hat die Fachschaft Religion einen <a href=\"https:\/\/www.jkg-bruchsal.de\/?page_id=11848\">Adventskalender <\/a>aus Weinkisten erstellt. Jeden Tag erschien eine Kiste im Schulgeb\u00e4ude und das Foto wurde auf der Homepage ver\u00f6ffentlicht. Ein gro\u00dfer Dank geht an das Weingut Adam M\u00fcller aus Leimen und an den Gro\u00dfvater unseres Kollegen Herrn Fischer f\u00fcr das Ausleihen der Holzkisten.<\/p>\n<p><em>Text: Kow<br \/>\nFoto: Sw<\/em><\/p>\n<\/p><\/div>\n<\/p><\/div>\n<p>&nbsp;<\/p>\n<hr>\n<h3>Nachhaltiger Weihnachtsbaumschmuck der Religionsgruppe 5stu<\/h3>\n<div class=\"col-md-12\">\n<div class=\"row\">\n<div class=\"col-md-3 bootstrapfloat\">\n     <a href=\"https:\/\/www.jkg-bruchsal.de\/wordpress\/inhalte\/uploads\/2020\/12\/Weihnachtsbaumaktion-JKG.jpg\" data-rel=\"lightbox-image-25\" data-rl_title=\"\" data-rl_caption=\"\" title=\"\"><img decoding=\"async\" class=\"img-responsive\" src=\"https:\/\/www.jkg-bruchsal.de\/wordpress\/inhalte\/uploads\/2020\/12\/Weihnachtsbaumaktion-JKG.jpg\" alt=\"Weihnachtsbaum \" \/><\/a>\n    <\/div>\n<p>Sch\u00fcler*innen der evangelischen Religiongruppe der 5. Klassen haben an der Bruchsaler Weihnachtsbaumaktion teilgenommen. Gemeinsam mit ihrer Lehrerin Frau Heckel-Bischoff haben die Kinder zwei Tannenb\u00e4ume bunt geschm\u00fcckt und somit den Eingang der Stadtwerke Bruchsal weihnachtlich gestaltet. S\u00e4mtlicher Schmuck besteht aus nachhaltigen Naturmaterialien oder wurde durch kreatives Upcycling erstellt. In der Bahnhofstra\u00dfe 1 k\u00f6nnen die B\u00e4ume bewundert werden. In folgendem Dokument sind die einzelnen Schmuckst\u00fccke zu sehen: <a href=\"https:\/\/www.jkg-bruchsal.de\/wordpress\/inhalte\/uploads\/2020\/12\/Weihnachtsbaeume-5stu-Dez-2020-1.pdf\" rel=\"noopener noreferrer\" target=\"_blank\">Christbaumschmuck der 5stu (PDF)<\/a><\/p>\n<p><em>Text: Kow<br \/>\nFoto: HB<\/em><\/p>\n<\/p><\/div>\n<\/p><\/div>\n<p>&nbsp;<\/p>\n<hr>\n<h3>Klasse 6b bastelt f\u00fcr Bruchsaler Weihnachtsbaumaktion<\/h3>\n<div class=\"col-md-12\">\n<div class=\"row\">\n<div class=\"col-md-3 bootstrapfloat\">\n      <a href=\"https:\/\/www.jkg-bruchsal.de\/wordpress\/inhalte\/uploads\/2020\/11\/k-20201126_102244.jpg\" data-rel=\"lightbox-image-26\" data-rl_title=\"\" data-rl_caption=\"\" title=\"\"><img decoding=\"async\" class=\"img-responsive\" src=\"https:\/\/www.jkg-bruchsal.de\/wordpress\/inhalte\/uploads\/2020\/11\/k-20201126_102244.jpg\" alt=\"Weihnachtsbaum \" \/><\/a>\n    <\/div>\n<p>Mit gro\u00dfem Engagement und guten Ideen bastelte die Klasse 6b in den letzten beiden Wochen selbstgemachte Dekoration f\u00fcr die Weihnachtsbaumaktion der Stadt Bruchsal. Flei\u00dfig wurden Pinienzapfen beklebt, W\u00e4scheklammern auseinandergenommen und neu zusammengesetzt und N\u00fcsse geknackt, vergoldet und wieder zusammengeklebt, um einen Baum zu schm\u00fccken, der Anfang Dezember von einer Jury bewertet und im besten Fall auch pr\u00e4miert wird. Als Dankesch\u00f6n gab es vom Reiseb\u00fcro, vor dessen T\u00fcr der Baum nun steht, f\u00fcr jedes Kind einen gro\u00dfen Schokonikolaus, wof\u00fcr wir uns herzlich bei Frau Martin bedanken m\u00f6chten!<\/p>\n<p><em>Text und Foto: Bje<\/em><\/p>\n<\/p><\/div>\n<\/p><\/div>\n<p>&nbsp;<\/p>\n<hr>\n<h3>Musik-Leistungskurs pr\u00e4sentiert Weihnachts-Klassiker mit jazzigem Sound<\/h3>\n<div class=\"col-md-12\">\n<div class=\"row\">\n<div class=\"col-md-5 bootstrapfloat\">\n<div align=\"center\" class=\"embed-responsive embed-responsive-16by9\">\n    <video class=\"embed-responsive-item\" controls><source src=\"https:\/\/www.jkg-bruchsal.de\/wordpress\/inhalte\/uploads\/2020\/12\/Its-beginning-to-look-a-lot-like-christmas-Lyrics.mp4\" type=\"video\/mp4\"><\/video>\n<\/div>\n<\/div>\n<div class=\"col-md-1 bootstrapfloat\">\n<\/div>\n<div class=\"col-md-6 bootstrapfloat\">\n<p>Bing Crosby, der amerikanische Superstar der Nachkriegszeit, hat den Song &#8222;It&#8217;s beginning to look alot like Christmas&#8220; im Jahr 1951 ber\u00fchmt gemacht. Die Version von Michael Bubl\u00e9 ist auch heute noch bekannt. Der Leistungskurs Musik der Kursstufe 2 hat sich zur Aufgabe gemacht, das Lied f\u00fcr die im Kurs vorhandenen Instrumente jazzig zu arrangieren.<\/p>\n<p><em>Text: Kow<\/em><\/p>\n<\/div>\n<\/div>\n<\/div>\n<p>&nbsp;<\/p>\n<hr>\n<h3>Fair Trade im Lehrerzimmer<\/h3>\n<div class=\"col-md-12\">\n<div class=\"row\">\n<div class=\"col-md-3 bootstrapfloat\">\n     <a href=\"https:\/\/www.jkg-bruchsal.de\/wordpress\/inhalte\/uploads\/2020\/12\/k-Weltladen-Verkauf-Lehrerzimmer-JKG-1-scaled.jpg\" data-rel=\"lightbox-image-27\" data-rl_title=\"\" data-rl_caption=\"\" title=\"\"><img decoding=\"async\" class=\"img-responsive\" src=\"https:\/\/www.jkg-bruchsal.de\/wordpress\/inhalte\/uploads\/2020\/12\/k-Weltladen-Verkauf-Lehrerzimmer-JKG-1-scaled.jpg\" alt=\"Fair Trade\" \/><\/a>\n    <\/div>\n<p>Im Lehrerzimmer des JKG ist seit Pfingsten ein Tisch mit Produkten aus dem Weltladen Bruchsal eingerichtet, den Herr Kowollik regelm\u00e4\u00dfig mit Nachschub versorgt. \u201eEine fr\u00fchere Kollegin hatte auch schon in der Adventszeit Komissionsverkauf angeboten,\u201d erkl\u00e4rt er, \u201eund mir ist es einfach wichtig, das Thema \u201eFairer Welthandel\u201d nicht nur im Unterricht zu thematisieren, sondern auch praktisch vorzuleben.\u201d Zur Zeit sei es leider nicht m\u00f6glich, Workshops oder Exkursionen zum Thema Fairer Handel an der Schule zu organisieren, doch das Thema interessiere die Sch\u00fcler sehr, berichtet er. \u201eDas Kollegium nimmt den Verkauf sehr gut an. Wir haben seit Pfingsten bereits knapp 2000 Euro umgesetzt.\u201d Dieses Engagement unterst\u00fctzt Produzenten in den L\u00e4ndern des S\u00fcdens, deren Regierungen dem COVID-Virus viel strengere Einschr\u00e4nkungen und Ausgangssperren entgegensetzen m\u00fcssen, um der Bev\u00f6lkerung einen Zugang zur medizinischen Versorgung zu erm\u00f6glichen.<\/p>\n<p><em>Text und Foto: Constanze Spranger<\/em><\/p>\n<\/p><\/div>\n<\/p><\/div>\n<p>&nbsp;<\/p>\n<hr>\n<h3>Adventliche Kunstwerke im Schulgeb\u00e4ude<\/h3>\n<div class=\"col-md-12\">\n<div class=\"row\">\n<div class=\"col-md-3 bootstrapfloat\">\n     <a href=\"https:\/\/www.jkg-bruchsal.de\/wordpress\/inhalte\/uploads\/2020\/12\/k-k-Schueler-Weihnachtskarten.png\" data-rel=\"lightbox-image-28\" data-rl_title=\"\" data-rl_caption=\"\" title=\"\"><img decoding=\"async\" class=\"img-responsive\" src=\"https:\/\/www.jkg-bruchsal.de\/wordpress\/inhalte\/uploads\/2020\/12\/k-k-Schueler-Weihnachtskarten.png\" alt=\"Adventskarten\" \/><\/a>\n    <\/div>\n<p>Zum ersten Mal stand ein gro\u00dfer Weihnachtsbaum vor dem Haupteingang des JKG. Zahlreiche im Kunstunterricht gestaltete Weihnachtskarten an Freunde und Ehemalige der Schule verschickt. Und gemeinsam mit ihren Kunstlehrkr\u00e4ften haben Sch\u00fcler*innen der Klassen 5, 8 und 11 das Schulgeb\u00e4ude vorweihnachtlich geschm\u00fcckt. Die Fotogalerie unten zeigt ein kleines &#8222;Best Of&#8220;. <\/p>\n<p><em>Text: Kow<br \/>\nFotos: Rei<\/em><\/p>\n<\/p><\/div>\n<\/p><\/div>\n<p>&nbsp;<\/p>\n<hr>\n<div id=\"myCarouselAdvent\" class=\"carousel slide\" data-ride=\"carousel\">\n  <!-- Indicators --><\/p>\n<ol class=\"carousel-indicators\">\n<li data-target=\"#myCarouselAdvent\" data-slide-to=\"0\" class=\"active\"><\/li>\n<li data-target=\"#myCarouselAdvent\" data-slide-to=\"1\"><\/li>\n<li data-target=\"#myCarouselAdvent\" data-slide-to=\"2\"><\/li>\n<li data-target=\"#myCarouselAdvent\" data-slide-to=\"3\"><\/li>\n<li data-target=\"#myCarouselAdvent\" data-slide-to=\"4\"><\/li>\n<li data-target=\"#myCarouselAdvent\" data-slide-to=\"5\"><\/li>\n<li data-target=\"#myCarouselAdvent\" data-slide-to=\"6\"><\/li>\n<li data-target=\"#myCarouselAdvent\" data-slide-to=\"7\"><\/li>\n<li data-target=\"#myCarouselAdvent\" data-slide-to=\"8\"><\/li>\n<li data-target=\"#myCarouselAdvent\" data-slide-to=\"9\"><\/li>\n<li data-target=\"#myCarouselAdvent\" data-slide-to=\"10\"><\/li>\n<\/ol>\n<p>  <!-- Wrapper for slides --><\/p>\n<div class=\"carousel-inner\" role=\"listbox\">\n<div class=\"item active\">\n      <a href=\"https:\/\/www.jkg-bruchsal.de\/wordpress\/inhalte\/uploads\/2020\/12\/Advent-0.jpg\" data-rel=\"lightbox-image-29\" data-rl_title=\"\" data-rl_caption=\"\" title=\"\"><img decoding=\"async\" class=\"img-responsive\" src=\"https:\/\/www.jkg-bruchsal.de\/wordpress\/inhalte\/uploads\/2020\/12\/Advent-0.jpg\" alt=\"Advent\" \/><\/a>\n    <\/div>\n<div class=\"item\">\n     <a href=\"https:\/\/www.jkg-bruchsal.de\/wordpress\/inhalte\/uploads\/2020\/12\/Advent-1.png\" data-rel=\"lightbox-image-30\" data-rl_title=\"\" data-rl_caption=\"\" title=\"\"><img decoding=\"async\" class=\"img-responsive\" src=\"https:\/\/www.jkg-bruchsal.de\/wordpress\/inhalte\/uploads\/2020\/12\/Advent-1.png\" alt=\"Advent\" \/><\/a>\n    <\/div>\n<div class=\"item\">\n      <a href=\"https:\/\/www.jkg-bruchsal.de\/wordpress\/inhalte\/uploads\/2020\/12\/Advent-2.jpg\" data-rel=\"lightbox-image-31\" data-rl_title=\"\" data-rl_caption=\"\" title=\"\"><img decoding=\"async\" class=\"img-responsive\" src=\"https:\/\/www.jkg-bruchsal.de\/wordpress\/inhalte\/uploads\/2020\/12\/Advent-2.jpg\" alt=\"Advent\" \/><\/a>\n    <\/div>\n<div class=\"item\">\n     <a href=\"https:\/\/www.jkg-bruchsal.de\/wordpress\/inhalte\/uploads\/2020\/12\/Advent-3.jpg\" data-rel=\"lightbox-image-32\" data-rl_title=\"\" data-rl_caption=\"\" title=\"\"><img decoding=\"async\" class=\"img-responsive\" src=\"https:\/\/www.jkg-bruchsal.de\/wordpress\/inhalte\/uploads\/2020\/12\/Advent-3.jpg\" alt=\"Advent\" \/><\/a>\n    <\/div>\n<div class=\"item\">\n      <a href=\"https:\/\/www.jkg-bruchsal.de\/wordpress\/inhalte\/uploads\/2020\/12\/Advent-4.jpg\" data-rel=\"lightbox-image-33\" data-rl_title=\"\" data-rl_caption=\"\" title=\"\"><img decoding=\"async\" class=\"img-responsive\" src=\"https:\/\/www.jkg-bruchsal.de\/wordpress\/inhalte\/uploads\/2020\/12\/Advent-4.jpg\" alt=\"Advent\" \/><\/a>\n    <\/div>\n<div class=\"item\">\n     <a href=\"https:\/\/www.jkg-bruchsal.de\/wordpress\/inhalte\/uploads\/2020\/12\/Advent-5.jpg\" data-rel=\"lightbox-image-34\" data-rl_title=\"\" data-rl_caption=\"\" title=\"\"><img decoding=\"async\" class=\"img-responsive\" src=\"https:\/\/www.jkg-bruchsal.de\/wordpress\/inhalte\/uploads\/2020\/12\/Advent-5.jpg\" alt=\"Advent\" \/><\/a>\n    <\/div>\n<div class=\"item\">\n      <a href=\"https:\/\/www.jkg-bruchsal.de\/wordpress\/inhalte\/uploads\/2020\/12\/Advent-6.jpg\" data-rel=\"lightbox-image-35\" data-rl_title=\"\" data-rl_caption=\"\" title=\"\"><img decoding=\"async\" class=\"img-responsive\" src=\"https:\/\/www.jkg-bruchsal.de\/wordpress\/inhalte\/uploads\/2020\/12\/Advent-6.jpg\" alt=\"Advent\" \/><\/a>\n    <\/div>\n<div class=\"item\">\n     <a href=\"https:\/\/www.jkg-bruchsal.de\/wordpress\/inhalte\/uploads\/2020\/12\/Advent-7.jpg\" data-rel=\"lightbox-image-36\" data-rl_title=\"\" data-rl_caption=\"\" title=\"\"><img decoding=\"async\" class=\"img-responsive\" src=\"https:\/\/www.jkg-bruchsal.de\/wordpress\/inhalte\/uploads\/2020\/12\/Advent-7.jpg\" alt=\"Advent\" \/><\/a>\n    <\/div>\n<div class=\"item\">\n      <a href=\"https:\/\/www.jkg-bruchsal.de\/wordpress\/inhalte\/uploads\/2020\/12\/Advent-8.jpg\" data-rel=\"lightbox-image-37\" data-rl_title=\"\" data-rl_caption=\"\" title=\"\"><img decoding=\"async\" class=\"img-responsive\" src=\"https:\/\/www.jkg-bruchsal.de\/wordpress\/inhalte\/uploads\/2020\/12\/Advent-8.jpg\" alt=\"Advent\" \/><\/a>\n    <\/div>\n<div class=\"item\">\n     <a href=\"https:\/\/www.jkg-bruchsal.de\/wordpress\/inhalte\/uploads\/2020\/12\/Advent-9.jpg\" data-rel=\"lightbox-image-38\" data-rl_title=\"\" data-rl_caption=\"\" title=\"\"><img decoding=\"async\" class=\"img-responsive\" src=\"https:\/\/www.jkg-bruchsal.de\/wordpress\/inhalte\/uploads\/2020\/12\/Advent-9.jpg\" alt=\"Advent\" \/><\/a>\n    <\/div>\n<div class=\"item\">\n      <a href=\"https:\/\/www.jkg-bruchsal.de\/wordpress\/inhalte\/uploads\/2020\/12\/Advent-10.jpg\" data-rel=\"lightbox-image-39\" data-rl_title=\"\" data-rl_caption=\"\" title=\"\"><img decoding=\"async\" class=\"img-responsive\" src=\"https:\/\/www.jkg-bruchsal.de\/wordpress\/inhalte\/uploads\/2020\/12\/Advent-10.jpg\" alt=\"Advent\" \/><\/a>\n    <\/div>\n<\/p><\/div>\n<p>  <!-- Left and right controls --><br \/>\n  <a class=\"left carousel-control\" href=\"#myCarouselAdvent\" role=\"button\" data-slide=\"prev\"><br \/>\n    <span class=\"glyphicon glyphicon-chevron-left\"><\/span><br \/>\n  <\/a><br \/>\n  <a class=\"right carousel-control\" href=\"#myCarouselAdvent\" role=\"button\" data-slide=\"next\"><br \/>\n    <span class=\"glyphicon glyphicon-chevron-right\"><\/span><br \/>\n  <\/a>\n<\/div>\n<p><\/br><\/p>\n<hr>\n","protected":false},"excerpt":{"rendered":"<p>Klick drauf &#8211; T\u00fcr auf! Wir danken dem Weingut Adam M\u00fcller aus Leimen und dem Gro\u00dfvater unseres Kollegen Herrn Fischer sehr herzlich f\u00fcr das Ausleihen der Holzkisten f\u00fcr unseren Kalender! Erl\u00e4uterungen zu den Adventskalendert\u00fcrchen des 13., 14. und 15. Dezembers (PDF) &nbsp; Advent 2020 Adventskalender der Fachschaft Religion Zum Thema &#8222;Warten&#8220; hat die Fachschaft Religion [&hellip;]<\/p>\n","protected":false},"author":2,"featured_media":0,"parent":0,"menu_order":0,"comment_status":"closed","ping_status":"closed","template":"","meta":{"footnotes":""},"class_list":["post-11848","page","type-page","status-publish","hentry"],"_links":{"self":[{"href":"https:\/\/www.jkg-bruchsal.de\/index.php?rest_route=\/wp\/v2\/pages\/11848","targetHints":{"allow":["GET"]}}],"collection":[{"href":"https:\/\/www.jkg-bruchsal.de\/index.php?rest_route=\/wp\/v2\/pages"}],"about":[{"href":"https:\/\/www.jkg-bruchsal.de\/index.php?rest_route=\/wp\/v2\/types\/page"}],"author":[{"embeddable":true,"href":"https:\/\/www.jkg-bruchsal.de\/index.php?rest_route=\/wp\/v2\/users\/2"}],"replies":[{"embeddable":true,"href":"https:\/\/www.jkg-bruchsal.de\/index.php?rest_route=%2Fwp%2Fv2%2Fcomments&post=11848"}],"version-history":[{"count":0,"href":"https:\/\/www.jkg-bruchsal.de\/index.php?rest_route=\/wp\/v2\/pages\/11848\/revisions"}],"wp:attachment":[{"href":"https:\/\/www.jkg-bruchsal.de\/index.php?rest_route=%2Fwp%2Fv2%2Fmedia&parent=11848"}],"curies":[{"name":"wp","href":"https:\/\/api.w.org\/{rel}","templated":true}]}}