{"id":12596,"date":"2021-02-03T16:44:56","date_gmt":"2021-02-03T15:44:56","guid":{"rendered":"https:\/\/www.jkg-bruchsal.de\/?page_id=12596"},"modified":"2025-10-12T11:56:10","modified_gmt":"2025-10-12T09:56:10","slug":"sozialpraktikum","status":"publish","type":"page","link":"https:\/\/www.jkg-bruchsal.de\/?page_id=12596","title":{"rendered":"Sozialpraktikum"},"content":{"rendered":"<h3>Allgemeine Informationen zum Sozialpraktikum<\/h3>\n<p>Der schulische Erziehungs- und Bildungsauftrag umfasst neben fachlicher und methodischer Kompetenz auch das soziale Miteinander. Damit sich die Gymnasiast*innen m\u00f6glichst fr\u00fch mit den Fragen des sozialen Miteinanders auseinandersetzen, gibt das JKG seit dem Schuljahr 2018\/19 Sch\u00fcler*innen der 11. Klasse die M\u00f6glichkeit, ein zweiw\u00f6chiges Sozialpraktikum zu absolvieren.<\/p>\n<p>Das Sozialpraktikum ist kein Berufspraktikum, auch wenn nat\u00fcrlich eine Sensibilisierung f\u00fcr diese so wichtigen Berufsfelder ein gew\u00fcnschter Nebeneffekt ist. Es geht darum, den Sch\u00fclerinnen und Sch\u00fclern die Bereiche unserer Gesellschaft zu zeigen, denen man in der Familie, im Freundeskreis und auch in der Schule oder im Sportverein meist nur wenig oder gar nicht begegnet. Es geht um den Umgang mit anderen Lebensformen, Lebensaltern und Lebensbedingungen, den Abbau von Vorurteilen und Hemmschwellen.<\/p>\n<p>Wir wissen, welch hohes Ma\u00df an Offenheit und Vertrauen gegen\u00fcber unseren Sch\u00fcler*innen wir von den Einrichtungen erbitten. Zugleich sind wir aber \u00fcberzeugt, dass sich die M\u00fche lohnt, da das Sozialpraktikum einen wichtigen Beitrag in dem Bem\u00fchen darstellt, Sch\u00fcler*innen den hohen Stellenwert des sozialen Miteinanders in unserer Gesellschaft zu vermitteln.<\/p>\n<p>Durch gezielte Vor- und Nachbereitung des Praktikums wird sichergestellt, dass die Sch\u00fcler*innen sicher durch das Sozialpraktikum gef\u00fchrt werden. Auch w\u00e4hrend der eigentlichen Praktikumszeit erfolgt eine Betreuung durch unsere Lehrkr\u00e4fte.<\/p>\n<p><em>Text: Han (Oktober 2025)<\/em><\/p>\n","protected":false},"excerpt":{"rendered":"<p>Allgemeine Informationen zum Sozialpraktikum Der schulische Erziehungs- und Bildungsauftrag umfasst neben fachlicher und methodischer Kompetenz auch das soziale Miteinander. Damit sich die Gymnasiast*innen m\u00f6glichst fr\u00fch mit den Fragen des sozialen Miteinanders auseinandersetzen, gibt das JKG seit dem Schuljahr 2018\/19 Sch\u00fcler*innen der 11. Klasse die M\u00f6glichkeit, ein zweiw\u00f6chiges Sozialpraktikum zu absolvieren. Das Sozialpraktikum ist kein Berufspraktikum, [&hellip;]<\/p>\n","protected":false},"author":2,"featured_media":0,"parent":0,"menu_order":0,"comment_status":"closed","ping_status":"closed","template":"","meta":{"footnotes":""},"class_list":["post-12596","page","type-page","status-publish","hentry"],"_links":{"self":[{"href":"https:\/\/www.jkg-bruchsal.de\/index.php?rest_route=\/wp\/v2\/pages\/12596","targetHints":{"allow":["GET"]}}],"collection":[{"href":"https:\/\/www.jkg-bruchsal.de\/index.php?rest_route=\/wp\/v2\/pages"}],"about":[{"href":"https:\/\/www.jkg-bruchsal.de\/index.php?rest_route=\/wp\/v2\/types\/page"}],"author":[{"embeddable":true,"href":"https:\/\/www.jkg-bruchsal.de\/index.php?rest_route=\/wp\/v2\/users\/2"}],"replies":[{"embeddable":true,"href":"https:\/\/www.jkg-bruchsal.de\/index.php?rest_route=%2Fwp%2Fv2%2Fcomments&post=12596"}],"version-history":[{"count":5,"href":"https:\/\/www.jkg-bruchsal.de\/index.php?rest_route=\/wp\/v2\/pages\/12596\/revisions"}],"predecessor-version":[{"id":16640,"href":"https:\/\/www.jkg-bruchsal.de\/index.php?rest_route=\/wp\/v2\/pages\/12596\/revisions\/16640"}],"wp:attachment":[{"href":"https:\/\/www.jkg-bruchsal.de\/index.php?rest_route=%2Fwp%2Fv2%2Fmedia&parent=12596"}],"curies":[{"name":"wp","href":"https:\/\/api.w.org\/{rel}","templated":true}]}}