{"id":131,"date":"2015-07-18T17:10:46","date_gmt":"2015-07-18T15:10:46","guid":{"rendered":"http:\/\/www.jkg-bruchsal.de\/wordpress\/?page_id=131"},"modified":"2025-09-14T11:47:53","modified_gmt":"2025-09-14T09:47:53","slug":"unterrichtszeiten","status":"publish","type":"page","link":"https:\/\/www.jkg-bruchsal.de\/?page_id=131","title":{"rendered":"Zeiten &#038; Termine"},"content":{"rendered":"<ul class=\"nav nav-tabs nav-justified\">\n<li role=\"presentation\" class=\"active\"><a href=\"#\">L\u00e4uteplan<\/a><\/li>\n<li role=\"presentation\"><a href=\"#Rhythmisierung\">Rhythmisierung<\/a><\/li>\n<li role=\"presentation\"><a href=\"#Ferientermine\">Ferientermine<\/a><\/li>\n<\/ul>\n<div class=\"nav-rule\">\n<hr>\n<\/div>\n<h3>Termine<\/h3>\n<p>Aktuelle Termine sind in unserem <a href=\"https:\/\/www.jkg-bruchsal.de\/?page_id=3331\" rel=\"noopener\" target=\"_blank\">Kalender >><\/a> zu finden.<\/p>\n<hr>\n<h3><a name=\"L\u00e4uteplan\"><\/a>L\u00e4uteplan am JKG<\/h3>\n<p><a href=\"https:\/\/www.jkg-bruchsal.de\/wordpress\/inhalte\/uploads\/2022\/10\/Laeuteplan_Stand-10_2022_homepage.pdf\" target=\"_blank\" rel=\"noopener noreferrer\">\u00dcbersicht: Regul\u00e4rer L\u00e4uteplan (PDF)<\/a><\/p>\n<p><em>Laut GLK-Beschluss vom 7.7.2014 g\u00fcltig ab September 2014<\/em><\/p>\n<p><\/br><\/p>\n<hr>\n<h3><a name=\"Rhythmisierung\"><\/a>Rhythmisierung des Schuljahres 2025\/26<\/h3>\n<p>Der unten stehenden Datei kann entnommen werden, wann die A- und B-Wochen, die Semester und Trimester im aktuellen Schuljahr liegen.<\/p>\n<p><a href=\"https:\/\/www.jkg-bruchsal.de\/wordpress\/inhalte\/uploads\/2025\/09\/Rhythmisierung-2025-2026-fuer-Schuljahresplaner.pdf\" target=\"_blank\" rel=\"noopener noreferrer\">Rhythmisierung des Schuljahres 2025\/26 (PDF)<\/a><\/p>\n<hr>\n<h3><a name=\"Ferientermine\"><\/a>Ferientermine<\/h3>\n<p>Die beweglichen Ferientage und arbeitsfreien Tage gelten in der Regel f\u00fcr alle Bruchsaler Grund-, Haupt-, Werkreal-, Real- und Sonderschulen, die Gymnasien und die Beruflichen Schulen.<\/p>\n<p>Die Ferientermine k\u00f6nnen auf unserem Ferien-Flyer eingesehen werden:<\/p>\n<p> <a href=\"https:\/\/www.jkg-bruchsal.de\/wordpress\/inhalte\/uploads\/2024\/11\/Ferienflyer-25_26.pdf\" target=\"_blank\" rel=\"noopener noreferrer\">Ferien-Flyer 2025\/26 (PDF)<\/a> (Stand:13.11.2024)<\/p>\n<p><\/br><\/p>\n<figure>\n  <a href=\"https:\/\/www.jkg-bruchsal.de\/wordpress\/inhalte\/uploads\/2015\/07\/Sommer.jpg\" data-rel=\"lightbox-image-0\" data-rl_title=\"\" data-rl_caption=\"\" title=\"\"><img decoding=\"async\" class=\"img-responsive\" src=\"https:\/\/www.jkg-bruchsal.de\/wordpress\/inhalte\/uploads\/2015\/07\/Sommer.jpg\" alt=\"Sommer\" \/><\/a><figcaption>\n    Sommer &#8211; Erstellt von Sch\u00fclerInnen im Rahmen des Kunstunterrichts bei Frau Ohlmeier (Foto: Kow, Juli 2015)<br \/>\n  <\/figcaption><\/figure>\n","protected":false},"excerpt":{"rendered":"<p>L\u00e4uteplan Rhythmisierung Ferientermine Termine Aktuelle Termine sind in unserem Kalender >> zu finden. L\u00e4uteplan am JKG \u00dcbersicht: Regul\u00e4rer L\u00e4uteplan (PDF) Laut GLK-Beschluss vom 7.7.2014 g\u00fcltig ab September 2014 Rhythmisierung des Schuljahres 2025\/26 Der unten stehenden Datei kann entnommen werden, wann die A- und B-Wochen, die Semester und Trimester im aktuellen Schuljahr liegen. Rhythmisierung des Schuljahres [&hellip;]<\/p>\n","protected":false},"author":2,"featured_media":0,"parent":47,"menu_order":10,"comment_status":"open","ping_status":"open","template":"","meta":{"footnotes":""},"class_list":["post-131","page","type-page","status-publish","hentry"],"_links":{"self":[{"href":"https:\/\/www.jkg-bruchsal.de\/index.php?rest_route=\/wp\/v2\/pages\/131","targetHints":{"allow":["GET"]}}],"collection":[{"href":"https:\/\/www.jkg-bruchsal.de\/index.php?rest_route=\/wp\/v2\/pages"}],"about":[{"href":"https:\/\/www.jkg-bruchsal.de\/index.php?rest_route=\/wp\/v2\/types\/page"}],"author":[{"embeddable":true,"href":"https:\/\/www.jkg-bruchsal.de\/index.php?rest_route=\/wp\/v2\/users\/2"}],"replies":[{"embeddable":true,"href":"https:\/\/www.jkg-bruchsal.de\/index.php?rest_route=%2Fwp%2Fv2%2Fcomments&post=131"}],"version-history":[{"count":13,"href":"https:\/\/www.jkg-bruchsal.de\/index.php?rest_route=\/wp\/v2\/pages\/131\/revisions"}],"predecessor-version":[{"id":16583,"href":"https:\/\/www.jkg-bruchsal.de\/index.php?rest_route=\/wp\/v2\/pages\/131\/revisions\/16583"}],"up":[{"embeddable":true,"href":"https:\/\/www.jkg-bruchsal.de\/index.php?rest_route=\/wp\/v2\/pages\/47"}],"wp:attachment":[{"href":"https:\/\/www.jkg-bruchsal.de\/index.php?rest_route=%2Fwp%2Fv2%2Fmedia&parent=131"}],"curies":[{"name":"wp","href":"https:\/\/api.w.org\/{rel}","templated":true}]}}