{"id":149,"date":"2015-07-18T17:21:08","date_gmt":"2015-07-18T15:21:08","guid":{"rendered":"http:\/\/www.jkg-bruchsal.de\/wordpress\/?page_id=149"},"modified":"2021-11-11T16:10:45","modified_gmt":"2021-11-11T15:10:45","slug":"ueberblick-standorte","status":"publish","type":"page","link":"https:\/\/www.jkg-bruchsal.de\/?page_id=149","title":{"rendered":"\u00dcberblick Standorte"},"content":{"rendered":"<p>\n  <a class=\"btn btn-primary\" style=\"float:right;\" href=\"https:\/\/www.jkg-bruchsal.de\/?page_id=151\"><span class=\"hidden-xs\">Standort Moltkestra\u00dfe >><\/span><i class=\"glyphicon glyphicon-arrow-right visible-xs\"><\/i><\/a>\n<\/p>\n<h3>Die Standorte des Justus-Knecht-Gymnasiums<\/h3>\n<p>Das Justus-Knecht-Gymnasium liegt im Stadtgebiet Bruchsal, s\u00fcdlich der Innenstadt. Durch die N\u00e4he zum Bahnhof, die Kreuzung zweier Bundesstra\u00dfen sowie das Vorhandensein zahlreicher Bushaltestellen in unmittelbarer N\u00e4he ist das JKG optimal erreichbar.<\/p>\n<p>Der Unterricht am JKG findet an verschiedenen Orten in Bruchsal statt. Am <a href=\"https:\/\/www.jkg-bruchsal.de\/?page_id=151\">Standort Moltkestra\u00dfe<\/a> befinden sich das Hauptgeb\u00e4ude und der Leichtbau. Das Hauptgeb\u00e4ude bildet den Mittelpunkt unseres Schullebens. Unsere Au\u00dfenstelle am <a href=\"https:\/\/www.jkg-bruchsal.de\/?page_id=153\">Standort Campus<\/a> liegt ca. 300 Meter entfernt, die Dauer des Fu\u00dfweges betr\u00e4gt ca. sechs Minuten. Die unten stehende Anfahrtsskizze dient einer ersten Orientierung. F\u00fcr den Weg zur Schule erstellt die Stadt Bruchsal <a href=\"https:\/\/www.jkg-bruchsal.de\/?page_id=60\">Schulwegepl\u00e4ne<\/a>.<\/p>\n<p>Standorte unseres Sportunterrichts sind <a href=\"https:\/\/www.jkg-bruchsal.de\/?page_id=155\">hier<\/a> beschrieben.<\/p>\n<figure>\n<div class=\"row\">\n<div class=\"col-md-5\">\n      <a href=\"https:\/\/www.jkg-bruchsal.de\/wordpress\/inhalte\/uploads\/2021\/01\/Skizze-Lage-JKG-5-2021.jpg\" data-rel=\"lightbox-image-0\" data-rl_title=\"\" data-rl_caption=\"\" title=\"\"><img decoding=\"async\" class=\"img-responsive\" src=\"https:\/\/www.jkg-bruchsal.de\/wordpress\/inhalte\/uploads\/2021\/01\/Skizze-Lage-JKG-5-2021.jpg\" alt=\"Skizze Standorte\" \/><\/a>\n    <\/div>\n<div class=\"col-md-7\">\n      <a href=\"https:\/\/www.jkg-bruchsal.de\/wordpress\/inhalte\/uploads\/2018\/03\/Campus_Plan2.jpg\" data-rel=\"lightbox-image-1\" data-rl_title=\"\" data-rl_caption=\"\" title=\"\"><img decoding=\"async\" class=\"img-responsive\" src=\"https:\/\/www.jkg-bruchsal.de\/wordpress\/inhalte\/uploads\/2018\/03\/Campus_Plan2.jpg\" alt=\"Luftbild Campus\" \/><\/a>\n    <\/div>\n<\/p><\/div><figcaption>\n    Skizze zu den Standorten (links, erstellt von einer Sch\u00fc\u00adle\u00adrin im Rah\u00admen des ITG-\u200bUnterrichts im Mai 2015) sowie Luftbild des Campus (rechts, Landesvermessungsamt Ba-W\u00fc; schuleigene Orthophotos; Bezug: J\u00fcrgen Burkhardtsmaier)<br \/>\n  <\/figcaption><\/figure>\n<p><em>Text: Kow (2015 \/ 2021)<\/em><\/p>\n","protected":false},"excerpt":{"rendered":"<p>Standort Moltkestra\u00dfe >> Die Standorte des Justus-Knecht-Gymnasiums Das Justus-Knecht-Gymnasium liegt im Stadtgebiet Bruchsal, s\u00fcdlich der Innenstadt. Durch die N\u00e4he zum Bahnhof, die Kreuzung zweier Bundesstra\u00dfen sowie das Vorhandensein zahlreicher Bushaltestellen in unmittelbarer N\u00e4he ist das JKG optimal erreichbar. Der Unterricht am JKG findet an verschiedenen Orten in Bruchsal statt. Am Standort Moltkestra\u00dfe befinden sich das [&hellip;]<\/p>\n","protected":false},"author":2,"featured_media":0,"parent":58,"menu_order":10,"comment_status":"open","ping_status":"open","template":"","meta":{"footnotes":""},"class_list":["post-149","page","type-page","status-publish","hentry"],"_links":{"self":[{"href":"https:\/\/www.jkg-bruchsal.de\/index.php?rest_route=\/wp\/v2\/pages\/149","targetHints":{"allow":["GET"]}}],"collection":[{"href":"https:\/\/www.jkg-bruchsal.de\/index.php?rest_route=\/wp\/v2\/pages"}],"about":[{"href":"https:\/\/www.jkg-bruchsal.de\/index.php?rest_route=\/wp\/v2\/types\/page"}],"author":[{"embeddable":true,"href":"https:\/\/www.jkg-bruchsal.de\/index.php?rest_route=\/wp\/v2\/users\/2"}],"replies":[{"embeddable":true,"href":"https:\/\/www.jkg-bruchsal.de\/index.php?rest_route=%2Fwp%2Fv2%2Fcomments&post=149"}],"version-history":[{"count":0,"href":"https:\/\/www.jkg-bruchsal.de\/index.php?rest_route=\/wp\/v2\/pages\/149\/revisions"}],"up":[{"embeddable":true,"href":"https:\/\/www.jkg-bruchsal.de\/index.php?rest_route=\/wp\/v2\/pages\/58"}],"wp:attachment":[{"href":"https:\/\/www.jkg-bruchsal.de\/index.php?rest_route=%2Fwp%2Fv2%2Fmedia&parent=149"}],"curies":[{"name":"wp","href":"https:\/\/api.w.org\/{rel}","templated":true}]}}