{"id":151,"date":"2015-07-18T17:21:35","date_gmt":"2015-07-18T15:21:35","guid":{"rendered":"http:\/\/www.jkg-bruchsal.de\/wordpress\/?page_id=151"},"modified":"2025-09-17T08:19:08","modified_gmt":"2025-09-17T06:19:08","slug":"standort-moltkestrasse","status":"publish","type":"page","link":"https:\/\/www.jkg-bruchsal.de\/?page_id=151","title":{"rendered":"Standort Moltkestra\u00dfe"},"content":{"rendered":"<div class=\"row\">\n<div class=\"col-md-6\">\n    <a class=\"btn btn-primary\" style=\"float:left;\" href=\"https:\/\/www.jkg-bruchsal.de\/?page_id=149\"><span class=\"hidden-xs\"><< \u00dcberblick Standorte<\/span><i class=\"glyphicon glyphicon-arrow-left visible-xs\"><\/i><\/a>\n  <\/div>\n<div class=\"col-md-6\">\n    <a class=\"btn btn-primary\" style=\"float:right;\" href=\"https:\/\/www.jkg-bruchsal.de\/?page_id=153\"><span class=\"hidden-xs\">Standort Campus >><\/span><i class=\"glyphicon glyphicon-arrow-right visible-xs\"><\/i><\/a>\n  <\/div>\n<\/div>\n<p><\/br><\/p>\n<ul class=\"nav nav-tabs nav-justified\">\n<li role=\"presentation\" class=\"active\"><a href=\"#\">Standort Moltkestra\u00dfe<\/a><\/li>\n<li role=\"presentation\"><a href=\"#Hauptgeb\u00e4ude\">Hauptgeb\u00e4ude<\/a><\/li>\n<li role=\"presentation\"><a href=\"#Neubau\">Leichtbau<\/a><\/li>\n<li role=\"presentation\"><a href=\"#Schulgel\u00e4nde\">Schul\u00adge\u00adl\u00e4nde<\/a><\/li>\n<\/ul>\n<div class=\"nav-rule\">\n<hr>\n<\/div>\n<h3>Der Mittelpunkt des Schullebens am JKG<\/h3>\n<p>Unser Hauptstandort an der Moltkestra\u00dfe besteht aus dem <a href=\"#Hauptgeb\u00e4ude\">Hauptgeb\u00e4ude<\/a>, dem <a href=\"#Neubau\">Leichtbau<\/a> und einem gro\u00dfem <a href=\"#Schulgel\u00e4nde\">Schulgel\u00e4nde<\/a>.<\/p>\n<figure>\n<div class=\"row\">\n<div class=\"col-md-6\">\n      <a href=\"https:\/\/www.jkg-bruchsal.de\/wordpress\/inhalte\/uploads\/2015\/07\/Luftbild-JKG.jpg\" data-rel=\"lightbox-image-0\" data-rl_title=\"\" data-rl_caption=\"\" title=\"\"><img decoding=\"async\" class=\"img-responsive\" src=\"https:\/\/www.jkg-bruchsal.de\/wordpress\/inhalte\/uploads\/2015\/07\/Luftbild-JKG.jpg\" alt=\"Luftbild JKG 1\" \/><\/a>\n    <\/div>\n<div class=\"col-md-6\">\n      <a href=\"https:\/\/www.jkg-bruchsal.de\/wordpress\/inhalte\/uploads\/2015\/07\/Luftbild-JKG-2.jpg\" data-rel=\"lightbox-image-1\" data-rl_title=\"\" data-rl_caption=\"\" title=\"\"><img decoding=\"async\" class=\"img-responsive\" src=\"https:\/\/www.jkg-bruchsal.de\/wordpress\/inhalte\/uploads\/2015\/07\/Luftbild-JKG-2.jpg\" alt=\"Luftbild JKG 2\" \/><\/a>\n    <\/div>\n<\/p><\/div><figcaption>\n    Luftbilder des Justus-Knecht-Gymnasiums&nbsp;&#8211; Hauptgeb\u00e4ude, Leichtbau und Schulgel\u00e4nde (Foto: mit freundlicher Genehmigung der Amateufunker-AG und dem DARC-Ortsverein Bruchsal, 2015)<br \/>\n  <\/figcaption><\/figure>\n<figure>\n  <a href=\"https:\/\/www.jkg-bruchsal.de\/wordpress\/inhalte\/uploads\/2015\/07\/Moltkestra\u00dfe-Ansicht.jpg\" data-rel=\"lightbox-image-2\" data-rl_title=\"\" data-rl_caption=\"\" title=\"\"><img decoding=\"async\" class=\"img-responsive\" src=\"https:\/\/www.jkg-bruchsal.de\/wordpress\/inhalte\/uploads\/2015\/07\/Moltkestra\u00dfe-Ansicht.jpg\" alt=\"Ansicht Moltkestra\u00dfe\" \/><\/a><figcaption>\n    Blick auf den Schulhof West, den Leichtbau und den mittleren Fl\u00fcgel des Hauptgeb\u00e4udes (Foto: Max Trinter, 2015)<br \/>\n  <\/figcaption><\/figure>\n<p><\/br><\/p>\n<hr>\n<h3><a name=\"Hauptgeb\u00e4ude\"><\/a>Hauptgeb\u00e4ude<\/h3>\n<p>Das Hauptgeb\u00e4ude besteht aus vier Stockwerken: Sockelgeschoss&nbsp;(SG), Erdgeschoss&nbsp;(EG), erstes Obergeschoss (1.&nbsp;OG), zweites Obergeschoss (2.&nbsp;OG). <\/p>\n<div class=\"row\">\n<div class=\"col-md-4\">\n<figure>\n      <a href=\"https:\/\/www.jkg-bruchsal.de\/wordpress\/inhalte\/uploads\/2015\/07\/JKG-Haupteingang-Brunnen.jpg\" data-rel=\"lightbox-image-3\" data-rl_title=\"\" data-rl_caption=\"\" title=\"\"><img decoding=\"async\" class=\"img-responsive\" src=\"https:\/\/www.jkg-bruchsal.de\/wordpress\/inhalte\/uploads\/2015\/07\/JKG-Haupteingang-Brunnen.jpg\" alt=\"JKG Haupteingang Brunnen\" \/><\/a><br \/>\n    <\/figure>\n<\/p><\/div>\n<div class=\"col-md-8\">\n<p>Im Hauptgeb\u00e4ude befinden sich u.a. die Klassenzimmer verschiedener Klassen, die Kursr\u00e4ume der Oberstufe, Fach- und Sammlungsr\u00e4ume zahlreicher F\u00e4cher, die Turnhalle, der Filmraum, das Sekretariat des Standorts Moltkestra\u00dfe, die B\u00fcros der Schulleitung, die Sch\u00fclerbibliothek, die B\u00fcros f\u00fcr Schulsozialarbeit und Beratung, das Lehrerzimmer des HG, die Aula, Computerr\u00e4ume, uvm.<\/p>\n<\/p><\/div>\n<\/div>\n<figure>\n  <a href=\"https:\/\/www.jkg-bruchsal.de\/wordpress\/inhalte\/uploads\/2015\/07\/JKG-Ehrenhalle.jpg\" data-rel=\"lightbox-image-4\" data-rl_title=\"\" data-rl_caption=\"\" title=\"\"><img decoding=\"async\" class=\"img-responsive\" src=\"https:\/\/www.jkg-bruchsal.de\/wordpress\/inhalte\/uploads\/2015\/07\/JKG-Ehrenhalle.jpg\" alt=\"Hauptgeb\u00e4ude Flur\" \/><\/a><figcaption>\n    Das Hauptgeb\u00e4ude von innen (Fotos: Max Trinter, 2015)<br \/>\n  <\/figcaption><\/figure>\n<p><\/br><\/p>\n<hr>\n<h3><a name=\"Neubau\"><\/a>Leichtbau<\/h3>\n<p>Im Leichtbau befinden sich u.a. die Klassenzimmer der 5. Klassen, ein Lehrerzimmer, einige Sammlungsr\u00e4ume sowie das SMV- und das Streitschlichterzimmer.<\/p>\n<\/ul>\n<figure>\n<div class=\"row\">\n<div class=\"col-md-6\">\n      <a href=\"https:\/\/www.jkg-bruchsal.de\/wordpress\/inhalte\/uploads\/2015\/07\/Der-Neubau.jpg\" data-rel=\"lightbox-image-5\" data-rl_title=\"\" data-rl_caption=\"\" title=\"\"><img decoding=\"async\" class=\"img-responsive\" src=\"https:\/\/www.jkg-bruchsal.de\/wordpress\/inhalte\/uploads\/2015\/07\/Der-Neubau.jpg\" alt=\"Neubau au\u00dfen\" \/><\/a>\n    <\/div>\n<div class=\"col-md-6\">\n      <a href=\"https:\/\/www.jkg-bruchsal.de\/wordpress\/inhalte\/uploads\/2015\/07\/Flur-Neubau.jpg\" data-rel=\"lightbox-image-6\" data-rl_title=\"\" data-rl_caption=\"\" title=\"\"><img decoding=\"async\" class=\"img-responsive\" src=\"https:\/\/www.jkg-bruchsal.de\/wordpress\/inhalte\/uploads\/2015\/07\/Flur-Neubau.jpg\" alt=\"Neubau innen\" \/><\/a>\n    <\/div>\n<\/p><\/div><figcaption>\n    Der Leichtbau am Standort Moltkestra\u00dfe (Fotos: links Max Trinter (2015), rechts N.N.)<br \/>\n  <\/figcaption><\/figure>\n<p><\/br><\/p>\n<hr>\n<h3><a name=\"Schulgel\u00e4nde\"><\/a>Schulgel\u00e4nde<\/h3>\n<p>Das Schulgel\u00e4nde umfasst einen gro\u00dfen Schulhof, die gro\u00dfe Wiese und unseren Schulgarten.<\/p>\n<figure>\n<div class=\"row\">\n<div class=\"col-md-6\">\n      <a href=\"https:\/\/www.jkg-bruchsal.de\/wordpress\/inhalte\/uploads\/2015\/07\/Schulhof-Ost.jpg\" data-rel=\"lightbox-image-7\" data-rl_title=\"\" data-rl_caption=\"\" title=\"\"><img decoding=\"async\" class=\"img-responsive\" src=\"https:\/\/www.jkg-bruchsal.de\/wordpress\/inhalte\/uploads\/2015\/07\/Schulhof-Ost.jpg\" alt=\"Schulhof Ost\" \/><\/a>\n    <\/div>\n<div class=\"col-md-6\">\n      <a href=\"https:\/\/www.jkg-bruchsal.de\/wordpress\/inhalte\/uploads\/2015\/07\/Schulgarten-1.jpg\" data-rel=\"lightbox-image-8\" data-rl_title=\"\" data-rl_caption=\"\" title=\"\"><img decoding=\"async\" class=\"img-responsive\" src=\"https:\/\/www.jkg-bruchsal.de\/wordpress\/inhalte\/uploads\/2015\/07\/Schulgarten-1.jpg\" alt=\"Schulhof Neubau\" \/><\/a>\n    <\/div>\n<\/p><\/div>\n<\/figure>\n<figure>\n<div class=\"row\">\n<div class=\"col-md-6\">\n      <a href=\"https:\/\/www.jkg-bruchsal.de\/wordpress\/inhalte\/uploads\/2015\/07\/Schulhof-West-1.jpg\" data-rel=\"lightbox-image-9\" data-rl_title=\"\" data-rl_caption=\"\" title=\"\"><img decoding=\"async\" class=\"img-responsive\" src=\"https:\/\/www.jkg-bruchsal.de\/wordpress\/inhalte\/uploads\/2015\/07\/Schulhof-West-1.jpg\" alt=\"Schulhof West 1\" \/><\/a>\n    <\/div>\n<div class=\"col-md-6\">\n      <a href=\"https:\/\/www.jkg-bruchsal.de\/wordpress\/inhalte\/uploads\/2015\/07\/Schulhof-West-2.jpg\" data-rel=\"lightbox-image-10\" data-rl_title=\"\" data-rl_caption=\"\" title=\"\"><img decoding=\"async\" class=\"img-responsive\" src=\"https:\/\/www.jkg-bruchsal.de\/wordpress\/inhalte\/uploads\/2015\/07\/Schulhof-West-2.jpg\" alt=\"Schulhof West 2\" \/><\/a>\n    <\/div>\n<\/p><\/div><figcaption>\n    Fotos: Kow (Juli 2015), oben rechts: Max Trinter (Mai 2015)<br \/>\n  <\/figcaption><\/figure>\n<p><\/br><\/p>\n<p><em>Text: Kow (Juni 2015 \/ 2020)<\/em><\/p>\n","protected":false},"excerpt":{"rendered":"<p>> Standort Moltkestra\u00dfe Hauptgeb\u00e4ude Leichtbau Schul\u00adge\u00adl\u00e4nde Der Mittelpunkt des Schullebens am JKG Unser Hauptstandort an der Moltkestra\u00dfe besteht aus dem Hauptgeb\u00e4ude, dem Leichtbau und einem gro\u00dfem Schulgel\u00e4nde. Luftbilder des Justus-Knecht-Gymnasiums&nbsp;&#8211; Hauptgeb\u00e4ude, Leichtbau und Schulgel\u00e4nde (Foto: mit freundlicher Genehmigung der Amateufunker-AG und dem DARC-Ortsverein Bruchsal, 2015) Blick auf den Schulhof West, den Leichtbau und den mittleren [&hellip;]<\/p>\n","protected":false},"author":2,"featured_media":0,"parent":58,"menu_order":20,"comment_status":"open","ping_status":"open","template":"","meta":{"footnotes":""},"class_list":["post-151","page","type-page","status-publish","hentry"],"_links":{"self":[{"href":"https:\/\/www.jkg-bruchsal.de\/index.php?rest_route=\/wp\/v2\/pages\/151","targetHints":{"allow":["GET"]}}],"collection":[{"href":"https:\/\/www.jkg-bruchsal.de\/index.php?rest_route=\/wp\/v2\/pages"}],"about":[{"href":"https:\/\/www.jkg-bruchsal.de\/index.php?rest_route=\/wp\/v2\/types\/page"}],"author":[{"embeddable":true,"href":"https:\/\/www.jkg-bruchsal.de\/index.php?rest_route=\/wp\/v2\/users\/2"}],"replies":[{"embeddable":true,"href":"https:\/\/www.jkg-bruchsal.de\/index.php?rest_route=%2Fwp%2Fv2%2Fcomments&post=151"}],"version-history":[{"count":1,"href":"https:\/\/www.jkg-bruchsal.de\/index.php?rest_route=\/wp\/v2\/pages\/151\/revisions"}],"predecessor-version":[{"id":16584,"href":"https:\/\/www.jkg-bruchsal.de\/index.php?rest_route=\/wp\/v2\/pages\/151\/revisions\/16584"}],"up":[{"embeddable":true,"href":"https:\/\/www.jkg-bruchsal.de\/index.php?rest_route=\/wp\/v2\/pages\/58"}],"wp:attachment":[{"href":"https:\/\/www.jkg-bruchsal.de\/index.php?rest_route=%2Fwp%2Fv2%2Fmedia&parent=151"}],"curies":[{"name":"wp","href":"https:\/\/api.w.org\/{rel}","templated":true}]}}