{"id":153,"date":"2015-07-18T17:22:15","date_gmt":"2015-07-18T15:22:15","guid":{"rendered":"http:\/\/www.jkg-bruchsal.de\/wordpress\/?page_id=153"},"modified":"2024-10-05T23:11:30","modified_gmt":"2024-10-05T21:11:30","slug":"standort-campus","status":"publish","type":"page","link":"https:\/\/www.jkg-bruchsal.de\/?page_id=153","title":{"rendered":"Standort Campus"},"content":{"rendered":"<div class=\"row\">\n<div class=\"col-md-6\">\n    <a class=\"btn btn-primary\" style=\"float:left;\" href=\"https:\/\/www.jkg-bruchsal.de\/?page_id=151\"><span class=\"hidden-xs\"><< Standort Moltkestra\u00dfe<\/span><i class=\"glyphicon glyphicon-arrow-left visible-xs\"><\/i><\/a>\n  <\/div>\n<div class=\"col-md-6\">\n    <a class=\"btn btn-primary\" style=\"float:right;\" href=\"https:\/\/www.jkg-bruchsal.de\/?page_id=155\"><span class=\"hidden-xs\">Weitere Standorte >><\/span><i class=\"glyphicon glyphicon-arrow-right visible-xs\"><\/i><\/a>\n  <\/div>\n<\/div>\n<hr>\n<h3>Unsere Au\u00dfenstelle in der ehemaligen Dragonerkaserne<\/h3>\n<p>Unsere Au\u00dfenstelle am Standort Campus besteht aus den Geb\u00e4uden Campus 6 (Klassen- und Fachr\u00e4ume), Campus 8 (Turnhalle) und einem gro\u00dfen Schulgel\u00e4nde. Die Anschrift der Au\u00dfenstelle finden Sie <a href=\"https:\/\/www.jkg-bruchsal.de\/?page_id=87\">hier<\/a>. <\/p>\n<div class=\"ohnecap\">\n  <a href=\"https:\/\/www.jkg-bruchsal.de\/wordpress\/inhalte\/uploads\/2015\/07\/Campus-Gel\u00e4nde.jpg\" data-rel=\"lightbox-image-0\" data-rl_title=\"\" data-rl_caption=\"\" title=\"\"><img decoding=\"async\" class=\"img-responsive\" src=\"https:\/\/www.jkg-bruchsal.de\/wordpress\/inhalte\/uploads\/2015\/07\/Campus-Gel\u00e4nde.jpg\" alt=\"Campus Gel\u00e4nde\" \/><\/a>\n<\/div>\n<div class=\"row\">\n<div class=\"col-md-6 ohnecap\">\n    <a href=\"https:\/\/www.jkg-bruchsal.de\/wordpress\/inhalte\/uploads\/2015\/07\/Campus-1.jpg\" data-rel=\"lightbox-image-1\" data-rl_title=\"\" data-rl_caption=\"\" title=\"\"><img decoding=\"async\" class=\"img-responsive\" src=\"https:\/\/www.jkg-bruchsal.de\/wordpress\/inhalte\/uploads\/2015\/07\/Campus-1.jpg\" alt=\"Campus 1\" \/><\/a>\n  <\/div>\n<div class=\"col-md-6\">\n<li> Im Geb\u00e4ude <strong>Campus 1<\/strong> befinden sich keine Fachr\u00e4ume des JKG mehr.<\/li>\n<li>Die <a href=\"https:\/\/www.bruchsal.de\/startseite\/erleben\/sportstaetten.html\" target=\"_blank\" rel=\"noopener noreferrer\">Turnhalle Campus (Externer Link)<\/a> befindet sich im<strong> Campus 8<\/strong>.<\/li><\/div>\n<\/div>\n<div class=\"row\">\n<div class=\"col-md-6 ohnecap\">\n    <a href=\"https:\/\/www.jkg-bruchsal.de\/wordpress\/inhalte\/uploads\/2015\/07\/Campus-6.jpg\" data-rel=\"lightbox-image-2\" data-rl_title=\"\" data-rl_caption=\"\" title=\"\"><img decoding=\"async\" class=\"img-responsive\" src=\"https:\/\/www.jkg-bruchsal.de\/wordpress\/inhalte\/uploads\/2015\/07\/Campus-6.jpg\" alt=\"Campus 6\" \/><\/a>\n  <\/div>\n<div class=\"col-md-6\">\n    Im <strong>Campus 6<\/strong> befinden sich:<\/p>\n<ul>\n<li>Klassenzimmer<\/li>\n<li>Sekretariat des Standorts Campus (EG)<\/li>\n<li>zweites B\u00fcro Schulsozialarbeit (EG)<\/li>\n<li>Krankenzimmer Campus (EG)<\/li>\n<li>Lehrerzimmer Campus (1. OG)<\/li>\n<li>Fachraum Musik Campus (1. OG)<\/li>\n<li>Filmraum Campus (1. OG)<\/li>\n<\/ul><\/div>\n<\/div>\n<p>Die Geb\u00e4udepl\u00e4ne sind hier zu finden: <a href=\"https:\/\/www.jkg-bruchsal.de\/?page_id=149\">\u00dcberblick Standorte<\/a><\/p>\n<p>Die Au\u00dfenstelle am Campus ist zur Zeit nur ein Provisorium. Um die Raumnot am JKG langfristig zu l\u00f6sen, ben\u00f6tigt unsere Schule dringend einen <a href=\"https:\/\/www.jkg-bruchsal.de\/?page_id=151\">Erweiterungsbau am Standort Moltkestra\u00dfe<\/a>.<\/p>\n<p><\/br><br \/>\n<em>Text und Fotos: Kow (2015 \/ 2021)<\/em><\/p>\n","protected":false},"excerpt":{"rendered":"<p>> Unsere Au\u00dfenstelle in der ehemaligen Dragonerkaserne Unsere Au\u00dfenstelle am Standort Campus besteht aus den Geb\u00e4uden Campus 6 (Klassen- und Fachr\u00e4ume), Campus 8 (Turnhalle) und einem gro\u00dfen Schulgel\u00e4nde. Die Anschrift der Au\u00dfenstelle finden Sie hier. Im Geb\u00e4ude Campus 1 befinden sich keine Fachr\u00e4ume des JKG mehr. Die Turnhalle Campus (Externer Link) befindet sich im Campus [&hellip;]<\/p>\n","protected":false},"author":2,"featured_media":0,"parent":58,"menu_order":30,"comment_status":"open","ping_status":"open","template":"","meta":{"footnotes":""},"class_list":["post-153","page","type-page","status-publish","hentry"],"_links":{"self":[{"href":"https:\/\/www.jkg-bruchsal.de\/index.php?rest_route=\/wp\/v2\/pages\/153","targetHints":{"allow":["GET"]}}],"collection":[{"href":"https:\/\/www.jkg-bruchsal.de\/index.php?rest_route=\/wp\/v2\/pages"}],"about":[{"href":"https:\/\/www.jkg-bruchsal.de\/index.php?rest_route=\/wp\/v2\/types\/page"}],"author":[{"embeddable":true,"href":"https:\/\/www.jkg-bruchsal.de\/index.php?rest_route=\/wp\/v2\/users\/2"}],"replies":[{"embeddable":true,"href":"https:\/\/www.jkg-bruchsal.de\/index.php?rest_route=%2Fwp%2Fv2%2Fcomments&post=153"}],"version-history":[{"count":2,"href":"https:\/\/www.jkg-bruchsal.de\/index.php?rest_route=\/wp\/v2\/pages\/153\/revisions"}],"predecessor-version":[{"id":16077,"href":"https:\/\/www.jkg-bruchsal.de\/index.php?rest_route=\/wp\/v2\/pages\/153\/revisions\/16077"}],"up":[{"embeddable":true,"href":"https:\/\/www.jkg-bruchsal.de\/index.php?rest_route=\/wp\/v2\/pages\/58"}],"wp:attachment":[{"href":"https:\/\/www.jkg-bruchsal.de\/index.php?rest_route=%2Fwp%2Fv2%2Fmedia&parent=153"}],"curies":[{"name":"wp","href":"https:\/\/api.w.org\/{rel}","templated":true}]}}