{"id":155,"date":"2015-07-18T17:22:41","date_gmt":"2015-07-18T15:22:41","guid":{"rendered":"http:\/\/www.jkg-bruchsal.de\/wordpress\/?page_id=155"},"modified":"2024-10-01T18:29:17","modified_gmt":"2024-10-01T16:29:17","slug":"weitere-standorte","status":"publish","type":"page","link":"https:\/\/www.jkg-bruchsal.de\/?page_id=155","title":{"rendered":"Weitere Standorte"},"content":{"rendered":"<div class=\"row\">\n<div class=\"col-md-6\">\n    <a class=\"btn btn-primary\" style=\"float:left;\" href=\"https:\/\/www.jkg-bruchsal.de\/?page_id=153\"><span class=\"hidden-xs\"><< Standort Campus<\/span><i class=\"glyphicon glyphicon-arrow-left visible-xs\"><\/i><\/a>\n  <\/div>\n<div class=\"col-md-6\">\n  <\/div>\n<\/div>\n<p><\/br><\/p>\n<p>Sowohl an der Moltkestra\u00dfe als auch am Campus gibt es eine Turnhalle. Der Sportunterricht findet jedoch auch gelegentlich in der <a href=\"https:\/\/www.bruchsal.de\/startseite\/erleben\/sportstaetten.html\" target=\"_blank\" rel=\"noopener\">TSG-Halle<\/a> oder im <a href=\"https:\/\/www.stadtwerke-bruchsal.de\/html\/page.php?page_id=72\" target=\"_blank\" rel=\"noopener\">Schwimmbad<\/a> statt (externe Links). Zum Transfer stehen den Sch\u00fclerinnen und Sch\u00fclern kostenlose Busse zur Verf\u00fcgung.<\/p>\n<p>Unsere Schulgottesdienste finden in der <a href=\"http:\/\/ka.stadtwiki.net\/St._Paul_%28Bruchsal%29\" target=\"_blank\" rel=\"noopener\">Kirche St. Paul<\/a> statt (externer Link), diese befindet sich direkt neben dem Hauptgeb\u00e4ude.<\/p>\n<hr>\n<p><\/br><\/p>\n<h3><a name=\"Bahnstadthalle\"><\/a>Einweihung der neuen Sporthalle in der Bahnstadt<\/h3>\n<figure>\n  <a href=\"https:\/\/www.jkg-bruchsal.de\/wordpress\/inhalte\/uploads\/2021\/11\/k-Eroeffnung_Sporthalle_Bahnstadt.jpg\" data-rel=\"lightbox-image-0\" data-rl_title=\"\" data-rl_caption=\"\" title=\"\"><img decoding=\"async\" class=\"img-responsive\" src=\"https:\/\/www.jkg-bruchsal.de\/wordpress\/inhalte\/uploads\/2021\/11\/k-Eroeffnung_Sporthalle_Bahnstadt.jpg\" alt=\"Einweihung Bahnstadthalle\" \/><\/a><br \/>\n<\/figure>\n<h4>Schulsport am JKG wird noch attraktiver<\/h4>\n<p>Bei der Schulgemeinschaft des Justus-Knecht-Gymnasiums zeigt sich gro\u00dfe Freude angesichts der Fertigstellung der neuen Sporthalle in der Bruchsaler Bahnstadt. An zwei Tagen in der Woche k\u00f6nnen Sch\u00fclerinnen und Sch\u00fcler des gr\u00f6\u00dften Bruchsaler Gymnasiums jetzt ihren Sportunterricht in den neuen R\u00e4umlichkeiten absolvieren.  Etwa 7,5 Millionen Euro wurden f\u00fcr die Dreifeldhalle aus \u00f6ffentlichen Mitteln investiert. So wurden die Hallenkapazit\u00e4ten f\u00fcr Schul- und Vereinssport in Bruchsal deutlich erweitert. <\/p>\n<p>Oberstudiendirektorin Andrea Mutter, Schulleiterin des JKG, zeigte sich hocherfreut \u00fcber die M\u00f6glichkeiten, die die neue Sporthalle bietet und den kurzen Weg zwischen Schule und Sportst\u00e4tte. Sie hob vor allem die Bedeutung der Bewegung f\u00fcr die Sch\u00fclerinnen und Sch\u00fcler hervor. Gerade in den Hochphasen der Pandemie h\u00e4tten sich hier gro\u00dfe M\u00e4ngel ergeben. Au\u00dferdem betonte sie die Bedeutung gemeinsamer sportlicher Aktivit\u00e4ten f\u00fcr das Miteinander in einer guten Schulgemeinschaft. Hier zeichne sich das Justus-Knecht-Gymnasium auch immer wieder durch besondere sportliche Erfolge auf unterschiedlichen Ebenen aus. <\/p>\n<p>Ihr sportliches K\u00f6nnen bewies die Kursstufensch\u00fclerin Carina Blache gemeinsam mit drei ehemaligen Absolventen der Sportleistungskurse am JKG, die spektakul\u00e4rn \u00dcbungen mit dem Trampolin und am Barren zeigten. Das Publikum zeigte sich davon begeistert. Schulleiterin Andrea Mutter lobte den Einsatz der Sportlerinnen und Sportler und ihres Trainers Markus Bauer. Sie \u00e4u\u00dferte die Hoffnung, dass viele Sch\u00fclergenerationen des JKG in der neuen Bahnstadthalle begeistert Sport treiben werden. Die Schulgemeinschaft des Justus-Knecht-Gymnasiums gratuliert herzlich zur neuen Sporthalle!<\/p>\n<p><em>Text und Foto: Krg (November 2021)<\/em><\/p>\n","protected":false},"excerpt":{"rendered":"","protected":false},"author":2,"featured_media":0,"parent":58,"menu_order":40,"comment_status":"open","ping_status":"open","template":"","meta":{"footnotes":""},"class_list":["post-155","page","type-page","status-publish","hentry"],"_links":{"self":[{"href":"https:\/\/www.jkg-bruchsal.de\/index.php?rest_route=\/wp\/v2\/pages\/155","targetHints":{"allow":["GET"]}}],"collection":[{"href":"https:\/\/www.jkg-bruchsal.de\/index.php?rest_route=\/wp\/v2\/pages"}],"about":[{"href":"https:\/\/www.jkg-bruchsal.de\/index.php?rest_route=\/wp\/v2\/types\/page"}],"author":[{"embeddable":true,"href":"https:\/\/www.jkg-bruchsal.de\/index.php?rest_route=\/wp\/v2\/users\/2"}],"replies":[{"embeddable":true,"href":"https:\/\/www.jkg-bruchsal.de\/index.php?rest_route=%2Fwp%2Fv2%2Fcomments&post=155"}],"version-history":[{"count":1,"href":"https:\/\/www.jkg-bruchsal.de\/index.php?rest_route=\/wp\/v2\/pages\/155\/revisions"}],"predecessor-version":[{"id":16038,"href":"https:\/\/www.jkg-bruchsal.de\/index.php?rest_route=\/wp\/v2\/pages\/155\/revisions\/16038"}],"up":[{"embeddable":true,"href":"https:\/\/www.jkg-bruchsal.de\/index.php?rest_route=\/wp\/v2\/pages\/58"}],"wp:attachment":[{"href":"https:\/\/www.jkg-bruchsal.de\/index.php?rest_route=%2Fwp%2Fv2%2Fmedia&parent=155"}],"curies":[{"name":"wp","href":"https:\/\/api.w.org\/{rel}","templated":true}]}}