{"id":16169,"date":"2024-11-11T11:22:25","date_gmt":"2024-11-11T10:22:25","guid":{"rendered":"https:\/\/www.jkg-bruchsal.de\/?page_id=16169"},"modified":"2025-11-26T06:57:26","modified_gmt":"2025-11-26T05:57:26","slug":"g9-jkg-modellschule","status":"publish","type":"page","link":"https:\/\/www.jkg-bruchsal.de\/?page_id=16169","title":{"rendered":"G9 JKG Modellschule"},"content":{"rendered":"<h3>Der neunj\u00e4hrige Bildungsgang am JKG als Modellschule<\/h3>\n<div class=\"col-md-12\">\n<div class=\"row\">\n<div class=\"col-md-7 bootstrapfloat\">\n<a href=\"https:\/\/www.jkg-bruchsal.de\/wordpress\/inhalte\/uploads\/2025\/11\/G9-JKG-Nov-2025.jpg\" rel=\"noopener\" target=\"_blank\" data-rel=\"lightbox-image-0\" data-rl_title=\"\" data-rl_caption=\"\" title=\"\"><img decoding=\"async\" class=\"img-responsive\" src=\"https:\/\/www.jkg-bruchsal.de\/wordpress\/inhalte\/uploads\/2025\/11\/G9-JKG-Nov-2025.jpg\" alt=\"Schaubild Profile alt\" \/><\/a><\/div>\n<div class=\"col-md-5 bootstrapfloat\">\n <a class=\"btn btn-primary\" style=\"float:right;\" href=\"https:\/\/www.jkg-bruchsal.de\/?page_id=108\"><span class=\"hidden-xs\">Zur\u00fcck zur \u00dcbersicht <<<\/span><i class=\"glyphicon glyphicon-arrow-right visible-xs\"><\/i><\/a>\n    <\/div>\n<\/p><\/div>\n<\/p><\/div>\n<p>Im Schaubild sind die Fremdsprachen und Profile dargestellt, die im neunj\u00e4hrigen Bildungsgang am JKG als Modellschule gew\u00e4hlt werden k\u00f6nnen.<\/p>\n<p>F\u00fcr alle Sch\u00fclerinnen und Sch\u00fcler, die im Schuljahr 2025\/26 Klasse 7 oder h\u00f6her besuchen, durchlaufen diesen Bildungsgang. Eine \u00dcbersicht \u00fcber die verschiedenen G9-Arten ist hier zu finden: <a href=\"https:\/\/www.jkg-bruchsal.de\/?page_id=16154\" rel=\"noopener\" target=\"_blank\">Bildungsg\u00e4nge und Profile >><\/a><\/p>\n<p><\/br><\/p>\n<h3><a name=\"Fremdsprachen\"><\/a>Fremdsprachen<\/h3>\n<p>Alle Sch\u00fclerinnen und Sch\u00fcler am JKG lernen in Klasse 5 Englisch als erste Fremdsprache. Ab Klasse 7 kommt eine zweite Fremdsprache hinzu: Franz\u00f6sisch oder Latein.<\/p>\n<p><\/br><\/p>\n<h4>Franz\u00f6sisch<\/h4>\n<p>Der franz\u00f6sischen Sprache kommt im Land Baden-W\u00fcrttemberg im Blick auf die Konzeption einer Mehrsprachigkeit eine zentrale Bedeutung zu. Franz\u00f6sisch ist nicht nur die Sprache unseres Nachbarlandes Frankreich, sondern Franz\u00f6sisch wird auch als Erstsprache in drei weiteren europ\u00e4ischen L\u00e4ndern gesprochen: in Belgien, Luxemburg und der Schweiz. Es ist Weltsprache und wird als solche als Verkehrs- und Amtssprache in vielen L\u00e4ndern der Welt und internationalen Organisationen gesprochen.<\/p>\n<p><\/br><\/p>\n<h4>Latein<\/h4>\n<p>Bei der Auseinandersetzung mit lateinischen Texten erfahren die Sch\u00fclerinnen und Sch\u00fcler, dass inhaltliche Aussagen eng mit ihrer sprachlichen Gestaltung verkn\u00fcpft sind und in verschiedenen Sprachen unterschiedlich ausgedr\u00fcckt werden. Durch die Arbeit mit lateinischen Texten schulen sie ihr Sprachbewusstsein, erweitern ihre Ausdrucksm\u00f6glichkeiten im Deutschen und lernen, bewusst mit der eigenen Sprache umzugehen. Zudem entdecken sie die Verwandtschaft unterschiedlicher Sprachen, indem sie das Weiterwirken des Lateinischen als Basissprache Europas \u2013 besonders im Englischen und in den romanischen Sprachen \u2013 beobachten und die erworbenen Kenntnisse in ihren Lernprozess integrieren.<\/p>\n<p><\/br><\/p>\n<hr>\n<h3><a name=\"Naturwissenschaftliches und sprachliches Profil\"><\/a>Naturwissenschaftliches und sprachliches Profil<\/h3>\n<p>Unabh\u00e4ngig von der zweiten Fremdsprache w\u00e4hlen unsere Sch\u00fclerinnen und Sch\u00fcler ab Klasse 9 eines von drei Profilf\u00e4chern: IMP, NwT oder Spanisch.<\/p>\n<p><\/br><\/p>\n<h4>Informatik, Mathematik, Physik (IMP)<\/h4>\n<p>IMP bietet f\u00fcr naturwissenschaftlich interessierte Sch\u00fclerinnen und Sch\u00fcler eine inhaltliche Verzahnung der drei zugrundeliegenden Unterrichtsf\u00e4cher Informatik, Mathematik und Physik. Ziel ist zum einen eine Kontinuit\u00e4t im Unterricht des Fachbereichs Informatik durch die Fortsetzung des Aufbaukurses Informatik in Klassenstufe 8 und die Hinf\u00fchrung zum Basis- bzw. Leistungsfach in der Kursstufe. Zum anderen sollen die Sch\u00fclerinnen und Sch\u00fcler gezielt auf sp\u00e4tere MINT-Berufe (Mathematik, Informatik, Naturwissenschaft, Technik) vorbereitet werden. Insbesondere das analytische Denkverm\u00f6gen und Probleml\u00f6sen wird durch IMP gefordert und gef\u00f6rdert.<\/p>\n<p><\/br><\/p>\n<h4>Naturwissenschaft und Technik (NwT)<\/h4>\n<p>Im NwT-Unterricht bearbeiten die Sch\u00fclerinnen und Sch\u00fcler Probleme und Fragestellungen aus verschiedenen Handlungsfeldern und entwickeln dabei besonders kreative L\u00f6sungsans\u00e4tze. In diesem Zusammenhang lernen sie, ihre Vorkenntnisse aus den Naturwissenschaften zu vernetzen und gezielt zu vertiefen. Sie erwerben Grundlagen verschiedener technischer Disziplinen und st\u00e4rken ihre Vorstellungskraft bei der Erforschung von Prozessen und der Entwicklung und Konstruktion von Prototypen. <\/p>\n<p><\/br><\/p>\n<h4>Spanisch<\/h4>\n<p>Das Fach Spanisch bietet sprachlich interessierten Sch\u00fclerinnen und Sch\u00fclern die M\u00f6glichkeit, eine dritte Fremdsprache zu erlernen. Spanisch ist neben Englisch eine der meist gesprochenen Weltsprachen und hat einen hohen politischen und wirtschaftlichen Stellenwert. Damit \u00f6ffnet diese Sprache den Sch\u00fclerinnen und Sch\u00fclern sowohl in privater als auch in beruflicher Hinsicht neue Chancen und M\u00f6glichkeiten. <\/p>\n<p>Dank Querverbindungen zu anderen romanischen Sprachen, wie Latein und Franz\u00f6sisch, erm\u00f6glicht das klangvolle und lebendige Spanisch schnelle Lernfortschritte. Das Ziel des Spanischunterrichts ist der Aufbau einer funktional kommunikativen Kompetenz (GeR-Niveau B1+\/B2). In diesem Zusammenhang werden bereits erworbene Fremdsprachenkompetenzen gezielt auf- und ausgebaut. Au\u00dferdem stellt das interkulturelle Lernen in Bezug auf Spanien und Lateinamerika einen zentralen Aspekt im Spanischunterricht dar. <\/p>\n","protected":false},"excerpt":{"rendered":"<p>Der neunj\u00e4hrige Bildungsgang am JKG als Modellschule Zur\u00fcck zur \u00dcbersicht Fremdsprachen Alle Sch\u00fclerinnen und Sch\u00fcler am JKG lernen in Klasse 5 Englisch als erste Fremdsprache. Ab Klasse 7 kommt eine zweite Fremdsprache hinzu: Franz\u00f6sisch oder Latein. Franz\u00f6sisch Der franz\u00f6sischen Sprache kommt im Land Baden-W\u00fcrttemberg im Blick auf die Konzeption einer Mehrsprachigkeit eine zentrale Bedeutung zu. [&hellip;]<\/p>\n","protected":false},"author":2,"featured_media":0,"parent":0,"menu_order":0,"comment_status":"closed","ping_status":"closed","template":"","meta":{"footnotes":""},"class_list":["post-16169","page","type-page","status-publish","hentry"],"_links":{"self":[{"href":"https:\/\/www.jkg-bruchsal.de\/index.php?rest_route=\/wp\/v2\/pages\/16169","targetHints":{"allow":["GET"]}}],"collection":[{"href":"https:\/\/www.jkg-bruchsal.de\/index.php?rest_route=\/wp\/v2\/pages"}],"about":[{"href":"https:\/\/www.jkg-bruchsal.de\/index.php?rest_route=\/wp\/v2\/types\/page"}],"author":[{"embeddable":true,"href":"https:\/\/www.jkg-bruchsal.de\/index.php?rest_route=\/wp\/v2\/users\/2"}],"replies":[{"embeddable":true,"href":"https:\/\/www.jkg-bruchsal.de\/index.php?rest_route=%2Fwp%2Fv2%2Fcomments&post=16169"}],"version-history":[{"count":12,"href":"https:\/\/www.jkg-bruchsal.de\/index.php?rest_route=\/wp\/v2\/pages\/16169\/revisions"}],"predecessor-version":[{"id":16171,"href":"https:\/\/www.jkg-bruchsal.de\/index.php?rest_route=\/wp\/v2\/pages\/16169\/revisions\/16171"}],"wp:attachment":[{"href":"https:\/\/www.jkg-bruchsal.de\/index.php?rest_route=%2Fwp%2Fv2%2Fmedia&parent=16169"}],"curies":[{"name":"wp","href":"https:\/\/api.w.org\/{rel}","templated":true}]}}