{"id":162,"date":"2015-07-18T17:26:06","date_gmt":"2015-07-18T15:26:06","guid":{"rendered":"http:\/\/www.jkg-bruchsal.de\/wordpress\/?page_id=162"},"modified":"2024-11-14T14:15:38","modified_gmt":"2024-11-14T13:15:38","slug":"raeume-und-ausstattung","status":"publish","type":"page","link":"https:\/\/www.jkg-bruchsal.de\/?page_id=162","title":{"rendered":"R\u00e4ume und Ausstattung"},"content":{"rendered":"<ul class=\"nav nav-tabs nav-justified\">\n<li role=\"presentation\" class=\"active\"><a href=\"#\">Unter\u00adrichts\u00adr\u00e4ume<\/a><\/li>\n<li role=\"presentation\"><a href=\"#Klassenzimmer\">Klassenzimmer<\/a><\/li>\n<li role=\"presentation\"><a href=\"#Fachr\u00e4ume\">Fachr\u00e4ume<\/a><\/li>\n<li role=\"presentation\"><a href=\"#Computerr\u00e4ume\">Computerr\u00e4ume<\/a><\/li>\n<li role=\"presentation\"><a href=\"#Andere Lernorte\">Andere Lernorte<\/a><\/li>\n<\/ul>\n<div class=\"nav-rule\">\n<hr>\n<\/div>\n<ul class=\"nav nav-tabs nav-justified\">\n<li role=\"presentation\" class=\"active\"><a href=\"#\">Gemein\u00adschafts\u00adr\u00e4ume<\/a><\/li>\n<li role=\"presentation\"><a href=\"#Aula\">Aula<\/a><\/li>\n<li role=\"presentation\"><a href=\"#Aufenthaltsbereiche\">Aufenthaltsbereiche<\/a><\/li>\n<li role=\"presentation\"><a href=\"#Raum f\u00fcr Kommunikation\">Kommunikation<\/a><\/li>\n<\/ul>\n<div class=\"nav-rule\">\n<hr>\n<\/div>\n<h3><a name=\"Klassenzimmer\"><\/a>Klassenzimmer<\/h3>\n<p>Unsere Klassenzimmer werden h\u00e4ufig von Sch\u00fclerInnen selbst kreativ gestaltet. Die meisten R\u00e4ume verf\u00fcgen \u00fcber eine Tafel, einen Beamer mit Visualizer und PC sowie eine Pinnwand<\/p>\n<div id=\"myCarouselKlassenzimmer\" class=\"carousel slide\" data-ride=\"carousel\">\n  <!-- Indicators --><\/p>\n<ol class=\"carousel-indicators\">\n<li data-target=\"#myCarouselKlassenzimmer\" data-slide-to=\"0\" class=\"active\"><\/li>\n<li data-target=\"#myCarouselKlassenzimmer\" data-slide-to=\"1\"><\/li>\n<li data-target=\"#myCarouselKlassenzimmer\" data-slide-to=\"2\"><\/li>\n<li data-target=\"#myCarouselKlassenzimmer\" data-slide-to=\"3\"><\/li>\n<\/ol>\n<p>  <!-- Wrapper for slides --><\/p>\n<div class=\"carousel-inner\" role=\"listbox\">\n<div class=\"item active\">\n      <a href=\"https:\/\/www.jkg-bruchsal.de\/wordpress\/inhalte\/uploads\/2015\/07\/Klassenzimmer-Neubau1.jpg\" data-rel=\"lightbox-image-0\" data-rl_title=\"\" data-rl_caption=\"\" title=\"\"><img decoding=\"async\" class=\"img-responsive\" src=\"https:\/\/www.jkg-bruchsal.de\/wordpress\/inhalte\/uploads\/2015\/07\/Klassenzimmer-Neubau1.jpg\" alt=\"Klassenzimmer Neubau\" \/><\/a>\n    <\/div>\n<div class=\"item\">\n      <a href=\"https:\/\/www.jkg-bruchsal.de\/wordpress\/inhalte\/uploads\/2015\/07\/Klassenzimmer-Campus1.jpg\" data-rel=\"lightbox-image-1\" data-rl_title=\"\" data-rl_caption=\"\" title=\"\"><img decoding=\"async\" class=\"img-responsive\" src=\"https:\/\/www.jkg-bruchsal.de\/wordpress\/inhalte\/uploads\/2015\/07\/Klassenzimmer-Campus1.jpg\" alt=\"Klassenzimmer Campus\" \/><\/a>\n    <\/div>\n<div class=\"item\">\n      <a href=\"https:\/\/www.jkg-bruchsal.de\/wordpress\/inhalte\/uploads\/2015\/07\/Kunst-im-Klassenzimmer-1.jpg\" data-rel=\"lightbox-image-2\" data-rl_title=\"\" data-rl_caption=\"\" title=\"\"><img decoding=\"async\" class=\"img-responsive\" src=\"https:\/\/www.jkg-bruchsal.de\/wordpress\/inhalte\/uploads\/2015\/07\/Kunst-im-Klassenzimmer-1.jpg\" alt=\"Kunst im Klassenzimmer 1\" \/><\/a>\n    <\/div>\n<div class=\"item\">\n      <a href=\"https:\/\/www.jkg-bruchsal.de\/wordpress\/inhalte\/uploads\/2015\/07\/Kunst-im-Klassenzimmer-2.jpg\" data-rel=\"lightbox-image-3\" data-rl_title=\"\" data-rl_caption=\"\" title=\"\"><img decoding=\"async\" class=\"img-responsive\" src=\"https:\/\/www.jkg-bruchsal.de\/wordpress\/inhalte\/uploads\/2015\/07\/Kunst-im-Klassenzimmer-2.jpg\" alt=\"Kunst im Klassenzimmer 2\" \/><\/a>\n    <\/div>\n<\/p><\/div>\n<p>  <!-- Left and right controls --><br \/>\n  <a class=\"left carousel-control\" href=\"#myCarouselKlassenzimmer\" role=\"button\" data-slide=\"prev\"><br \/>\n    <span class=\"glyphicon glyphicon-chevron-left\"><\/span><br \/>\n  <\/a><br \/>\n  <a class=\"right carousel-control\" href=\"#myCarouselKlassenzimmer\" role=\"button\" data-slide=\"next\"><br \/>\n    <span class=\"glyphicon glyphicon-chevron-right\"><\/span><br \/>\n  <\/a>\n<\/div>\n<p><em>Fotos: Max Trinter, C. Kowollik (2015)<\/em><\/p>\n<p><\/br><\/p>\n<hr>\n<h3><a name=\"Fachr\u00e4ume\"><\/a>Fachr\u00e4ume<\/h3>\n<p>Unsere Fachr\u00e4ume sind modern und fachspezifisch ausgestattet. Folgende F\u00e4cher verf\u00fcgen \u00fcber einen oder mehrere Fachr\u00e4ume:<\/p>\n<div class=\"row\">\n<div class=\"col-md-6\">\n<p><strong>Bildende Kunst: <\/strong><br \/>\nKunst 1 (KU1): Hauptgeb\u00e4ude<br \/>\nKunst 2 (KU2): Hauptgeb\u00e4ude<br \/>\nWerkraum (WR): Hauptgeb\u00e4udet\n<\/p>\n<p><\/p>\n<p><strong>Biologie: <\/strong><br \/>\nBiologie 1 (B1): Hauptgeb\u00e4ude<br \/>\nBiologie 2 (B2): Hauptgeb\u00e4ude<br \/>\nBiologie 3 (B3): Hauptgeb\u00e4ude\n<\/p>\n<p><\/p>\n<p><strong>Chemie: <\/strong><br \/>\nChemie 1 (C1): Hauptgeb\u00e4ude<br \/>\nChemie 2 (C2): Hauptgeb\u00e4ude<br \/>\nChemie 3 (C3): Hauptgeb\u00e4ude<\/p>\n<p><\/p>\n<\/div>\n<div class=\"col-md-6\">\n<p><strong>Musik: <\/strong><br \/>\nGro\u00dfer Musiksaal (MU1): Hauptgeb\u00e4ude<br \/>\nKleiner Musiksaal (MU2): Hauptgeb\u00e4ude<br \/>\nMusikraum Campus (CMU): Campus 6<\/p>\n<p><\/p>\n<p><strong>Naturwisenschaft und Technik: <\/strong><br \/>\nNWT 1: Hauptgeb\u00e4ude<br \/>\nNWT 2: Hauptgeb\u00e4ude<\/p>\n<p>\nWerkraum (WR): Hauptgeb\u00e4ude<\/p>\n<p><strong>Physik: <\/strong><br \/>\nPhysiksaal 1 (P1): Hauptgeb\u00e4ude<br \/>\nPhysiksaal 2 (P2): Hauptgeb\u00e4ude<br \/>\nPhysiksaal 3 (P3): Hauptgeb\u00e4ude<\/p>\n<p><\/p>\n<p><strong>Sport: <\/strong><br \/>\nTurnhalle (TH): Hauptgeb\u00e4ude<br \/>\nSporthalle 1 (SH1): TSG-Halle<br \/>\nSporthalle 2 (SH2): TSG-Halle<br \/>\nSporthalle 3 (SH3): TSG-Halle<br \/>\nTurnhalle Campus (CTH): Campus 6 West \/ Campus 8<br \/>\nBahnstadthalle<\/p>\n<p><\/p>\n<\/div>\n<\/div>\n<p><\/br><\/p>\n<hr>\n<h3><a name=\"Computerr\u00e4ume\"><\/a>Computerr\u00e4ume<\/h3>\n<p>&#160;<\/p>\n<div class=\"row\">\n<div class=\"col-md-6\">\n<figure>\n      <a href=\"https:\/\/www.jkg-bruchsal.de\/wordpress\/inhalte\/uploads\/2015\/07\/Computerraum.jpg\" data-rel=\"lightbox-image-4\" data-rl_title=\"\" data-rl_caption=\"\" title=\"\"><img decoding=\"async\" class=\"img-responsive\" src=\"https:\/\/www.jkg-bruchsal.de\/wordpress\/inhalte\/uploads\/2015\/07\/Computerraum.jpg\" alt=\"Computerraum\" \/><\/a><figcaption>\n        Foto: Max Trinter (2015)<br \/>\n      <\/figcaption><\/figure>\n<\/p><\/div>\n<div class=\"col-md-6\">\n    Das JKG verf\u00fcgt zur Zeit \u00fcber vier Computerr\u00e4ume:<\/p>\n<p>Ausf\u00fchliche Informationen zur Informationstechnischen Infrastruktur am JKG ist hier zu finden: <a href=\"https:\/\/www.jkg-bruchsal.de\/?page_id=10883\">IT-Ausstattung<\/a><\/p>\n<\/p><\/div>\n<\/div>\n<p><\/br><\/p>\n<hr>\n<h3><a name=\"Andere Lernorte\"><\/a>Andere Lernorte<\/h3>\n<p align=\"justify\">Die Kursr\u00e4ume der Oberstufe im 1. und 2. OG des Hauptgeb\u00e4udes sind mit Beamern ausgestattet. Im Hauptgeb\u00e4ude und in Campus 6 steht ein Filmraum zur Verf\u00fcgung. Weitere vom JKG genutzte Lernorte sind unser Schulgarten, die Turnhallen, das Schwimmbad Sasch und die Kirche St. Paul. <\/p>\n<p><\/br><\/p>\n<hr>\n<h3><a name=\"Aula\"><\/a>Aula<\/h3>\n<p>Die Aula im Hauptgeb\u00e4ude ist der gr\u00f6\u00dfte Saal des JKG und wurde fr\u00fcher von der Badischen Landesb\u00fchne genutzt. Entsprechend gut ist die Ausstattung: Die Aula verf\u00fcgt \u00fcber eine gro\u00dfe B\u00fchne mit Vorhang, Garderoben, moderne Ton- und Lichttechnik, einen Beamer mit Leinwand, einen Fl\u00fcgel und ein Rednerpult. Hier finden regelm\u00e4\u00dfig Auff\u00fchrungen unserer gro\u00dfen und kleinen Theater-AG statt, Konzerte der Fachschaft Musik, Vortr\u00e4ge, Symposien, Konferenzen und andere schulische und au\u00dferschulische Veranstaltungen. Es finden je nach Bestuhlung 200 bis 300 Zuschauer Platz. Die Raumbelegung erfolgt \u00fcber ein digitales Buchungssystem.<\/p>\n<figure>\n<div class=\"row\">\n<div class=\"col-md-6\">\n      <a href=\"https:\/\/www.jkg-bruchsal.de\/wordpress\/inhalte\/uploads\/2015\/07\/Aula-1.jpg\" data-rel=\"lightbox-image-5\" data-rl_title=\"\" data-rl_caption=\"\" title=\"\"><img decoding=\"async\" class=\"img-responsive\" src=\"https:\/\/www.jkg-bruchsal.de\/wordpress\/inhalte\/uploads\/2015\/07\/Aula-1.jpg\" alt=\"Aula 1\" \/><\/a>\n    <\/div>\n<div class=\"col-md-6\">\n      <a href=\"https:\/\/www.jkg-bruchsal.de\/wordpress\/inhalte\/uploads\/2015\/07\/Aula-2.jpg\" data-rel=\"lightbox-image-6\" data-rl_title=\"\" data-rl_caption=\"\" title=\"\"><img decoding=\"async\" class=\"img-responsive\" src=\"https:\/\/www.jkg-bruchsal.de\/wordpress\/inhalte\/uploads\/2015\/07\/Aula-2.jpg\" alt=\"Aula 2\" \/><\/a>\n    <\/div>\n<\/p><\/div><figcaption>\n    Fotos: H. Eberhardt (2014)<br \/>\n  <\/figcaption><\/figure>\n<p><\/br><\/p>\n<hr>\n<h3><a name=\"Aufenthaltsbereiche\"><\/a>Aufenthaltsbereiche<\/h3>\n<p>Vor und nach dem Unterricht sowie in Freistunden k\u00f6nnen im Hauptgeb\u00e4ude die Aufenthaltsbereiche im Erdgeschoss (vor dem Sekretariat) und im 2. OG (in der Geb\u00e4udemitte und im Oberstufenraum) genutzt werden. Im Neubau steht im Erdgeschoss eine Sitzecke zur Verf\u00fcgung. Am Campus k\u00f6nnen nach Unterrichtsende leer stehende Klassenzimmer als Aufenthaltsraum genutzt werden.<\/p>\n<figure>\n  <a href=\"https:\/\/www.jkg-bruchsal.de\/wordpress\/inhalte\/uploads\/2015\/07\/Aufenthalt-Oberstufe.jpg\" data-rel=\"lightbox-image-7\" data-rl_title=\"\" data-rl_caption=\"\" title=\"\"><img decoding=\"async\" class=\"img-responsive\" src=\"https:\/\/www.jkg-bruchsal.de\/wordpress\/inhalte\/uploads\/2015\/07\/Aufenthalt-Oberstufe.jpg\" alt=\"Aufenthalt Oberstufe\" \/><\/a><figcaption>\n    Foto: Max Trinter (2015)<br \/>\n  <\/figcaption><\/figure>\n<p><\/br><br \/>\n<em>Text: Kow (Juli 2015 \/ akt. 2024)<\/em><\/p>\n","protected":false},"excerpt":{"rendered":"<p>Unter\u00adrichts\u00adr\u00e4ume Klassenzimmer Fachr\u00e4ume Computerr\u00e4ume Andere Lernorte Gemein\u00adschafts\u00adr\u00e4ume Aula Aufenthaltsbereiche Kommunikation Klassenzimmer Unsere Klassenzimmer werden h\u00e4ufig von Sch\u00fclerInnen selbst kreativ gestaltet. Die meisten R\u00e4ume verf\u00fcgen \u00fcber eine Tafel, einen Beamer mit Visualizer und PC sowie eine Pinnwand Fotos: Max Trinter, C. Kowollik (2015) Fachr\u00e4ume Unsere Fachr\u00e4ume sind modern und fachspezifisch ausgestattet. Folgende F\u00e4cher verf\u00fcgen \u00fcber einen [&hellip;]<\/p>\n","protected":false},"author":2,"featured_media":0,"parent":38,"menu_order":40,"comment_status":"open","ping_status":"open","template":"","meta":{"footnotes":""},"class_list":["post-162","page","type-page","status-publish","hentry"],"_links":{"self":[{"href":"https:\/\/www.jkg-bruchsal.de\/index.php?rest_route=\/wp\/v2\/pages\/162","targetHints":{"allow":["GET"]}}],"collection":[{"href":"https:\/\/www.jkg-bruchsal.de\/index.php?rest_route=\/wp\/v2\/pages"}],"about":[{"href":"https:\/\/www.jkg-bruchsal.de\/index.php?rest_route=\/wp\/v2\/types\/page"}],"author":[{"embeddable":true,"href":"https:\/\/www.jkg-bruchsal.de\/index.php?rest_route=\/wp\/v2\/users\/2"}],"replies":[{"embeddable":true,"href":"https:\/\/www.jkg-bruchsal.de\/index.php?rest_route=%2Fwp%2Fv2%2Fcomments&post=162"}],"version-history":[{"count":3,"href":"https:\/\/www.jkg-bruchsal.de\/index.php?rest_route=\/wp\/v2\/pages\/162\/revisions"}],"predecessor-version":[{"id":16193,"href":"https:\/\/www.jkg-bruchsal.de\/index.php?rest_route=\/wp\/v2\/pages\/162\/revisions\/16193"}],"up":[{"embeddable":true,"href":"https:\/\/www.jkg-bruchsal.de\/index.php?rest_route=\/wp\/v2\/pages\/38"}],"wp:attachment":[{"href":"https:\/\/www.jkg-bruchsal.de\/index.php?rest_route=%2Fwp%2Fv2%2Fmedia&parent=162"}],"curies":[{"name":"wp","href":"https:\/\/api.w.org\/{rel}","templated":true}]}}