{"id":16265,"date":"2024-12-03T17:14:11","date_gmt":"2024-12-03T16:14:11","guid":{"rendered":"https:\/\/www.jkg-bruchsal.de\/?page_id=16265"},"modified":"2026-03-04T07:40:22","modified_gmt":"2026-03-04T06:40:22","slug":"vorlesewettbewerb","status":"publish","type":"page","link":"https:\/\/www.jkg-bruchsal.de\/?page_id=16265","title":{"rendered":"Vorlesewettbewerb"},"content":{"rendered":"<div class=\"row\">\n<div class=\"col-md-6\">\n    <a class=\"btn btn-primary\" style=\"float:left;\" href=\"https:\/\/www.jkg-bruchsal.de\/?page_id=1113\"><span class=\"hidden-xs\"><< \u00dcbersicht: Fach Deutsch<\/span><i class=\"glyphicon glyphicon-arrow-left visible-xs\"><\/i><\/a>\n  <\/div>\n<\/div>\n<p><br class=\"hidden-xs brmenue\"><\/p>\n<h3>Lene B\u00f6\u00df (6c) gewinnt den Kreisentscheid des Vorlesewettbewerbs\u2026<\/h3>\n<h4>\u2026 und berichtet von diesem besonderen Tag:<\/h4>\n<div class=\"col-md-12\">\n<div class=\"row\">\n<div class=\"col-md-3 bootstrapfloat\">\n      <a href=\"https:\/\/www.jkg-bruchsal.de\/wordpress\/inhalte\/uploads\/2026\/03\/Vorlesewettbewerb-Kreisentscheid-2026.jpg\" data-rel=\"lightbox-image-0\" data-rl_title=\"\" data-rl_caption=\"\" title=\"\"><img decoding=\"async\" class=\"img-responsive\" src=\"https:\/\/www.jkg-bruchsal.de\/wordpress\/inhalte\/uploads\/2026\/03\/Vorlesewettbewerb-Kreisentscheid-2026.jpg\" alt=\"Vorlesewettbewerb\" \/><\/a>\n    <\/div>\n<p>Am Sonntag, den 08.02.26 fand der Kreisentscheid des Vorlesewettbewerbs in der Buchhandlung Kolibri in Bretten statt.<\/p>\n<p>Direkt nach unserem Ankommen wurden die Vorlesepl\u00e4tze ausgelost. Ich sollte als zweite meinen eigenen Text vorlesen und als f\u00fcnfte beim Fremdtext. Nun durften wir uns eigentlich ein bisschen in der B\u00fccherei umschauen, aber ich war viel zu  aufgeregt und konnte mich nicht darauf konzentrieren. Dies besserte sich auch nicht als meine Deutschlehrerin, Frau Alkan, eintraf. Als alle da waren setzten wir uns hin und  der Wettbewerb begann. <\/p>\n<p>Als zweite kam ich zum Vorlesetisch. Ich war wirklich ziemlich aufgeregt und dachte mir: \u201eHoffentlich mach ich jetzt keinen Fehler!\u201c<\/p>\n<p>Doch dann wurde es ganz gut und die Aufregung besserte sich w\u00e4hrend ich aus meinem, Buch \u201eCrater Lake \u2013 Schlaf niemals ein\u201c vorlas. Danach h\u00f6rte ich aufmerksam den anderen Vorlesern zu und wog meine Chancen ab. Es waren ein paar sehr gute dabei. <\/p>\n<p>Nun kam der Fremdtext. Wir mussten vor die T\u00fcr, damit wir die anderen nicht h\u00f6rten. Dort wechselten wir nur ein paar Worte, sonst herrschte angespannte Stille. Endlich war ich an der Reihe. Ich sollte aus dem Buch \u201e7 Tage mit Mo\u201c vorlesen. Es kamen ein paar schwierige Worte darin vor, aber es lief gut. <\/p>\n<p>Als alle gelesen hatten, zogen sich die Juroren zur\u00fcck, um eine Entscheidung zu treffen. In dieser Zeit durften wir wieder nach B\u00fcchern schauen. <\/p>\n<p>Schlie\u00dflich kamen sie zur\u00fcck und riefen nochmal alle Teilnehmer auf die B\u00fchne. Sie lobten uns alle und dann hie\u00df es feierlich:<br \/>\n\u201eUnd Sieger ist\u2026 \u201e <\/p>\n<p>In diesem Moment dachte ich nur: \u201eIch werde es bestimmt nicht sein und ich werde mich damit abfinden m\u00fcssen.\u201c Doch dann: \u201e\u2026 Lene B\u00f6\u00df!\u201c Mir fiel ein riesiger Stein vom Herzen. Ich bekam die Siegerurkunde \u00fcberreicht und war \u00fcbergl\u00fccklich. <\/p>\n<\/p><\/div>\n<\/p><\/div>\n<p>Nochmal vielen Dank an Frau Alkan, die extra aus Mannheim zu meinem Vorlesewettbewerb angereist ist. <\/p>\n<p><em>Text: Lene B\u00f6\u00df (6c),<br \/>\nFoto: Ak (Februar 2026)<\/em><\/p>\n<p><\/br><\/p>\n<hr>\n<h3>Von Albtraummonstern, Hobbits und Zauberei im Zoo<\/h3>\n<p>Vorlesewettbewerb der 6. Klassen &#8211; Dezember 2025<\/p>\n<div class=\"col-md-12\">\n<div class=\"row\">\n<div class=\"col-md-5 bootstrapfloat\">\n      <a href=\"https:\/\/www.jkg-bruchsal.de\/wordpress\/inhalte\/uploads\/2025\/12\/k-FotoLeneBoess.jpeg\" data-rel=\"lightbox-image-1\" data-rl_title=\"\" data-rl_caption=\"\" title=\"\"><img decoding=\"async\" class=\"img-responsive\" src=\"https:\/\/www.jkg-bruchsal.de\/wordpress\/inhalte\/uploads\/2025\/12\/k-FotoLeneBoess.jpeg\" alt=\"Vorlesewettbewerb\" \/><\/a>\n    <\/div>\n<p>Eine mit magischen Lichtern und bunte Figuren geschm\u00fcckte Aula empfing am 4. Dezember die Besucher des diesj\u00e4hrigen Vorlesewettbewerbs der 6. Klassen. \u201eOh, ist das sch\u00f6n hier\u201c, entfuhr es spontan einer eintretenden Sch\u00fclerin, als nach der gro\u00dfen Pause die Zuschauer aus den Klassen 5c und 5b sowie die f\u00fcnf KlassensiegerInnen aus den sechsten Klassen mit ihren StellvertreterInnen hereinstr\u00f6mten. Auf diesen \u00dcberraschungs-effekt hatte Ebru Ayas, die organisierende Lehrerin, mit viel Kreativit\u00e4t und mit genauso viel pr\u00e4ziser Planung hingearbeitet. Dank ihrer engagierten Vorarbeit konnte der Wettbewerb in dieser festlichen Atmosph\u00e4re beginnen. <\/p>\n<p>In der Jury warteten diesmal die beiden Bruchsaler Buchh\u00e4ndlerinnen, Frau Wolf und Frau Braunbarth, und vom JKG Frau Knodel, Frau Mutter, Frau Utech und Herr Noll. Begr\u00fc\u00dft wurden alle Zuschauer von der Deutschlehrerin Angelika Alkan, die dankenswerterweise die Moderation \u00fcbernahm. <\/p>\n<p>Nach ihren einleitenden Worten trat Emma Franke aus der 6a als erste Vorleserin an. Sie hatte das Buch \u201eDas M\u00e4dchen mit dem blauen Mantel\u201c von Monica Hesse gew\u00e4hlt. Es spielt in dem von Nazis besetzten Amsterdam, wo die Protagonistin Hanneke versucht, ein j\u00fcdisches M\u00e4dchen unbemerkt zur\u00fcck in ihr Versteck zu bringen. Nach diesem spannenden Ausflug in die Geschichte folgte Marleen Debatin aus der Klasse 6b mit dem Buch \u201eGras unter meinen F\u00fc\u00dfen\u201c von Kimberly Bradley. Wieder ging es darin um eine starke weibliche Hauptdarstellerin. Das M\u00e4dchen Ada, das wegen seines Klumpfu\u00dfes von seiner Mutter eingesperrt und vernachl\u00e4ssigt wird, schafft es sich gegen die \u00e4u\u00dferem Widerst\u00e4nde zu emanzipieren. Als dritte Leserin nahm Lene B\u00f6\u00df aus der 6c am dem Vorlesetisch Platz. Sie las aus \u201eDie Macht der verlorenen Tr\u00e4ume\u201c von Sarah Durst. Hier versucht die Heldin Sophie mit ihrem Freund Ethan und mit der Hilfe von Traumf\u00e4ngern ein be\u00e4ngstigendes Albtraummonster einzufangen. <\/p>\n<\/p><\/div>\n<\/p><\/div>\n<p>Mit dem bekannten Klassiker \u201eDer Hobbit\u201c von Tolkien folgte als n\u00e4chstes der Klassensieger aus der 6d, Jakob Hellriegel. Er hatte die spannende Stelle ausgesucht, in der der Drache Smaug aufwacht und bemerkt, dass ein wichtiger Teil seines Schatzes fehlt, weil Bilbo Beutlin diesen bereits gestohlen hat. Mit einem mindestens genauso bekannten Buch zog danach Amelie Fischer aus der 6e die Zuh\u00f6rer in ihren Bann. Sie hatte aus \u201eHarry Potter und der Stein der Weisen\u201c von J.K. Rowling die Szene gew\u00e4hlt, in der der junge Zauberer bei einem Zoobesuch bemerkt, dass er die besondere Gabe besitzt, mit einer Schlange zu sprechen, die kurz darauf zum Entsetzen aller Anwesenden aus ihrem Gehege ausbricht. <\/p>\n<p>Nicht weniger dramatisch ging es dann im Beitrag der letzten Kandidatin zu. Fiona Erler aus der 6f pr\u00e4sentierte das Buch \u201eAus der Tiefe\u201c von Rick Rordan, in dem die Sch\u00fclerin Anna Dakkar mitansehen muss, wie durch ein Erdbeben ein Teil der Akademie f\u00fcr Meeresbiologie verschwindet. <\/p>\n<p>Diese sechs unterschiedlichen Abenteuer verband Moderatorin Alkan gekonnt, bevor sie dann alle KlassensiegerInnen noch einmal f\u00fcr die zweite Runde des Wettbewerbs aufrief, bei der aus einem unbekannten Fremdtext vorgelesen werden musste. Nach einer kurzen Beratungspause verk\u00fcndete sie dann auch das Ergebnis der Jury. Der Sieg ging an Lene B\u00f6\u00df, die diesmal die Urkunde der Schulsiegerin erhielt und das JKG nun auf der Kreisebene vertreten darf. Einen Buchpreis bekamen am Ende aber alle sechs KandidatInnen unter kr\u00e4ftigem Applaus \u00fcberreicht, da sie sich ja schon in ihren Klassen qualifiziert hatten. <\/p>\n<p>Alle Besucher hatten am Ende noch die Gelegenheit, sich an dem von Sandra Bail liebevoll aufgebauten B\u00fcchertisch \u00fcber eine Auswahl neuen Lesestoffs zu informieren, der in der Sch\u00fclerbibliothek zur Ausleihe bereitsteht. Damit ging f\u00fcr die Sechstkl\u00e4ssler eine intensive Woche rund ums Lesen zu Ende, in die sie am Montag mit der Autorenlesung des Karlsruher Schriftstellers Markus Orths gestartet waren. <\/p>\n<div class=\"col-md-12\">\n<div class=\"row\">\n<div class=\"col-md-6 bootstrapfloat\">\n      <a href=\"https:\/\/www.jkg-bruchsal.de\/wordpress\/inhalte\/uploads\/2025\/12\/k-Klassensieger-25.jpg\" data-rel=\"lightbox-image-2\" data-rl_title=\"\" data-rl_caption=\"\" title=\"\"><img decoding=\"async\" class=\"img-responsive\" src=\"https:\/\/www.jkg-bruchsal.de\/wordpress\/inhalte\/uploads\/2025\/12\/k-Klassensieger-25.jpg\" alt=\"Vorlesewettbewerb\" \/><\/a>\n    <\/div>\n<div class=\"col-md-6 bootstrapfloat\">\n      <a href=\"https:\/\/www.jkg-bruchsal.de\/wordpress\/inhalte\/uploads\/2025\/12\/k-FotoKlassensieger2025.jpeg\" data-rel=\"lightbox-image-3\" data-rl_title=\"\" data-rl_caption=\"\" title=\"\"><img decoding=\"async\" class=\"img-responsive\" src=\"https:\/\/www.jkg-bruchsal.de\/wordpress\/inhalte\/uploads\/2025\/12\/k-FotoKlassensieger2025.jpeg\" alt=\"Vorlesewettbewerb\" \/><\/a>\n    <\/div>\n<\/p><\/div>\n<\/p><\/div>\n<div class=\"col-md-12\">\n<div class=\"row\">\n<div class=\"col-md-6 bootstrapfloat\">\n      <a href=\"https:\/\/www.jkg-bruchsal.de\/wordpress\/inhalte\/uploads\/2025\/12\/k-1000027064-rotated.jpg\" data-rel=\"lightbox-image-4\" data-rl_title=\"\" data-rl_caption=\"\" title=\"\"><img decoding=\"async\" class=\"img-responsive\" src=\"https:\/\/www.jkg-bruchsal.de\/wordpress\/inhalte\/uploads\/2025\/12\/k-1000027064-rotated.jpg\" alt=\"Vorlesewettbewerb\" \/><\/a>\n    <\/div>\n<div class=\"col-md-6 bootstrapfloat\">\n      <a href=\"https:\/\/www.jkg-bruchsal.de\/wordpress\/inhalte\/uploads\/2025\/12\/k-1000027056-rotated.jpg\" data-rel=\"lightbox-image-5\" data-rl_title=\"\" data-rl_caption=\"\" title=\"\"><img decoding=\"async\" class=\"img-responsive\" src=\"https:\/\/www.jkg-bruchsal.de\/wordpress\/inhalte\/uploads\/2025\/12\/k-1000027056-rotated.jpg\" alt=\"Vorlesewettbewerb\" \/><\/a>\n    <\/div>\n<\/p><\/div>\n<\/p><\/div>\n<p><em>Text und Fotos: Gma 2025<\/em><\/p>\n<hr>\n<h3>Fiona Hentsel holt zweiten Platz beim Kreisentscheid<\/h3>\n<div class=\"col-md-12\">\n<div class=\"row\">\n<div class=\"col-md-3 bootstrapfloat\">\n      <a href=\"https:\/\/www.jkg-bruchsal.de\/wordpress\/inhalte\/uploads\/2025\/03\/k-Bild-Fiona-Kreisentscheid-rotated.jpg\" data-rel=\"lightbox-image-6\" data-rl_title=\"\" data-rl_caption=\"\" title=\"\"><img decoding=\"async\" class=\"img-responsive\" src=\"https:\/\/www.jkg-bruchsal.de\/wordpress\/inhalte\/uploads\/2025\/03\/k-Bild-Fiona-Kreisentscheid-rotated.jpg\" alt=\"Vorlesewettbewerb\" \/><\/a>\n    <\/div>\n<p>Die diesj\u00e4hrige Schulsiegerin des Vorlesewettbewerbs hat am Samstag, den 22.02.2025 f\u00fcr das JKG am Kreisentscheid teilgenommen, welcher von der Buchhandlung Wolf veranstaltet und in der Touristeninformation Bruchsal ausgetragen wurde. <\/p>\n<p>Dabei traten 14 zuvor in ihren Schulen erfolgreiche Vorleserinnen und Vorleser gegeneinander im Wettbewerb an. Fiona Hentsel (Klasse 6s) berichtet von dem Erlebnis, dass sie am Anfang schon sehr aufgeregt gewesen sei, vor so vielen unbekannten Personen zu lesen. Im Laufe der Veranstaltung habe sie es aber genossen, den anderen Kindern zuzuh\u00f6ren, die alle richtig gut vorgelesen h\u00e4tten. <\/p>\n<p>Sie selbst pr\u00e4sentierte einen Textausschnitt aus dem Buch \u201eDie goldene Schreibmaschine\u201c von Carsten Henn und gewann damit den 2. Platz. \u201eDas war vielleicht ein bisschen \u00e4rgerlich, weil am Ende nur ein Punkt Abstand zum Gewinner aufgerufen wurde\u201c, erz\u00e4hlt Fiona lachend, \u201eaber insgesamt hat mir die Teilnahme am Wettbewerb sehr viel Spa\u00df gemacht\u201c<\/p>\n<\/p><\/div>\n<\/p><\/div>\n<p><em>Text und Foto: Gma<\/em><\/p>\n<hr>\n<h3>Wer B\u00fccher hat, braucht keine Fl\u00fcgel, um zu fliegen<\/h3>\n<p>Vorlesewettbewerb der 6. Klassen &#8211; November 2024<\/p>\n<div class=\"col-md-12\">\n<div class=\"row\">\n<div class=\"col-md-5 bootstrapfloat\">\n      <a href=\"https:\/\/www.jkg-bruchsal.de\/wordpress\/inhalte\/uploads\/2024\/12\/k-10000098911.jpg\" data-rel=\"lightbox-image-7\" data-rl_title=\"\" data-rl_caption=\"\" title=\"\"><img decoding=\"async\" class=\"img-responsive\" src=\"https:\/\/www.jkg-bruchsal.de\/wordpress\/inhalte\/uploads\/2024\/12\/k-10000098911.jpg\" alt=\"Vorlesewettbewerb\" \/><\/a>\n    <\/div>\n<p>Langsam wird es zur guten Tradition, dass jedes Jahr in der JKG-Aula schon eine Woche vor Adventsbeginn mehrere Lichterketten leuchten. Der Anlass f\u00fcr das funkelnde Lichterfest war am 26.11.24 wieder der bundesweite Vorlesewettbewerb der 6. Klassen, f\u00fcr den sich diesmal ein Vorleser und vier Vorleserinnen in ihren Klassen qualifiziert hatten. In der bunt geschm\u00fcckten Aula fanden sich au\u00dferdem drei f\u00fcnfte Klassen (5r, 5u und 5w) ein, denen sich schon einmal die M\u00f6glichkeit bot, als aufmerksames Publikum einen Einblick in den Wettbewerb zu erhalten. Die Jury bestand diesmal aus den beiden Bruchsaler Buchh\u00e4ndlerinnen, Frau Braunbarth und Frau Wolf, unserer Direktorin, Frau Mutter, und Frau Winkenwerder und Herrn Koopmann aus der Deutschfachschaft. <\/p>\n<p>Nach einer kurzen Einf\u00fchrung er\u00f6ffnete Samuel G\u00f6tzler aus der 6r die erste Vorleserunde. Seine Textstelle aus Petro Uvris Erz\u00e4hlung \u201eDer Verr\u00e4tersohn\u201c f\u00fchrte in eine mittel-alterliche Fantasielandschaft, in welcher der jugendliche Protagonist Lasgol in einem abgelegenen Gasthaus mit einem geheimnisvollen Waldl\u00e4ufer zusammentraf. Auch wenn sich in dem dreimin\u00fctigen Vortrag den Zuh\u00f6rern nicht alle Zusammenh\u00e4nge der Geschichte erschlie\u00dfen konnten, war hierbei die knisternde Spannung der Szene deutlich sp\u00fcrbar. Anschlie\u00dfend las Fiona Hentsel als Vertreterin der Klasse 6s aus dem Jugendbuchklassiker \u201eAls Hitler das rosa Kaninchen stahl\u201c von Judith Kerr vor. Hier wurde das Publikum direkt in eine wilde Verfolgungsjagd versetzt, bei der die Hauptfigur Anna von einer Jungengruppe zuerst mit Steinchen und dann sogar mit Schuhen beworfen wurde.<\/p>\n<\/p><\/div>\n<\/p><\/div>\n<p>Es folgte Debora Seb\u00f6k aus der 6t mit einem witzig gelesenem Ausschnitt aus \u201eDie !!! &#8211; gef\u00e4hrlicher Chat\u201c (Henriette Wich), in welchem die Detektivin Franzi den Lockvogel spielte und sich mit dem verd\u00e4chtigen Anton zu einem vermeintlichen Date im Caf\u00e9 verabredete. Auch im vierten Jugendbuch ging es um ein Verbrechen. Leni B\u00fchnen aus der Klasse 6u hatte n\u00e4mlich Marie H\u00fcttners Geschichte \u201eIst Oma noch zu retten?\u201c ausgesucht. Hier stellte die Ich-Erz\u00e4hlerin zusammen mit ihrem Nachbarjungen Pepe fest, dass ihre Oma entf\u00fchrt wurde und m\u00f6chte sie befreien. W\u00e4hrend die Zuh\u00f6renden noch \u00fcberlegten, ob das den Kindern wohl gelingt, pr\u00e4sentierte die Kandidatin der 6v, Vildan Tunc, schon das n\u00e4chste Buch. Im Ausschnitt von \u201eWer hat Angst vor Flapsi Flodder?\u201c (Antje Szillat)  diskutieren zwei Nachbarskinder \u00fcber den richtigen Umgang mit Monstern, weil sich das junge Monster Flapsi Flodder im Keller von Leos Familie eingenistet hat. <\/p>\n<p> Nach dieser ersten Leserunde mussten alle KandidatInnen ein weiteres Mal antreten und einen Ausschnitt aus einem ihnen unbekannten Fremdtext vorlesen. Dabei erwies sich das neu erschienene Jugendbuch \u201eDie goldene Schreibmaschine\u201c von Carsten Henn als relativ anspruchsvoll, da der Text einige schwierige Fremdw\u00f6rter enthielt. Dennoch meisterten die VorleserInnen die Aufgabe so gut, dass es der Jury in der anschlie\u00dfenden Pause schwer fiel, sich spontan auf einen gemeinsamen Favoriten zu einigen. W\u00e4hrend die Erwachsenen Punkte zusammenrechneten und sich \u00fcber ihre Eindr\u00fccke austauschten, durften die Kinder an dem B\u00fcchertisch der Sch\u00fclerbibliothek st\u00f6bern und sich f\u00fcr die folgende Preisverleihung st\u00e4rken. <\/p>\n<p>Nach der Pause stand dann die Schulsiegerin des Jahres 2024 fest. Fiona Hentsel (6s)  hatte sich knapp vor Debora Seb\u00f6k (6t) durchgesetzt, w\u00e4hrend sich Leni B\u00fchnen (6u), Samuel G\u00f6tzler (6r) und Vildan Tunc (6v) den dritten Platz teilten. Buchpreise, S\u00fc\u00dfigkeiten und wundersch\u00f6ne Lesezeichen erhielten aber traditionsgem\u00e4\u00df alle f\u00fcnf, so dass sich die Teilnahme f\u00fcr alle mutigen Vorlesenden reichlich gelohnt hat. <\/p>\n<p>F\u00fcr den Besuch und die Preisspenden der Buchh\u00e4ndlerinnen und die umsichtige die Vorbereitung und Organisation durch Frau Ayas bedankt sich die Fachschaft Deutsch ganz herzlich! <\/p>\n<div class=\"col-md-12\">\n<div class=\"row\">\n<div class=\"col-md-6 bootstrapfloat\">\n      <a href=\"https:\/\/www.jkg-bruchsal.de\/wordpress\/inhalte\/uploads\/2024\/12\/k-IMG_20241126_1135381361.jpg\" data-rel=\"lightbox-image-8\" data-rl_title=\"\" data-rl_caption=\"\" title=\"\"><img decoding=\"async\" class=\"img-responsive\" src=\"https:\/\/www.jkg-bruchsal.de\/wordpress\/inhalte\/uploads\/2024\/12\/k-IMG_20241126_1135381361.jpg\" alt=\"Vorlesewettbewerb\" \/><\/a>\n    <\/div>\n<div class=\"col-md-6 bootstrapfloat\">\n      <a href=\"https:\/\/www.jkg-bruchsal.de\/wordpress\/inhalte\/uploads\/2024\/12\/k-VLW_2-bearb.jpg\" data-rel=\"lightbox-image-9\" data-rl_title=\"\" data-rl_caption=\"\" title=\"\"><img decoding=\"async\" class=\"img-responsive\" src=\"https:\/\/www.jkg-bruchsal.de\/wordpress\/inhalte\/uploads\/2024\/12\/k-VLW_2-bearb.jpg\" alt=\"Vorlesewettbewerb\" \/><\/a>\n    <\/div>\n<\/p><\/div>\n<\/p><\/div>\n<p><em>Text: Gma<br \/>\nFotos: Gma, Ay<\/em><\/p>\n<hr>\n<h3>Olivia Butterer aus der 6v gewinnt den Schulentscheid<\/h3>\n<p>Vorlesewettbewerb 2023 am JKG<\/p>\n<div class=\"col-md-12\">\n<div class=\"row\">\n<div class=\"col-md-5 bootstrapfloat\">\n      <a href=\"https:\/\/www.jkg-bruchsal.de\/wordpress\/inhalte\/uploads\/2023\/12\/Foto-VLW-23.jpeg\" data-rel=\"lightbox-image-10\" data-rl_title=\"\" data-rl_caption=\"\" title=\"\"><img decoding=\"async\" class=\"img-responsive\" src=\"https:\/\/www.jkg-bruchsal.de\/wordpress\/inhalte\/uploads\/2023\/12\/Foto-VLW-23.jpeg\" alt=\"Vorlesewettbewerb im Medienzentrum\" \/><\/a>\n    <\/div>\n<p>Am Donnerstag, den 30.11.23, war es in der 5. und 6. Stunde wieder soweit. Die Fachschaft Deutsch lud zum bundesweiten Vorlesewettbewerb der 6. Klassen. Nach der gro\u00dfen Pause \u00f6ffneten sich die T\u00fcren zur bunt geschm\u00fcckten Aula und die Sch\u00fcler der Klassen 5s und 5u sowie die Klassensieger der 6. Klassen mit ihren jeweiligen Unterst\u00fctzern dr\u00e4ngelten hinein. Gleich am Eingang erwartete sie ein B\u00fcchertisch, auf dem die Sch\u00fclerbibliothek ihre spannendsten Neuanschaffungen ausstellte. <\/p>\n<p>Vor und auf der B\u00fchne waren bunte Buchstaben, Skulpturen aus Pappmach\u00e9, Luftballons, Buchplakate und Lichterketten dekoriert und sorgten f\u00fcr ein festliches Ambiente. Im Zentrum vor den Zuschauerreihen stand nat\u00fcrlich der Lesetisch, an dem die f\u00fcnf ausgew\u00e4hlten Klassensieger dann nacheinander Platz nehmen durften. <\/p>\n<p>Zuerst las Estelle Chepanov aus der 6r aus dem Buch \u201eZimt und weg\u201c von Dagmar Bach. In der witzigen Textstelle ging es um eine stark geschminkte \u201eTussi\u201c, f\u00fcr deren \u201eKriegsbemalung\u201c und \u00fcberlangen Fingern\u00e4gel man aus Sicht des Erz\u00e4hlers eigentlich einen Waffenschein ben\u00f6tigen w\u00fcrde.<\/p>\n<p>F\u00fcr Gel\u00e4chter sorgte auch die zweite Textstelle aus dem Buch \u201eRico, Oskar und das Herzgebreche\u201c von Andreas Steinh\u00f6fel, in der die Frage gekl\u00e4rt wurde, wie man bei roter Ampel eine befahrene Stra\u00dfe \u00fcberquert. Sie wurde von Lars Zimmermann aus der 6s pr\u00e4sentiert.   <\/p>\n<p>Vom gleichen Autor, aber aus dem ersten Band \u201eRico, Oskar und die Tieferschatten\u201c las Marlen Erban aus der 6t eine spannende Stelle vor, in der Rico aus den Nachrichten erf\u00e4hrt, dass sein Freund Oskar entf\u00fchrt worden ist.  <\/p>\n<p>In ganz andere, aber nicht weniger abenteuerliche Sph\u00e4ren versetzte der n\u00e4chste Vorleser, Ben P\u00f6schel aus der 6u, die aufmerksamen Zuh\u00f6rer. In der vorbereiteten Textstelle aus \u201ePercy Jackson\u201c von Rick Riordan versuchen in Griechenland die Titanen in ihrem Kampf gegen die G\u00f6tter den Olymp zu zerst\u00f6ren.<\/p>\n<p>Im folgenden Beitrag von Olivia Butterer vermischten sich dann dramatische und traurige Nachrichten. Hier erf\u00e4hrt die Hauptfigur Cordelia aus dem Buch \u201eDie Gilde der Hutmacher\u201c von Tamzin Merchant, dass ihr Vater in den Flutwellen des Atlantiks ertrunken sei.   <\/p>\n<p>Nach der ersten Vorleserunde lagen die Kandidaten in der Bewertung noch nah beieinander, aber sie mussten dann ihr K\u00f6nnen in einer zweiten Runde an einem unvorbereiteten Text unter Beweis stellen. Danach zeichnete sich f\u00fcr die Jury die Platzierungen deutlich ab. Frau Braunbarth (Buchhandlung Braunbarth), Frau Els\u00e4sser und Frau Wolf (Buchhandlung Wolf), die Deutschlehrerinnnen Frau Utech und Frau Haupt sowie Ioanna Spyridopoulou (8t) aus der Projektgruppe Vorlesen einigten sich sehr schnell auf die Gewinnerinnen. So konnte kurz darauf Frau Alkan als Moderatorin der neuen Schulsiegerin Olivia Butterer ihre Urkunde \u00fcberreichen. Sie wird das JKG auf dem Kreisentscheid in Karlsruhe vertreten. Auf dem zweiten und dritten Platz folgten Marlen Erban und Estelle Chepanov. F\u00fcr das Abschlussfoto kamen aber noch einmal alle f\u00fcnf  Klassensieger zusammen nach vorne und erhielten jeweils einen Buchpreis.   <\/p>\n<p>Unsere besondere Anerkennung gilt nach der gelungenen Veranstaltung Frau Ayas, die nicht nur die Preise besorgt und sch\u00f6n eingepackt, sondern auch die Abschnitte des Fremdtextes ausgew\u00e4hlt, Bewertungsb\u00f6gen f\u00fcr die Jury vorbereitet und die Aula kreativ geschm\u00fcckt hat. Dank ihrer sorgf\u00e4ltigen Vorbereitung bleibt der Wettbewerb f\u00fcr alle Beteiligten in guter Erinnerung.<\/p>\n<\/p><\/div>\n<\/p><\/div>\n<p><em>Text: Gma<br \/>\nFoto: Ay<\/em><\/p>\n<p><\/br><\/p>\n<hr>\n","protected":false},"excerpt":{"rendered":"","protected":false},"author":2,"featured_media":0,"parent":0,"menu_order":0,"comment_status":"closed","ping_status":"closed","template":"","meta":{"footnotes":""},"class_list":["post-16265","page","type-page","status-publish","hentry"],"_links":{"self":[{"href":"https:\/\/www.jkg-bruchsal.de\/index.php?rest_route=\/wp\/v2\/pages\/16265","targetHints":{"allow":["GET"]}}],"collection":[{"href":"https:\/\/www.jkg-bruchsal.de\/index.php?rest_route=\/wp\/v2\/pages"}],"about":[{"href":"https:\/\/www.jkg-bruchsal.de\/index.php?rest_route=\/wp\/v2\/types\/page"}],"author":[{"embeddable":true,"href":"https:\/\/www.jkg-bruchsal.de\/index.php?rest_route=\/wp\/v2\/users\/2"}],"replies":[{"embeddable":true,"href":"https:\/\/www.jkg-bruchsal.de\/index.php?rest_route=%2Fwp%2Fv2%2Fcomments&post=16265"}],"version-history":[{"count":18,"href":"https:\/\/www.jkg-bruchsal.de\/index.php?rest_route=\/wp\/v2\/pages\/16265\/revisions"}],"predecessor-version":[{"id":16920,"href":"https:\/\/www.jkg-bruchsal.de\/index.php?rest_route=\/wp\/v2\/pages\/16265\/revisions\/16920"}],"wp:attachment":[{"href":"https:\/\/www.jkg-bruchsal.de\/index.php?rest_route=%2Fwp%2Fv2%2Fmedia&parent=16265"}],"curies":[{"name":"wp","href":"https:\/\/api.w.org\/{rel}","templated":true}]}}