{"id":164,"date":"2015-07-18T17:26:27","date_gmt":"2015-07-18T15:26:27","guid":{"rendered":"http:\/\/www.jkg-bruchsal.de\/wordpress\/?page_id=164"},"modified":"2021-11-15T21:23:44","modified_gmt":"2021-11-15T20:23:44","slug":"verpflegung","status":"publish","type":"page","link":"https:\/\/www.jkg-bruchsal.de\/?page_id=164","title":{"rendered":"Verpflegung"},"content":{"rendered":"<div class=\"col-md-12\">\n<div class=\"row\">\n<div class=\"col-md-5 hidden-sm hidden-xs bootstrapfloat\">\n     <a href=\"https:\/\/www.jkg-bruchsal.de\/wordpress\/inhalte\/uploads\/2021\/11\/k-DSC07250.jpg\" data-rel=\"lightbox-image-0\" data-rl_title=\"\" data-rl_caption=\"\" title=\"\"><img decoding=\"async\" class=\"img-responsive\" src=\"https:\/\/www.jkg-bruchsal.de\/wordpress\/inhalte\/uploads\/2021\/11\/k-DSC07250.jpg\" alt=\"Schlemmerk\u00f6rble\"\/><\/a>\n    <\/div>\n<p>Liebe Sch\u00fclerinnen und Sch\u00fcler,<\/p>\n<p>Am Montag, 15.November 2021 ist es endlich soweit. Nach einer Umbauphase \u00f6ffnet unser neuer Kiosk am Westeingang des Hauptgeb\u00e4udes sein Verkaufsfenster.<\/p>\n<p>Der regionale Anbieter &#8222;Schlemmerk\u00f6rbchen&#8220; \u00fcbernimmt den Verkauf und bietet vom Spitzweck bis zum Vollkornbr\u00f6tchen vieles an. Neben belegten Br\u00f6tchen und Brezeln gibt es auch s\u00fc\u00dfe St\u00fcckchen, sowie hausgemachten Joghurt mit Fr\u00fcchten oder M\u00fcsli. Auch an Getr\u00e4nken gibt es ein Angebot: Neben Mineralwasser gibt es Apfelsaft- und Johannisbeerschorle. Der Verkauf erfolgt in Flaschen, f\u00fcr die ein Pfandgeld erhoben wird.<\/p>\n<p>Der Kiosk ist von 9.20  bis 11.20 Uhr ge\u00f6ffnet, so dass Ihr euch in eurer Pause versorgen k\u00f6nnt.<\/p>\n<p>Ich freue mich \u00fcber unseren neuen Kiosk am JKG und w\u00fcnsche allen guten Appetit.<\/p>\n<p>Mit besten Gr\u00fc\u00dfen<br \/>\nAndrea Mutter<\/p>\n<\/p><\/div>\n<\/p><\/div>\n","protected":false},"excerpt":{"rendered":"<p>Liebe Sch\u00fclerinnen und Sch\u00fcler, Am Montag, 15.November 2021 ist es endlich soweit. Nach einer Umbauphase \u00f6ffnet unser neuer Kiosk am Westeingang des Hauptgeb\u00e4udes sein Verkaufsfenster. Der regionale Anbieter &#8222;Schlemmerk\u00f6rbchen&#8220; \u00fcbernimmt den Verkauf und bietet vom Spitzweck bis zum Vollkornbr\u00f6tchen vieles an. Neben belegten Br\u00f6tchen und Brezeln gibt es auch s\u00fc\u00dfe St\u00fcckchen, sowie hausgemachten Joghurt mit [&hellip;]<\/p>\n","protected":false},"author":2,"featured_media":0,"parent":38,"menu_order":50,"comment_status":"open","ping_status":"open","template":"","meta":{"footnotes":""},"class_list":["post-164","page","type-page","status-publish","hentry"],"_links":{"self":[{"href":"https:\/\/www.jkg-bruchsal.de\/index.php?rest_route=\/wp\/v2\/pages\/164","targetHints":{"allow":["GET"]}}],"collection":[{"href":"https:\/\/www.jkg-bruchsal.de\/index.php?rest_route=\/wp\/v2\/pages"}],"about":[{"href":"https:\/\/www.jkg-bruchsal.de\/index.php?rest_route=\/wp\/v2\/types\/page"}],"author":[{"embeddable":true,"href":"https:\/\/www.jkg-bruchsal.de\/index.php?rest_route=\/wp\/v2\/users\/2"}],"replies":[{"embeddable":true,"href":"https:\/\/www.jkg-bruchsal.de\/index.php?rest_route=%2Fwp%2Fv2%2Fcomments&post=164"}],"version-history":[{"count":0,"href":"https:\/\/www.jkg-bruchsal.de\/index.php?rest_route=\/wp\/v2\/pages\/164\/revisions"}],"up":[{"embeddable":true,"href":"https:\/\/www.jkg-bruchsal.de\/index.php?rest_route=\/wp\/v2\/pages\/38"}],"wp:attachment":[{"href":"https:\/\/www.jkg-bruchsal.de\/index.php?rest_route=%2Fwp%2Fv2%2Fmedia&parent=164"}],"curies":[{"name":"wp","href":"https:\/\/api.w.org\/{rel}","templated":true}]}}