{"id":16528,"date":"2025-09-10T15:23:13","date_gmt":"2025-09-10T13:23:13","guid":{"rendered":"https:\/\/www.jkg-bruchsal.de\/?page_id=16528"},"modified":"2025-11-28T22:35:48","modified_gmt":"2025-11-28T21:35:48","slug":"krankmeldung-faq","status":"publish","type":"page","link":"https:\/\/www.jkg-bruchsal.de\/?page_id=16528","title":{"rendered":"Krankmeldung: FAQ"},"content":{"rendered":"<p style=\"float: right; margin-left: 20px;\"><a class=\"btn btn-primary\" href=\"https:\/\/www.jkg-bruchsal.de\/?page_id=899\">Anleitung &gt;&gt;<\/a><\/p>\n<h3>Fragen und Antworten zu WebUntis f\u00fcr Erziehungsberechtigte<\/h3>\n<h4>Wozu ben\u00f6tige ich WebUntis?<\/h4>\n<p>Mit Hilfe des Systems WebUntis k\u00f6nnen Sie<\/p>\n<ul>\n<li>den Stunden- und Vertretungsplan Ihrer Kinder einsehen,<\/li>\n<li>elektronische Krankmeldungen f\u00fcr Ihre Kinder abgeben,<\/li>\n<li>die entschuldigten und unentschuldigten Fehlzeiten Ihrer Kinder abrufen und<\/li>\n<li>wichtige Nachrichten der Schule empfangen.<\/li>\n<\/ul>\n<p><\/br><\/p>\n<h4>Wie kann ich auf WebUntis zugreifen?<\/h4>\n<p>Sie haben zwei M\u00f6glichkeiten, auf WebUntis zuzugreifen, und zwar<\/p>\n<ul>\n<li>in einem Internetbrowser \u00fcber die <a href=\"https:\/\/jkg-bruchsal.webuntis.com\/WebUntis\/?school=jkg-bruchsal\" target=\"_blank\">Anmeldeseite<\/a> der<\/li>\n<li>mit Hilfe der App Untis Mobile, welche sowohl f\u00fcr <a href=\"https:\/\/play.google.com\/store\/apps\/details?id=com.grupet.web.app\" target=\"_blank\">Android<\/a> als auch f\u00fcr <a href=\"https:\/\/apps.apple.com\/de\/app\/untis-mobile\/id926186904\" target=\"_blank\">iOS\/iPadOS<\/a> kostenlos erh\u00e4ltlich ist.<\/li>\n<\/ul>\n<p><\/br><\/p>\n<h4>Wie kann ich mich in WebUntis registrieren?<\/h4>\n<p>Als erziehungsberechtigte Person k\u00f6nnen Sie sich selbst in WebUntis registrieren. Gehen Sie dazu bitte wie folgt vor:<\/p>\n<ul>\n<li>Rufen Sie in einem Internetbrowser die <a href=\"https:\/\/jkg-bruchsal.webuntis.com\/WebUntis\/?school=jkg-bruchsal\" target=\"_blank\">Anmeldeseite<\/a> auf.<\/li>\n<li>Klicken Sie auf Registrieren.<\/li>\n<li>Geben Sie die E-Mail-Adresse ein, die Sie bei der Anmeldung Ihres Kindes angegeben haben.<\/li>\n<li>Klicken Sie auf Senden.<\/li>\n<li>Sie erhalten nun eine E-Mail an die angegebene Adresse. Klicken Sie den darin enthaltenen Link an oder geben Sie den Best\u00e4tigungscode im Browser ein.<\/li>\n<\/ul>\n<p>Sollten Sie nicht mehr wissen, welche E-Mail-Adresse Sie bei der Anmeldung Ihrer Kinder hinterlegt haben, so k\u00f6nnen Sie uns unter <a href=\"mailto:webuntis@jkg-bruchsal.de\">webuntis@jkg-bruchsal.de<\/a> kontaktieren.<\/p>\n<p><\/br><\/p>\n<h4>Muss ich f\u00fcr jedes Kind eine andere E-Mail-Adresse in WebUntis verwenden?<\/h4>\n<p>Nein, ganz im Gegenteil. F\u00fcr alle Kinder an einer Schule ben\u00f6tigen Sie nur ein einziges Benutzerkonto in WebUntis. Innerhalb dieses einen Kontos k\u00f6nnen Sie bequem auf die Daten aller Kinder zugreifen. Die Verwendung separater Konten erschwert Ihnen den Umgang mit dem System erheblich. Achten Sie daher darauf, dass bei allen Kindern dieselbe E-Mail-Adresse hinterlegt ist. Falls Sie bereits verschiedene Konten unter separaten E-Mail-Adressen angelegt haben, kontaktieren Sie uns gern unter <a href=\"mailto:webuntis@jkg-bruchsal.de\">webuntis@jkg-bruchsal.de<\/a>, damit wir diese unter einer E-Mail-Adresse zusammenfassen k\u00f6nnen.<\/p>\n<p><\/br><\/p>\n<h4>Ich habe schon ein Benutzerkonto in WebUntis. Kann ich dieses weiterhin verwenden?<\/h4>\n<p>Hierbei sind drei F\u00e4lle zu unterscheiden:<\/p>\n<ul>\n<li>F\u00fcr alle Kinder an einer Schule k\u00f6nnen Sie ein- und dasselbe Benutzerkonto f\u00fcr WebUntis verwenden.<\/li>\n<li>F\u00fcr Kinder an verschiedenen Schulen m\u00fcssen Sie pro Schule ein eigenes Benutzerkonto einrichten. In der App Untis Mobile legen Sie dann pro Schule ein eigenes Profil an. Zwischen den Profilen k\u00f6nnen Sie jederzeit wechseln.<\/li>\n<li>Nutzen Sie WebUntis als Lehrkraft und als erziehungsberechtigte Person, dann m\u00fcssen Sie hierf\u00fcr verschiedene Benutzerkonten (gleichbedeutend Profile in der App) verwenden, und zwar selbst dann, wenn Sie Kinder an derjenigen Schule haben, an der Sie auch als Lehrkraft t\u00e4tig sind. Die Benutzerkonten f\u00fcr Erziehungsberechtigte und Lehrkr\u00e4fte unterscheiden sich in WebUntis n\u00e4mlich grundlegend.<\/li>\n<\/ul>\n<p><\/br><\/p>\n<h4>Warum kann ich nicht das Benutzerkonto meines Kindes verwenden?<\/h4>\n<p>Alle Sch\u00fclerinnen und Sch\u00fcler verf\u00fcgen \u00fcber ein eigenes Benutzerkonto f\u00fcr WebUntis. Diese Benutzerkonten k\u00f6nnen aber nicht von Erziehungsberechtigten genutzt werden, und zwar aus folgenden Gr\u00fcnden:<\/p>\n<ul>\n<li>Sch\u00fclerinnen und Sch\u00fcler in den Klassenstufen 5 bis 11 k\u00f6nnen \u00fcber ihre Konten keine Krankmeldung abgeben.<\/li>\n<li>Bestimmte Nachrichten der Schule werden per WebUntis ausschlie\u00dflich an Erziehungsberechtigte, nicht aber an Sch\u00fclerinnen und Sch\u00fcler versendet.<\/li>\n<li>Alle Sch\u00fclerinnen und Sch\u00fcler sehen nur ihren eigenen Stunden- und Vertretungsplan. Erziehungsberechtigte, die mehrere Kinder an unserer Schule haben, k\u00f6nnen hingegen in einem Benutzerkonto die Daten f\u00fcr alle Kinder einsehen.<\/li>\n<\/ul>\n<p>Bitte erfragen Sie auch nicht die Zugangsdaten von Ihren Kindern. Die Nutzung der Zug\u00e4nge f\u00fcr Sch\u00fclerinnen und Sch\u00fcler bietet Erziehungsberechtigten keinerlei Vorteile, sondern f\u00fchrt allenfalls zu technischem Chaos.<\/p>\n<p><\/br><\/p>\n<h4>Wie kann ich meine E-Mail-Adresse f\u00fcr WebUntis \u00e4ndern?<\/h4>\n<p>Zur \u00c4nderung Ihrer E-Mail-Adresse richten Sie bitte ein formloses Schreiben an das Sekretariat. Geben Sie dabei Klasse, den Namen und Vornamen sowie Geburtsdatum Ihrer Kinder am JKG an.<\/p>\n<p>Warten Sie die Antwort ab, bevor Sie mit der ge\u00e4nderten E-Mail-Adresse auf WebUntis zugreifen.<\/p>\n<p><\/br><\/p>\n<h4>Ich wei\u00df meine Zugangsdaten nicht mehr. An wen kann ich mich wenden?<\/h4>\n<p>Sollten Sie nicht mehr wissen, auf welche E-Mail-Adresse Ihr Benutzerkonto registriert ist, dann kontaktieren Sie uns bitte unter <a href=\"mailto:webuntis@jkg-bruchsal.de\">webuntis@jkg-bruchsal.de<\/a>.<\/p>\n<p>Ist Ihnen die E-Mail-Adresse bekannt, dann k\u00f6nnen Sie Ihr Passwort selbst zur\u00fccksetzen. Klicken Sie dazu auf der <a href=\"https:\/\/jkg-bruchsal.webuntis.com\/WebUntis\/?school=jkg-bruchsal\" target=\"_blank\">Anmeldeseite<\/a> von WebUntis auf Passwort vergessen? und geben Sie sowohl im Feld f\u00fcr den Benutzernamen als auch im Feld f\u00fcr die E-Mail-Adresse diejenige Adresse ein, die Sie f\u00fcr die Registrierung in WebUntis verwendet haben. Klicken Sie dann auf Senden. Daraufhin erhalten Sie eine E-Mail mit einem Link zum Zur\u00fccksetzen Ihres Passwortes f\u00fcr WebUntis. \u00dcberpr\u00fcfen Sie gegebenenfalls den Spam-Ordner, falls Sie die Mail nicht zeitnah in Ihrem Posteingang vorfinden.<\/p>\n<p><\/br><\/p>\n<h4>Mein Benutzerkonto ist gesperrt? Was kann ich tun, um es wieder freizuschalten?<\/h4>\n<p>Aus Sicherheitsgr\u00fcnden wird ein Benutzerkonto gesperrt, nachdem das Passwort mehrmals hintereinander falsch eingegeben wurde. Diese Sperre kann nur durch einen WebUntis-Administrator wieder aufgehoben werden. Wenden Sie sich dazu bitte an webuntis@jkg-bruchsal.de.<\/p>\n<p>Falls Sie Ihr Passwort nicht mehr wissen, k\u00f6nnen Sie dieses selbst zur\u00fccksetzen (siehe vorherige Frage).<\/p>\n<p><\/br><\/p>\n<h4>Wie kann ich die App Untis Mobile einrichten?<\/h4>\n<p>Um die kostenlose App Untis Mobile auf einem Tablet-PC oder Smartphone zu nutzen, gegen Sie bitte wie folgt vor:<\/p>\n<ul>\n<li>Installieren Sie die App Untis Mobile aus dem jeweiligen App Store (hier die Links f\u00fcr <a href=\"https:\/\/play.google.com\/store\/apps\/details?id=com.grupet.web.app\" target=\"_blank\">Android<\/a> und <a href=\"https:\/\/apps.apple.com\/de\/app\/untis-mobile\/id926186904\" target=\"_blank\">iOS\/iPadOS<\/a>).<\/li>\n<li>Melden Sie sich auf einem anderen Ger\u00e4t in einem Internetbrowser in <a href=\"https:\/\/jkg-bruchsal.webuntis.com\/WebUntis\/?school=jkg-bruchsal\" target=\"_blank\">WebUntis<\/a> an.<\/li>\n<li>Klicken Sie im Browser unten links auf Ihren Benutzernamen.<\/li>\n<li>Klicken Sie oben rechts auf Freigaben.<\/li>\n<li>Klicken Sie unter Zugriff \u00fcber Untis Mobile auf Anzeigen.<\/li>\n<li>W\u00e4hlen Sie in der App Anmelden mit QR-Code, fotografieren Sie an angezeigten QR-Code ab und klicken Sie auf Anmelden. Alle Zugangsdaten sind im QR-Code enthalten. Sie m\u00fcssen also weder Ihre E-Mail-Adresse noch das selbst gew\u00e4hlte Passwort f\u00fcr WebUntis in der App eintippen.<\/li>\n<\/ul>\n<p><\/br><\/p>\n<h4>Kann ich auch eine andere App als Untis Mobile verwenden?<\/h4>\n<p>Es gibt Apps von Drittanbietern, mit denen man auch auf WebUntis zugreifen kann. Von deren Verwendung raten wir jedoch dringend ab, da diese nicht offiziell unterst\u00fctzt werden und es h\u00e4ufig zu Fehlern kommt. Technische Unterst\u00fctzung k\u00f6nnen wir nur f\u00fcr die Browser-Version von WebUntis und f\u00fcr die App Untis Mobile leisten.<\/p>\n<p><\/br><\/p>\n<h4>Darf ich mich an das Sekretariat wenden, um mein Kind krank zu melden?<\/h4>\n<p>Das Sekretariat nimmt Ihre Krankmeldung auch telefonisch oder per E-Mail entgegen. Sobald Sie Ihr Benutzerkonto in WebUntis erfolgreich eingerichtet haben, ist der Aufwand einer elektronischen Krankmeldung f\u00fcr beide Seiten viel geringer, vor allem dann, wenn Sie die App Untis Mobile nutzen. Wir bitten Sie daher, den Weg \u00fcber WebUntis zu w\u00e4hlen und das Sekretariat nur in Ausnahmef\u00e4llen direkt zu kontaktieren.<\/p>\n<p><\/br><\/p>\n<h4>Kann ich die Krankmeldung in WebUntis auch nutzen, wenn mein Kind einen Arzttermin hat?<\/h4>\n<p>Nein, im Fall einer planbaren Abwesenheit gilt das Beurlaubungsverfahren. Eine Beurlaubung wird von der Fachlehrkraft (f\u00fcr einzelne Stunden), den Klassenleitungen beziehungsweise Tutoren (f\u00fcr einzelne Tage) oder der Schulleitung (f\u00fcr l\u00e4ngere oder an Ferien grenzende Abwesenheiten) erteilt und in WebUntis eingetragen.<\/p>\n","protected":false},"excerpt":{"rendered":"<p>Anleitung &gt;&gt; Fragen und Antworten zu WebUntis f\u00fcr Erziehungsberechtigte Wozu ben\u00f6tige ich WebUntis? Mit Hilfe des Systems WebUntis k\u00f6nnen Sie den Stunden- und Vertretungsplan Ihrer Kinder einsehen, elektronische Krankmeldungen f\u00fcr Ihre Kinder abgeben, die entschuldigten und unentschuldigten Fehlzeiten Ihrer Kinder abrufen und wichtige Nachrichten der Schule empfangen. Wie kann ich auf WebUntis zugreifen? Sie haben [&hellip;]<\/p>\n","protected":false},"author":1,"featured_media":0,"parent":0,"menu_order":0,"comment_status":"closed","ping_status":"closed","template":"","meta":{"footnotes":""},"class_list":["post-16528","page","type-page","status-publish","hentry"],"_links":{"self":[{"href":"https:\/\/www.jkg-bruchsal.de\/index.php?rest_route=\/wp\/v2\/pages\/16528","targetHints":{"allow":["GET"]}}],"collection":[{"href":"https:\/\/www.jkg-bruchsal.de\/index.php?rest_route=\/wp\/v2\/pages"}],"about":[{"href":"https:\/\/www.jkg-bruchsal.de\/index.php?rest_route=\/wp\/v2\/types\/page"}],"author":[{"embeddable":true,"href":"https:\/\/www.jkg-bruchsal.de\/index.php?rest_route=\/wp\/v2\/users\/1"}],"replies":[{"embeddable":true,"href":"https:\/\/www.jkg-bruchsal.de\/index.php?rest_route=%2Fwp%2Fv2%2Fcomments&post=16528"}],"version-history":[{"count":14,"href":"https:\/\/www.jkg-bruchsal.de\/index.php?rest_route=\/wp\/v2\/pages\/16528\/revisions"}],"predecessor-version":[{"id":16738,"href":"https:\/\/www.jkg-bruchsal.de\/index.php?rest_route=\/wp\/v2\/pages\/16528\/revisions\/16738"}],"wp:attachment":[{"href":"https:\/\/www.jkg-bruchsal.de\/index.php?rest_route=%2Fwp%2Fv2%2Fmedia&parent=16528"}],"curies":[{"name":"wp","href":"https:\/\/api.w.org\/{rel}","templated":true}]}}