{"id":1767,"date":"2015-08-16T00:18:33","date_gmt":"2015-08-15T22:18:33","guid":{"rendered":"https:\/\/www.jkg-bruchsal.de\/wordpress\/?page_id=1767"},"modified":"2023-10-08T22:48:05","modified_gmt":"2023-10-08T20:48:05","slug":"delf","status":"publish","type":"page","link":"https:\/\/www.jkg-bruchsal.de\/?page_id=1767","title":{"rendered":"DELF"},"content":{"rendered":"<ul class=\"nav nav-tabs nav-justified\">\n<li role=\"presentation\" class=\"active\"><a href=\"#\">Was ist DELF?<\/a><\/li>\n<li role=\"presentation\"><a href=\"#Pr\u00fcfungsanforderungen\">Anforderungen<\/a><\/li>\n<li role=\"presentation\"><a href=\"#Vorteile\">Was bietet DELF?<\/a><\/li>\n<li role=\"presentation\"><a href=\"#Anmeldung\">Anmeldung<\/a><\/li>\n<li role=\"presentation\"><a href=\"#Berichte\">Berichte<\/a><\/li>\n<\/ul>\n<div class=\"nav-rule\">\n<hr>\n<\/div>\n<div class=\"row\">\n<div class=\"col-md-9\">\n<h3>Liebe Sch\u00fclerinnen und Sch\u00fcler,<\/h3>\n<p>dieses Jahr findet wieder die <em>AG DELF scolaire<\/em> statt!<\/p>\n<p><\/br><\/p>\n<p><\/br><\/p>\n<h3>Du m\u00f6chtest wissen, was das \u00fcberhaupt ist?<\/h3>\n<p>Die Arbeitsgemeinschaft <em>DELF scolaire<\/em> ist gedacht f\u00fcr gute und sehr gute Sch\u00fclerinnen und Sch\u00fcler, die Interesse an der franz\u00f6sischen Sprache und Kultur haben. Ziel ist es die DELF scolaire Pr\u00fcfung auf dem Niveau B1 zu absolvieren. DELF (<strong>D<\/strong>ipl\u00f4me d\u2019<strong>E<\/strong>tudes en <strong>L<\/strong>angue <strong>F<\/strong>ran\u00e7aise) &#8211; Zertifikate sind staatliche Sprachdiplome f\u00fcr Franz\u00f6sisch als Fremdsprache, die vom <a href=\"http:\/\/www.ciep.fr\" target=\"_blank\" rel=\"noopener noreferrer\">franz\u00f6sischen Erziehungsministerium (externer Link)<\/a> vergeben werden. Die Diplome gelten als Nachweis grundlegender Franz\u00f6sischkenntnisse, sie sind standardisiert, weltweit anerkannt und zeitlich unbegrenzt g\u00fcltig.<\/p>\n<\/div>\n<div class=\"col-md-3\">\n  <center><a href=\"https:\/\/www.jkg-bruchsal.de\/wordpress\/inhalte\/uploads\/2015\/08\/Paris-140x300.jpg\" data-rel=\"lightbox-image-0\" data-rl_title=\"\" data-rl_caption=\"\" title=\"\"><img decoding=\"async\" class=\"img-responsive\" src=\"https:\/\/www.jkg-bruchsal.de\/wordpress\/inhalte\/uploads\/2015\/08\/Paris-140x300.jpg\" alt=\"Paris \/ Eifelturm\" \/><\/a><\/center>\n<\/div>\n<\/div>\n<p><\/br><\/p>\n<hr>\n<h3><a name=\"Pr\u00fcfungsanforderungen\"><\/a>Du m\u00f6chtest wissen, was Du f\u00fcr die Pr\u00fcfung k\u00f6nnen musst?<\/h3>\n<p>In der Pr\u00fcfung werden durch eine Reihe von Aufgaben die vier kommunikativen Kompetenzen H\u00f6rverst\u00e4ndnis, Lesef\u00e4higkeit, m\u00fcndlicher und schriftlicher Ausdruck gepr\u00fcft, so wie im normalen Franz\u00f6sischunterricht auch. In der AG werden diese Kompetenzen zus\u00e4tzlich zum regul\u00e4ren Unterricht nochmals verst\u00e4rkt ge\u00fcbt und vertieft.<\/p>\n<p><strong>Keine Angst, die Pr\u00fcfung ist halb so wild und wirklich gut machbar!!!<\/strong><\/p>\n<p><\/br><\/p>\n<hr>\n<h3><a name=\"Vorteile\"><\/a>Welche Vorteile bietet Dir das DELF scolaire?<\/h3>\n<ul>\n<li>\n<p>Das Sprachdiplom hilft weltweit, klar definierte sprachliche Kompetenzen nachzuweisen. <\/p>\n<\/li>\n<li>\n<p>Du profitierst durch die Vorbereitung auf die Pr\u00fcfung auch f\u00fcr den regul\u00e4ren Franz\u00f6sischunterricht.<\/p>\n<\/li>\n<li>\n<p>DELF tr\u00e4gt zu einer effizienteren Vorbereitung auf den m\u00fcndlichen Teil des Abiturs bei, in dem monologisches und dialogisches Sprechen von Dir erwartet wird. <\/p>\n<\/li>\n<li>\n<p>Du bekommst durch die bestandene DELF-Pr\u00fcfung mehr Selbstvertrauen in Dich und Deine Franz\u00f6sischkenntnisse.<\/p>\n<\/li>\n<li>\n<p>Du hast mit DELF einen noten- und schulunabh\u00e4ngigen Nachweis \u00fcber Deine Sprachkenntnisse in der Hand.<\/p>\n<\/li>\n<li>\n<p>Im Studium wird bei der Bewerbung um einen Masterplatz (alle Fachrichtungen) meist neben Englisch der Nachweis einer zweiten Fremdsprache verlangt. Das DELF-Diplom hilft hier, sich von den anderen Bewerbern abzusetzen.<\/p>\n<\/li>\n<li>\n<p>Planst Du w\u00e4hrend Deines Studiums einen Auslandsaufenthalt (z.B. f\u00fcr ein bezahltes Praktisches Jahr (Medizin) in der Schweiz, f\u00fcr die Bewerbung um einen Erasmusplatz in frankophonen Universit\u00e4ten, f\u00fcr europ\u00e4ische\/ internationale Studieng\u00e4nge (Wirtschaft, Jura etc.), ben\u00f6tigst Du einen Nachweis Deiner Franz\u00f6sischkenntnisse. <\/p>\n<\/li>\n<li>\n<p>Das DELF-Diplom ist ein Trumpf bei der Bewerbung um einen Ausbildungsplatz im Dreil\u00e4ndereck, z.B. bei Firmen mit franz\u00f6sischen Gesch\u00e4ftspartnern oder im Einzelhandel bzw. Tourismus. Nur wenige Angestellte k\u00f6nnen ausreichend Franz\u00f6sisch, um Telefonate entgegen zu nehmen oder Kunden zu beraten. <\/p>\n<\/li>\n<li>\n<p>Bei Bewerbungen um eine Arbeitsstelle in der deutschsprachigen Schweiz ist das DELF-Diplom (je nach Branche \u2013 mindestens Niveau B1) obligatorisch. Ein Bewerber mit DELF \u2013 Diplom belegt nicht nur praktische Sprachkenntnisse, sondern auch ein Engagement, das \u00fcber den Unterricht hinausgeht. <\/p>\n<\/li>\n<li>\n<p>Grunds\u00e4tzlich werden Zusatzqualifikationen f\u00fcr Bewerbungen immer wichtiger. <\/p>\n<\/li>\n<\/ul>\n<p><\/br><\/p>\n<hr>\n<h3><a name=\"Anmeldung\"><\/a>Interesse?<\/h3>\n<p>Die AG wird von Frau Fath angeboten. Der Besuch der AG ist keine Voraussetzung f\u00fcr die Pr\u00fcfung, wird aber sehr empfohlen! D.h., du kannst auch an der Pr\u00fcfung teilnehmen, ohne an der AG teilzunehmen, falls Dir das aus zeitlichen Gr\u00fcnden nicht m\u00f6glich ist. Umgekehrt kannst Du auch an der AG teilnehmen, ohne eine Pr\u00fcfung anzustreben, um H\u00f6ren und Sprechen zu trainieren.<\/p>\n<p>Die Teilnahme an der AG ist kostenlos, jedoch ist die Teilnahme an der Pr\u00fcfung mit einer Geb\u00fchr verbunden. Diese betr\u00e4gt f\u00fcr das Niveau A1 28 \u20ac, f\u00fcr das Niveau A2 48 \u20ac und f\u00fcr das Niveau B1 60 \u20ac (Stand 08.10.2023). Hierbei handelt es sich um Geb\u00fchren, die vom deutsch-franz\u00f6sischen Institut erhoben werden.<\/p>\n<p>Wer sein Niveau testen m\u00f6chte, kann dies auf der Seite des <a href=\"https:\/\/static.klett.de\/projekte\/delf\/#\/\" target=\"_blank\" rel=\"noopener noreferrer\">Klett Verlages (externer Link)<\/a> tun.<\/p>\n<p>Bei Interesse, Fragen und f\u00fcr weitere Informationen kannst Du Dich bei <strong>Frau Fath<\/strong> melden. (Wenn Du Dir unsicher bist, ob die AG etwas f\u00fcr Dich ist, kannst Du auch erst einmal reinschnuppern!)<\/p>\n<p>Kontakt: fth (\u00e4t) jkg-bruchsal.de<\/p>\n<p><\/br><br \/>\n<em>Text: Hm\/Ho\/Fth (August 2015 \/ aktualisiert im Oktober 2023)<\/em><\/p>\n<p><\/br><\/p>\n<hr>\n<h3><a name=\"Berichte\"><\/a>Berichte vergangener Schuljahre<\/h3>\n<p><a href=\"https:\/\/www.jkg-bruchsal.de\/wordpress\/inhalte\/uploads\/2015\/08\/DELF-Bericht-2014.pdf\" target=\"_blank\" rel=\"noopener noreferrer\">Rapport sur le Dipl\u00f4me d&#8217;\u00c9tudes en Langue Fran\u00e7aise 2014 (PDF)<\/a><br \/>\n<a href=\"https:\/\/www.jkg-bruchsal.de\/wordpress\/inhalte\/uploads\/2015\/08\/DELF-Bericht-2015.pdf\" target=\"_blank\" rel=\"noopener noreferrer\">Rapport sur le Dipl\u00f4me d&#8217;\u00c9tudes en Langue Fran\u00e7aise 2015 (PDF)<\/a><br \/>\n<a href=\"https:\/\/www.jkg-bruchsal.de\/wordpress\/inhalte\/uploads\/2015\/08\/DELF-AG-Bericht-Juli-2017.pdf\" target=\"_blank\" rel=\"noopener noreferrer\">Rapport sur le Dipl\u00f4me d&#8217;\u00c9tudes en Langue Fran\u00e7aise 2017 (PDF)<\/a><\/p>\n<p><\/br><\/p>\n<h4>Chapeau! Hut ab!<\/h4>\n<div class=\"col-md-12\">\n<div class=\"row\">\n<div class=\"col-md-5 bootstrapfloat\">\n      <a href=\"https:\/\/www.jkg-bruchsal.de\/wordpress\/inhalte\/uploads\/2019\/07\/k-DELF-2019.jpg\" data-rel=\"lightbox-image-1\" data-rl_title=\"\" data-rl_caption=\"\" title=\"\"><img decoding=\"async\" class=\"img-responsive\" src=\"https:\/\/www.jkg-bruchsal.de\/wordpress\/inhalte\/uploads\/2019\/07\/k-DELF-2019.jpg\" alt=\"delf\" \/><\/a>\n    <\/div>\n<p>Wer glaubt, dass am Freitagnachmittag alle Lust und Motivation aufgebraucht sind, der kennt die Sch\u00fcler und Sch\u00fclerinnen der DELF-AG (Dipl\u00f4me d\u2019\u00e9tudes en langue fran\u00e7aise) nicht. Zehn Teilnehmer und Teilnehmerinnen versammelten sich alle zwei Wochen freitags in der 8. und 9. Stunde, um sich f\u00fcr das DELF scolaire vorzubereiten.  Hier trainierten sie ihre Fertigkeiten in den Bereichen Sprechen, Schreiben, Lese- und H\u00f6rverstehen in einer ebenso lustigen wie ehrgeizigen Runde.<\/p>\n<p>Und der Einsatz hat sich ausgezahlt! Die DELFler haben mit tollen Ergebnissen die Pr\u00fcfungen im Mai und Juni bestanden und sind jetzt stolze Besitzer eines DELF-Zertifikats, mit dem sie international anerkannt ihr Sprachniveau belegen k\u00f6nnen.  Au\u00dferdem haben sie erfolgreich eine Pr\u00fcfungssituation gemeistert und Erfahrungen f\u00fcr zuk\u00fcnftige Herausforderungen gesammelt. <\/p>\n<\/p><\/div>\n<\/p><\/div>\n<p>F\u00e9licitations pour la r\u00e9ussite!<\/p>\n<p><\/br><\/p>\n<h4><a name=\"DELF2021\"><\/a>Bericht: DELF-AG im Schuljahr 2021\/22<\/h4>\n<div class=\"col-md-12\">\n<div class=\"row\">\n<div class=\"col-md-5 bootstrapfloat\">\n      <a href=\"https:\/\/www.jkg-bruchsal.de\/wordpress\/inhalte\/uploads\/2022\/09\/k-IMG_1737.jpg\" data-rel=\"lightbox-image-2\" data-rl_title=\"\" data-rl_caption=\"\" title=\"\"><img decoding=\"async\" class=\"img-responsive\" src=\"https:\/\/www.jkg-bruchsal.de\/wordpress\/inhalte\/uploads\/2022\/09\/k-IMG_1737.jpg\" alt=\"delf\" \/><\/a>\n    <\/div>\n<p>Zuallererst, was ist DELF? &#8211; Dipl\u00f4me d&#8217;\u00c9tudes en Langue Fran\u00e7aise. Diese AG erm\u00f6glicht es, dass Franz\u00f6sisch-Begeisterte ihre Kenntnisse dieser Sprache vertiefen und erweitern k\u00f6nnen, um das Niveau B1 zu erlangen. Dahin gelangt man, wenn man eine schriftliche und eine m\u00fcndliche Pr\u00fcfung absolviert hat. Auch wir, die 2022 an der DELF-AG teilnahmen, haben es mit Erfolg geschafft.<\/p>\n<p>Beim ersten Treffen lernen wir zun\u00e4chst unsere Mentorin Frau Fath kennen. Am Anfang hatten wir alle nur eine vage Vorstellung davon, was uns in der AG und in den Pr\u00fcfungen erwarten w\u00fcrde. Zu Beginn waren wir alle sehr eingesch\u00fcchtert, da Frau Fath unseren Raum franz\u00f6sischsprechend betrat, doch wir gew\u00f6hnten uns sehr schnell an das hohe Nievau und nahmen die Herausforderung motiviert und mit vollem Elan an. Herausfordernd waren die \u00dcbungen zum H\u00f6rverstehen und die m\u00fcndlichen \u00dcbungsaufgaben f\u00fcr die m\u00fcndliche Pr\u00fcfung.<\/p>\n<p>Dies stellte sich jedoch sehr schnell als ein Geschenk f\u00fcr uns heraus, da wir so an unseren Schw\u00e4chen und Fehlern gearbeitet haben und zugleich unsere Kenntnisse erweitert haben. Ein weiterer gro\u00dfer Vorteil war der, dass sich unsere Fortschritte auch im regul\u00e4ren Franz\u00f6sischunterricht gezeigt haben und so unser Vertrauen mit der Sprache enorm wuchs. Zudem nutzten einige Teilnehmerinnen die AG als \u00dcbung hinsichtlich der Kursstufe, aber auch als \u00dcbung f\u00fcr die Pr\u00fcfungen.<\/p>\n<p>Das gemeinsame Lernen in einer motivierten Gruppe hat uns an der AG besonders gefallen, da wir uns gegenseitig immer geholfen haben und uns auch immer unterst\u00fctzt haben, wodurch wir sehr stark zusammengewachsen sind. Frau Fath hat uns auch immer motiviert und bat uns ihre Hilfe immer in etwaigen Angelegenheiten an, die wir immer dankend annahmen. So wurde bei allen, die Angst vor dem freien Sprechen zum gr\u00f6\u00dften Teil genommen und unser schriftlicher Ausdruck wurde ebenfalls verbessert. So f\u00fchlten wir uns trotz der gro\u00dfen Nervosit\u00e4t vor den Pr\u00fcfungen sehr gut vorbereitet. Die \u00dcbungsaufgaben waren zwar nicht ganz so leicht, aber auch nicht ganz so schwer und letzten Endes haben wir es alle geschafft, diese erfolgreich zu meistern. Auch die Pr\u00fcfer der DELF-Pr\u00fcfungen waren sehr sympathisch und nahmen unsere Angst. Das nicht nur wegen den S\u00fc\u00dfigkeiten, die wir am Ende als Belohnung bekommen hatten.<\/p>\n<p>Im Gesamten k\u00f6nnen wir die AG jedem weiterempfehlen, die begeistert von der franz\u00f6sischen Sprache sind und ihre Kenntnisse gerne erweitern und vertiefen wollen. Auch Freude und Spa\u00df an der Sprache w\u00e4ren vorteilhaft. Nat\u00fcrlich war das Arbeiten an den Freitagnachmittagen nicht immer sehr leicht, oft anstrengend, aber ohne diese ganzen Bem\u00fchungen w\u00fcrden wir hier jetzt nicht mit den Diplomen f\u00fcr DELF B1 in unseren H\u00e4nden stehen und euch stolz von unseren Erfahrungen erz\u00e4hlen. H\u00e4tten wir die M\u00f6glichkeit, erneut an der AG teilzunehmen, w\u00fcrden wir das alles sicher wieder machen. Es war eine sehr sch\u00f6ne Zeit und wir danken Frau Fath ebenso f\u00fcr die ganze Hilfe und Unterst\u00fctzung! Habt keine Angst und vor allem: Traut euch!<\/p>\n<p><em>Text: Hala &#038; Emily;<br \/>\nFoto: Fth<\/em><\/p>\n<\/p><\/div>\n<\/p><\/div>\n","protected":false},"excerpt":{"rendered":"<p>Was ist DELF? Anforderungen Was bietet DELF? Anmeldung Berichte Liebe Sch\u00fclerinnen und Sch\u00fcler, dieses Jahr findet wieder die AG DELF scolaire statt! Du m\u00f6chtest wissen, was das \u00fcberhaupt ist? Die Arbeitsgemeinschaft DELF scolaire ist gedacht f\u00fcr gute und sehr gute Sch\u00fclerinnen und Sch\u00fcler, die Interesse an der franz\u00f6sischen Sprache und Kultur haben. Ziel ist es [&hellip;]<\/p>\n","protected":false},"author":2,"featured_media":0,"parent":118,"menu_order":40,"comment_status":"closed","ping_status":"closed","template":"","meta":{"footnotes":""},"class_list":["post-1767","page","type-page","status-publish","hentry"],"_links":{"self":[{"href":"https:\/\/www.jkg-bruchsal.de\/index.php?rest_route=\/wp\/v2\/pages\/1767","targetHints":{"allow":["GET"]}}],"collection":[{"href":"https:\/\/www.jkg-bruchsal.de\/index.php?rest_route=\/wp\/v2\/pages"}],"about":[{"href":"https:\/\/www.jkg-bruchsal.de\/index.php?rest_route=\/wp\/v2\/types\/page"}],"author":[{"embeddable":true,"href":"https:\/\/www.jkg-bruchsal.de\/index.php?rest_route=\/wp\/v2\/users\/2"}],"replies":[{"embeddable":true,"href":"https:\/\/www.jkg-bruchsal.de\/index.php?rest_route=%2Fwp%2Fv2%2Fcomments&post=1767"}],"version-history":[{"count":6,"href":"https:\/\/www.jkg-bruchsal.de\/index.php?rest_route=\/wp\/v2\/pages\/1767\/revisions"}],"predecessor-version":[{"id":15462,"href":"https:\/\/www.jkg-bruchsal.de\/index.php?rest_route=\/wp\/v2\/pages\/1767\/revisions\/15462"}],"up":[{"embeddable":true,"href":"https:\/\/www.jkg-bruchsal.de\/index.php?rest_route=\/wp\/v2\/pages\/118"}],"wp:attachment":[{"href":"https:\/\/www.jkg-bruchsal.de\/index.php?rest_route=%2Fwp%2Fv2%2Fmedia&parent=1767"}],"curies":[{"name":"wp","href":"https:\/\/api.w.org\/{rel}","templated":true}]}}