{"id":180,"date":"2015-07-18T17:46:08","date_gmt":"2015-07-18T15:46:08","guid":{"rendered":"http:\/\/www.jkg-bruchsal.de\/wordpress\/?page_id=180"},"modified":"2021-01-29T20:48:08","modified_gmt":"2021-01-29T19:48:08","slug":"wer-war-justus-knecht","status":"publish","type":"page","link":"https:\/\/www.jkg-bruchsal.de\/?page_id=180","title":{"rendered":"Wer war Justus Knecht?"},"content":{"rendered":"<p>\n  <a class=\"btn btn-primary\" style=\"float:right;\" href=\"https:\/\/www.jkg-bruchsal.de\/?page_id=182\"><span class=\"hidden-xs\">Jahresbericht >><\/span><i class=\"glyphicon glyphicon-arrow-right visible-xs\"><\/i><\/a>\n<\/p>\n<h3><a name=\"Todestag von Justus Knecht\"><\/a>Zum 100. Todestag von Justus Knecht<\/h3>\n<h4>Der hundertste Todestag von Friedrich Justus Knecht j\u00e4hrt sich am 31. Januar 2021<\/h4>\n<div class=\"col-md-12\">\n<div class=\"row\">\n<div class=\"col-md-8 bootstrapfloat\">\n<p>Justus Knecht starb im Alter von 81 Jahren als hoch geachteter Weihbischof der Erzdi\u00f6zese Freiburg, seit 1919 auch als Ehrenb\u00fcrger der Stadt Bruchsal.<\/p>\n<p>Als vor genau 100 Jahren der Namensgeber unserer Schule, Dr. Friedrich Justus Knecht, am 31.1.1921 starb, war die Welt nicht in Ordnung:<\/p>\n<li>der 1. Weltkrieg lag dreieinhalb Jahre zur\u00fcck<\/li>\n<li>die Spanische Grippe, die letzte erinnerbare Pandemie in Europa, hatte viele Todesopfer gekostet<\/li>\n<li>Streit und Proteste wurden oft auf der Stra\u00dfe und mit Gewalt ausgetragen.<\/li>\n<p><\/br><\/p>\n<p><strong>Was ist in seinem Lebenslauf bemerkenswert f\u00fcr uns als Schulgemeinschaft?<\/strong><\/p>\n<p><\/br><\/p>\n<li>geboren wurde er als siebtes Kind eines protestantischen Schneidermeisters aus Bruchsal und konvertierte im Alter von 16 Jahren zum katholischen Glauben<\/li>\n<li>sein Abitur machte er am Ludwig-Wilhelm-Gymnasium (damals: \u201aLyzeum\u2018 genannt) in Rastatt<\/li>\n<li>er studierte Theologie in Freiburg und wurde im Alter von 22 Jahren zum Priester geweiht<\/li>\n<li>Industrialisierung und Modernisierung f\u00fchrten in der 2. H\u00e4lfte des 19. Jahrhunderts zu Verunsicherung und dem Verlust traditioneller Bindungen, so dass er in einer fundierten religi\u00f6sen Ausbildung in der Schule ein zentrales Gegengewicht sah, um allen Kindern seelischen Halt in unsicheren Zeiten zu geben. Der Katechismus als Frage-und-Antwort-Spiel zur Erl\u00e4uterung der Glaubensinhalte war in dieser Hinsicht f\u00fcr ihn zentral:<\/li>\n<p><\/br><\/p>\n<p>&#8211; zeitlebens engagierte er sich intensiv als Religionslehrer an diversen Schultypen<br \/>\n&#8211; er hatte seine Sch\u00fcler immer im Blick<br \/>\n&#8211; er war sich der Zeitnot der Lehrer bewusst und wollte praktische Hilfe leisten<br \/>\n&#8211; er hat B\u00fccher zu biblischen Geschichten geschrieben, um damit komplizierte Glaubensfragen anschaulich zu machen<br \/>\n&#8211; sein Lehren und Unterrichten hatte den Anspruch, alle Kinder mitzunehmen, auch (und vielleicht sogar besonders) diejenigen, denen es nicht leichtf\u00e4llt.<\/p>\n<p><\/br><\/p><\/div>\n<div class=\"col-md-1 bootstrapfloat\"><\/div>\n<div class=\"col-md-3 bootstrapfloat\">\n      <a href=\"https:\/\/www.jkg-bruchsal.de\/wordpress\/inhalte\/uploads\/2021\/01\/01-Titelseite-Biblische-Geschichte.jpg\" data-rel=\"lightbox-image-0\" data-rl_title=\"\" data-rl_caption=\"\" title=\"\"><img decoding=\"async\" class=\"img-responsive\" src=\"https:\/\/www.jkg-bruchsal.de\/wordpress\/inhalte\/uploads\/2021\/01\/01-Titelseite-Biblische-Geschichte.jpg\" alt=\"Titelseite-Biblische-Geschichte\" \/><\/a>\n    <\/div>\n<\/p><\/div>\n<\/p><\/div>\n<p><\/br><\/p>\n<p>Viele seiner Positionen sind sicherlich im Rahmen seiner Zeit zu sehen. Aber sein schulisches Engagement und sein wacher Blick auf das reale Leben im Klassenzimmer werden in seinen B\u00fcchern sehr deutlich. Es k\u00f6nnte interessant sein, mit neuem Blick auf den kleinen Jungen aus Bruchsal zu schauen, der vor hundert Jahren im Chorumgang des Freiburger M\u00fcnsters seine letzte Ruhest\u00e4tte fand.<\/p>\n<p><P><em>Text: Stefan Hanke (2021) <\/em><\/p>\n<div class=\"col-md-12\">\n<div class=\"row\">\n<div class=\"col-xs-4 bootstrapfloat\">\n      <a href=\"https:\/\/www.jkg-bruchsal.de\/wordpress\/inhalte\/uploads\/2021\/01\/02-Beispiel-aus-der-Einleitung-zur-Biblischen-Geschichte-S-38-39.jpg\" data-rel=\"lightbox-image-1\" data-rl_title=\"\" data-rl_caption=\"\" title=\"\"><img decoding=\"async\" class=\"img-responsive\" src=\"https:\/\/www.jkg-bruchsal.de\/wordpress\/inhalte\/uploads\/2021\/01\/02-Beispiel-aus-der-Einleitung-zur-Biblischen-Geschichte-S-38-39.jpg\" alt=\"Beispiel-aus-der-Einleitung-zur-Biblischen-Geschichte\" style=\"padding: 7px;\" \/><\/a>\n    <\/div>\n<p><\/br><\/p>\n<div class=\"col-xs-4 bootstrapfloat\">\n      <a href=\"https:\/\/www.jkg-bruchsal.de\/wordpress\/inhalte\/uploads\/2021\/01\/04-Lektionsplan-fuer-die-zweiklassige-Volksschule.jpg\" data-rel=\"lightbox-image-2\" data-rl_title=\"\" data-rl_caption=\"\" title=\"\"><img decoding=\"async\" class=\"img-responsive\" src=\"https:\/\/www.jkg-bruchsal.de\/wordpress\/inhalte\/uploads\/2021\/01\/04-Lektionsplan-fuer-die-zweiklassige-Volksschule.jpg\" alt=\"Lektionsplan-fuer-die-zweiklassige-Volksschule\" style=\"padding: 7px;\" \/><\/a>\n    <\/div>\n<p><\/br><\/p>\n<div class=\"col-xs-4 bootstrapfloat\">\n      <a href=\"https:\/\/www.jkg-bruchsal.de\/wordpress\/inhalte\/uploads\/2021\/01\/05-Lektionsplan-fuer-die-achtklassige-Volksschule.jpg\" data-rel=\"lightbox-image-3\" data-rl_title=\"\" data-rl_caption=\"\" title=\"\"><img decoding=\"async\" class=\"img-responsive\" src=\"https:\/\/www.jkg-bruchsal.de\/wordpress\/inhalte\/uploads\/2021\/01\/05-Lektionsplan-fuer-die-achtklassige-Volksschule.jpg\" alt=\"Lektionsplan-fuer-die-achtklassige-Volksschule\" style=\"padding: 7px;\" \/><\/a>\n    <\/div>\n<\/p><\/div>\n<\/p><\/div>\n<p><\/br><\/p>\n<p><em>Bilder: Ausz\u00fcge aus der &#8222;Biblischen Geschichte&#8220;<\/em><\/p>\n<hr>\n<h3><a name=\"Justus Knecht\"><\/a>Der Namensgeber unserer Schule<\/h3>\n<div class=\"col-md-12\">\n<div class=\"row\">\n<div class=\"col-md-3 bootstrapfloat\">\n      <a href=\"https:\/\/www.jkg-bruchsal.de\/wordpress\/inhalte\/uploads\/2015\/07\/Justus-Knecht.jpg\" data-rel=\"lightbox-image-4\" data-rl_title=\"\" data-rl_caption=\"\" title=\"\"><img decoding=\"async\" class=\"img-responsive\" src=\"https:\/\/www.jkg-bruchsal.de\/wordpress\/inhalte\/uploads\/2015\/07\/Justus-Knecht.jpg\" alt=\"Justus Knecht\" \/><\/a>\n    <\/div>\n<p>Das Justus-Knecht-Gymnasium Bruchsal, die fr\u00fchere Oberrealschule, erhielt am 25. Februar 1946 mit Zustimmung des Bruchsaler Stadtrates den Namen Justus-Knecht-Realgymnasium. Man wollte damit das Lebenswerk des in Bruchsal geborenen Friedrich Justus Knecht w\u00fcrdigen und den kommenden Generationen in Erinnerung rufen. <\/p>\n<p>Friedrich Justus Knecht wurde am 7. Oktober 1839 als Sohn des Bruchsaler Schneidermeisters Heinrich Ludwig Knecht und von Catharina Knecht, geb. Schmer in Bruchsal geboren. Er besuchte von 1843 bis 1849 die Volksschule und von 1849 bis 1856 das Gymnasium in Bruchsal. Ab 1856 besuchte er das Lyzeum Rastatt. Nach dem Abitur 1858 dort und dem Studium der katholischen Theologie in Freiburg (1858-1861) trat er 1861 ins Priesterseminar in St. Peter ein und wurde am 5. August 1862 dort von Erzbischof Hermann von Vicari zum Priester geweiht.<\/p>\n<p>Unmittelbar danach wirkte Justus Knecht als Vikar in Durmersheim, Rastatt, Freiburg (St. Martin) und war ab 1863 zeitgleich Repetitor und Pr\u00e4fekt im Erzbisch\u00f6flichen Knabenseminar und Religionslehrer an der H\u00f6heren B\u00fcrgerschule in Freiburg. 1864 wurde er Pfarrkurat in Emmendingen und 1866 Pfarrer in Buchholz bei Freiburg.  Nachdem er 1869 als Pfarrverweser bzw. Benefiziatsverweser nach Gengenbach und 1871 nach Seelbach und nach Reichenbach berufen worden war, wurde er dort 1872 als Pfarrer investiert. Im Jahre 1874 wurde er von Bistumsverweser Lothar von K\u00fcbel zum Erzbisch\u00f6flichen Schulinspektor ernannt. Als Pfarrverweser mit Absenz wurde er 1877 nach Erlach berufen. Im darauffolgenden Jahr wurde er an der Universit\u00e4t T\u00fcbingen zum Doktor der Theologie promoviert und 1879 als Pfarrverweser nach Schuttertal berufen, wo 1880 seine Investitur gefeiert wurde. Im Jahr 1881 wurde Justus Knecht zum Ehrenmitglied der Katholischen Deutschen Studentenverbindung \u201eHercynia Freiburg im Breisgau\u201c ernannt. 1882 berief ihn (der 1806 ebenfalls in Bruchsal geborene) Erzbischof Johann Baptist Orbin in sein Domkapitel und betraute ihn mit der besonderen Verantwortung f\u00fcr Schule und Religionsunterricht in der Erzdi\u00f6zese Freiburg. <\/p>\n<p>Im selben Jahr verfasste Justus Knecht den Praktischen Kommentar zur Biblischen Geschichte. Ebenfalls 1882 folgte die Herausgabe der Kurzen Biblischen Geschichte f\u00fcr die unteren Schuljahre der Katholischen Volksschule, welche in insgesamt zwanzig Sprachen \u00fcbersetzt wurde. Schon bei seiner Ernennung zum Domkapitular sollte Justus Knecht nach dem Willen von Papst Leo XIII. zum Weihbischof ernannt werden. Laut Necrologium Friburgense von 1926 stellten sich jedoch \u201eHindernisse verschiedener Art\u201c in den Weg. 1893 erhielt er von Papst Leo XIII. den Ehrentitel \u201eP\u00e4pstlicher Geheimk\u00e4mmerer\u201c und wurde 1894 zum Weihbischof von Freiburg und Titularbischof von Neve (einem untergegangenen Bistum mit Sitz am Berg Nebo in Jordanien) ernannt. Nach dem Tod von Erzbischof Johann Baptist Orbin 1886 galt er als m\u00f6glicher Nachfolger, wurde jedoch von Seiten der Badischen Landesregierung von der Kandidatenliste gestrichen. Im Jahre 1896 wurde Justus Knecht zum Freiburger Domdekan und somit als Kapitularvikar zum Vorsteher des Domkapitels ernannt. So war er nach dem Tod von Erzbischof Johannes Christian Roos 1896 bis 1898 Erzbistumsverweser, erlangte die Titel \u201eP\u00e4pstlicher Thronassistent und Comes Romanus\u201c und leitete w\u00e4hrend der zwei Jahre andauernden Sedisvakanz bis zur Ernennung von Georg Ignaz Komp die Erzdi\u00f6zese Freiburg. Schlie\u00dflich kam 1907 seine Biblische Geschichte f\u00fcr Schule und Haus heraus. Als Anerkennung f\u00fcr seine gro\u00dfen Verdienste als Religionsp\u00e4dagoge und seine erfolgreichen schriftstellerischen Aktivit\u00e4ten verlieh ihm der Bruchsaler Stadtrat anl\u00e4sslich seines bevorstehenden 80. Geburtstages am 2. Oktober 1919 das Ehrenb\u00fcrgerrecht. Im Alter von 81 Jahren verstarb der Bruchsaler Ehrenb\u00fcrger Justus Knecht am 31. Januar 1921 in Freiburg, wo er am 3. Februar im n\u00f6rdlichen Chorumgang des M\u00fcnsters in der Heimhofer-Kapelle beigesetzt wurde.<\/p>\n<\/p><\/div>\n<\/div>\n<p><\/br><br \/>\n<em>Text: Wip<br \/>\nFoto: Stadt Bruchsal<\/em><\/p>\n<p><\/p>\n<hr>\n","protected":false},"excerpt":{"rendered":"<p>Jahresbericht >> Zum 100. Todestag von Justus Knecht Der hundertste Todestag von Friedrich Justus Knecht j\u00e4hrt sich am 31. Januar 2021 Justus Knecht starb im Alter von 81 Jahren als hoch geachteter Weihbischof der Erzdi\u00f6zese Freiburg, seit 1919 auch als Ehrenb\u00fcrger der Stadt Bruchsal. Als vor genau 100 Jahren der Namensgeber unserer Schule, Dr. Friedrich [&hellip;]<\/p>\n","protected":false},"author":2,"featured_media":0,"parent":64,"menu_order":10,"comment_status":"open","ping_status":"open","template":"","meta":{"footnotes":""},"class_list":["post-180","page","type-page","status-publish","hentry"],"_links":{"self":[{"href":"https:\/\/www.jkg-bruchsal.de\/index.php?rest_route=\/wp\/v2\/pages\/180","targetHints":{"allow":["GET"]}}],"collection":[{"href":"https:\/\/www.jkg-bruchsal.de\/index.php?rest_route=\/wp\/v2\/pages"}],"about":[{"href":"https:\/\/www.jkg-bruchsal.de\/index.php?rest_route=\/wp\/v2\/types\/page"}],"author":[{"embeddable":true,"href":"https:\/\/www.jkg-bruchsal.de\/index.php?rest_route=\/wp\/v2\/users\/2"}],"replies":[{"embeddable":true,"href":"https:\/\/www.jkg-bruchsal.de\/index.php?rest_route=%2Fwp%2Fv2%2Fcomments&post=180"}],"version-history":[{"count":0,"href":"https:\/\/www.jkg-bruchsal.de\/index.php?rest_route=\/wp\/v2\/pages\/180\/revisions"}],"up":[{"embeddable":true,"href":"https:\/\/www.jkg-bruchsal.de\/index.php?rest_route=\/wp\/v2\/pages\/64"}],"wp:attachment":[{"href":"https:\/\/www.jkg-bruchsal.de\/index.php?rest_route=%2Fwp%2Fv2%2Fmedia&parent=180"}],"curies":[{"name":"wp","href":"https:\/\/api.w.org\/{rel}","templated":true}]}}