{"id":184,"date":"2015-07-18T17:47:20","date_gmt":"2015-07-18T15:47:20","guid":{"rendered":"http:\/\/www.jkg-bruchsal.de\/wordpress\/?page_id=184"},"modified":"2018-10-03T18:03:30","modified_gmt":"2018-10-03T16:03:30","slug":"geschichte-der-schule","status":"publish","type":"page","link":"https:\/\/www.jkg-bruchsal.de\/?page_id=184","title":{"rendered":"Geschichte der Schule"},"content":{"rendered":"<div class=\"row\">\n<div class=\"col-md-6\">\n    <a class=\"btn btn-primary\" style=\"float:left;\" href=\"https:\/\/www.jkg-bruchsal.de\/?page_id=182\"><span class=\"hidden-xs\"><< Jahresbericht<\/span><i class=\"glyphicon glyphicon-arrow-left visible-xs\"><\/i><\/a>\n  <\/div>\n<div class=\"col-md-6\">\n    <a class=\"btn btn-primary\" style=\"float:right;\" href=\"https:\/\/www.jkg-bruchsal.de\/?page_id=9268\"><span class=\"hidden-xs\">Schulchronik >><\/span><i class=\"glyphicon glyphicon-arrow-right visible-xs\"><\/i><\/a>\n  <\/div>\n<\/div>\n<hr>\n<figure>\n  <a href=\"https:\/\/www.jkg-bruchsal.de\/wordpress\/inhalte\/uploads\/2015\/07\/jkg_75.jpg\" data-rel=\"lightbox-image-0\" data-rl_title=\"\" data-rl_caption=\"\" title=\"\"><img decoding=\"async\" class=\"img-responsive\" src=\"https:\/\/www.jkg-bruchsal.de\/wordpress\/inhalte\/uploads\/2015\/07\/jkg_75.jpg\" alt=\"Das JKG-Hauptgeb\u00e4ude im Jahr 1951\" \/><\/a><figcaption>\n    Das Justus-Knecht-Gymnasium nach dem Wiederaufbau 1951, damals noch zweist\u00f6ckig (Foto: Herzer)<br \/>\n  <\/figcaption><\/figure>\n<h3>Meilensteine der Schulgeschichte des JKG<\/h3>\n<figure>\n  <a href=\"https:\/\/www.jkg-bruchsal.de\/wordpress\/inhalte\/uploads\/2015\/07\/Schulgeschichte-1.jpg\" data-rel=\"lightbox-image-1\" data-rl_title=\"\" data-rl_caption=\"\" title=\"\"><img decoding=\"async\" class=\"img-responsive\" src=\"https:\/\/www.jkg-bruchsal.de\/wordpress\/inhalte\/uploads\/2015\/07\/Schulgeschichte-1.jpg\" alt=\"Schulgeschichte 1\" \/><\/a><figcaption>\n  <\/figcaption><\/figure>\n<figure>\n  <a href=\"https:\/\/www.jkg-bruchsal.de\/wordpress\/inhalte\/uploads\/2015\/07\/Schulgeschichte-2.jpg\" data-rel=\"lightbox-image-2\" data-rl_title=\"\" data-rl_caption=\"\" title=\"\"><img decoding=\"async\" class=\"img-responsive\" src=\"https:\/\/www.jkg-bruchsal.de\/wordpress\/inhalte\/uploads\/2015\/07\/Schulgeschichte-2.jpg\" alt=\"Schulgeschichte 2\" \/><\/a><figcaption>\n    Grafik: Jg (2017)<br \/>\n  <\/figcaption><\/figure>\n<p><\/br><\/p>\n<hr>\n<h3>Geschichte des JKG-Hauptgeb\u00e4udes<\/h3>\n<p>Ganz leise und ohne eine Menschenseele \u2013 eben in den Ferien! &#8211; beging das JKG-Hauptgeb\u00e4ude zwischen Moltke- und Durlacher Stra\u00dfe am Osterdienstag 2013 den 75. Jahrestag seiner Grundsteinlegung \u2013 und es kann auf ein bewegtes \u201eLeben\u201c zur\u00fcckblicken. Notwendig wurde der Schulhausbau 1938, da die Dragonerkaserne wieder ihrer urspr\u00fcnglichen Nutzung zugef\u00fchrt wurde und die dort untergebrachte Volksschule weichen musste. Das vielbeachtete, f\u00fcr die damalige Zeit sehr moderne, weil leicht geschwungene Geb\u00e4ude des Architekten Hansen konnte schon kurze Zeit sp\u00e4ter als \u201eHans-Schemm-Schule\u201c seiner Bestimmung \u00fcbergeben werden. Doch das Geb\u00e4ude diente nur wenige Jahre als Volksschule. Von 1943 bis 1945 beherbergte es ein Lazarett. Die Klassenzimmer wurden mit bis zu acht Krankenbetten belegt, die \u00c4rzte des Bruchsaler Krankenhauses kamen als Beleg\u00e4rzte.<\/p>\n<p>Am 1. M\u00e4rz 1945 wurde das Geb\u00e4ude zu 70% zerst\u00f6rt. Nachdem es der Bruchsaler Gemeinderat am 25. Februar 1946 in \u201eJustus-Knecht-Schule\u201c umbenannt hatte \u2013 ein bisch\u00f6flicher Ehrenb\u00fcrger schien als Namensgeber passender als ein NSDAP-Funktion\u00e4r ! \u2013 ging man an den Wiederaufbau. 1947 war die Entr\u00fcmpelung der Schulruine abgeschlossen, der Wiederaufbau des Westfl\u00fcgels ab M\u00e4rz 1948 kam wegen des Baustoffmangels nur langsam voran. Erst nach der W\u00e4hrungsreform gingen die Bauarbeiten rascher von statten, sodass im Januar 1950 das heutige Sch\u00f6nborn-Gymnasium den Westfl\u00fcgel beziehen konnte. Am 9. Juni 1951 wurde bei der feierlichen Neueinweihung der Schule gleichzeitig der Umzug des Realgymnasiums in das Geb\u00e4ude abgeschlossen.<\/p>\n<p>Das Justus-Knecht-Gymnasium, wie es dann seit 1953 hie\u00df, prosperierte, sodass 1966\/67 eine Aufstockung des Geb\u00e4udes notwendig wurde. Die Planung und Bauausf\u00fchrung lag in den H\u00e4nden des Bruchsaler Architekten Kolb. In den Sommerferien 1966, die ausnahmsweise zehn Wochen dauerten, wurden die Rohbauarbeiten erledigt. Die Aufstockung des Geb\u00e4udes erh\u00f6hte die Zahl der Klassenr\u00e4ume von 29 auf 39, au\u00dferdem kamen Fachr\u00e4ume hinzu. Insgesamt standen 1834 Quadratmeter mehr Fl\u00e4che zur Verf\u00fcgung.<\/p>\n<p>Weitere gro\u00dfe Sanierungsma\u00dfnahmen folgten in den kommenden Jahrzehnten. In den 1980ern wurde die Schule nach Aspekten des Schallschutzes modernisiert, in der letzten Dekade standen Sanierungsma\u00dfnahmen zur Verbesserung des Brandschutzes im Zentrum. M\u00f6gen noch viele lachende Sch\u00fclerinnen und Sch\u00fcler durch die Pforten des alten Gem\u00e4uers treten!<\/p>\n<p><\/br><br \/>\n<em>Text: Florian Jung (April 2013)<\/em><\/p>\n<figure>\n  <a href=\"https:\/\/www.jkg-bruchsal.de\/wordpress\/inhalte\/uploads\/2015\/07\/Hauptgeb\u00e4ude-1948-2.jpg\" data-rel=\"lightbox-image-3\" data-rl_title=\"\" data-rl_caption=\"\" title=\"\"><img decoding=\"async\" class=\"img-responsive\" src=\"https:\/\/www.jkg-bruchsal.de\/wordpress\/inhalte\/uploads\/2015\/07\/Hauptgeb\u00e4ude-1948-2.jpg\" alt=\"Hauptgeb\u00e4ude 1948\" \/><\/a><figcaption>\n    Feuerwehr\u00fcbung 1948 an der Ruine der Justus-Knecht-Schule (Foto: Huber)<br \/>\n  <\/figcaption><\/figure>\n<p><\/br><\/p>\n<hr>\n<h3>Links zur Schulgeschichte:<\/h3>\n<p><a href=\"https:\/\/www.jkg-bruchsal.de\/?page_id=56\">Veranstaltungen und Aktivit\u00e4ten zum 125-j\u00e4hrigen Schuljubil\u00e4um 2017 >><\/a><br \/>\n<a href=\"https:\/\/www.jkg-bruchsal.de\/?page_id=93#\">Abiturjahrg\u00e4nge und Ehemalige >><\/a><br \/>\n<a href=\"https:\/\/www.jkg-bruchsal.de\/?page_id=89\">Freundeskreis des JKG >><\/a><br \/>\n<a href=\"https:\/\/www.jkg-bruchsal.de\/?page_id=182\">Jahresbericht >><\/a><br \/>\n<a href=\"https:\/\/www.jkg-bruchsal.de\/?page_id=180\">Wer war Justus Knecht? >><\/a><\/p>\n","protected":false},"excerpt":{"rendered":"<p>> Das Justus-Knecht-Gymnasium nach dem Wiederaufbau 1951, damals noch zweist\u00f6ckig (Foto: Herzer) Meilensteine der Schulgeschichte des JKG Grafik: Jg (2017) Geschichte des JKG-Hauptgeb\u00e4udes Ganz leise und ohne eine Menschenseele \u2013 eben in den Ferien! &#8211; beging das JKG-Hauptgeb\u00e4ude zwischen Moltke- und Durlacher Stra\u00dfe am Osterdienstag 2013 den 75. Jahrestag seiner Grundsteinlegung \u2013 und es kann [&hellip;]<\/p>\n","protected":false},"author":2,"featured_media":0,"parent":64,"menu_order":30,"comment_status":"open","ping_status":"open","template":"","meta":{"footnotes":""},"class_list":["post-184","page","type-page","status-publish","hentry"],"_links":{"self":[{"href":"https:\/\/www.jkg-bruchsal.de\/index.php?rest_route=\/wp\/v2\/pages\/184","targetHints":{"allow":["GET"]}}],"collection":[{"href":"https:\/\/www.jkg-bruchsal.de\/index.php?rest_route=\/wp\/v2\/pages"}],"about":[{"href":"https:\/\/www.jkg-bruchsal.de\/index.php?rest_route=\/wp\/v2\/types\/page"}],"author":[{"embeddable":true,"href":"https:\/\/www.jkg-bruchsal.de\/index.php?rest_route=\/wp\/v2\/users\/2"}],"replies":[{"embeddable":true,"href":"https:\/\/www.jkg-bruchsal.de\/index.php?rest_route=%2Fwp%2Fv2%2Fcomments&post=184"}],"version-history":[{"count":0,"href":"https:\/\/www.jkg-bruchsal.de\/index.php?rest_route=\/wp\/v2\/pages\/184\/revisions"}],"up":[{"embeddable":true,"href":"https:\/\/www.jkg-bruchsal.de\/index.php?rest_route=\/wp\/v2\/pages\/64"}],"wp:attachment":[{"href":"https:\/\/www.jkg-bruchsal.de\/index.php?rest_route=%2Fwp%2Fv2%2Fmedia&parent=184"}],"curies":[{"name":"wp","href":"https:\/\/api.w.org\/{rel}","templated":true}]}}