{"id":198,"date":"2015-07-18T19:11:52","date_gmt":"2015-07-18T17:11:52","guid":{"rendered":"http:\/\/www.jkg-bruchsal.de\/wordpress\/?page_id=198"},"modified":"2024-11-10T21:21:08","modified_gmt":"2024-11-10T20:21:08","slug":"uebersicht-beratungsangebote","status":"publish","type":"page","link":"https:\/\/www.jkg-bruchsal.de\/?page_id=198","title":{"rendered":"\u00dcbersicht Beratungsangebote"},"content":{"rendered":"<p><\/br><\/p>\n<p>Neben den t\u00e4glichen p\u00e4dagogischen Unterst\u00fctzungen durch Klassenlehrerstunden und Klassenrat stehen unseren Sch\u00fclerinnen und Sch\u00fclern am JKG institutionalisierte Unterst\u00fctzungssysteme zur Seite.<\/p>\n<p><\/br><\/p>\n<div class=\"row\">\n<div class=\"col-xs-12 col-md-3\">\n      <a href=\"https:\/\/www.jkg-bruchsal.de\/wordpress\/inhalte\/uploads\/2024\/11\/JKG-Logo-ohne-Striche-sw.jpeg\" data-rel=\"lightbox-image-0\" data-rl_title=\"\" data-rl_caption=\"\" title=\"\"><img decoding=\"async\" class=\"img-responsive\" src=\"https:\/\/www.jkg-bruchsal.de\/wordpress\/inhalte\/uploads\/2024\/11\/JKG-Logo-ohne-Striche-sw.jpeg\" alt=\"JKG Logo ohne Striche\" \/><\/a>\n    <\/div>\n<div class=\"col-xs-12 col-md-9\">\n<div class=\"uuumenue\">\n<h4><a href=\"https:\/\/www.jkg-bruchsal.de\/?page_id=200\">Schulsozialarbeit<\/a><\/h4>\n<h4><a href=\"https:\/\/www.jkg-bruchsal.de\/?page_id=202\">Beratungslehrer<\/a><\/h4>\n<h4><a href=\"https:\/\/www.jkg-bruchsal.de\/?page_id=204\">Schulseelsorge<\/a><\/h4>\n<h4><a href=\"https:\/\/www.jkg-bruchsal.de\/?page_id=206\">Streitschlichter<\/a><\/h4>\n<h4><a href=\"https:\/\/www.jkg-bruchsal.de\/?page_id=208\">Suchtpr\u00e4vention<\/a><\/h4>\n<\/div><\/div>\n<\/p><\/div>\n","protected":false},"excerpt":{"rendered":"<p>Neben den t\u00e4glichen p\u00e4dagogischen Unterst\u00fctzungen durch Klassenlehrerstunden und Klassenrat stehen unseren Sch\u00fclerinnen und Sch\u00fclern am JKG institutionalisierte Unterst\u00fctzungssysteme zur Seite. Schulsozialarbeit Beratungslehrer Schulseelsorge Streitschlichter Suchtpr\u00e4vention<\/p>\n","protected":false},"author":2,"featured_media":0,"parent":85,"menu_order":10,"comment_status":"open","ping_status":"closed","template":"","meta":{"footnotes":""},"class_list":["post-198","page","type-page","status-publish","hentry"],"_links":{"self":[{"href":"https:\/\/www.jkg-bruchsal.de\/index.php?rest_route=\/wp\/v2\/pages\/198","targetHints":{"allow":["GET"]}}],"collection":[{"href":"https:\/\/www.jkg-bruchsal.de\/index.php?rest_route=\/wp\/v2\/pages"}],"about":[{"href":"https:\/\/www.jkg-bruchsal.de\/index.php?rest_route=\/wp\/v2\/types\/page"}],"author":[{"embeddable":true,"href":"https:\/\/www.jkg-bruchsal.de\/index.php?rest_route=\/wp\/v2\/users\/2"}],"replies":[{"embeddable":true,"href":"https:\/\/www.jkg-bruchsal.de\/index.php?rest_route=%2Fwp%2Fv2%2Fcomments&post=198"}],"version-history":[{"count":4,"href":"https:\/\/www.jkg-bruchsal.de\/index.php?rest_route=\/wp\/v2\/pages\/198\/revisions"}],"predecessor-version":[{"id":16132,"href":"https:\/\/www.jkg-bruchsal.de\/index.php?rest_route=\/wp\/v2\/pages\/198\/revisions\/16132"}],"up":[{"embeddable":true,"href":"https:\/\/www.jkg-bruchsal.de\/index.php?rest_route=\/wp\/v2\/pages\/85"}],"wp:attachment":[{"href":"https:\/\/www.jkg-bruchsal.de\/index.php?rest_route=%2Fwp%2Fv2%2Fmedia&parent=198"}],"curies":[{"name":"wp","href":"https:\/\/api.w.org\/{rel}","templated":true}]}}