{"id":200,"date":"2015-07-18T19:12:19","date_gmt":"2015-07-18T17:12:19","guid":{"rendered":"http:\/\/www.jkg-bruchsal.de\/wordpress\/?page_id=200"},"modified":"2026-03-04T07:30:40","modified_gmt":"2026-03-04T06:30:40","slug":"schulsozialarbeit","status":"publish","type":"page","link":"https:\/\/www.jkg-bruchsal.de\/?page_id=200","title":{"rendered":"Schulsozialarbeit"},"content":{"rendered":"<div class=\"row\">\n<div class=\"col-md-6\">\n    <a class=\"btn btn-primary\" style=\"float:left;\" href=\"https:\/\/www.jkg-bruchsal.de\/?page_id=198\"><span class=\"hidden-xs\"><< \u00dcbersicht Beratungsangebote<\/span><i class=\"glyphicon glyphicon-arrow-left visible-xs\"><\/i><\/a>\n  <\/div>\n<div class=\"col-md-6\">\n    <a class=\"btn btn-primary\" style=\"float:right;\" href=\"https:\/\/www.jkg-bruchsal.de\/?page_id=202\"><span class=\"hidden-xs\">Beratungslehrer >><\/span><i class=\"glyphicon glyphicon-arrow-right visible-xs\"><\/i><\/a><\/br><\/p><\/div>\n<\/div>\n<hr>\n<h3>VERTRAULICH FREIWILLIG KOSTENLOS<\/h3>\n<h4><strong>Jugendsozialarbeit an der Schule \u2026<\/strong><\/h4>\n<div class=\"col-md-12\">\n<div class=\"row\">\n<div class=\"col-md-5 bootstrapfloat\">\n      <a href=\"https:\/\/www.jkg-bruchsal.de\/wordpress\/inhalte\/uploads\/2019\/09\/Logo-Schulsozialarbeit.jpg\" data-rel=\"lightbox-image-0\" data-rl_title=\"\" data-rl_caption=\"\" title=\"\"><img decoding=\"async\" class=\"img-responsive\" src=\"https:\/\/www.jkg-bruchsal.de\/wordpress\/inhalte\/uploads\/2019\/09\/Logo-Schulsozialarbeit.jpg\" alt=\"Logo\" \/><\/a>\n    <\/div>\n<p>\u2026 unterst\u00fctzt Sch\u00fclerinnen und Sch\u00fcler, deren Eltern, Lehrkr\u00e4fte und andere Bezugspersonen bei der Suche nach L\u00f6sungen in pers\u00f6nlichen und schulischen Fragen.<\/p>\n<p>\u2026 macht pr\u00e4ventive und partizipative Angebote zur Pers\u00f6nlichkeitsentwicklung, zu sozialem Lernen und gestaltet Schulleben mit.<\/p>\n<p>\u2026 kooperiert in der Schule mit Schulleitung, Lehrkr\u00e4ften und allen am Schulleben Beteiligten und au\u00dferhalb der Schule mit Fachdiensten, Einrichtungen der Jugendhilfe, Jugendarbeit und anderen.<\/p>\n<h4><strong>Grunds\u00e4tze der Jugendsozialarbeit an der Schule:<\/strong><\/h4>\n<li>Freiwilligkeit (Die Jugendsozialarbeit ist ein freiwilliges Angebot)<\/li>\n<li>Verschwiegenheit (Die\/Der MitarbeiterIn unterliegt der Schweigepflicht)<\/li>\n<li>Kostenfreiheit (Die Beratung ist kostenlos)<\/li><\/div>\n<\/p><\/div>\n<p><\/p>\n<div class=\"col-md-12\">\n<div class=\"row\">\n<div class=\"col-md-3 bootstrapfloat\">\n      <a href=\"https:\/\/www.jkg-bruchsal.de\/wordpress\/inhalte\/uploads\/2026\/03\/Schulsozialarbeit-Frau-Boersig-2026.jpg\" data-rel=\"lightbox-image-1\" data-rl_title=\"\" data-rl_caption=\"\" title=\"\"><img decoding=\"async\" class=\"img-responsive\" src=\"https:\/\/www.jkg-bruchsal.de\/wordpress\/inhalte\/uploads\/2026\/03\/Schulsozialarbeit-Frau-Boersig-2026.jpg\" alt=\"Frau B\u00f6rsig\" \/><\/a>\n    <\/div>\n<h4><strong>Kontaktdaten<\/strong><\/h4>\n<p>Frau B\u00f6rsig<br \/>\nTelefon: 07251\/7956-37<br \/>\nHandy &#038; WhatsApp: 0151\/41480020<br \/>\nE-Mail:\tJugendsozialarbeitJKG@bruchsal.de  oder  \u00fcber WebUntis<br \/>\nRaum: 332 (Hauptgeb\u00e4ude)<\/p>\n<p>Sprechzeiten: Montag bis Freitag, 8:30 bis 12:30 Uhr, sowie nach Vereinbarung<\/p><\/div>\n<\/p><\/div>\n<p><\/br><\/p>\n","protected":false},"excerpt":{"rendered":"<p>> VERTRAULICH FREIWILLIG KOSTENLOS Jugendsozialarbeit an der Schule \u2026 \u2026 unterst\u00fctzt Sch\u00fclerinnen und Sch\u00fcler, deren Eltern, Lehrkr\u00e4fte und andere Bezugspersonen bei der Suche nach L\u00f6sungen in pers\u00f6nlichen und schulischen Fragen. \u2026 macht pr\u00e4ventive und partizipative Angebote zur Pers\u00f6nlichkeitsentwicklung, zu sozialem Lernen und gestaltet Schulleben mit. \u2026 kooperiert in der Schule mit Schulleitung, Lehrkr\u00e4ften und allen [&hellip;]<\/p>\n","protected":false},"author":2,"featured_media":0,"parent":85,"menu_order":20,"comment_status":"open","ping_status":"open","template":"","meta":{"footnotes":""},"class_list":["post-200","page","type-page","status-publish","hentry"],"_links":{"self":[{"href":"https:\/\/www.jkg-bruchsal.de\/index.php?rest_route=\/wp\/v2\/pages\/200","targetHints":{"allow":["GET"]}}],"collection":[{"href":"https:\/\/www.jkg-bruchsal.de\/index.php?rest_route=\/wp\/v2\/pages"}],"about":[{"href":"https:\/\/www.jkg-bruchsal.de\/index.php?rest_route=\/wp\/v2\/types\/page"}],"author":[{"embeddable":true,"href":"https:\/\/www.jkg-bruchsal.de\/index.php?rest_route=\/wp\/v2\/users\/2"}],"replies":[{"embeddable":true,"href":"https:\/\/www.jkg-bruchsal.de\/index.php?rest_route=%2Fwp%2Fv2%2Fcomments&post=200"}],"version-history":[{"count":18,"href":"https:\/\/www.jkg-bruchsal.de\/index.php?rest_route=\/wp\/v2\/pages\/200\/revisions"}],"predecessor-version":[{"id":16913,"href":"https:\/\/www.jkg-bruchsal.de\/index.php?rest_route=\/wp\/v2\/pages\/200\/revisions\/16913"}],"up":[{"embeddable":true,"href":"https:\/\/www.jkg-bruchsal.de\/index.php?rest_route=\/wp\/v2\/pages\/85"}],"wp:attachment":[{"href":"https:\/\/www.jkg-bruchsal.de\/index.php?rest_route=%2Fwp%2Fv2%2Fmedia&parent=200"}],"curies":[{"name":"wp","href":"https:\/\/api.w.org\/{rel}","templated":true}]}}