{"id":202,"date":"2015-07-18T19:12:43","date_gmt":"2015-07-18T17:12:43","guid":{"rendered":"http:\/\/www.jkg-bruchsal.de\/wordpress\/?page_id=202"},"modified":"2025-10-21T12:12:36","modified_gmt":"2025-10-21T10:12:36","slug":"beratungslehrer","status":"publish","type":"page","link":"https:\/\/www.jkg-bruchsal.de\/?page_id=202","title":{"rendered":"Beratungslehrer"},"content":{"rendered":"<div class=\"row\">\n<div class=\"col-md-6\">\n    <a class=\"btn btn-primary\" style=\"float:left;\" href=\"https:\/\/www.jkg-bruchsal.de\/?page_id=200\"><span class=\"hidden-xs\"><< Schulsozialarbeit<\/span><i class=\"glyphicon glyphicon-arrow-left visible-xs\"><\/i><\/a>\n  <\/div>\n<div class=\"col-md-6\">\n    <a class=\"btn btn-primary\" style=\"float:right;\" href=\"https:\/\/www.jkg-bruchsal.de\/?page_id=204\"><span class=\"hidden-xs\">Schulseelsorge >><\/span><i class=\"glyphicon glyphicon-arrow-right visible-xs\"><\/i><\/a>\n  <\/div>\n<\/div>\n<hr>\n<p><\/br><\/p>\n<p><strong>Dragutin Rezic<\/strong><br \/>\nKontakt: dragutin.rezic@zsl-rska.de<\/p>\n<p><\/br><\/p>\n<a href=\"https:\/\/www.jkg-bruchsal.de\/wordpress\/inhalte\/uploads\/2025\/09\/Flyer-Beratungslehrer-2025.pdf\"><img decoding=\"async\" style=\"margin-bottom: 20px\" class=\"img-responsive\" src=\"https:\/\/www.jkg-bruchsal.de\/wordpress\/inhalte\/uploads\/2025\/09\/Flyer-Beratungslehrer-2025.jpg\" alt=\"Herr Rezic (2)\" \/><\/a>\n<hr>\n<h3>Zielgruppe<\/h3>\n<p>    Die Beratung steht Sch\u00fclerinnen und Sch\u00fclern, Eltern sowie Lehrkr\u00e4ften zur Verf\u00fcgung.<\/p>\n<hr>\n<h3>Schwerpunkte<\/h3>\n<p> Als Beratungslehrer am Justus-Knecht-Gymnasium stehe ich Ihnen bei Fragen zu folgenden Themengebieten als Ansprechpartner zur Seite:<\/p>\n<ul>\n<li>Lern- und Arbeitsmethoden;<\/li>\n<li>Konzentration und Aufmerksamkeit;<\/li>\n<li>(mangelnde) Motivation, Schulunlust;<\/li>\n<li>Schulvermeidung, Schulschw\u00e4nzen;<\/li>\n<li>Pr\u00fcfungsangst, schulbezogene Angst;<\/li>\n<li>Nachteilsausgleich (z.B. bei LRS, ADHS);<\/li>\n<li>Schullaufbahnberatung;<\/li>\n<li>Schul(art)wechsel;<\/li>\n<li>Begabung (ggf. \u00dcber- oder Unterforderung);<\/li>\n<li>soziale Konflikte und Mobbing;<\/li>\n<\/ul>\n<p>Selbstverst\u00e4ndlich d\u00fcrfen Sie sich auch dann gern an mich wenden, wenn Sie Ihre Fragestellung nicht unmittelbar in der obigen Liste wiederfinden. Vereinbaren Sie gerne einen pers\u00f6nlichen Gespr\u00e4chstermin, in dem ich mich f\u00fcr Ihre Belange Zeit nehmen und Sie beratend unterst\u00fctzen.<\/p>\n<hr>\n<h3>Kontakt<\/h3>\n<p>Um einen Gespr\u00e4chstermin zu vereinbaren, k\u00f6nnen Sie mich per E-Mail kontaktieren. Ich setze mich dann entsprechend mit Ihnen in Verbindung.<\/p>\n<p><strong>Dragutin Rezic<\/strong> <\/p>\n<p>Raum: 443 (Hauptgeb\u00e4ude)<br \/>\nMail: dragutin.rezic@zsl-rska.de<br \/>\nSprechzeiten: nach pers\u00f6nlicher Vereinbarung<\/p>\n<hr>\n<h3>Hintergrundinformationen<\/h3>\n<p>Die Dienstaufsicht f\u00fcr die T\u00e4tigkeit der Beratungslehrkr\u00e4fte liegt beim Zentrum f\u00fcr Schulqualit\u00e4t und Lehrerfortbildung (ZSL) Baden W\u00fcrttemberg, Regionalstelle Karlsruhe (nicht bei der Schulleitung des Justus-Knecht-Gymnasiums). Regelm\u00e4\u00dfige Supervisionsveranstaltungen finden in der Schulpsychologischen Beratungsstelle Karlsruhe statt. Dar\u00fcber hinaus halten wir uns selbstverst\u00e4ndlich durch Fortbildungen auf dem Laufenden.<\/p>\n<p>Weitere Informationen zum rechtlichen Rahmen finden Sie in <a href=\"http:\/\/www.landesrecht-bw.de\/jportal\/?quelle=jlink&#038;query=SchulG+BW+%C2%A7+19&#038;psml=bsbawueprod.psml&#038;max=true\" target=\"_blank\" rel=\"noopener noreferrer\">\u00a7 19 Schulgesetz<\/a> sowie in der Verwaltungsvorschrift <a href=\"http:\/\/www.landesrecht-bw.de\/jportal\/?quelle=jlink&#038;query=VVBW-2205-3-KM-20001113-01-SF&#038;psml=bsbawueprod.psml&#038;max=true\" target=\"_blank\" rel=\"noopener noreferrer\">Richtlinien zur Bildungsberatung<\/a>.<\/p>\n<p><\/br><br \/>\n<em>Text: Rez et. al. (2025)<\/em><\/p>\n","protected":false},"excerpt":{"rendered":"<p>> Dragutin Rezic Kontakt: dragutin.rezic@zsl-rska.de Zielgruppe Die Beratung steht Sch\u00fclerinnen und Sch\u00fclern, Eltern sowie Lehrkr\u00e4ften zur Verf\u00fcgung. Schwerpunkte Als Beratungslehrer am Justus-Knecht-Gymnasium stehe ich Ihnen bei Fragen zu folgenden Themengebieten als Ansprechpartner zur Seite: Lern- und Arbeitsmethoden; Konzentration und Aufmerksamkeit; (mangelnde) Motivation, Schulunlust; Schulvermeidung, Schulschw\u00e4nzen; Pr\u00fcfungsangst, schulbezogene Angst; Nachteilsausgleich (z.B. bei LRS, ADHS); Schullaufbahnberatung; Schul(art)wechsel; [&hellip;]<\/p>\n","protected":false},"author":2,"featured_media":0,"parent":85,"menu_order":30,"comment_status":"open","ping_status":"open","template":"","meta":{"footnotes":""},"class_list":["post-202","page","type-page","status-publish","hentry"],"_links":{"self":[{"href":"https:\/\/www.jkg-bruchsal.de\/index.php?rest_route=\/wp\/v2\/pages\/202","targetHints":{"allow":["GET"]}}],"collection":[{"href":"https:\/\/www.jkg-bruchsal.de\/index.php?rest_route=\/wp\/v2\/pages"}],"about":[{"href":"https:\/\/www.jkg-bruchsal.de\/index.php?rest_route=\/wp\/v2\/types\/page"}],"author":[{"embeddable":true,"href":"https:\/\/www.jkg-bruchsal.de\/index.php?rest_route=\/wp\/v2\/users\/2"}],"replies":[{"embeddable":true,"href":"https:\/\/www.jkg-bruchsal.de\/index.php?rest_route=%2Fwp%2Fv2%2Fcomments&post=202"}],"version-history":[{"count":23,"href":"https:\/\/www.jkg-bruchsal.de\/index.php?rest_route=\/wp\/v2\/pages\/202\/revisions"}],"predecessor-version":[{"id":14679,"href":"https:\/\/www.jkg-bruchsal.de\/index.php?rest_route=\/wp\/v2\/pages\/202\/revisions\/14679"}],"up":[{"embeddable":true,"href":"https:\/\/www.jkg-bruchsal.de\/index.php?rest_route=\/wp\/v2\/pages\/85"}],"wp:attachment":[{"href":"https:\/\/www.jkg-bruchsal.de\/index.php?rest_route=%2Fwp%2Fv2%2Fmedia&parent=202"}],"curies":[{"name":"wp","href":"https:\/\/api.w.org\/{rel}","templated":true}]}}