{"id":204,"date":"2015-07-18T19:13:07","date_gmt":"2015-07-18T17:13:07","guid":{"rendered":"http:\/\/www.jkg-bruchsal.de\/wordpress\/?page_id=204"},"modified":"2024-01-10T08:29:10","modified_gmt":"2024-01-10T07:29:10","slug":"schulseelsorge","status":"publish","type":"page","link":"https:\/\/www.jkg-bruchsal.de\/?page_id=204","title":{"rendered":"Schulseelsorge"},"content":{"rendered":"<div class=\"row\">\n<div class=\"col-md-6\">\n    <a class=\"btn btn-primary\" style=\"float:left;\" href=\"https:\/\/www.jkg-bruchsal.de\/?page_id=202\"><span class=\"hidden-xs\"><< Beratungslehrer<\/span><i class=\"glyphicon glyphicon-arrow-left visible-xs\"><\/i><\/a>\n  <\/div>\n<div class=\"col-md-6\">\n    <a class=\"btn btn-primary\" style=\"float:right;\" href=\"https:\/\/www.jkg-bruchsal.de\/?page_id=206\"><span class=\"hidden-xs\">Streitschlichter >><\/span><i class=\"glyphicon glyphicon-arrow-right visible-xs\"><\/i><\/a>\n  <\/div>\n<\/div>\n<hr>\n<h4>Die Schulseelsorge stellt sich vor<\/h4>\n<div class=\"col-md-12\">\n<div class=\"row\">\n<div class=\"col-md-7 bootstrapfloat\">\n<p><strong>Zur Person: Johannes Gayer<\/strong><\/p>\n<p>Ich bin nicht nur katholischer Religions- und Englischlehrer, sondern auch Papa, begeisterter Fussballfan, Fifa-Spieler und Kaffeegenie\u00dfer. Schule ist f\u00fcr mich nicht nur ein Ort des Lernens, sondern auch Lebensraum, wo sich Menschen wohlf\u00fchlen sollen.<\/p>\n<p><strong>Schulseelsorge was ist das?<\/strong><\/p>\n<p>Was ist Schulseelsorge f\u00fcr dich? <\/p>\n<p>F\u00fcr mich ist Schulseelsorge alles, was \u201eder Seele der Schule\u201c dient. Also alles, was dazu beitr\u00e4gt, dass eine gute Atmosph\u00e4re, ein Miteinander und eine gelingende Gemeinschaft entstehen kann. Dazu geh\u00f6rt den Einzelnen Aufmerksamkeit zu schenken, besonders falls jemand das Gef\u00fchl hat, nicht genug gesehen oder geh\u00f6rt zu werden, aber auch zu schauen, was der Schulgemeinschaft als ganzes gut tut. Man k\u00f6nnte die Schulseelsorge daher als offenes Ohr f\u00fcr die einzelnen und aufmerksames Auge f\u00fcr das gro\u00dfe Ganze bezeichnen.<\/p>\n<\/p><\/div>\n<div class=\"col-md-1 bootstrapfloat\"><\/div>\n<div class=\"col-md-4 bootstrapfloat\">\n <a href=\"https:\/\/www.jkg-bruchsal.de\/wordpress\/inhalte\/uploads\/2024\/01\/Johannes-Gayer.jpg\" data-rel=\"lightbox-image-0\" data-rl_title=\"\" data-rl_caption=\"\" title=\"\"><img decoding=\"async\" class=\"img-responsive\" src=\"https:\/\/www.jkg-bruchsal.de\/wordpress\/inhalte\/uploads\/2024\/01\/Johannes-Gayer.jpg\" alt=\"Herr Gayer\"\/><\/a><\/p><\/div>\n<\/p><\/div>\n<\/p><\/div>\n<p>Was genau macht die Schulseelsorge und f\u00fcr wen ist das Angebot gedacht?<\/p>\n<p>Ein wesentlicher Teil der Schulseelsorge ist das Gespr\u00e4chsangebot. Hier findet jede und jeder die\/der das m\u00f6chte ein offenes Ohr. Das gilt f\u00fcr ALLE am Schulleben beteiligten Menschen angefangen von Sch\u00fcler:innen \u00fcber Lehrer:innen, Eltern bis hin zur Putzkraft. Im Einzelgespr\u00e4ch kann man erz\u00e4hlen von seiner Lebenssituation und findet einen aufmerksamen Zuh\u00f6rer und ggfs. Rat und Unterst\u00fctzung. Nat\u00fcrlich gilt das Angebot f\u00fcr Krisensituationen (z.B. Schulangst, private Krisen, Sorgen etc.), aber man kann auch einfach zum \u201eQuatschen\u201c kommen, \u00fcber sch\u00f6ne Dinge sprechen. Der Kontakt zur Schulseelsorge ist komplett freiwillig und selbstverst\u00e4ndlich werden alle Gespr\u00e4chsinhalte vertraulich behandelt.<\/p>\n<p>Was motiviert dich f\u00fcr diese Aufgabe?<\/p>\n<p>Pers\u00f6nlich ist mir der Glaube an Gott und Jesus als Vorbild sehr wichtig. Daher sehe ich jeden Menschen als geliebtes Kind Gottes, das es verdient als etwas ganz Besonderes mit seinen Freuden, Bed\u00fcrfnissen und N\u00f6ten wahrgenommen zu werden. Umgekehrt verdient es Gott (man k\u00f6nnte auch sagen \u201edas Leben\u201c), dass man sich immer wieder einmal bewusst wird, was uns Menschen geschenkt ist und die Frage\/n nach dem Sinn hinter allem zu stellen.<\/p>\n<p>Ich finde Gemeinschaft etwas Wunderbares und mein Wunsch ist es, dass die Schule ein Ort ist, wo positive Gemeinschaft erfahrbar ist: bei besonderen \u201eEvents\u201c, aber vor allem im Schulalltag. F\u00fcr diese Gemeinschaft sorgen in erster Linie alle, die an der Schule leben und lernen. Und manchmal hilft es besondere Dinge (Projekte, Feste, Rituale, Ideen Einzelner) zu unterst\u00fctzen, damit die Gemeinschaft f\u00fcr alle erlebbar.<\/p>\n<p><strong>Meine besonderen Schwerpunkte:<\/strong><\/p>\n<ul>\n<li><a href=\"https:\/\/www.jkg-bruchsal.de\/?page_id=15595\" rel=\"noopener\" target=\"_blank\">Praystation<\/a><\/li>\n<li>Gemeinschaftsaktionen (z.B. Fussballturnier, Besinnungstage, Tea-Time, \u2026) <\/li>\n<li>Einzelgespr\u00e4che <\/li>\n<\/ul>\n<p><strong>So erreicht man mich<\/strong><\/p>\n<p>Johannes Gayer<\/p>\n<p>Terminvereinbarung per E-Mail: schulseelsorge@jkg-bruchsal.de  oder  gy@jkg-bruchsal.de <\/p>\n<p>Zum Download: <a href=\"https:\/\/www.jkg-bruchsal.de\/wordpress\/inhalte\/uploads\/2024\/01\/Vorstellungsplakat.pdf\" rel=\"noopener\" target=\"_blank\">Vorstellungsplakat (PDF)<\/a><\/p>\n","protected":false},"excerpt":{"rendered":"<p>> Die Schulseelsorge stellt sich vor Zur Person: Johannes Gayer Ich bin nicht nur katholischer Religions- und Englischlehrer, sondern auch Papa, begeisterter Fussballfan, Fifa-Spieler und Kaffeegenie\u00dfer. Schule ist f\u00fcr mich nicht nur ein Ort des Lernens, sondern auch Lebensraum, wo sich Menschen wohlf\u00fchlen sollen. Schulseelsorge was ist das? Was ist Schulseelsorge f\u00fcr dich? F\u00fcr mich [&hellip;]<\/p>\n","protected":false},"author":2,"featured_media":0,"parent":85,"menu_order":40,"comment_status":"open","ping_status":"open","template":"","meta":{"footnotes":""},"class_list":["post-204","page","type-page","status-publish","hentry"],"_links":{"self":[{"href":"https:\/\/www.jkg-bruchsal.de\/index.php?rest_route=\/wp\/v2\/pages\/204","targetHints":{"allow":["GET"]}}],"collection":[{"href":"https:\/\/www.jkg-bruchsal.de\/index.php?rest_route=\/wp\/v2\/pages"}],"about":[{"href":"https:\/\/www.jkg-bruchsal.de\/index.php?rest_route=\/wp\/v2\/types\/page"}],"author":[{"embeddable":true,"href":"https:\/\/www.jkg-bruchsal.de\/index.php?rest_route=\/wp\/v2\/users\/2"}],"replies":[{"embeddable":true,"href":"https:\/\/www.jkg-bruchsal.de\/index.php?rest_route=%2Fwp%2Fv2%2Fcomments&post=204"}],"version-history":[{"count":5,"href":"https:\/\/www.jkg-bruchsal.de\/index.php?rest_route=\/wp\/v2\/pages\/204\/revisions"}],"predecessor-version":[{"id":15600,"href":"https:\/\/www.jkg-bruchsal.de\/index.php?rest_route=\/wp\/v2\/pages\/204\/revisions\/15600"}],"up":[{"embeddable":true,"href":"https:\/\/www.jkg-bruchsal.de\/index.php?rest_route=\/wp\/v2\/pages\/85"}],"wp:attachment":[{"href":"https:\/\/www.jkg-bruchsal.de\/index.php?rest_route=%2Fwp%2Fv2%2Fmedia&parent=204"}],"curies":[{"name":"wp","href":"https:\/\/api.w.org\/{rel}","templated":true}]}}