{"id":206,"date":"2015-07-18T19:13:33","date_gmt":"2015-07-18T17:13:33","guid":{"rendered":"http:\/\/www.jkg-bruchsal.de\/wordpress\/?page_id=206"},"modified":"2024-01-10T08:15:11","modified_gmt":"2024-01-10T07:15:11","slug":"streitschlichter","status":"publish","type":"page","link":"https:\/\/www.jkg-bruchsal.de\/?page_id=206","title":{"rendered":"Streitschlichter"},"content":{"rendered":"<div class=\"row\">\n<div class=\"col-md-6\">\n    <a class=\"btn btn-primary\" style=\"float:left;\" href=\"https:\/\/www.jkg-bruchsal.de\/?page_id=204\"><span class=\"hidden-xs\"><< Schulseelsorge<\/span><i class=\"glyphicon glyphicon-arrow-left visible-xs\"><\/i><\/a>\n  <\/div>\n<div class=\"col-md-6\">\n    <a class=\"btn btn-primary\" style=\"float:right;\" href=\"https:\/\/www.jkg-bruchsal.de\/?page_id=208\"><span class=\"hidden-xs\">Suchtpr\u00e4vention >><\/span><i class=\"glyphicon glyphicon-arrow-right visible-xs\"><\/i><\/a>\n  <\/div>\n<\/div>\n<hr>\n<h3>Unsere Arbeit als Streitschlichter<\/h3>\n<p><em>Vor der ersten Stunde in der 6. Klasse: Moritz rempelt Jan jeden Morgen auf dem Gang an. F\u00fcr ihn nur Spa\u00df, doch f\u00fcr Jan nicht. Er ist sauer und m\u00f6chte dem Lehrer Bescheid geben. Doch Tobias, ein Freund aus der 10. Klasse und ausgebildeter Streitschlichter, r\u00e4t ihm, den Streit mit den Streitschlichtern zu kl\u00e4ren. Tobias kann auch Moritz \u00fcberzeugen. Beim Treffen mit den Streitschlichtern Tobias und Anna erz\u00e4hlen Moritz und Jan jeweils ihre Sicht der Dinge. Mithilfe der Streitschlichter finden sie L\u00f6sungsm\u00f6glichkeiten, wie sie  den Streit dauerhaft beilegen k\u00f6nnen. F\u00fcr Moritz und Jan hat sich die Sache gekl\u00e4rt. Ein weiterer erfolgreicher Einsatz der Streitschlichter!<\/em><\/p>\n<p>Jedes Jahr bilden wir Zehntkl\u00e4ssler zu Streitschlichtern aus. Diese sind dann in der Lage, Konflikte zwischen Sch\u00fclern zu l\u00f6sen. Der Streitschlichterausbildung liegen die Prinzipien der Mediation zugrunde, d.h. die Konfliktparteien sollen aktiv an der Probleml\u00f6sung arbeiten, unterst\u00fctzt von den Streitschlichtern.<\/p>\n<p>Vorteile der Streitschlichtung sind, dass Konflikte oft wirklich gel\u00f6st werden k\u00f6nnen, statt nur sanktioniert zu werden. Auch muss kein Lehrer eingeschaltet werden und die Mediatoren sind unvoreingenommen und neutral.<\/p>\n<p>Momentan stehen viele ausgebildete Streitschlichter aus den Klassen 10, 11 und der Kursstufe zur Verf\u00fcgung. <\/p>\n<p>Um mit ihnen in Kontakt zu treten, k\u00f6nnt ihr auf die Liste am Streitschlichterbrett neben dem Lehrerzimmer schauen oder Euch an Frau Roth oder Frau Winkenwerder wenden.<\/p>\n<p><\/br><br \/>\n<strong>Ansprechpartnerinnen:<\/strong><\/p>\n<p>Frau Winkenwerder<\/p>\n<p><\/br><br \/>\n<em>Text: Hs, Hof (August 2015)<\/em><\/p>\n<p><\/br><\/p>\n<hr>\n","protected":false},"excerpt":{"rendered":"<p>> Unsere Arbeit als Streitschlichter Vor der ersten Stunde in der 6. Klasse: Moritz rempelt Jan jeden Morgen auf dem Gang an. F\u00fcr ihn nur Spa\u00df, doch f\u00fcr Jan nicht. Er ist sauer und m\u00f6chte dem Lehrer Bescheid geben. Doch Tobias, ein Freund aus der 10. Klasse und ausgebildeter Streitschlichter, r\u00e4t ihm, den Streit mit [&hellip;]<\/p>\n","protected":false},"author":2,"featured_media":0,"parent":85,"menu_order":50,"comment_status":"open","ping_status":"open","template":"","meta":{"footnotes":""},"class_list":["post-206","page","type-page","status-publish","hentry"],"_links":{"self":[{"href":"https:\/\/www.jkg-bruchsal.de\/index.php?rest_route=\/wp\/v2\/pages\/206","targetHints":{"allow":["GET"]}}],"collection":[{"href":"https:\/\/www.jkg-bruchsal.de\/index.php?rest_route=\/wp\/v2\/pages"}],"about":[{"href":"https:\/\/www.jkg-bruchsal.de\/index.php?rest_route=\/wp\/v2\/types\/page"}],"author":[{"embeddable":true,"href":"https:\/\/www.jkg-bruchsal.de\/index.php?rest_route=\/wp\/v2\/users\/2"}],"replies":[{"embeddable":true,"href":"https:\/\/www.jkg-bruchsal.de\/index.php?rest_route=%2Fwp%2Fv2%2Fcomments&post=206"}],"version-history":[{"count":3,"href":"https:\/\/www.jkg-bruchsal.de\/index.php?rest_route=\/wp\/v2\/pages\/206\/revisions"}],"predecessor-version":[{"id":15594,"href":"https:\/\/www.jkg-bruchsal.de\/index.php?rest_route=\/wp\/v2\/pages\/206\/revisions\/15594"}],"up":[{"embeddable":true,"href":"https:\/\/www.jkg-bruchsal.de\/index.php?rest_route=\/wp\/v2\/pages\/85"}],"wp:attachment":[{"href":"https:\/\/www.jkg-bruchsal.de\/index.php?rest_route=%2Fwp%2Fv2%2Fmedia&parent=206"}],"curies":[{"name":"wp","href":"https:\/\/api.w.org\/{rel}","templated":true}]}}