{"id":220,"date":"2015-07-18T19:21:09","date_gmt":"2015-07-18T17:21:09","guid":{"rendered":"http:\/\/www.jkg-bruchsal.de\/wordpress\/?page_id=220"},"modified":"2025-11-18T19:24:06","modified_gmt":"2025-11-18T18:24:06","slug":"israel","status":"publish","type":"page","link":"https:\/\/www.jkg-bruchsal.de\/?page_id=220","title":{"rendered":"Italien"},"content":{"rendered":"<h3>Sch\u00fcleraustausch mit Norditalien<\/h3>\n<div class=\"col-md-12\">\n<div class=\"row\">\n<div class=\"col-md-5 bootstrapfloat\">\n      <a href=\"https:\/\/www.jkg-bruchsal.de\/wordpress\/inhalte\/uploads\/2025\/09\/I-D-Flaggen.jpg\" data-rel=\"lightbox-image-0\" data-rl_title=\"\" data-rl_caption=\"\" title=\"\"><img decoding=\"async\" class=\"img-responsive\" src=\"https:\/\/www.jkg-bruchsal.de\/wordpress\/inhalte\/uploads\/2025\/09\/I-D-Flaggen.jpg\" alt=\"Italienaustausch\" \/><\/a>\n    <\/div>\n<p>7. bis 14. Oktober 2025: Sch\u00fclerinnen und Sch\u00fcler der 9. + 10. Klassen begegnen sich in englischer Sprache am JKG.<\/p>\n<p>16. bis 23. April 2026: Sch\u00fclerinnen und Sch\u00fcler der 9. + 10. Klassen des JKG fahren nach Norditalien.<\/p>\n<\/p><\/div>\n<\/p><\/div>\n<h3>Bericht: Sch\u00fcleraustausch mit Sch\u00fclerinnen aus Seregno im Fachbereich Englisch<\/h3>\n<div class=\"col-md-12\">\n<div class=\"row\">\n<div class=\"col-md-5 bootstrapfloat\">\n      <a href=\"https:\/\/www.jkg-bruchsal.de\/wordpress\/inhalte\/uploads\/2025\/11\/k-Bild-1.jpg\" data-rel=\"lightbox-image-1\" data-rl_title=\"\" data-rl_caption=\"\" title=\"\"><img decoding=\"async\" class=\"img-responsive\" src=\"https:\/\/www.jkg-bruchsal.de\/wordpress\/inhalte\/uploads\/2025\/11\/k-Bild-1.jpg\" alt=\"Italienaustausch 1\" \/><\/a>\n    <\/div>\n<p><strong>Dienstag, 7. Oktober 2025 \u2013 Ankunft der italienischen G\u00e4ste<\/strong><\/p>\n<p>Am Dienstagnachmittag durften einige Sch\u00fclerinnen und Sch\u00fcler der neunten und zehnten Klassen fast zwanzig Sch\u00fclerinnen mit ihren beiden Lehrerinnen aus Italien f\u00fcr einen Austausch im Fachbereich Englisch mit einem herzlichen \u201eBienvenuto\u201c willkommen hei\u00dfen. <\/p>\n<p>Hierf\u00fcr versammelten wir deutschen Sch\u00fclerinnen und Sch\u00fcler uns mit unseren Familien am Bahnhof Bruchsal und hielten am Bahnsteig erwartungsvoll Ausschau. Schlie\u00dflich konnten wir aus einem Zug eine sich orientierende Reisegruppe aussteigen sehen. Also gingen wir auf diese Gruppe mit gro\u00dfer Neugierde zu. Die Ankunft unserer G\u00e4ste aus Italien verlief mit gro\u00dfer Freude auf beiden Seiten. Nach der langen Anreise verbrachten alle G\u00e4ste diesen ersten Abend in ihren Gastfamilien. So konnten diese ersten Stunden eine wunderbare Gelegenheit zum Kennenlernen werden. <\/p>\n<\/p><\/div>\n<\/p><\/div>\n<p><strong>Mittwoch, 8. Oktober 2025 \u2013 gemeinsamer Unterrichtsvormittag am JKG und anschlie\u00dfend F\u00fchrung im Bruchsaler Schloss<\/strong><\/p>\n<div class=\"col-md-12\">\n<div class=\"row\">\n<div class=\"col-md-5 bootstrapfloat\">\n      <a href=\"https:\/\/www.jkg-bruchsal.de\/wordpress\/inhalte\/uploads\/2025\/11\/k-Bild-5.jpg\" data-rel=\"lightbox-image-2\" data-rl_title=\"\" data-rl_caption=\"\" title=\"\"><img decoding=\"async\" class=\"img-responsive\" src=\"https:\/\/www.jkg-bruchsal.de\/wordpress\/inhalte\/uploads\/2025\/11\/k-Bild-5.jpg\" alt=\"Italienaustausch 2\" \/><\/a>\n    <\/div>\n<p>Am darauffolgenden Mittwochmorgen trafen sich zun\u00e4chst alle italienischen G\u00e4ste mit ihren deutschen Austauschpartnerinnen und -partnern in der Aula. Frau Mutter begr\u00fc\u00dfte alle mit gro\u00dfer Freude auf Englisch und gab einen Ausblick auf das geplante Programm f\u00fcr die folgende Woche. <\/p>\n<p>Anschlie\u00dfend trafen sich die Sch\u00fclerinnen und ihre Lehrerinnen zum ersten Austausch, w\u00e4hrend alle deutschen Sch\u00fclerinnen und Sch\u00fcler ihren regul\u00e4ren Unterricht besuchten. <\/p>\n<p>Danach wurden die G\u00e4ste von den deutschen Sch\u00fclerinnen und Sch\u00fclern im Schulgeb\u00e4ude wieder abgeholt. Sie durften am \u00fcblichen Unterrichtsgeschehen teilhaben, bevor es am Nachmittag zusammen zu Fu\u00df zum Bruchsaler Schloss ging, um dort eine Schlossf\u00fchrung mitzumachen. Dabei konnten wir Einblicke in die R\u00e4umlichkeiten des Bruchsaler Schlosses bekommen. Hierf\u00fcr wurde die Gesamtgruppe allerdings in zwei Kleingruppen aufgeteilt. Alle deutschen Sch\u00fclerinnen und Sch\u00fcler erlebten eine F\u00fchrung auf Deutsch. Alle Italienerinnen bekamen zeitgleich eine englischsprachige F\u00fchrung. Danach fand ein kurzer Austausch als gemeinsamer Tagesabschluss statt.   <\/p>\n<p>Den Abend dieses Tages verbrachten die italienischen Sch\u00fclerinnen wieder mit ihren Gastfamilien. Dieser konnte zur freien Verf\u00fcgung und f\u00fcr weitere, englischsprachige Begegnungen in den Austauschfamilien genutzt werden. <\/p>\n<\/p><\/div>\n<\/p><\/div>\n<p><strong>Donnerstag, 9. Oktober 2025 \u2013 Ganztagesausflug nach Heidelberg<\/strong><\/p>\n<div class=\"col-md-12\">\n<div class=\"row\">\n<div class=\"col-md-5 bootstrapfloat\">\n      <a href=\"https:\/\/www.jkg-bruchsal.de\/wordpress\/inhalte\/uploads\/2025\/11\/k-Bild-2.jpg\" data-rel=\"lightbox-image-3\" data-rl_title=\"\" data-rl_caption=\"\" title=\"\"><img decoding=\"async\" class=\"img-responsive\" src=\"https:\/\/www.jkg-bruchsal.de\/wordpress\/inhalte\/uploads\/2025\/11\/k-Bild-2.jpg\" alt=\"Italienaustausch 2\" \/><\/a>\n    <\/div>\n<p>An diesem Tag stand ein toller Ausflug nach Heidelberg an. Bereits am Morgen trafen sich die deutschen Sch\u00fclerinnen und Sch\u00fcler mit ihren Austauschpartnerinnen aus Italien und den organisierenden Lehrkr\u00e4ften am Bruchsaler Bahnhof, um mit dem Zug nach Heidelberg zu fahren. Dort angekommen machte die gesamte Gruppe zun\u00e4chst einen Spaziergang auf dem Philosophenweg. W\u00e4hrenddessen genossen Lehrkr\u00e4fte und Sch\u00fclerschaft die gro\u00dfartige Aussicht auf das Neckartal, das Heidelberger Schloss und dessen Umgebung. Bei tollem Wetter konnten neben interessanten Gespr\u00e4chen auch einige Erinnerungsfotos entstehen.  <\/p>\n<p>Im Anschluss daran marschierten alle \u00fcber die \u201eAlte Br\u00fccke\u201c bis zur \u201eHeiliggeistkirche\u201c in der Fu\u00dfg\u00e4ngerzone der Heidelberger Altstadt. Von dort aus durften die Sch\u00fclerinnen und Sch\u00fcler in Kleingruppen auf eigene Faust die Altstadt erkunden, bis sich schlie\u00dflich am Nachmittag wieder alle am Kornmarkt trafen, um gemeinsam zum Heidelberger Schloss zu gehen. Dort angekommen nahmen wir alle an einer englischsprachigen Schlossf\u00fchrung teil.  <\/p>\n<\/p><\/div>\n<\/p><\/div>\n<\/p>\n<div class=\"col-md-12\">\n<div class=\"row\">\n<div class=\"col-md-5 bootstrapfloatright\" style=\"float:right;\">\n      <center><a href=\"https:\/\/www.jkg-bruchsal.de\/wordpress\/inhalte\/uploads\/2025\/11\/k-Bild-3.jpg\" data-rel=\"lightbox-image-4\" data-rl_title=\"\" data-rl_caption=\"\" title=\"\"><img decoding=\"async\" class=\"img-responsive\" src=\"https:\/\/www.jkg-bruchsal.de\/wordpress\/inhalte\/uploads\/2025\/11\/k-Bild-3.jpg\" alt=\"F-Austausch-2025-1\" \/><\/a><\/center>\n    <\/div>\n<p>Zum Abschluss des erfolgreichen Tages besuchten wir alle das Bowlingcenter \u201eFireball\u201c in Heidelberg. Dort konnten wir mit einem gem\u00fctlichen Beisammensein bei leckerem Essen diesen tollen Ausflugstag ausklingen lie\u00dfen, bevor wir mit dem Zug wieder zusammen zur\u00fcck nach Bruchsal fuhren. <\/p>\n<p><strong>Freitag, 10. Oktober 2025 \u2013 Gastsch\u00fclerinnen nehmen an diesem Vormittag am regul\u00e4ren Unterricht teil<\/strong><\/p>\n<p>Am Freitag besuchten die italienischen G\u00e4ste mit ihren deutschen Austauschpartnerinnen den Unterricht. Viele beendeten ihren Schulvormittag bereits nach der 4. Stunde, da ihre Lehrer f\u00fcr die sp\u00e4teren Stunden am allj\u00e4hrlichen Kollegiumsausflug teilnahmen. Einige mussten sich etwas l\u00e4nger gedulden, bis sie ins Wochenende starten durften.<\/p>\n<p><strong>Ein Wochenende mit den Gastsch\u00fclerinnen in ihren Gastfamilien<\/strong><\/p>\n<p>Das Wochenende verbrachten die G\u00e4ste aus Italien mit ihren Gastfamilien. Im Austausch erfuhren wir deutschen Sch\u00fclerinnen von den in Italien \u00fcblichen Unterrichtszeiten, die auch an Samstagen stattfinden. Wie froh waren wir deutschen Sch\u00fclerinnen und Sch\u00fcler da, dass hier in Deutschland am Wochenende kein regul\u00e4rer Unterricht stattfindet. <\/p>\n<\/p><\/div>\n<\/p><\/div>\n<p>Auch dank dem herrlichen Wetter konnten an den beiden unterrichtsfeien Tagen interessante Ausfl\u00fcge wie beispielsweise nach Karlsruhe, Speyer und ins nahegelegene Strasbourg stattfinden. Teilweise wurden sogar gemeinsame Unternehmungen in Kleingruppen mit den Austauschsch\u00fclerinnen und deren Gastfamilien unternommen und der Austausch auf Englisch wurde immer selbstverst\u00e4ndlicher. Nach und nach setzte eine Art Gew\u00f6hnungseffekt in Sachen \u00dcbersetzungen ein und anf\u00e4ngliche Bedenken r\u00fcckten im sprachlichen Austausch in den Hintergrund.   <\/p>\n<p><strong>Montag, 13. Oktober 2025 \u2013 Ganztagesausflug nach Heilbronn zur \u201eExperimenta\u201c und Aufenthalt in der Innenstadt<\/strong><\/p>\n<div class=\"col-md-12\">\n<div class=\"row\">\n<div class=\"col-md-3 bootstrapfloat\">\n      <a href=\"https:\/\/www.jkg-bruchsal.de\/wordpress\/inhalte\/uploads\/2025\/11\/k-Bild-4.jpg\" data-rel=\"lightbox-image-5\" data-rl_title=\"\" data-rl_caption=\"\" title=\"\"><img decoding=\"async\" class=\"img-responsive\" src=\"https:\/\/www.jkg-bruchsal.de\/wordpress\/inhalte\/uploads\/2025\/11\/k-Bild-4.jpg\" alt=\"Italienaustausch 2\" \/><\/a>\n    <\/div>\n<p>Am Montag ging es dann um 8:45 Uhr am Bahnhof in Bruchsal los. W\u00e4hrend der Bahnfahrt nach Heilbronn unterhielten wir uns viel \u00fcber die spannenden Erlebnisse des Wochenendes. <\/p>\n<p>Die spannendste Aktion wartete jedoch noch in der \u201eExperimenta Heilbronn\u201c auf uns. Dort angekommen teilten wir uns in Gruppen auf und konnten anschlie\u00dfend durch die verschiedenen Stockwerke und Experimentwelten des Geb\u00e4udes laufen. Wir konnten viel erleben, austesten und vor allem Spa\u00df haben.<\/p>\n<p>Die unterschiedlichen Angebote in der \u201eExperimenta\u201c waren alle sehr spannend wie das Testen der Sinne, Untersuchungen zur Beschaffenheit und Alterung verschiedener Materialien, Auswirkungen und Funktion von Licht oder auch Praktisches wie Tanzen, Radfahren, Fallschirmspringen (nat\u00fcrlich nur in einem Modell) oder einen Kran steuern.<\/p>\n<p>An manchen Stationen gab es auch die M\u00f6glichkeit, ein kleines Foto oder Video zur Erinnerung zu machen, welches man sp\u00e4ter entweder ausdrucken oder auf\u00b4s Handy \u00fcbertragen lassen konnte.<\/p>\n<p>Zudem konnte man sich anhand der Tests am Ende eine Jobauswahl vorschlagen lassen, die anhand der Ergebnisse f\u00fcr jede Person individuell konfiguriert wurde.<\/p>\n<p>Nach unserem Besuch in der \u201eExperimenta\u201c ging es noch nicht wieder nach Hause. Wir hatten nach einem kurzen Spaziergang in die Innenstadt auch noch freie Zeit zum Shoppen, Essen oder was auch immer man machen wollte.<\/p>\n<p>Passend war, dass sich ganz in der N\u00e4he die gro\u00dfe Stadtgalerie Heilbronn befand, in der man alles finden konnte, ob Produkte, die es in Italien in den Regalen nicht zu finden gibt, bis hin zu lustigen Souvenirs f\u00fcr die Familie und Freunde.<\/p>\n<p>Abends kamen wir m\u00fcde, aber gl\u00fccklich in Bruchsal an und konnten noch einen sch\u00f6nen Abend mit Spielen, Fernsehen oder Sonstigem verbringen.<\/p>\n<p>F\u00fcr viele Austauschsch\u00fclerinnen war dieser Ausflug nach Heilbronn einer der sch\u00f6nsten Tage hier in Deutschland.<\/p>\n<\/p><\/div>\n<\/p><\/div>\n<p><strong>Dienstag, 14. Oktober 2025 &#8211; gemeinsames Abschlussfr\u00fchst\u00fcck am JKG, Action Bound in Bruchsal und Verabschiedung am Bruchsaler Bahnhof<\/strong><\/p>\n<div class=\"col-md-12\">\n<div class=\"row\">\n<div class=\"col-md-5 bootstrapfloat\">\n      <a href=\"https:\/\/www.jkg-bruchsal.de\/wordpress\/inhalte\/uploads\/2025\/11\/k-Bild-6.jpg\" data-rel=\"lightbox-image-6\" data-rl_title=\"\" data-rl_caption=\"\" title=\"\"><img decoding=\"async\" class=\"img-responsive\" src=\"https:\/\/www.jkg-bruchsal.de\/wordpress\/inhalte\/uploads\/2025\/11\/k-Bild-6.jpg\" alt=\"Italienaustausch 6\" \/><\/a>\n    <\/div>\n<p>Nach einer tollen, interessanten und aktionsreichen Woche hie\u00df es am Dienstagvormittag nach einem gemeinsamen Abschlussfr\u00fchst\u00fcck und einem englischsprachigen Action Bound durch Bruchsal schon wieder Abschied nehmen. Die Tage vergingen viel zu schnell und wir freuen uns schon sehr auf den f\u00fcr April 2026 geplanten Gegenaustausch nach Italien in die Region um Mailand und den Comer See. Trotz der wenigen Tage sind Freundschaften entstanden. Manche haben voller Vorfreude mit ihren Austauschpartnerinnen schon Ausflugspl\u00e4ne f\u00fcr diese Zeit geschmiedet. <\/p>\n<p>Ein ganz herzliches Dankesch\u00f6n gilt unseren italienischen Austauschpartnerinnen f\u00fcr die tolle gemeinsame Zeit, den betreuenden Lehrerinnen, Frau Reske und Frau Ayas f\u00fcr die prima Organisation, wie auch allen anderen beteiligten Lehrkr\u00e4ften und der Schulleitung f\u00fcr die reibungslose Erm\u00f6glichung dieser wertvollen Erfahrungen.<\/p>\n<\/p><\/div>\n<\/p><\/div>\n<p>\n<em>Text: Lisa-Marie Villhauer (10v), Leonie Kretz und Ronja Kuntze (10w)<br \/>\nFotos: Frau Reske und Frau Ayas<\/em><\/p>\n","protected":false},"excerpt":{"rendered":"<p>Sch\u00fcleraustausch mit Norditalien 7. bis 14. Oktober 2025: Sch\u00fclerinnen und Sch\u00fcler der 9. + 10. Klassen begegnen sich in englischer Sprache am JKG. 16. bis 23. April 2026: Sch\u00fclerinnen und Sch\u00fcler der 9. + 10. Klassen des JKG fahren nach Norditalien. Bericht: Sch\u00fcleraustausch mit Sch\u00fclerinnen aus Seregno im Fachbereich Englisch Dienstag, 7. Oktober 2025 \u2013 [&hellip;]<\/p>\n","protected":false},"author":2,"featured_media":0,"parent":114,"menu_order":30,"comment_status":"open","ping_status":"open","template":"","meta":{"footnotes":""},"class_list":["post-220","page","type-page","status-publish","hentry"],"_links":{"self":[{"href":"https:\/\/www.jkg-bruchsal.de\/index.php?rest_route=\/wp\/v2\/pages\/220","targetHints":{"allow":["GET"]}}],"collection":[{"href":"https:\/\/www.jkg-bruchsal.de\/index.php?rest_route=\/wp\/v2\/pages"}],"about":[{"href":"https:\/\/www.jkg-bruchsal.de\/index.php?rest_route=\/wp\/v2\/types\/page"}],"author":[{"embeddable":true,"href":"https:\/\/www.jkg-bruchsal.de\/index.php?rest_route=\/wp\/v2\/users\/2"}],"replies":[{"embeddable":true,"href":"https:\/\/www.jkg-bruchsal.de\/index.php?rest_route=%2Fwp%2Fv2%2Fcomments&post=220"}],"version-history":[{"count":18,"href":"https:\/\/www.jkg-bruchsal.de\/index.php?rest_route=\/wp\/v2\/pages\/220\/revisions"}],"predecessor-version":[{"id":15233,"href":"https:\/\/www.jkg-bruchsal.de\/index.php?rest_route=\/wp\/v2\/pages\/220\/revisions\/15233"}],"up":[{"embeddable":true,"href":"https:\/\/www.jkg-bruchsal.de\/index.php?rest_route=\/wp\/v2\/pages\/114"}],"wp:attachment":[{"href":"https:\/\/www.jkg-bruchsal.de\/index.php?rest_route=%2Fwp%2Fv2%2Fmedia&parent=220"}],"curies":[{"name":"wp","href":"https:\/\/api.w.org\/{rel}","templated":true}]}}