{"id":224,"date":"2015-07-18T19:22:01","date_gmt":"2015-07-18T17:22:01","guid":{"rendered":"http:\/\/www.jkg-bruchsal.de\/wordpress\/?page_id=224"},"modified":"2025-07-22T10:28:56","modified_gmt":"2025-07-22T08:28:56","slug":"weitere-austauschprogramme","status":"publish","type":"page","link":"https:\/\/www.jkg-bruchsal.de\/?page_id=224","title":{"rendered":"Weitere Austauschprogramme"},"content":{"rendered":"<h3>Sch\u00fcleraustausch JKG mit ICR Hurlingham (Buenos Aires\/Argentinien) vom 07.06. \u2013 28.06.2025<\/h3>\n<h4>Unser Besuch in Argentinien \u2013 der zweite Teil eines ganz besonderen Austauschs<\/h4>\n<div class=\"col-md-12\">\n<div class=\"row\">\n<div class=\"col-md-5 bootstrapfloat\">\n      <a href=\"https:\/\/www.jkg-bruchsal.de\/wordpress\/inhalte\/uploads\/2025\/07\/296d4ada-69c7-493f-b5cd-b73f221b9ff5.jpeg\" data-rel=\"lightbox-image-0\" data-rl_title=\"\" data-rl_caption=\"\" title=\"\"><img decoding=\"async\" class=\"img-responsive\" src=\"https:\/\/www.jkg-bruchsal.de\/wordpress\/inhalte\/uploads\/2025\/07\/296d4ada-69c7-493f-b5cd-b73f221b9ff5.jpeg\" alt=\"Argentinienaustausch 2025 - 2\" \/><\/a>\n    <\/div>\n<p>Nachdem wir im Mai unsere argentinischen Austauschpartnerinnen aus Hurlingham (in der N\u00e4he von Buenos Aires) in Bruchsal begr\u00fc\u00dfen durften, stand im Juni endlich der Gegenbesuch an: Wir, vier Sch\u00fclerinnen der Klassen 10 und 11 des JKG, reisten nach Argentinien, um unsere Partnerinnen, ihre Familien, ihre Schule und ihren Alltag besser kennenzulernen. Die Wiedersehensfreude war riesig, denn obwohl wir in den Wochen danach in Kontakt geblieben waren, ist es doch etwas ganz anderes, sich vor Ort wiederzusehen, dieses Mal auf der anderen Seite der Welt!<\/p>\n<p>Schon bei unserer Ankunft am Flughafen wurden wir mit offenen Armen empfangen. Das erste Aufeinanderteffen mit unseren Gastfamilien war spannend und voller Vorfreude auf die kommenden Tage. Im Anschluss ging es dann sofort mit den jeweiligen Gastfamilien nach Hause. Dort konnten wir unsere Zimmer einrichten, ankommen und erst einmal tief durchatmen. Noch am ersten Abend trafen wir uns mit unseren Austauschpartnerinnen in Argentinien wieder. Wir picknickten gemeinsam und um 21 Uhr sahen wir uns erneut auf einer Willkommensparty. So startete der Austausch in einer sch\u00f6nen Gemeinschaft und mit vielen ersten Eindr\u00fccken, die man kaum so schnell verarbeiten konnte.<\/p>\n<p>W\u00e4hrend unserer drei Wochen in Argentinien wurden wir ganz unterschiedlich in das Leben unserer Gastfamilien eingebunden, jede von uns hat ihren Austausch daher ganz individuell erlebt. In der Schule allerdings kamen wir wieder alle zusammen, dort nahmen wir am Unterricht teil, machten Ausfl\u00fcge mit und lernten die sehr offene und lebendige Schulgemeinschaft kennen. Schon am ersten Tag gab es ein gemeinsames Fr\u00fchst\u00fcck mit medialunas (eine Art Croissant) und eine kleine F\u00fchrung, bei der wir das Schulgel\u00e4nde erkundeten. Die Schule war ganz anders als bei uns, weniger strukturiert, aber unglaublich herzlich. Man hatte sofort das Gef\u00fchl, dazuzugeh\u00f6ren.<\/p>\n<p>Auch in den folgenden Tagen begleiteten wir unsere Partnerinnen regelm\u00e4\u00dfig zur Schule. Dort durften wir unter anderem an einem Tangokurs teilnehmen, ein Theaterst\u00fcck vorbereiten und mit einer Lehrerin \u00fcber interkulturelle Unterschiede sprechen. Immer wieder gab es auch gr\u00f6\u00dfere Ausfl\u00fcge, zum Beispiel in die Innenstadt von Buenos Aires, zur Universit\u00e4t, in Museen oder zu Sehensw\u00fcrdigkeiten wie der ber\u00fchmten Buchhandlung El Ateneo. Der Schulalltag war bunt und abwechslungsreich aber gleichzeitig sehr gepr\u00e4gt vom sozialen Miteinander.<\/p>\n<p>Abseits der Schule sah unser Alltag oft ganz unterschiedlich aus. Einige von uns verbrachten viel Zeit mit ihren Gastfamilien, andere lernten verschiedene Viertel von Buenos Aires kennen, besuchten lokale M\u00e4rkte, Caf\u00e9s oder Einkaufszentren oder trafen sich auch mit den anderen Deutschen. Auch sportliche Aktivit\u00e4ten wie Tanzen oder Fitnessstudio standen bei einigen auf dem Programm.<\/p>\n<p>An den Wochenenden gingen unsere Wege dann meist auseinander, einige besuchten mit ihren Gastfamilien Verwandte, andere erkundeten Buenos Aires oder fuhren weiter weg nach C\u00f3rdoba. Besonders beeindruckend waren dabei oft die kleinen Momente, etwa ein Grillabend mit traditionellem asado, ein Spaziergang durch einen Park oder ein Besuch auf der Feria in Recoleta, wo wir landestypisches Kunsthandwerk bestaunen und Mitbringsel kaufen konnten. Die vielen Eindr\u00fccke sammelte jede von uns auf ihre eigene Weise und bei unseren Treffen in der Schule tauschten wir uns regelm\u00e4\u00dfig dar\u00fcber aus.<\/p>\n<p>Gegen Ende unseres Aufenthalts wurden die Tage immer emotionaler. Wir m\u00fcssten langsam Abschied nehmen, packten unsere Koffer, schenkten kleine Andenken und verbrachten bewusst Zeit mit den Menschen, die uns in dieser kurzen Zeit so sehr ans Herz gewachsen waren. Am letzten Abend fand dann noch die lang ersehnte Abschiedsparty statt, auf der wir gro\u00dfen Spa\u00df hatten.<\/p>\n<\/p><\/div>\n<\/p><\/div>\n<p>Am Freitagmorgen hie\u00df es dann endg\u00fcltig Abschied nehmen. Der R\u00fcckflug nach Deutschland fiel uns allen schwer \u2013 zu sch\u00f6n war die gemeinsame Zeit und die neu entstandenen Freundschaften. Doch wir nehmen viel mit: nicht nur neue Sprachkenntnisse und interkulturelle Erfahrungen, sondern vor allem viele Erinnerungen, die uns noch lange begleiten werden!<\/p>\n<p><em>Text: Sophia Gall\u00e9 (10c) und Sophia Kolbinger (11t)<br \/>\nFotos: Stz (Juli 2025)<\/em><\/p>\n<p><\/p>\n<hr>\n<h3>Besuch der argentinischen Gastsch\u00fclerinnen vom 03.05. \u2013 17.05.2025 in Bruchsal<\/h3>\n<div class=\"col-md-12\">\n<div class=\"row\">\n<div class=\"col-md-5 bootstrapfloat\">\n      <a href=\"https:\/\/www.jkg-bruchsal.de\/wordpress\/inhalte\/uploads\/2025\/06\/image0.jpeg.jpg\" data-rel=\"lightbox-image-1\" data-rl_title=\"\" data-rl_caption=\"\" title=\"\"><img decoding=\"async\" class=\"img-responsive\" src=\"https:\/\/www.jkg-bruchsal.de\/wordpress\/inhalte\/uploads\/2025\/06\/image0.jpeg.jpg\" alt=\"Argentinienaustausch 2025\" \/><\/a>\n    <\/div>\n<p>Am Samstag, den 3. Mai war es endlich soweit! Unsere sechs argentinischen Austauschsch\u00fclerinnen aus Hurlingham (N\u00e4he Buenos Aires) kamen in Bruchsal an. Seit November standen wir, vier Sch\u00fclerinnen der Klassen 10 und 11 des JKG, bereits \u00fcber soziale Netzwerke in Kontakt. Nun konnten wir sie endlich pers\u00f6nlich kennen lernen. Schon nach kurzer Zeit waren wir positiv \u00fcberrascht, wie gut unsere Austauschpartnerinnen Deutsch sprechen, das hat vieles erleichtert und daf\u00fcr gesorgt, dass wir uns von Anfang an gut verst\u00e4ndigen konnten. <\/p>\n<p>Den ersten Nachmittag verbrachten wir erst einmal gem\u00fctlich zu Hause mit der Familie, um uns besser kennen zu lernen. Dabei kamen spannende Gespr\u00e4che \u00fcber Unterschiede und Gemeinsamkeiten zu Stande. Ein besonders interessantes Thema war das Essen, denn w\u00e4hrend in Deutschland das Abendessen meist gegen 18:00 Uhr stattfindet, startet man in Argentinien h\u00e4ufig erst gegen 22:00 Uhr. Au\u00dferdem isst man in Argentinien besonders viel Fleisch, insbesondere das traditionelle Asado.<\/p>\n<p>Der erste Abend wurde anschlie\u00dfend ganz unterschiedlich gestaltet. Manche Familien machten einen gem\u00fctlichen Spieleabend, andere waren zum Beispiel unterwegs auf dem Mittelalterfest Spektakulum in Bruchsal und stellte ihren G\u00e4sten direkt Freunde und Bruchsal vor. So fand jede Gastfamilie ihren eigenen Weg den Austausch gut zu starten. <\/p>\n<p>Am zweiten Tag standen dann schon die ersten Ausfl\u00fcge an, unter anderem ein Ausflug nach Speyer und Karlsruhe mit Besuch des Schlosses sowie einer Fahrt mit der Dampflok durch den Schlossgarten oder einem Besuch beim Fu\u00dfballspiel des Karlsruher SC.\u00a0 So konnten wir unseren Austauschpartnerinnen gleich ein paar Eindr\u00fccke unserer Region vermitteln. <\/p>\n<p>Nach einem Willkommensfr\u00fchst\u00fcck f\u00fcr unsere Argentinierinnen und dem Besuch unterschiedlicher Spanischklassen am Montag endete der Schultag am Nachmittag nach einem Picknick im Schlossgarten sowie einer digitalen Schnitzeljagd durch Bruchsal.<\/p>\n<p>Unsere ersten Tage vergingen wie im Flug und wir mussten uns vorzeitig schon wieder f\u00fcr ein paar Tage verabschieden, denn f\u00fcr unsere Argentinierinnen ging es bis Ende der ersten Austauschwoche nach Bayern, wo sie mit ihrer argentinischen Lehrerin deutsche Universit\u00e4ten besuchten. Am Freitagabend durften wir unsere G\u00e4ste aber auch schon wieder in Empfang nehmen.<\/p>\n<p>Am Samstag hie\u00df es f\u00fcr uns dann ab nach Bretten, wo ebenfalls argentinische Austauschsch\u00fcler bei Gastfamilien untergebracht waren. Wir wurden von den deutschen Gastsch\u00fclern aus Bretten eingeladen, um einen Geburtstag zu feiern und konnten dadurch auch die anderen argentinischen Austauschsch\u00fcler mit ihren deutschen Gastgeschwistern kennenlernen.<\/p>\n<p>Den Rest des Wochenendes gestaltete aber auch dieses Mal jede Gastfamilie f\u00fcr sich. So ging es f\u00fcr die einen in den Schwarzwald und f\u00fcr die anderen nach Stra\u00dfburg.<\/p>\n<p>Von Montag bis Mittwoch und Freitag der zweiten Austauschwoche begleiteten uns unsere Argentinierinnen mit in unseren Unterricht, am Donnerstag ging es dann mit Frau Seitz und Herr Binder nach Heidelberg. Nach einem sehr langen Spaziergang \u00fcber den Philosophenweg, die alte Br\u00fccke und die Altstadt sind wir am Heidelberger Schloss angekommen und durften an einer F\u00fchrung teilnehmen. Sp\u00e4ter konnten wir die restliche Zeit dann auch noch zum Bummeln und zum Essen nutzen. Da an diesem Tag eine Argentinierin Geburtstag hatte, ging der Tag noch lange und wir trafen am Abend erneut die Sch\u00fcler aus Bretten. Auch am Freitagabend gab es nach der Schule noch ein kleines Beisammensein, da auch an diesem Tag ein weiterer Geburtstag anstand.<\/p>\n<\/p><\/div>\n<\/p><\/div>\n<p>Leider hie\u00df es dann am Samstag aber endg\u00fcltig verabschieden, denn unsere Argentinierinnen zogen mir ihren argentinischen Lehrerinnen als Gruppe weiter nach Berlin, von wo aus sie vier Tage sp\u00e4ter zur\u00fcck nach Buenos Aires flogen.<\/p>\n<p>Abschlie\u00dfend l\u00e4sst sich zum Austausch hier in Deutschland sagen, dass es eine unvergessliche Zeit war, in der wir viele neue Freunde finden konnten und uns auch untereinander besser kennenlernen durften. Wir freuen uns schon sehr auf den baldigen R\u00fcckaustausch im Juni, denn dann werden wir unsere Freunde in Argentinien wieder sehen!<\/p>\n<p><em>Text: Marlene Feil und Jana Hancke<br \/>\nFotos: Stz (Juni 2025)<\/em><\/p>\n<p><\/p>\n<hr>\n","protected":false},"excerpt":{"rendered":"<p>Sch\u00fcleraustausch JKG mit ICR Hurlingham (Buenos Aires\/Argentinien) vom 07.06. \u2013 28.06.2025 Unser Besuch in Argentinien \u2013 der zweite Teil eines ganz besonderen Austauschs Nachdem wir im Mai unsere argentinischen Austauschpartnerinnen aus Hurlingham (in der N\u00e4he von Buenos Aires) in Bruchsal begr\u00fc\u00dfen durften, stand im Juni endlich der Gegenbesuch an: Wir, vier Sch\u00fclerinnen der Klassen 10 [&hellip;]<\/p>\n","protected":false},"author":2,"featured_media":0,"parent":114,"menu_order":50,"comment_status":"open","ping_status":"open","template":"","meta":{"footnotes":""},"class_list":["post-224","page","type-page","status-publish","hentry"],"_links":{"self":[{"href":"https:\/\/www.jkg-bruchsal.de\/index.php?rest_route=\/wp\/v2\/pages\/224","targetHints":{"allow":["GET"]}}],"collection":[{"href":"https:\/\/www.jkg-bruchsal.de\/index.php?rest_route=\/wp\/v2\/pages"}],"about":[{"href":"https:\/\/www.jkg-bruchsal.de\/index.php?rest_route=\/wp\/v2\/types\/page"}],"author":[{"embeddable":true,"href":"https:\/\/www.jkg-bruchsal.de\/index.php?rest_route=\/wp\/v2\/users\/2"}],"replies":[{"embeddable":true,"href":"https:\/\/www.jkg-bruchsal.de\/index.php?rest_route=%2Fwp%2Fv2%2Fcomments&post=224"}],"version-history":[{"count":6,"href":"https:\/\/www.jkg-bruchsal.de\/index.php?rest_route=\/wp\/v2\/pages\/224\/revisions"}],"predecessor-version":[{"id":16495,"href":"https:\/\/www.jkg-bruchsal.de\/index.php?rest_route=\/wp\/v2\/pages\/224\/revisions\/16495"}],"up":[{"embeddable":true,"href":"https:\/\/www.jkg-bruchsal.de\/index.php?rest_route=\/wp\/v2\/pages\/114"}],"wp:attachment":[{"href":"https:\/\/www.jkg-bruchsal.de\/index.php?rest_route=%2Fwp%2Fv2%2Fmedia&parent=224"}],"curies":[{"name":"wp","href":"https:\/\/api.w.org\/{rel}","templated":true}]}}