{"id":233,"date":"2015-07-18T19:25:33","date_gmt":"2015-07-18T17:25:33","guid":{"rendered":"http:\/\/www.jkg-bruchsal.de\/wordpress\/?page_id=233"},"modified":"2025-10-08T20:49:43","modified_gmt":"2025-10-08T18:49:43","slug":"hausaufgabenbetreuung","status":"publish","type":"page","link":"https:\/\/www.jkg-bruchsal.de\/?page_id=233","title":{"rendered":"Hausaufgabenbetreuung"},"content":{"rendered":"<div class=\"row\">\n<div class=\"col-md-6\">\n    <a class=\"btn btn-primary\" style=\"float:left;\" href=\"https:\/\/www.jkg-bruchsal.de\/?page_id=231\"><span class=\"hidden-xs\"><< Sch\u00fcler helfen Sch\u00fclern<\/span><i class=\"glyphicon glyphicon-arrow-left visible-xs\"><\/i><\/a>\n  <\/div>\n<div class=\"col-md-6\">\n    <a class=\"btn btn-primary\" style=\"float:right;\" href=\"https:\/\/www.jkg-bruchsal.de\/?page_id=235\"><span class=\"hidden-xs\">Wettbewerbe >><\/span><i class=\"glyphicon glyphicon-arrow-right visible-xs\"><\/i><\/a>\n  <\/div>\n<\/div>\n<hr>\n<p>Die Hausaufgabenbetreuung wird  im <strong>Schuljahr 25\/26<\/strong> voraussichtlich an drei Wochentagen (Montag, Mittwoch, Donnerstag) in der Zeit von 13:00 bis 14:00 Uhr stattfinden. Dabei begleiten \u00e4ltere Sch\u00fclerinnen und Sch\u00fcler die angemeldeten F\u00fcnft- und Sechstkl\u00e4ssler bei der Erledigung ihrer Hausaufgaben und k\u00f6nnen bei Verst\u00e4ndnisproblemen um Rat gefragt werden.<\/p>\n<p>Sollten Sie f\u00fcr Ihr Kind eine solche Betreuung w\u00fcnschen, f\u00fcllen Sie bitte den oberen Teil des unten stehenden Anmeldeformulars aus und geben dieses zeitnah im Sekretariat ab. \u00dcber die Klassenleitungen erhalten Sie dann genauere Informationen, sobald die Gruppen von uns zusammengestellt worden sind.<\/p>\n<p>Grunds\u00e4tze der Hausaufgabenbetreuung:<\/p>\n<ul>\n<li>Montag, Mittwoch und Donnerstag in der Zeit von 13:00 bis 14:00 Uhr<\/li>\n<li>Ziel: Das Anfertigen der Hausaufgaben findet unter Aufsicht \u00e4lterer Sch\u00fclerinnen und Sch\u00fcler statt<\/li>\n<li>Das Angebot ist kostenfrei<\/li>\n<li>Eine verbindliche Anmeldung ist n\u00f6tig<\/li>\n<li>Teilnehmen k\u00f6nnen Sch\u00fclerinnen und Sch\u00fcler der Klassen 5 und 6<\/li>\n<li>Die Betreuung \u00fcbernehmen Sch\u00fclerinnen und Sch\u00fcler ab Klasse 10. Es findet keine Nachhilfe statt.<\/li>\n<li>Die Hausaufgabenbetreuung beginnt nach den Herbstferien<\/li>\n<li>Der Ansprechpartner ist Herr Burkhardtsmaier<\/li>\n<\/ul>\n<p><strong>Anmeldung:<\/strong> Sollten Sie also f\u00fcr Ihr Kind (5. oder 6. Klasse) eine solche Betreuung w\u00fcnschen, bitte ich Sie, angeh\u00e4ngten Abschnitt auszuf\u00fcllen und im Sekretariat zeitnah abzugeben: <a href=\"https:\/\/www.jkg-bruchsal.de\/wordpress\/inhalte\/uploads\/2025\/10\/AnmeldungsformulareSHSUndHABetreuung2025.pdf\" rel=\"noopener\" target=\"_blank\">Anmeldeformular (PDF)<\/a>. Wenn die Gruppen pro Zeitslot zu gro\u00df werden, m\u00fcssten wir Nachmeldende abweisen. Ich informiere Sie dann \u00fcber die jeweiligen Klassenleitungen.<\/p>\n<p>Wer sich als Betreuerin oder Betreuer anmelden m\u00f6chte (Klasse 10 aufw\u00e4rts), sollte den unteren Teil des <a href=\"https:\/\/www.jkg-bruchsal.de\/wordpress\/inhalte\/uploads\/2025\/10\/SHSAnbieterformular.pdf\" target=\"_blank\">Anbieterformulars (PDF)<\/a> ausf\u00fcllen und abgeben.<\/p>\n<p><em>Alkan, 08.10.2025<\/em><\/p>\n","protected":false},"excerpt":{"rendered":"<p>> Die Hausaufgabenbetreuung wird im Schuljahr 25\/26 voraussichtlich an drei Wochentagen (Montag, Mittwoch, Donnerstag) in der Zeit von 13:00 bis 14:00 Uhr stattfinden. Dabei begleiten \u00e4ltere Sch\u00fclerinnen und Sch\u00fcler die angemeldeten F\u00fcnft- und Sechstkl\u00e4ssler bei der Erledigung ihrer Hausaufgaben und k\u00f6nnen bei Verst\u00e4ndnisproblemen um Rat gefragt werden. Sollten Sie f\u00fcr Ihr Kind eine solche Betreuung [&hellip;]<\/p>\n","protected":false},"author":2,"featured_media":0,"parent":118,"menu_order":20,"comment_status":"open","ping_status":"open","template":"","meta":{"footnotes":""},"class_list":["post-233","page","type-page","status-publish","hentry"],"_links":{"self":[{"href":"https:\/\/www.jkg-bruchsal.de\/index.php?rest_route=\/wp\/v2\/pages\/233","targetHints":{"allow":["GET"]}}],"collection":[{"href":"https:\/\/www.jkg-bruchsal.de\/index.php?rest_route=\/wp\/v2\/pages"}],"about":[{"href":"https:\/\/www.jkg-bruchsal.de\/index.php?rest_route=\/wp\/v2\/types\/page"}],"author":[{"embeddable":true,"href":"https:\/\/www.jkg-bruchsal.de\/index.php?rest_route=\/wp\/v2\/users\/2"}],"replies":[{"embeddable":true,"href":"https:\/\/www.jkg-bruchsal.de\/index.php?rest_route=%2Fwp%2Fv2%2Fcomments&post=233"}],"version-history":[{"count":8,"href":"https:\/\/www.jkg-bruchsal.de\/index.php?rest_route=\/wp\/v2\/pages\/233\/revisions"}],"predecessor-version":[{"id":14785,"href":"https:\/\/www.jkg-bruchsal.de\/index.php?rest_route=\/wp\/v2\/pages\/233\/revisions\/14785"}],"up":[{"embeddable":true,"href":"https:\/\/www.jkg-bruchsal.de\/index.php?rest_route=\/wp\/v2\/pages\/118"}],"wp:attachment":[{"href":"https:\/\/www.jkg-bruchsal.de\/index.php?rest_route=%2Fwp%2Fv2%2Fmedia&parent=233"}],"curies":[{"name":"wp","href":"https:\/\/api.w.org\/{rel}","templated":true}]}}