{"id":243,"date":"2015-07-18T19:29:44","date_gmt":"2015-07-18T17:29:44","guid":{"rendered":"http:\/\/www.jkg-bruchsal.de\/wordpress\/?page_id=243"},"modified":"2025-11-25T19:30:34","modified_gmt":"2025-11-25T18:30:34","slug":"nachschreiben","status":"publish","type":"page","link":"https:\/\/www.jkg-bruchsal.de\/?page_id=243","title":{"rendered":"Pr\u00e4vention"},"content":{"rendered":"<p><strong>Gesundheitsf\u00f6rderung &#8211; Suchtpr\u00e4vention<\/strong><\/p>\n<p>Suchtpr\u00e4vention versteht sich als ein wesentlicher Aspekt der Gesundheitsf\u00f6rderung am JKG. Sie hat das Ziel, alle im Lebensraum Schule teilnehmenden Menschen zu st\u00e4rken, sie in die Lage zu versetzen Suchtentwicklung zu vermeiden und Suchtrisiken zu erkennen. Lebenskompetenz und Resilienz der Sch\u00fclerInnen soll im normalen Schul- und Unterrichtsalltag gef\u00f6rdert werden, aber auch \u00fcber spezifische Programme und Projekte.<\/p>\n<p><\/br><\/p>\n<h5><strong>Weiterf\u00fchrende Links:<\/strong><\/h5>\n<p><a href=\"http:\/\/www.bzga.de\/themenschwerpunkte\/suchtpraevention\/\" target=\"_blank\" rel=\"noopener noreferrer\">Bundeszentrale f\u00fcr gesundheitliche Aufkl\u00e4rung (externer Link)<\/a><br \/>\n<a href=\"http:\/\/www.bw-lv.de\/home\/\" target=\"_blank\" rel=\"noopener noreferrer\">Baden-W\u00fcrttembergischer Landesverband f\u00fcr Pr\u00e4vention und Rehabilitation gGmbH &#8211; Suchthilfe (externer Link)<\/a><br \/>\n<a href=\"http:\/\/www.bw-lv.de\/beratungsstellen\/fachstelle-sucht-bruchsal\" target=\"_blank\" rel=\"noopener noreferrer\">Baden-W\u00fcrttembergischer Landesverband f\u00fcr Pr\u00e4vention und Rehabilitation gGmbH &#8211; Fachstelle Sucht in Bruchsal (externer Link)<\/a><br \/>\n<a href=\"https:\/\/km.baden-wuerttemberg.de\/de\/startseite\" target=\"_blank\" rel=\"noopener noreferrer\">Kultusportal Baden-W\u00fcrttemberg (externer Link)<\/a><\/p>\n","protected":false},"excerpt":{"rendered":"<p>Gesundheitsf\u00f6rderung &#8211; Suchtpr\u00e4vention Suchtpr\u00e4vention versteht sich als ein wesentlicher Aspekt der Gesundheitsf\u00f6rderung am JKG. Sie hat das Ziel, alle im Lebensraum Schule teilnehmenden Menschen zu st\u00e4rken, sie in die Lage zu versetzen Suchtentwicklung zu vermeiden und Suchtrisiken zu erkennen. Lebenskompetenz und Resilienz der Sch\u00fclerInnen soll im normalen Schul- und Unterrichtsalltag gef\u00f6rdert werden, aber auch \u00fcber [&hellip;]<\/p>\n","protected":false},"author":2,"featured_media":0,"parent":118,"menu_order":70,"comment_status":"open","ping_status":"open","template":"","meta":{"footnotes":""},"class_list":["post-243","page","type-page","status-publish","hentry"],"_links":{"self":[{"href":"https:\/\/www.jkg-bruchsal.de\/index.php?rest_route=\/wp\/v2\/pages\/243","targetHints":{"allow":["GET"]}}],"collection":[{"href":"https:\/\/www.jkg-bruchsal.de\/index.php?rest_route=\/wp\/v2\/pages"}],"about":[{"href":"https:\/\/www.jkg-bruchsal.de\/index.php?rest_route=\/wp\/v2\/types\/page"}],"author":[{"embeddable":true,"href":"https:\/\/www.jkg-bruchsal.de\/index.php?rest_route=\/wp\/v2\/users\/2"}],"replies":[{"embeddable":true,"href":"https:\/\/www.jkg-bruchsal.de\/index.php?rest_route=%2Fwp%2Fv2%2Fcomments&post=243"}],"version-history":[{"count":3,"href":"https:\/\/www.jkg-bruchsal.de\/index.php?rest_route=\/wp\/v2\/pages\/243\/revisions"}],"predecessor-version":[{"id":16718,"href":"https:\/\/www.jkg-bruchsal.de\/index.php?rest_route=\/wp\/v2\/pages\/243\/revisions\/16718"}],"up":[{"embeddable":true,"href":"https:\/\/www.jkg-bruchsal.de\/index.php?rest_route=\/wp\/v2\/pages\/118"}],"wp:attachment":[{"href":"https:\/\/www.jkg-bruchsal.de\/index.php?rest_route=%2Fwp%2Fv2%2Fmedia&parent=243"}],"curies":[{"name":"wp","href":"https:\/\/api.w.org\/{rel}","templated":true}]}}