{"id":2988,"date":"2015-08-29T17:54:12","date_gmt":"2015-08-29T15:54:12","guid":{"rendered":"https:\/\/www.jkg-bruchsal.de\/wordpress\/?page_id=2988"},"modified":"2015-09-12T15:33:04","modified_gmt":"2015-09-12T13:33:04","slug":"kursmusiknacht","status":"publish","type":"page","link":"https:\/\/www.jkg-bruchsal.de\/?page_id=2988","title":{"rendered":"KursMusikNacht"},"content":{"rendered":"<div class=\"row\">\n<div class=\"col-md-6\">\n    <a class=\"btn btn-primary\" style=\"float:left;\" href=\"https:\/\/www.jkg-bruchsal.de\/?page_id=2965\"><span class=\"hidden-xs\"><< Konzerte<\/span><i class=\"glyphicon glyphicon-arrow-left visible-xs\"><\/i><\/a><\/br><br \/>\n    <a class=\"btn btn-primary\" style=\"float:left;\" href=\"https:\/\/www.jkg-bruchsal.de\/?page_id=1147\"><span class=\"hidden-xs\"><< Musik<\/span><i class=\"glyphicon glyphicon-arrow-left visible-xs\"><\/i><\/a>\n  <\/div>\n<div class=\"col-md-6\">\n    <a class=\"btn btn-primary\" style=\"float:right;\" href=\"https:\/\/www.jkg-bruchsal.de\/?page_id=568\"><span class=\"hidden-xs\">Gymnasiale Oberstufe >><\/span><i class=\"glyphicon glyphicon-arrow-right visible-xs\"><\/i><\/a>\n  <\/div>\n<\/div>\n<a href=\"https:\/\/www.jkg-bruchsal.de\/wordpress\/inhalte\/uploads\/2015\/08\/Melodie.jpg\" data-rel=\"lightbox-image-0\" data-rl_title=\"\" data-rl_caption=\"\" title=\"\"><img decoding=\"async\" class=\"img-responsive\" src=\"https:\/\/www.jkg-bruchsal.de\/wordpress\/inhalte\/uploads\/2015\/08\/Melodie.jpg\" alt=\"Melodie\" \/><\/a>\n<ul class=\"nav nav-tabs nav-justified\">\n<li role=\"presentation\" class=\"active\"><a href=\"#\">KursMusikNacht 2015<\/a><\/li>\n<li role=\"presentation\"><a href=\"#Konzert des Jahrgangs 2014\">KursMusikNacht 2014<\/a><\/li>\n<li role=\"presentation\"><a href=\"#Konzert des Jahrgangs 2013\">KursMusikNacht 2013<\/a><\/li>\n<\/ul>\n<h3>Abiturientenkonzert der Musik-Neigungskurse<\/h3>\n<p>Unsere Sch\u00fclerInnen, die Musik in der Kursstufe als vierst\u00fcndiges Neigungsfach gew\u00e4hlt haben, k\u00f6nnen auch eine Abiturpr\u00fcfung im Fach Musik ablegen. Diese beinhaltet u.a. ein Vorspiel auf einem Instrument bzw. Gesang. Um sich auf die Pr\u00fcfung vorzubereiten und das Spielen unter Aufregung zu \u00fcben, geben unsere MusikabiturientInnen gelegentlich Konzerte, quasi als &#8222;Generalprobe&#8220; mit Publikum. Da die Pr\u00fcfungen leider nicht \u00f6ffentlich sind, freut sich die Schulgemeinschaft, samt Eltern und Freunden, bei deisem Konzert von unseren Sch\u00fclerInnen Musik auf hohem Niveau geboten zu bekommen.<\/p>\n<p><\/br><\/p>\n<hr>\n<h3><a name=\"Konzert des Jahrgangs 2015\"><\/a>Konzert des Abiturjahrgangs 2015<\/h3>\n<p><strong>Tolle Leistungen bei der KursMusikNacht am JKG (April 2015)<\/strong><\/p>\n<div class=\"col-md-12\">\n<div class=\"row\">\n<div class=\"col-md-3 bootstrapfloatright\" style=\"float:right;\">\n      <center><a href=\"https:\/\/www.jkg-bruchsal.de\/wordpress\/inhalte\/uploads\/2015\/08\/k-Plakat-KMN-2015-212x300.jpg\" data-rel=\"lightbox-image-1\" data-rl_title=\"\" data-rl_caption=\"\" title=\"\"><img decoding=\"async\" class=\"img-responsive\" src=\"https:\/\/www.jkg-bruchsal.de\/wordpress\/inhalte\/uploads\/2015\/08\/k-Plakat-KMN-2015-212x300.jpg\" alt=\"Plakat KMN 2015\" \/><\/a><\/center>\n    <\/div>\n<p>Eine gelungene Generalprobe und zugleich ein musikalischer Leckerbissen f\u00fcr die Zuh\u00f6rer &#8211; dies war die KursMusikNacht am Justus-Knecht-Gymnasium. Die Abiturientinnen und Abiturienten aus dem Neigungskurs Musik zeigten bei ihrem Vorspiel, was sie k\u00f6nnen und bauten somit schon vor der fachpraktischen Pr\u00fcfung, die nicht\u00f6ffentlich stattfindet, etwas Lampenfieber ab. Eileen Rapport, Jana K\u00f6lbach und Veronika D\u00f6rr \u00fcberzeugten auf der Querfl\u00f6te mit einem verspielten Andante von Carl Stamitz, einer ruhig-getragenen Idylle von Benjamin Godard und einer lebhaften Sonatine von Claude Arrieu.<\/p>\n<p>Robin Baumg\u00e4rtner spielte mit seinem Saxophon, begleitet von Melanie Schulz, einen fetzigen Nice Boogie von Folkman, w\u00e4hrend Simon Bauer mit einer Sonata von Albinoni auf der Trompete feierliche Barockstimmung erzeugte. Laura Kohler wagte sich auf der Klarinette an ein modernes St\u00fcck von John Mayer und Julia Kempf gefiel, ebenfalls auf der Klarinette, im Zusammenspiel mit ihrer Lehrerin Patricia Bergisch-Bornh\u00e4user. Die Geigenspielerinnen Jane Blank und Lea Habitzreither widmeten sich romantisch-lyrischen Kl\u00e4ngen mit Werken von Gabriel Faur\u00e9 und Charles Dancla, w\u00e4hrend Katharina Neumann mit einem Allegro aus dem Konzert f\u00fcr Violine und Klavier von Anatoli Komarowski einen dynamischen und exzellenten Schlussakkord setzte. <\/p>\n<p>Anne Doppelbauer, die Fachbeauftragte der Schule f\u00fcr Musik, belohnte die aufgeregten Abiturienten f\u00fcr ihre tolle Leistung mit Rosen und dankte dem Begleiter auf dem Klavier Stefan Fuchs f\u00fcr sein einf\u00fchlsames Spiel. Schlie\u00dflich erfreuten die Musikkurse der Oberstufe das Publikum mit einer ungew\u00f6hnlichen Version des AC\/DC St\u00fcckes &#8222;Highway to hell&#8220;, n\u00e4mlich als Weltpremiere, rhythmisiert dargestellt mit Boomwhackers (Plastikr\u00f6hren). Die Big Band beendete fulminant das Konzert und begleitete im schwungvollen Finale die S\u00e4ngerinnen Clara Boppr\u00e9, Lena Wetzel, Anja Kowalski und Lydia Rieth bei rockigen und jazzigen Kl\u00e4ngen. Auch der Schulleiter Hanspeter Gaal war begeistert und und dankte vor allem dem Initiator und Organisator des Abends Christian Kowollik, der nicht nur Lehrer des Neigungskurses, sondern auch Leiter der Big Band ist. Ein aufmunternder Applaus begleitet die Sch\u00fclerinnen und Sch\u00fcler in die Pr\u00fcfung und f\u00fcr alle gilt &#8222;Toi, toi, toi&#8220;.<\/p>\n<\/p><\/div>\n<\/div>\n<p><em>Text: C. Bl\u00fcmle (2015)<\/em><\/p>\n<p><\/br><\/p>\n<figure>\n  <a href=\"https:\/\/www.jkg-bruchsal.de\/wordpress\/inhalte\/uploads\/2015\/08\/k-KursMusikNacht-2015.jpg\" data-rel=\"lightbox-image-2\" data-rl_title=\"\" data-rl_caption=\"\" title=\"\"><img decoding=\"async\" class=\"img-responsive\" src=\"https:\/\/www.jkg-bruchsal.de\/wordpress\/inhalte\/uploads\/2015\/08\/k-KursMusikNacht-2015.jpg\" alt=\"KursMusikNacht 2015\" \/><\/a><figcaption>\n    Foto: H. Eberhardt (2015)<br \/>\n  <\/figcaption><\/figure>\n<p><\/br><\/p>\n<hr>\n<h3><a name=\"Konzert des Jahrgangs 2014\"><\/a>Konzert des Abiturjahrgangs 2014<\/h3>\n<p><strong>Serenade der sieben &#8211; gelungene Generalprobe f\u00fcr die Fachpraktische Abiturpr\u00fcfung<\/strong><\/p>\n<p>Auch wenn die schriftlichen Pr\u00fcfungen \u00fcberstanden sind, ist das Abiturzeugnis nicht in der Tasche, es gibt noch viel zu tun. Davon k\u00f6nnen vor allem die Musik-Abiturientinnen und Abiturienten ein Lied singen\u2026 und das taten sie dann auch am Mittwoch nach Ostern. Da direkt am ersten Schultag ihre Fachpraktische Abiturpr\u00fcfung stattfindet, luden die sieben Pr\u00fcflinge des Musik-Neigungskurses ihre Mitsch\u00fcler, Verwandte und Freunde trotz Ferien zu einer \u00f6ffentlichen Generalprobe in die Aula des JKG, denn auch der Umgang mit Lampenfieber will ge\u00fcbt sein.<\/p>\n<p>Das kleine Konzert er\u00f6ffneten die beiden S\u00e4ngerinnen Lisa Kratzmeier und Linda Weschenfelder. Nach einer auch in hoher Lage sauber intonierten Arie von Giovanni Pergolesi ging Lisas Stimme emotional in die Tiefen des Popsongs \u201eJar of Hearts\u201c von Christina Perry. Lindas Liebe geh\u00f6rt der Oper, souver\u00e4n trug sie die Arie \u201eVoi che sapete\u201c aus Mozarts \u201eHochzeit des Figaro\u201c sowie ein barockes Arioso von G. F. H\u00e4ndel vor. Celine Amberger f\u00fchrte im Querfl\u00f6ten-Konzert von Wilhelm Popp den liedhaften, runden Ton der S\u00e4ngerinnen weiter und gl\u00e4nzte mit perlenden Arpeggien und Trillern.<\/p>\n<p>Die echte Harfe \u00fcbernahm das zarte Pl\u00e4tschern in der impressionistischen Konzert-Etude \u201eLa source\u201c, man glaubte, einen Elfentanz vor sich zu sehen. Das zweite St\u00fcck, ein Flamenco von Deborah Henson-Conant, ist nicht nur t\u00e4nzerisch anspruchsvoll. Friederike Siemer gestaltete beeindruckend virtuos die reichen Effekte und nutzte dabei ihre Harfe sowohl als Gitarre als auch als Schlagwerk. Vom Knopfakkordeon h\u00e4tte man nun einen argentinischen Tangotanz erwartet. Miguel Rapp entlockte seinem Instrument jedoch die modernen Harmonien des Suitensatzes \u201eSunflower\u201c von Torbj\u00f6rn Lundquist sowie die klare Polyphonie einer Allemande von J. S. Bach. <\/p>\n<p>Den Abschluss des abwechslungsreichen Programms bildeten die beiden E-Gitarristen Benedict Zimmermann und No\u00ebl Auch. Nach Benedicts \u201aklassischer\u2019 Version der Ballade \u201eNothing else matters\u201c im typischen Metallica-Sound zeigte No\u00ebl die Bandbreite dieses Instruments im Wechsel von fingerfertigen Soli mit kraftvollen Akkorden auf.<\/p>\n<p>Der Leiter des Neigungskurses Klaus Blum bedankte sich herzlich bei allen ausf\u00fchrenden Sch\u00fclerinnen und Sch\u00fclern und den beiden Klavierbegleitern f\u00fcr ihren Einsatz sowie bei deren Familien f\u00fcr die gro\u00dfe Unterst\u00fctzung. Der warme Applaus des Publikums klingt sicher am Pr\u00fcfungstag noch in der Aula nach und wird zu guten Ergebnissen tragen.<\/p>\n<p><em>Text: A. Doppelbauer (2014)<\/em><\/p>\n<p><\/br><\/p>\n<hr>\n<h3><a name=\"Konzert des Jahrgangs 2013\"><\/a>Konzert des Abiturjahrgangs 2013<\/h3>\n<p><strong>Musikalische Leckerbissen bei der ersten &#8222;KursMusikNacht&#8220; am JKG<\/strong><\/p>\n<div class=\"col-md-12\">\n<div class=\"row\">\n<div class=\"col-md-3 bootstrapfloatright\" style=\"float:right;\">\n      <center><a href=\"https:\/\/www.jkg-bruchsal.de\/wordpress\/inhalte\/uploads\/2015\/08\/k-Plakat-KMN-2013-212x300.jpg\" data-rel=\"lightbox-image-3\" data-rl_title=\"\" data-rl_caption=\"\" title=\"\"><img decoding=\"async\" class=\"img-responsive\" src=\"https:\/\/www.jkg-bruchsal.de\/wordpress\/inhalte\/uploads\/2015\/08\/k-Plakat-KMN-2013-212x300.jpg\" alt=\"Plakat KMN 2013\" \/><\/a><\/center>\n    <\/div>\n<p>Der&#038; stellvertretende Schulleiter am Justus-Knecht-Gymnasium, Studiendirektor J\u00fcrgen Braun, konnte in seiner Begr\u00fc\u00dfung zur ersten KursMusikNacht einer gespannten Zuh\u00f6rerschaft einige musikalische Leckerbissen ank\u00fcndigen. Mitten im Abiturstress meisterten n\u00e4mlich zahlreiche Teilnehmer des Neigungskurses Musik eine besondere Herausforderung: Vor ihrer fachpraktischen Pr\u00fcfung, die nicht\u00f6ffentlich stattfindet, pr\u00e4sentierten die Abiturienten in einem Konzert einem begeisterten Publikum ihre einge\u00fcbten St\u00fccke &#8211; sozusagen als Generalprobe. Die Idee dazu hatte Christian Kowollik, Kursleiter, Bandleader und Organisator des Abends, der witzig-unterhaltsam den Unterschied zwischen Neigungs- und Pflichtkurs mit den unterschiedlichen Anforderungen erl\u00e4uterte.<\/p>\n<p>Ganz verschiedene Instrumente, Komponisten und Musikstile hatten die Sch\u00fcler ausgew\u00e4hlt. Sina Geissler fing auf dem Klavier in einem Nocturne von Chopin einf\u00fchlsam die n\u00e4chtliche Stimmung ein, w\u00e4hrend Daniel Utz mit einer Sonatine in d-Moll von Zdenek Fibich mit perlenden L\u00e4ufen und guter Betonung \u00fcberzeugte.<\/p>\n<p>Anna-Lena Frei spielte auf dem Akkordeon feurige Tangorhythmen, Leonie Feldbusch bot gekonnt mit der Querfl\u00f6te eine romantische &#8222;R\u00eaverie&#8220; von Bernhard Molique und Johanna Huber zeigte mit einem getragenem und einem virtuosen St\u00fcck auf der Geige ihr K\u00f6nnen. Lea Janzer entlockte als zierliches M\u00e4dchen ihrer m\u00e4chtigen Posaune beeindruckende T\u00f6ne in dem St\u00fcck &#8222;The philosopher&#8220; von Norman Goffin. Auch die Gesangssolistinnen wussten zu gefallen, zun\u00e4chst Christina Schmitt mit einer sch\u00f6nen Sopranstimme und zwei Liedern von Mozart, w\u00e4hrend Roschan H\u00e4sslin im Kontrast zur Klassik Popsongs von Adele zu Geh\u00f6r brachte.<\/p>\n<p>Die Musikkurse der Oberstufe erzeugten mit Boomwhackers (Plastikrohren) tolle T\u00f6ne und &#8222;spielten&#8220; gut erkennbar einen Whacky Rock und &#8222;Stand by me&#8220;. Abschlie\u00dfend unterhielt die Big Band mit fetziger Musik und Gesang von Karina Kuhn und Roschan H\u00e4sslin.<\/p>\n<p>Die Fachbeauftragte f\u00fcr Musik, Anne Doppelbauer, dankte allen Beteiligten, auch den Klavierbegleitern Natalia Hock und Stefan Fuchs sowie der SMV mit Nicola Nortmeyer, die f\u00fcr eine stilvolle Bewirtung sorgten. Sie w\u00fcnschte den Pr\u00fcflingen viel Erfolg und dass der Applaus sie in die Pr\u00fcfung begleiten m\u00f6ge. Passend zum Abend zitierte sie den bekannten Dirigenten Daniel Barenboim, der in einem Interview Folgendes gesagt hat: &#8222;Wenn ich daran denke, was ich pers\u00f6nlich von der Musik f\u00fcr mein Leben gelernt habe, dann ist es wahrscheinlich mehr als umgekehrt.&#8220;<\/p>\n<\/p><\/div>\n<\/div>\n<p><em>Text: C. Bl\u00fcmle (2013)<\/p>\n<p><\/br><br \/>\n  <a href=\"https:\/\/www.jkg-bruchsal.de\/wordpress\/inhalte\/uploads\/2015\/08\/k-KMN-2013-4.jpg\" data-rel=\"lightbox-image-4\" data-rl_title=\"\" data-rl_caption=\"\" title=\"\"><img decoding=\"async\" sty\u00f6e=\"margin-bottom:20px;\" class=\"img-responsive\" src=\"https:\/\/www.jkg-bruchsal.de\/wordpress\/inhalte\/uploads\/2015\/08\/k-KMN-2013-4.jpg\" alt=\"KursMusikNacht 2013 (4)\" \/><\/a><\/p>\n<div class=\"row\">\n<div class=\"col-md-7\">\n  <a href=\"https:\/\/www.jkg-bruchsal.de\/wordpress\/inhalte\/uploads\/2015\/08\/k-KMN-2013-2.jpg\" data-rel=\"lightbox-image-5\" data-rl_title=\"\" data-rl_caption=\"\" title=\"\"><img decoding=\"async\" sty\u00f6e=\"margin-bottom:20px;\" class=\"img-responsive\" src=\"https:\/\/www.jkg-bruchsal.de\/wordpress\/inhalte\/uploads\/2015\/08\/k-KMN-2013-2.jpg\" alt=\"KursMusikNacht 2013 (2)\" \/><\/a>\n<\/div>\n<div class=\"col-md-5\">\n<figure>\n  <a href=\"https:\/\/www.jkg-bruchsal.de\/wordpress\/inhalte\/uploads\/2015\/08\/k-KMN-2013-3.jpg\" data-rel=\"lightbox-image-6\" data-rl_title=\"\" data-rl_caption=\"\" title=\"\"><img decoding=\"async\" class=\"img-responsive\" src=\"https:\/\/www.jkg-bruchsal.de\/wordpress\/inhalte\/uploads\/2015\/08\/k-KMN-2013-3.jpg\" alt=\"KursMusikNacht 2013 (3)\" \/><\/a><figcaption>\n    Fotos: Sabine Doppelbauer (2013)<br \/>\n  <\/figcaption><\/figure>\n<\/div>\n<\/div>\n<p><\/br><\/p>\n","protected":false},"excerpt":{"rendered":"<p>KursMusikNacht 2015 KursMusikNacht 2014 KursMusikNacht 2013 Abiturientenkonzert der Musik-Neigungskurse Unsere Sch\u00fclerInnen, die Musik in der Kursstufe als vierst\u00fcndiges Neigungsfach gew\u00e4hlt haben, k\u00f6nnen auch eine Abiturpr\u00fcfung im Fach Musik ablegen. Diese beinhaltet u.a. ein Vorspiel auf einem Instrument bzw. Gesang. Um sich auf die Pr\u00fcfung vorzubereiten und das Spielen unter Aufregung zu \u00fcben, geben unsere MusikabiturientInnen [&hellip;]<\/p>\n","protected":false},"author":2,"featured_media":0,"parent":2965,"menu_order":0,"comment_status":"closed","ping_status":"closed","template":"","meta":{"footnotes":""},"class_list":["post-2988","page","type-page","status-publish","hentry"],"_links":{"self":[{"href":"https:\/\/www.jkg-bruchsal.de\/index.php?rest_route=\/wp\/v2\/pages\/2988","targetHints":{"allow":["GET"]}}],"collection":[{"href":"https:\/\/www.jkg-bruchsal.de\/index.php?rest_route=\/wp\/v2\/pages"}],"about":[{"href":"https:\/\/www.jkg-bruchsal.de\/index.php?rest_route=\/wp\/v2\/types\/page"}],"author":[{"embeddable":true,"href":"https:\/\/www.jkg-bruchsal.de\/index.php?rest_route=\/wp\/v2\/users\/2"}],"replies":[{"embeddable":true,"href":"https:\/\/www.jkg-bruchsal.de\/index.php?rest_route=%2Fwp%2Fv2%2Fcomments&post=2988"}],"version-history":[{"count":0,"href":"https:\/\/www.jkg-bruchsal.de\/index.php?rest_route=\/wp\/v2\/pages\/2988\/revisions"}],"up":[{"embeddable":true,"href":"https:\/\/www.jkg-bruchsal.de\/index.php?rest_route=\/wp\/v2\/pages\/2965"}],"wp:attachment":[{"href":"https:\/\/www.jkg-bruchsal.de\/index.php?rest_route=%2Fwp%2Fv2%2Fmedia&parent=2988"}],"curies":[{"name":"wp","href":"https:\/\/api.w.org\/{rel}","templated":true}]}}