{"id":2992,"date":"2015-08-29T17:55:20","date_gmt":"2015-08-29T15:55:20","guid":{"rendered":"https:\/\/www.jkg-bruchsal.de\/wordpress\/?page_id=2992"},"modified":"2015-09-12T15:36:04","modified_gmt":"2015-09-12T13:36:04","slug":"swinging-instruments-and-vocals","status":"publish","type":"page","link":"https:\/\/www.jkg-bruchsal.de\/?page_id=2992","title":{"rendered":"Swinging Instruments and Vocals"},"content":{"rendered":"<div class=\"row\">\n<div class=\"col-md-6\">\n    <a class=\"btn btn-primary\" style=\"float:left;\" href=\"https:\/\/www.jkg-bruchsal.de\/?page_id=2965\"><span class=\"hidden-xs\"><< Konzerte<\/span><i class=\"glyphicon glyphicon-arrow-left visible-xs\"><\/i><\/a><\/br><br \/>\n    <a class=\"btn btn-primary\" style=\"float:left;\" href=\"https:\/\/www.jkg-bruchsal.de\/?page_id=1147\"><span class=\"hidden-xs\"><< Musik<\/span><i class=\"glyphicon glyphicon-arrow-left visible-xs\"><\/i><\/a>\n  <\/div>\n<div class=\"col-md-6\">\n    <a class=\"btn btn-primary\" style=\"float:right;\" href=\"https:\/\/www.jkg-bruchsal.de\/?page_id=1751\"><span class=\"hidden-xs\">Big Band >><\/span><i class=\"glyphicon glyphicon-arrow-right visible-xs\"><\/i><\/a>\n  <\/div>\n<\/div>\n<a href=\"https:\/\/www.jkg-bruchsal.de\/wordpress\/inhalte\/uploads\/2015\/08\/Melodie.jpg\" data-rel=\"lightbox-image-0\" data-rl_title=\"\" data-rl_caption=\"\" title=\"\"><img decoding=\"async\" class=\"img-responsive\" src=\"https:\/\/www.jkg-bruchsal.de\/wordpress\/inhalte\/uploads\/2015\/08\/Melodie.jpg\" alt=\"Melodie\" \/><\/a>\n<ul class=\"nav nav-tabs nav-justified\">\n<li role=\"presentation\" class=\"active\"><a href=\"#\">Jazz-Workshop 2015<\/a><\/li>\n<li role=\"presentation\"><a href=\"#Jazz-Workshop 2012\">Jazz-Workshop 2012<\/a><\/li>\n<li role=\"presentation\"><a href=\"#Jazz-Workshop 2011\">Jazz-Workshop 2011<\/a><\/li>\n<\/ul>\n<h3>Jazz-Workshop f\u00fcr Schul-Bigbands<\/h3>\n<p>Der von der Jazz-Legende Peter Herbolzheimer gegr\u00fcndete Workshop zur Nachwuchsf\u00f6rderung findet nun seit mehr als zwei Jahrzehnten in der Musikakademie K\u00fcrnbach statt. Nach dem Tod Herbolzheimers \u00fcbernahm Klaus Graf (SWR-Bigband) und sein Dozententeam die Arbeit mit den Sch\u00fclerinnen und Sch\u00fclern. Auch die Big Band des JKG durfte schon an der begehrten Jazz-Begegnung teilnehmen.<\/p>\n<p><\/br><\/p>\n<hr>\n<h3><a name=\"Jazz-Workshop 2015\"><\/a>Jazz-Workshop 2015<\/h3>\n<p><strong>Wo die Jugend groovt und swingt kommt Freude auf<\/strong><\/p>\n<p>Im B\u00fcrgerzentrum ging am Mittwoch der B\u00e4r ab, denn die Jazz-Eleven brachten selbst Senioren auf Trapp. Als Altjazzer &#8211; ein Begriff besonderer Wertsch\u00e4tzung &#8211; unterh\u00e4lt Reiner Senger, der Musikreferent in der Schulabteilung des Regierungspr\u00e4sidiums Karlsruhe beste Kontakte ins Jazzprofi-Lager, aber auch in die schulische Jazz-Szene. Manch einer wusste gar nicht, dass es diese in erlebter Qualit\u00e4t schon gibt, bis beim Jazz-Event sowohl die Standards, aber auch hei\u00dfe Improvisationen der Solisten und Schulbands den Saal zum Swingen und Rocken brachten.  Drei Gymnasien entsandten ihre Formationen zum 15. Mehrtagesworkshop in die Musikakademie nach K\u00fcrnbach, die mit Direktor Georg Lernbass ein Segen f\u00fcr unsere nordbadisch-kurpf\u00e4lzische Region ist, und die niemand wagen sollte, uns wegzunehmen. Zum Auftakt die Jungjazzer in der Big-Band des Justus-Knecht-Gymnasiums Bruchsal mit Heimvorteil und Christian Kowollik am Pult, Arrangeur f\u00fcr die ausgefallene Besetzung mit Oboen und Fl\u00f6ten, blitzsauberer Intonation, eine super Sax-Besetzung und herrlich fetzigen Synkopen. Gerne h\u00e4tte der Rezensent die Namen aller Instrumentalsolisten, vor allem der vier hervorragenden Gesangstalenten genannt, h\u00e4tt er sie nur gewusst. Allerdings ist die kollektive W\u00fcrdigung der Leistungen aller Swing-Ensembles ohnehin angemessener, als die Aufz\u00e4hlungen der vielversprechenden Solisten des Abends.<\/p>\n<p>Das Moll-Gymnasium Mannheim mit Musikprofil in der Dachverantwortung von Frederik Diehl folgte mit dem J\u00fcngsten am Schlagzeug, einer Edeljazzerin am Fl\u00fcgel, tollen Solisten, dem immer gesunden Forte und aufblitzenden Trompetenstichen mit \u00fcberzeugender B\u00fchnenpr\u00e4senz. Wohl allen Schulen, die mehrere studierte und jazzkompetente Schulmusiker im Kollegium haben und die obendrein auch motiviert und deputatsentlastet sowohl fachkompetent als auch p\u00e4dagogisch in der Lage sind, ihre Bands auf Hochform zu bringen. Aus Nagold kam die vom Chefjazzer Thomas Kalmbach inspirierte Formation mit mega-cooler Gesangssolistin, die auch mit Vokalisen zu improvisieren verstand, dazu ein Sextanertalent am Solo-Altsaxophon und \u00fcberzeugender Big-Band-Kultur, mit rockigem Swing und hei\u00dfem Groove.<\/p>\n<p>In der zweiten Konzerthalbzeit pr\u00e4sentierte Reiner Senger seinen \u00fcberregional ausgewiesenen und beispielgebenden Gospel- und Jazzchor Kirrlach mit tollen Arrangements, guten Solisten und \u00fcberzeugender Pr\u00e4sentation, begleitet von der Nagolder Band. Begeistert \u00fcberreichte Frau Oberb\u00fcrgermeisterin Cornelia Petzold-Schick verbale Blumen an die Akteure und dankte f\u00fcr das Benefiz-Engagement, denn alle Eintrittsspenden gehen an die Bruchsaler Musikschulstiftung und flie\u00dfen damit zur\u00fcck als Stipendien an den Musikernachwuchs.<\/p>\n<p>In K\u00fcrnbach lernten die jungen Fronts\u00e4ngerinnen von der US-amerikanischen Jazzsolistin Judy Niemak aus Pasadena\/Kalifornien und die Instrumentalisten von den professionellen Dozenten Klaus Graf, Saxophon, Christian Meyers, Jazz-Trompete und Eckhard Stromer an den Drums, allesamt ausgewiesene und erfolgreiche Hochschullehrer mit jahrelanger Praxis. \u00dcber allem schwebt Reiner Senger, ein Gl\u00fccksfall f\u00fcr die auch jazzorientierte anspruchsvolle Schulmusik und ein zweiter Rainer namens Rapp, Schulamtsleiter im Bruchsaler Rathaus, den das gemeinsame und inspirierte Musizieren begeistert und dieses auch hervorragend organisieren kann. Als Zugabe im Finale hatte die nordbadische Lehrer-Big-Band Premiere, eine ebenso interessante Initiation von Reiner Senger.<\/p>\n<p>Das Bildungsziel wurde sicht- und h\u00f6rbar erreicht: gemeinsam mit den Lehrern als ambitionierte Musikp\u00e4dagogen und vielen Sch\u00fclern aller Altersstufen motiviert zu musizieren und zu improvisieren ohne Ansehen sonstiger schulischer Disparit\u00e4ten. Dar\u00fcber hinaus rundum Erfreuliches und Begeisterndes auf hohem Niveau gestalten, das mit lebenslangem K\u00f6nnen nachhaltiger sein wird, als jede terminale Abiturnote. Hochachtung &#8211; und weiter so.<\/p>\n<p><em>Text: Johann Beichel (2015)<\/em><\/p>\n<p><\/br><\/p>\n<div class=\"row\">\n<div class=\"col-md-6\">\n  <a href=\"https:\/\/www.jkg-bruchsal.de\/wordpress\/inhalte\/uploads\/2015\/08\/SIAV-2015-2.jpg\" data-rel=\"lightbox-image-1\" data-rl_title=\"\" data-rl_caption=\"\" title=\"\"><img decoding=\"async\" style=\"margin-bottom: 20px\" class=\"img-responsive\" src=\"https:\/\/www.jkg-bruchsal.de\/wordpress\/inhalte\/uploads\/2015\/08\/SIAV-2015-2.jpg\" alt=\"SIaV 2015 (2)\" \/><\/a>\n<\/div>\n<div class=\"col-md-6\">\n  <a href=\"https:\/\/www.jkg-bruchsal.de\/wordpress\/inhalte\/uploads\/2015\/08\/SIAV-2015-1.jpg\" data-rel=\"lightbox-image-2\" data-rl_title=\"\" data-rl_caption=\"\" title=\"\"><img decoding=\"async\" style=\"margin-bottom: 20px\" class=\"img-responsive\" src=\"https:\/\/www.jkg-bruchsal.de\/wordpress\/inhalte\/uploads\/2015\/08\/SIAV-2015-1.jpg\" alt=\"SIaV 2015 (3)\" \/><\/a>\n<\/div>\n<\/div>\n<p><em>Fotos: C. Kowollik (2015)<\/em><\/p>\n<p><\/br><\/p>\n<hr>\n<h3><a name=\"Jazz-Workshop 2012\"><\/a>Jazz-Workshop 2012<\/h3>\n<p>Bericht: <a href=\"https:\/\/www.jkg-bruchsal.de\/wordpress\/inhalte\/uploads\/2015\/08\/BNN-Bigband-Workshop-2012-2.pdf\" target=\"_blank\">BNN Mai 2012 (PDF)<\/a><\/p>\n<p><\/br><\/p>\n<hr>\n<h3><a name=\"Jazz-Workshop 2011\"><\/a>Jazz-Workshop 2011<\/h3>\n<p>Bericht: <a href=\"https:\/\/www.jkg-bruchsal.de\/wordpress\/inhalte\/uploads\/2015\/08\/BNN-BigBand-Workshop-2011-2.pdf\" target=\"_blank\">BNN vom 01.06.2011 (PDF)<\/a><\/p>\n<p><\/br><\/p>\n<div class=\"row\">\n<div class=\"col-md-6\">\n  <a href=\"https:\/\/www.jkg-bruchsal.de\/wordpress\/inhalte\/uploads\/2015\/08\/k-Workshop-K\u00fcrnbach-2011.jpg\" data-rel=\"lightbox-image-3\" data-rl_title=\"\" data-rl_caption=\"\" title=\"\"><img decoding=\"async\" style=\"margin-bottom: 20px\" class=\"img-responsive\" src=\"https:\/\/www.jkg-bruchsal.de\/wordpress\/inhalte\/uploads\/2015\/08\/k-Workshop-K\u00fcrnbach-2011.jpg\" alt=\"Workshop K\u00fcrnbach 2011 (1)\" \/><\/a>\n<\/div>\n<div class=\"col-md-6\">\n  <a href=\"https:\/\/www.jkg-bruchsal.de\/wordpress\/inhalte\/uploads\/2015\/08\/k-Workshop-K\u00fcrnbach-2011-2.jpg\" data-rel=\"lightbox-image-4\" data-rl_title=\"\" data-rl_caption=\"\" title=\"\"><img decoding=\"async\" style=\"margin-bottom: 20px\" class=\"img-responsive\" src=\"https:\/\/www.jkg-bruchsal.de\/wordpress\/inhalte\/uploads\/2015\/08\/k-Workshop-K\u00fcrnbach-2011-2.jpg\" alt=\"Workshop K\u00fcrnbach 2011 (2)\" \/><\/a>\n<\/div>\n<\/div>\n<p><em>Fotos: C. Kowollik (2011)<\/em><\/p>\n<p><\/br><\/p>\n","protected":false},"excerpt":{"rendered":"<p>Jazz-Workshop 2015 Jazz-Workshop 2012 Jazz-Workshop 2011 Jazz-Workshop f\u00fcr Schul-Bigbands Der von der Jazz-Legende Peter Herbolzheimer gegr\u00fcndete Workshop zur Nachwuchsf\u00f6rderung findet nun seit mehr als zwei Jahrzehnten in der Musikakademie K\u00fcrnbach statt. Nach dem Tod Herbolzheimers \u00fcbernahm Klaus Graf (SWR-Bigband) und sein Dozententeam die Arbeit mit den Sch\u00fclerinnen und Sch\u00fclern. Auch die Big Band des JKG [&hellip;]<\/p>\n","protected":false},"author":2,"featured_media":0,"parent":2965,"menu_order":0,"comment_status":"closed","ping_status":"closed","template":"","meta":{"footnotes":""},"class_list":["post-2992","page","type-page","status-publish","hentry"],"_links":{"self":[{"href":"https:\/\/www.jkg-bruchsal.de\/index.php?rest_route=\/wp\/v2\/pages\/2992","targetHints":{"allow":["GET"]}}],"collection":[{"href":"https:\/\/www.jkg-bruchsal.de\/index.php?rest_route=\/wp\/v2\/pages"}],"about":[{"href":"https:\/\/www.jkg-bruchsal.de\/index.php?rest_route=\/wp\/v2\/types\/page"}],"author":[{"embeddable":true,"href":"https:\/\/www.jkg-bruchsal.de\/index.php?rest_route=\/wp\/v2\/users\/2"}],"replies":[{"embeddable":true,"href":"https:\/\/www.jkg-bruchsal.de\/index.php?rest_route=%2Fwp%2Fv2%2Fcomments&post=2992"}],"version-history":[{"count":0,"href":"https:\/\/www.jkg-bruchsal.de\/index.php?rest_route=\/wp\/v2\/pages\/2992\/revisions"}],"up":[{"embeddable":true,"href":"https:\/\/www.jkg-bruchsal.de\/index.php?rest_route=\/wp\/v2\/pages\/2965"}],"wp:attachment":[{"href":"https:\/\/www.jkg-bruchsal.de\/index.php?rest_route=%2Fwp%2Fv2%2Fmedia&parent=2992"}],"curies":[{"name":"wp","href":"https:\/\/api.w.org\/{rel}","templated":true}]}}