{"id":4933,"date":"2015-10-07T20:04:03","date_gmt":"2015-10-07T18:04:03","guid":{"rendered":"https:\/\/www.jkg-bruchsal.de\/?page_id=4933"},"modified":"2024-10-01T18:24:27","modified_gmt":"2024-10-01T16:24:27","slug":"ange%c2%adbote-zur-berufs%c2%adori%c2%aden%c2%adtie%c2%adrung","status":"publish","type":"page","link":"https:\/\/www.jkg-bruchsal.de\/?page_id=4933","title":{"rendered":"Ange\u00adbote zur Berufs\u00adori\u00aden\u00adtie\u00adrung"},"content":{"rendered":"<h3>BOGY und Sozialpraktikum<\/h3>\n<p><strong>BOGY Klasse 10 (G8 und G9), Dauer: 1 Woche<\/strong><\/p>\n<p>Im Rahmen der Berufsorientierung an Gymnasien (BOGY) nehmen alle Sch\u00fclerinnen und Sch\u00fcler der 10. Klassen (G8 und G9) an einem einw\u00f6chigen BOGY-Praktikum teil. Sie erhalten somit die M\u00f6glichkeit, ein Berufsfeld ihrer Wahl in der Praxis kennen zu lernen. Weitere Informationen: <a href=\"https:\/\/www.jkg-bruchsal.de\/?page_id=4935\">BOGY >><\/a><\/p>\n<p><strong>Sozialpraktikum Klasse 11 (G9), Dauer: 2 Wochen<\/strong><\/p>\n<p>Dar\u00fcber hinaus absolvieren im neunj\u00e4hrigen Bildungsgang alle Sch\u00fclerinnen und Sch\u00fcler in Klasse 11 ein Sozialpraktikum. Dieses zweiw\u00f6chige Praktikum findet in sozialen Einrichtungen statt, in denen Menschen betreut werden, die in irgendeiner Form besondere Betreuung erfahren. Die Arbeit mit diesen Menschen steht im Vordergrund. Weitere Informationen: <a href=\"https:\/\/www.jkg-bruchsal.de\/?page_id=12596\">Sozialpraktikum >><\/a><\/p>\n<p><strong>Verwaltung<\/strong><\/p>\n<p>Der Zeitpunkt der Praktika wird jeweils rechtzeitig zu Beginn des Schuljahres mitgeteilt. Im <a href=\"https:\/\/service.jkg-bruchsal.de\/\" rel=\"noopener\" target=\"_blank\">Online-Portal<\/a> werden alle Daten zentral verwaltet.<\/p>\n<hr>\n<p><\/br><\/p>\n<h3>GIRLS- &#038; BOYS-DAY<\/h3>\n<p>Der Girls- und Boys-Day findet j\u00e4hrlich im April statt. Weitere Informationen: <a href=\"https:\/\/www.girls-day.de\/\" rel=\"noopener\" target=\"_blank\">Girls&#8216; Day<\/a> und <a href=\"https:\/\/www.boys-day.de\/\" rel=\"noopener\" target=\"_blank\">Boys&#8216; Day<\/a> (externe Links)<\/p>\n<hr>\n<p><\/br><\/p>\n<h3>ANGEBOTE F\u00dcR DIE KURSSTUFE<\/h3>\n<p>F\u00fcr Sch\u00fclerinnen und Sch\u00fcler der Kursstufe werden folgende Module angeboten:<\/p>\n<ul>\n<li><a href=\"https:\/\/www.was-studiere-ich.de\/\" rel=\"noopener\" target=\"_blank\">Individueller Orientierungstest<\/a> (externer Link)<\/li>\n<li>Studien- und Ausbildungsbotschafter (Veranstaltung)<\/li>\n<li>Studieninformationstag <\/li>\n<li>&#8222;F\u00e4higkeiten &#8211; Interessen &#8211; Werte &#8211; Ziele&#8220; (Veranstaltung)<\/li>\n<li>Gelenktes Recherchieren (Veranstaltung)<\/li>\n<li>Wahlmodul Bewerbungstraining<\/li>\n<li>Externe Beratung und Information (au\u00dferhalb der Unterrichtszeit, individuell)<\/li>\n<\/ul>\n","protected":false},"excerpt":{"rendered":"<p>BOGY und Sozialpraktikum BOGY Klasse 10 (G8 und G9), Dauer: 1 Woche Im Rahmen der Berufsorientierung an Gymnasien (BOGY) nehmen alle Sch\u00fclerinnen und Sch\u00fcler der 10. Klassen (G8 und G9) an einem einw\u00f6chigen BOGY-Praktikum teil. Sie erhalten somit die M\u00f6glichkeit, ein Berufsfeld ihrer Wahl in der Praxis kennen zu lernen. Weitere Informationen: BOGY >> Sozialpraktikum [&hellip;]<\/p>\n","protected":false},"author":2,"featured_media":0,"parent":116,"menu_order":10,"comment_status":"closed","ping_status":"closed","template":"","meta":{"footnotes":""},"class_list":["post-4933","page","type-page","status-publish","hentry"],"_links":{"self":[{"href":"https:\/\/www.jkg-bruchsal.de\/index.php?rest_route=\/wp\/v2\/pages\/4933","targetHints":{"allow":["GET"]}}],"collection":[{"href":"https:\/\/www.jkg-bruchsal.de\/index.php?rest_route=\/wp\/v2\/pages"}],"about":[{"href":"https:\/\/www.jkg-bruchsal.de\/index.php?rest_route=\/wp\/v2\/types\/page"}],"author":[{"embeddable":true,"href":"https:\/\/www.jkg-bruchsal.de\/index.php?rest_route=\/wp\/v2\/users\/2"}],"replies":[{"embeddable":true,"href":"https:\/\/www.jkg-bruchsal.de\/index.php?rest_route=%2Fwp%2Fv2%2Fcomments&post=4933"}],"version-history":[{"count":6,"href":"https:\/\/www.jkg-bruchsal.de\/index.php?rest_route=\/wp\/v2\/pages\/4933\/revisions"}],"predecessor-version":[{"id":15552,"href":"https:\/\/www.jkg-bruchsal.de\/index.php?rest_route=\/wp\/v2\/pages\/4933\/revisions\/15552"}],"up":[{"embeddable":true,"href":"https:\/\/www.jkg-bruchsal.de\/index.php?rest_route=\/wp\/v2\/pages\/116"}],"wp:attachment":[{"href":"https:\/\/www.jkg-bruchsal.de\/index.php?rest_route=%2Fwp%2Fv2%2Fmedia&parent=4933"}],"curies":[{"name":"wp","href":"https:\/\/api.w.org\/{rel}","templated":true}]}}