{"id":4957,"date":"2015-10-09T16:36:42","date_gmt":"2015-10-09T14:36:42","guid":{"rendered":"https:\/\/www.jkg-bruchsal.de\/?page_id=4957"},"modified":"2023-10-08T23:02:30","modified_gmt":"2023-10-08T21:02:30","slug":"ag-fit-in-rechtschreibung","status":"publish","type":"page","link":"https:\/\/www.jkg-bruchsal.de\/?page_id=4957","title":{"rendered":"AG: Fit in Rechtschreibung"},"content":{"rendered":"<div class=\"row\">\n<div class=\"col-md-6\">\n    <a class=\"btn btn-primary\" style=\"float:left;\" href=\"https:\/\/www.jkg-bruchsal.de\/?page_id=112\"><span class=\"hidden-xs\"><< \u00dcbersicht: Arbeitsgemeinschaften<\/span><i class=\"glyphicon glyphicon-arrow-left visible-xs\"><\/i><\/a>\n  <\/div>\n<div class=\"col-md-6\">\n    <a class=\"btn btn-primary\" style=\"float:right;\" href=\"https:\/\/www.jkg-bruchsal.de\/?page_id=1113\"><span class=\"hidden-xs\">zum Fach Deutsch >><\/span><i class=\"glyphicon glyphicon-arrow-right visible-xs\"><\/i><\/a>\n  <\/div>\n<\/div>\n<hr>\n<h4><strong>Allgemeines zur AG<\/strong><\/h4>\n<p>F\u00fcr die 5. Klassen bietet das JKG eine AG \u201eFit in Rechtschreibung\u201c an, in der Sch\u00fcler\/innen mit Rechtschreibschwierigkeiten zus\u00e4tzlich zum Deutschunterricht \u00fcben k\u00f6nnen. Die AG findet einmal w\u00f6chentlich statt und beginnt nach den Herbstferien. Die Gruppen werden von Fr. Bail und Fr. Winkenwerder betreut.<\/p>\n<p>Da die Pl\u00e4tze in der AG beschr\u00e4nkt sind (intensives \u00dcben funktioniert nur in der Kleingruppe!), werden die Sch\u00fcler\/innen nach folgenden Kriterien eingeladen:<\/p>\n<ul>\n<li>Zu Beginn des Schuljahres wird im Rahmen des Deutschunterrichts ein Eingangsdiktat in allen f\u00fcnften Klassen geschrieben. Sch\u00fcler\/innen, die auffallend viele Fehler gemacht haben, werden zur AG eingeladen. <\/li>\n<li>Wenn die Lese-\/Rechtschreibschwierigkeiten bereits in der Grundschule festgestellt wurden oder die Deutsch- bzw. Klassenlehrer\/innen auf eine LRS-Problematik aufmerksam werden, k\u00f6nnen die betroffenen Sch\u00fcler\/innen unabh\u00e4ngig vom Diktatergebnis in die AG eingeladen werden.<\/li>\n<\/ul>\n<p>In der AG \u00fcben wir nach dem FRESCH-Konzept, das den Sch\u00fclerinnen und Sch\u00fclern Rechtschreibstrategien vermittelt, mit deren Hilfe sie viele W\u00f6rter richtig schreiben k\u00f6nnen. <\/p>\n<p>Weitere Ausk\u00fcnfte zur AG und allgemein zum Thema LRS (Klassen 5 und 6) erteilt Ihnen<br \/>\nFr. Bail (Kontakt: bai@jkg-bruchsal.de)<\/p>\n<p><\/br><\/p>\n<p><em>Text: S. Bail (September 2017 \/ 2022)<\/em><\/p>\n","protected":false},"excerpt":{"rendered":"<p>> Allgemeines zur AG F\u00fcr die 5. Klassen bietet das JKG eine AG \u201eFit in Rechtschreibung\u201c an, in der Sch\u00fcler\/innen mit Rechtschreibschwierigkeiten zus\u00e4tzlich zum Deutschunterricht \u00fcben k\u00f6nnen. Die AG findet einmal w\u00f6chentlich statt und beginnt nach den Herbstferien. Die Gruppen werden von Fr. Bail und Fr. Winkenwerder betreut. Da die Pl\u00e4tze in der AG beschr\u00e4nkt [&hellip;]<\/p>\n","protected":false},"author":2,"featured_media":0,"parent":112,"menu_order":0,"comment_status":"closed","ping_status":"closed","template":"","meta":{"footnotes":""},"class_list":["post-4957","page","type-page","status-publish","hentry"],"_links":{"self":[{"href":"https:\/\/www.jkg-bruchsal.de\/index.php?rest_route=\/wp\/v2\/pages\/4957","targetHints":{"allow":["GET"]}}],"collection":[{"href":"https:\/\/www.jkg-bruchsal.de\/index.php?rest_route=\/wp\/v2\/pages"}],"about":[{"href":"https:\/\/www.jkg-bruchsal.de\/index.php?rest_route=\/wp\/v2\/types\/page"}],"author":[{"embeddable":true,"href":"https:\/\/www.jkg-bruchsal.de\/index.php?rest_route=\/wp\/v2\/users\/2"}],"replies":[{"embeddable":true,"href":"https:\/\/www.jkg-bruchsal.de\/index.php?rest_route=%2Fwp%2Fv2%2Fcomments&post=4957"}],"version-history":[{"count":3,"href":"https:\/\/www.jkg-bruchsal.de\/index.php?rest_route=\/wp\/v2\/pages\/4957\/revisions"}],"predecessor-version":[{"id":14843,"href":"https:\/\/www.jkg-bruchsal.de\/index.php?rest_route=\/wp\/v2\/pages\/4957\/revisions\/14843"}],"up":[{"embeddable":true,"href":"https:\/\/www.jkg-bruchsal.de\/index.php?rest_route=\/wp\/v2\/pages\/112"}],"wp:attachment":[{"href":"https:\/\/www.jkg-bruchsal.de\/index.php?rest_route=%2Fwp%2Fv2%2Fmedia&parent=4957"}],"curies":[{"name":"wp","href":"https:\/\/api.w.org\/{rel}","templated":true}]}}