{"id":558,"date":"2015-07-31T11:04:02","date_gmt":"2015-07-31T09:04:02","guid":{"rendered":"https:\/\/www.jkg-bruchsal.de\/wordpress\/?page_id=558"},"modified":"2025-11-26T07:52:32","modified_gmt":"2025-11-26T06:52:32","slug":"uebersicht-bildungsangebote","status":"publish","type":"page","link":"https:\/\/www.jkg-bruchsal.de\/?page_id=558","title":{"rendered":"\u00dcbersicht Bildungsangebote"},"content":{"rendered":"<a href=\"https:\/\/www.jkg-bruchsal.de\/wordpress\/inhalte\/uploads\/2025\/11\/Vielfalt-am-JKG-2025-11-26.jpg\" rel=\"noopener\" target=\"_blank\" data-rel=\"lightbox-image-0\" data-rl_title=\"\" data-rl_caption=\"\" title=\"\"><img decoding=\"async\" class=\"img-responsive\" src=\"https:\/\/www.jkg-bruchsal.de\/wordpress\/inhalte\/uploads\/2025\/11\/Vielfalt-am-JKG-2025-11-26.jpg\" alt=\"Vielfalt\" \/><\/a>\n<p><\/br><\/p>\n<p>Das Justus-Knecht-Gymnasium verf\u00fcgt als eines der gr\u00f6\u00dften Gymnasien in Nordbaden \u00fcber ein <strong>breit gef\u00e4chertes Bildungsangebot<\/strong>. Die Zusammenstellung auf dieser Seite liefert einen \u00dcberblick. Allgemein bietet das JKG eine breite und vertiefte Allgemeinbildung auf erweitertem Niveau. Die allgemeine Hochschulreife (Abitur) wird nach neun Jahren erreicht. Dieser Abschluss erm\u00f6glicht den Zugang zu jedem Studium an einer Hochschule.<\/p>\n<p><\/br><\/p>\n<p><strong>Sieben-Stunden-Vormittag:<\/strong> Der <a href=\"https:\/\/www.jkg-bruchsal.de\/?page_id=131\">Schulvormittag<\/a> am JKG endet sp\u00e4testens nach der 7. Stunde um 13:45 Uhr. Somit k\u00f6nnen in einer Schulwoche bis zu 35 Unterrichtsstunden am Vormittag abgedeckt werden. Dies hat den Vorteil, dass der Nachmittagsunterricht minimiert wird und erst in h\u00f6heren Klassenstufen vorkommt. Unsere Sch\u00fclerinnen und Sch\u00fcler sind an den meisten Tagen am fr\u00fchen Nachmittag zu Hause oder k\u00f6nnen in der Schule au\u00dferunterrichtlichen Aktivit\u00e4ten nachgehen.<\/p>\n<p><\/br><\/p>\n<p><strong>Naturwissenschaftliches und sprachliches Profil:<\/strong> Englisch ist f\u00fcr alle die erste Fremdsprache am JKG. Als zweite Fremdsprache wird Latein oder Franz\u00f6sisch angeboten. Unabh\u00e4ngig vom Bildungsgang k\u00f6nnen unsere Sch\u00fclerinnen und Sch\u00fcler in der Mittelstufe zwischen einem naturwissenschaftlichen und einem sprachlichen Profil w\u00e4hlen. <a href=\"https:\/\/www.jkg-bruchsal.de\/?page_id=16154\">Weitere Informationen zu den Profilen >><\/a><\/p>\n<p><\/br><\/p>\n<p>In der <strong>Kursstufe<\/strong> der Klassenstufen 12 und 13 bietet das JKG ein breites Angebot an F\u00e4chern, wie z.B. die Leistungsf\u00e4cher Informatik, Wirtschaft oder NwT bzw. NIT. Des Weiteren gibt es zahlreiche Angebote zur Berufs- und Studienorientierung. Alle Sch\u00fclerinnen und Sch\u00fcler der Kursstufe nehmen an einer Studienfahrt teil.<\/p>\n<p><\/br><\/p>\n<p>Zum Umgang mit St\u00e4rken und Schw\u00e4chen steht unseren Sch\u00fclerinnen und Sch\u00fclern ein breit aufgestelltes <strong>F\u00f6rderangebot <\/strong>zur Verf\u00fcgung. Unter anderem sind zu nennen:<\/p>\n<ul>\n<li>\n<p>Unsere Sch\u00fclerinnen und Sch\u00fcler der 5. und 6. Klassen profitieren von unserem <a href=\"https:\/\/www.jkg-bruchsal.de\/?page_id=561\">Unterstufenkonzept<\/a>. Klassenlehrerteams erm\u00f6glichen es, dass die Kinder ihrer der neuen Schule ankommen und begleiten sie in ihrer weiteren Schullaufbahn beim Lernen.<\/p>\n<\/li>\n<li>\n<p>Das JKG bietet zahlreiche <a href=\"https:\/\/www.jkg-bruchsal.de\/?page_id=198\">Beratungs- und Unterst\u00fctzungsangebote<\/a> wie Schulsozialarbeit, Beratungslehrkr\u00e4fte oder Schulselsorge.<\/p>\n<\/li>\n<li>\n<p>Die Arbeitsgemeinschaft <a href=\"https:\/\/www.jkg-bruchsal.de\/?page_id=4957\">Rechtschreibung<\/a> erm\u00f6glicht unseren F\u00fcnftkl\u00e4sslern das Erlernen von Rechtscheibstrategien als freiwillige Erg\u00e4nzung zum Deutschunterricht.<\/p>\n<\/li>\n<li>\n<p>Das Programm &#8222;<a href=\"https:\/\/www.jkg-bruchsal.de\/?page_id=231\">Sch\u00fcler helfen Sch\u00fclern<\/a>&#8220; vermittelt Mentoren aus der Oberstufe, die mit Sch\u00fclern der Unter- und Mittelstufe Themen in verschiedenen F\u00e4chern wiederholen und nach Bedarf pers\u00f6nliche Nachhilfe geben.<\/p>\n<\/li>\n<li>\n<p>Nach Bedarf k\u00f6nnen Sch\u00fclerInnen der Klassen 5 und 6 an der <a href=\"https:\/\/www.jkg-bruchsal.de\/?page_id=233\">Hausaufgabenbetreuung<\/a> teilnehmen.<\/p>\n<\/li>\n<li>\n<p>In Kooperation mit dem Centre Culturel Franco-Allemand kann am JKG das franz\u00f6sische Fremdsprachendiplom <a href=\"https:\/\/www.jkg-bruchsal.de\/?page_id=1767\">DELF<\/a> auf verschiedenen Niveaustufen absolviert werden.<\/p>\n<\/li>\n<li>\n<p>In den zahlreichen <a href=\"https:\/\/www.jkg-bruchsal.de\/?page_id=112\">Arbeitsgemeinschaften<\/a> engagieren sich unsere Sch\u00fclerinnen und Sch\u00fcler in den Bereichen Theater, Musik, Sport oder Naturwissenschaften. Zahlreiche schulische und au\u00dferschulische <a href=\"https:\/\/www.jkg-bruchsal.de\/?page_id=1370\" rel=\"noopener\" target=\"_blank\">Projekte<\/a> runden unser bildungsangebot ab.<\/p>\n<\/li>\n<\/ul>\n<p><\/br><\/p>\n","protected":false},"excerpt":{"rendered":"<p>Das Justus-Knecht-Gymnasium verf\u00fcgt als eines der gr\u00f6\u00dften Gymnasien in Nordbaden \u00fcber ein breit gef\u00e4chertes Bildungsangebot. Die Zusammenstellung auf dieser Seite liefert einen \u00dcberblick. Allgemein bietet das JKG eine breite und vertiefte Allgemeinbildung auf erweitertem Niveau. Die allgemeine Hochschulreife (Abitur) wird nach neun Jahren erreicht. Dieser Abschluss erm\u00f6glicht den Zugang zu jedem Studium an einer Hochschule. [&hellip;]<\/p>\n","protected":false},"author":2,"featured_media":0,"parent":44,"menu_order":10,"comment_status":"closed","ping_status":"closed","template":"","meta":{"footnotes":""},"class_list":["post-558","page","type-page","status-publish","hentry"],"_links":{"self":[{"href":"https:\/\/www.jkg-bruchsal.de\/index.php?rest_route=\/wp\/v2\/pages\/558","targetHints":{"allow":["GET"]}}],"collection":[{"href":"https:\/\/www.jkg-bruchsal.de\/index.php?rest_route=\/wp\/v2\/pages"}],"about":[{"href":"https:\/\/www.jkg-bruchsal.de\/index.php?rest_route=\/wp\/v2\/types\/page"}],"author":[{"embeddable":true,"href":"https:\/\/www.jkg-bruchsal.de\/index.php?rest_route=\/wp\/v2\/users\/2"}],"replies":[{"embeddable":true,"href":"https:\/\/www.jkg-bruchsal.de\/index.php?rest_route=%2Fwp%2Fv2%2Fcomments&post=558"}],"version-history":[{"count":16,"href":"https:\/\/www.jkg-bruchsal.de\/index.php?rest_route=\/wp\/v2\/pages\/558\/revisions"}],"predecessor-version":[{"id":16082,"href":"https:\/\/www.jkg-bruchsal.de\/index.php?rest_route=\/wp\/v2\/pages\/558\/revisions\/16082"}],"up":[{"embeddable":true,"href":"https:\/\/www.jkg-bruchsal.de\/index.php?rest_route=\/wp\/v2\/pages\/44"}],"wp:attachment":[{"href":"https:\/\/www.jkg-bruchsal.de\/index.php?rest_route=%2Fwp%2Fv2%2Fmedia&parent=558"}],"curies":[{"name":"wp","href":"https:\/\/api.w.org\/{rel}","templated":true}]}}