{"id":56,"date":"2015-07-17T14:13:17","date_gmt":"2015-07-17T12:13:17","guid":{"rendered":"http:\/\/www.jkg-bruchsal.de\/wordpress\/?page_id=56"},"modified":"2018-10-03T22:23:12","modified_gmt":"2018-10-03T20:23:12","slug":"grusswort","status":"publish","type":"page","link":"https:\/\/www.jkg-bruchsal.de\/?page_id=56","title":{"rendered":"SCHULJUBIL\u00c4UM 2017"},"content":{"rendered":"<h3>125 Jahre Justus-Knecht-Gymnasium<\/h3>\n<p>Das Justus-Knecht-Gymnasium feiert im Jahr 2017 sein 125-j\u00e4hriges Jubil\u00e4um. Herzlichen Gl\u00fcckwunsch! Auf dieser Seite sind alle Veranstaltungen und Projekte beschrieben, die im Jubil\u00e4umsjahr stattfinden.<\/p>\n<ul class=\"nav nav-tabs nav-justified\">\n<li role=\"presentation\" class=\"active\"><a href=\"#\">\u00dcbersicht<\/a><\/li>\n<li role=\"presentation\"><a href=\"#Geschichte\">Geschichte<\/a><\/li>\n<li role=\"presentation\"><a href=\"#Veranstaltungen\">Veranstaltungen<\/a><\/li>\n<li role=\"presentation\"><a href=\"#Projekte\">Projekte<\/a><\/li>\n<\/ul>\n<div class=\"nav-rule\">\n<hr>\n<\/div>\n<figure>\n  <a href=\"https:\/\/www.jkg-bruchsal.de\/wordpress\/inhalte\/uploads\/2015\/07\/k-Fahnen-JKG-125-Eh-M\u00e4rz-2017-1.jpg\" data-rel=\"lightbox-image-0\" data-rl_title=\"\" data-rl_caption=\"\" title=\"\"><img decoding=\"async\" class=\"img-responsive\" src=\"https:\/\/www.jkg-bruchsal.de\/wordpress\/inhalte\/uploads\/2015\/07\/k-Fahnen-JKG-125-Eh-M\u00e4rz-2017-1.jpg\" alt=\"Fahnen JKG 125\" \/><\/a><figcaption>\n    Das Hauptgeb\u00e4ude des Justus-Knecht-Gymnasiums im Jubil\u00e4umsjahr (Foto: Eh, M\u00e4rz 2017)<br \/>\n  <\/figcaption><\/figure>\n<p>&nbsp;<\/p>\n<hr>\n<h2><a name=\"Geschichte\"><\/a>Geschichte unserer Schule<\/h2>\n<div class=\"col-md-12\">\n<div class=\"row\">\n<div class=\"col-md-5 bootstrapfloat\">\n      <a href=\"https:\/\/www.jkg-bruchsal.de\/wordpress\/inhalte\/uploads\/2015\/07\/jkg_75.jpg\" data-rel=\"lightbox-image-1\" data-rl_title=\"\" data-rl_caption=\"\" title=\"\"><img decoding=\"async\" class=\"img-responsive\" src=\"https:\/\/www.jkg-bruchsal.de\/wordpress\/inhalte\/uploads\/2015\/07\/jkg_75.jpg\" alt=\"JKG 1951\" \/><\/a>\n    <\/div>\n<p>Mit der Gr\u00fcndung der staatlichen Realschule im Jahr 1892 beginnt die 125-j\u00e4hrige Geschichte des JKG. Allerdings war diese Schule noch nicht nach Justus Knecht benannt. Und auch das Hauptgeb\u00e4ude existierte noch nicht. Hier sind alle wichtigen Daten und Fakten zu unserer langen Schulgeschichte zusammengestellt:<\/p>\n<p><a href=\"https:\/\/www.jkg-bruchsal.de\/?page_id=184\" class=\"btn btn-primary\" style=\"float:right\">Weiterlesen&nbsp; <span class=\"glyphicon glyphicon-arrow-right\"><\/span><\/a><\/p>\n<\/p><\/div>\n<\/p><\/div>\n<p>&nbsp;<\/p>\n<hr>\n<h2><a name=\"Geschichte\"><\/a>Schulchronik<\/h2>\n<div class=\"col-md-12\">\n<div class=\"row\">\n<div class=\"col-md-3 bootstrapfloat\">\n      <a href=\"https:\/\/www.jkg-bruchsal.de\/wordpress\/inhalte\/uploads\/2017\/12\/k-Schulchronik.jpg\" data-rel=\"lightbox-image-2\" data-rl_title=\"\" data-rl_caption=\"\" title=\"\"><img decoding=\"async\" class=\"img-responsive\" src=\"https:\/\/www.jkg-bruchsal.de\/wordpress\/inhalte\/uploads\/2017\/12\/k-Schulchronik.jpg\" alt=\"Schulchonik\" \/><\/a>\n    <\/div>\n<p>Die spannende Entwicklung unserer Schule von den Anf\u00e4ngen bis heute wird in einem reich bebilderten Buch umfassend nachgezeichnet. Florian Jung, der selbst das JKG besuchte und heute dort unterrichtet, hat die fakten- und facettenreiche Schulgeschichte mit enormem Engagement recherchiert, zusammengetragen und auf gut lesbare, unterhaltsame Weise aufbereitet.<\/p>\n<p><a href=\"https:\/\/www.jkg-bruchsal.de\/?page_id=9268\" class=\"btn btn-primary\" style=\"float:right\">Weiterlesen&nbsp; <span class=\"glyphicon glyphicon-arrow-right\"><\/span><\/a><\/p>\n<\/p><\/div>\n<\/p><\/div>\n<p>&nbsp;<\/p>\n<hr>\n<h2><a name=\"Veranstaltungen\"><\/a>Veranstaltungen im Jubil\u00e4umsjahr<\/h2>\n<h3>Februar 2017: KlassenKultKonzert<\/h3>\n<div class=\"col-md-12\">\n<div class=\"row\">\n<div class=\"col-md-3 bootstrapfloat\">\n      <a href=\"https:\/\/www.jkg-bruchsal.de\/wordpress\/inhalte\/uploads\/2017\/02\/k-KKK-2017-1970.jpg\" data-rel=\"lightbox-image-3\" data-rl_title=\"\" data-rl_caption=\"\" title=\"\"><img decoding=\"async\" class=\"img-responsive\" src=\"https:\/\/www.jkg-bruchsal.de\/wordpress\/inhalte\/uploads\/2017\/02\/k-KKK-2017-1970.jpg\" alt=\"KKK 2017\" \/><\/a>\n    <\/div>\n<p>Den Startschuss ins Jubil\u00e4umsjahr erledigte das KlassenKultKonzert. AGs und Schulklassen brachten in der gut besuchten Schulaula 125 Jahre Zeitgeschichte auf die B\u00fchne. In kleinen Theaterszenen wurden typisch autorit\u00e4re oder antiautorit\u00e4re Schulstunden pointiert gegen\u00fcbergestellt. Durch verschiedenste Musikst\u00fccke kam das notwendige Feeling der 20er, 50er und anderer Jahrzehnte auf. Und auch die Geschichte unserer Schule konnte man h\u00f6ren: Gedichtet und gesungen vom Unterstufenchor.<\/p>\n<p><a href=\"https:\/\/www.jkg-bruchsal.de\/?page_id=2982#KlassenKultKonzert#5%20(2017)\" class=\"btn btn-primary\" style=\"float:right\">Weiterlesen&nbsp; <span class=\"glyphicon glyphicon-arrow-right\"><\/span><\/a><\/p>\n<\/p><\/div>\n<\/p><\/div>\n<p>&nbsp;<\/p>\n<hr>\n<h3>Februar 2017: Besuch des Landesbischofs<\/h3>\n<div class=\"col-md-12\">\n<div class=\"row\">\n<div class=\"col-md-3 bootstrapfloat\">\n      <a href=\"https:\/\/www.jkg-bruchsal.de\/wordpress\/inhalte\/uploads\/2016\/01\/k-Landesbischoff-Feb-2017-2.jpg\" data-rel=\"lightbox-image-4\" data-rl_title=\"\" data-rl_caption=\"\" title=\"\"><img decoding=\"async\" class=\"img-responsive\" src=\"https:\/\/www.jkg-bruchsal.de\/wordpress\/inhalte\/uploads\/2016\/01\/k-Landesbischoff-Feb-2017-2.jpg\" alt=\"Landesbischoff-Feb-2017\" \/><\/a>\n    <\/div>\n<p>Der erste Besuch des Landesbischofs Jochen Cornelius-Bundschuh begann mit einer freundlichen Begr\u00fc\u00dfung unserer Sch\u00fclersprecherinnen und der Schulleitung. Die Einladung, im Jubil\u00e4umsjahr in einer Schule mit geistlichem Namensgeber eine Festrede zu halten, nahm er gerne an. Viele Mitglieder der Schulgemeinschaft lernte der Landesbischof in offenen und konstruktiven Gespr\u00e4chen pers\u00f6nlich kennen.<\/p>\n<p><a href=\"https:\/\/www.jkg-bruchsal.de\/?page_id=5199#Landesbischof\" class=\"btn btn-primary\" style=\"float:right\">Weiterlesen&nbsp; <span class=\"glyphicon glyphicon-arrow-right\"><\/span><\/a><\/p>\n<\/p><\/div>\n<\/p><\/div>\n<p>&nbsp;<\/p>\n<hr>\n<h3>Februar 2017: Projekttag \u201eSchule fr\u00fcher-heute-morgen\u201c<\/h3>\n<div class=\"col-md-12\">\n<div class=\"row\">\n<div class=\"col-md-3 bootstrapfloat\">\n      <a href=\"https:\/\/www.jkg-bruchsal.de\/wordpress\/inhalte\/uploads\/2015\/08\/k-Projekttag-Feb-2017-Foto-Noreen-Boger-1.jpg\" data-rel=\"lightbox-image-5\" data-rl_title=\"\" data-rl_caption=\"\" title=\"\"><img decoding=\"async\" class=\"img-responsive\" src=\"https:\/\/www.jkg-bruchsal.de\/wordpress\/inhalte\/uploads\/2015\/08\/k-Projekttag-Feb-2017-Foto-Noreen-Boger-1.jpg\" alt=\"Projekttag-Feb-2017\" \/><\/a>\n    <\/div>\n<p>Am 8. Februar 2017 befasste sich die ganze Schule mit einem Thema: 125 Jahre JKG. Jede Klasse nahm verschiedene Aspekte der (Schul-)Geschichte unter die Lupe und erarbeitete im eigenen Tempo ein selbst gew\u00e4hltes Thema. Es gab Pausenbrote im Wandel der Zeit, Fotografie- und Filmprojekte, die Traumschule von morgen oder Lernen in der NS-Zeit. Vieles davon wird im Juli beim Schulfest pr\u00e4sentiert.<\/p>\n<p><a href=\"https:\/\/www.jkg-bruchsal.de\/?page_id=1370#Projekttag2017\" class=\"btn btn-primary\" style=\"float:right\">Weiterlesen&nbsp; <span class=\"glyphicon glyphicon-arrow-right\"><\/span><\/a><\/p>\n<\/p><\/div>\n<\/p><\/div>\n<p>&nbsp;<\/p>\n<hr>\n<h3>M\u00e4rz 2017: Festveranstaltung<\/h3>\n<div class=\"col-md-12\">\n<div class=\"row\">\n<div class=\"col-md-3 bootstrapfloat\">\n      <a href=\"https:\/\/www.jkg-bruchsal.de\/wordpress\/inhalte\/uploads\/2016\/01\/k-Festakt-M\u00e4rz-2017-Kow-1.jpg\" data-rel=\"lightbox-image-6\" data-rl_title=\"\" data-rl_caption=\"\" title=\"\"><img decoding=\"async\" class=\"img-responsive\" src=\"https:\/\/www.jkg-bruchsal.de\/wordpress\/inhalte\/uploads\/2016\/01\/k-Festakt-M\u00e4rz-2017-Kow-1.jpg\" alt=\"Festakt Landesbischof\" \/><\/a>\n    <\/div>\n<p>Der gro\u00dfe Festakt zum Schuljubil\u00e4um fand am 9. M\u00e4rz in der Aula statt. Nachdem OStR Florian Jung einen interessanten \u00dcberblick \u00fcber die Schulgeschichte gab, hielt der Landesbischof Jochen Cornelius-Bundschuh eine beeindruckende Festrede. Aus Brasilien, Israel und Kasachstan kamen Videobotschaften unserer Partnerschulen und von Ehemaligen. Vom Unterstufenchor wurde die Geschichte der Schule singend dargeboten. Au\u00dferdem brachten 125 Sch\u00fclerinnen und Sch\u00fclern ein selbst komponiertes Musikst\u00fcck auf die B\u00fchne.<\/p>\n<p><a href=\"https:\/\/www.jkg-bruchsal.de\/wordpress\/inhalte\/uploads\/2015\/07\/Programm-Festakt-JKG-125.pdf\" target=\"_blank\">Programm der Festveranstaltung (PDF)<\/a><\/p>\n<p><a href=\"https:\/\/www.jkg-bruchsal.de\/wordpress\/inhalte\/uploads\/2015\/07\/Vortrag-des-Landesbischofs-zum-Schuljubil\u00e4um-2017.pdf\" target=\"_blank\">Vortrag des Landesbischofs Jochen Cornelius-Bundschuh zum Schuljubil\u00e4um (PDF)<\/a><\/p>\n<p><a href=\"https:\/\/www.jkg-bruchsal.de\/?page_id=5199#Festakt\" class=\"btn btn-primary\" style=\"float:right\">Weiterlesen&nbsp; <span class=\"glyphicon glyphicon-arrow-right\"><\/span><\/a><\/p>\n<\/p><\/div>\n<\/p><\/div>\n<p>&nbsp;<\/p>\n<hr>\n<h3>Juli 2017: Schulfest<\/h3>\n<div class=\"col-md-12\">\n<div class=\"row\">\n<div class=\"col-md-3 bootstrapfloat\">\n      <a href=\"https:\/\/www.jkg-bruchsal.de\/wordpress\/inhalte\/uploads\/2015\/08\/k-Ballonstart-Juli-2017.jpg\" data-rel=\"lightbox-image-7\" data-rl_title=\"\" data-rl_caption=\"\" title=\"\"><img decoding=\"async\" class=\"img-responsive\" src=\"https:\/\/www.jkg-bruchsal.de\/wordpress\/inhalte\/uploads\/2015\/08\/k-Ballonstart-Juli-2017.jpg\" alt=\"Ballonstart\" \/><\/a>\n    <\/div>\n<p>Am Freitag, den 21. Juli 2017 hie\u00df es: Eine lebendige Schule sellt sich vor! Beim Schulfest zum Schuljubil\u00e4um gab es eine gro\u00dfe F\u00fclle an Mitmach-Aktionen, Pr\u00e4sentationen und Vorf\u00fchrungen. Das neue Schulmaskottchen erhielt durch eine \u00f6ffentliche Abstimmung den Namen &#8222;Justi&#8220;. An der &#8222;gelben Linie&#8220;, die durch den Schulhof l\u00e4uft, wurden die wichtigsten schulischen Ereignisse der letzten 125 Jahre pr\u00e4sentiert. Bei zahlreichen Indoor-Pr\u00e4sentationen verschiedener Schulklassen konnten sich die Besucher \u00fcber die Geschichte unserer Schule informieren.<\/p>\n<p><a href=\"https:\/\/www.jkg-bruchsal.de\/?page_id=1372\" class=\"btn btn-primary\" style=\"float:right\">Weiterlesen&nbsp; <span class=\"glyphicon glyphicon-arrow-right\"><\/span><\/a><\/p>\n<\/p><\/div>\n<\/p><\/div>\n<p>&nbsp;<\/p>\n<hr>\n<h3>November 2017: Jubil\u00e4umsball<\/h3>\n<div class=\"col-md-12\">\n<div class=\"row\">\n<div class=\"col-md-3 bootstrapfloat\">\n      <a href=\"https:\/\/www.jkg-bruchsal.de\/wordpress\/inhalte\/uploads\/2017\/11\/k-Jubil\u00e4umsball-2017-1.jpg\" data-rel=\"lightbox-image-8\" data-rl_title=\"\" data-rl_caption=\"\" title=\"\"><img decoding=\"async\" class=\"img-responsive\" src=\"https:\/\/www.jkg-bruchsal.de\/wordpress\/inhalte\/uploads\/2017\/11\/k-Jubil\u00e4umsball-2017-1.jpg\" alt=\"Jubil\u00e4umsball\" \/><\/a>\n    <\/div>\n<p>Den glanzvollen Abschluss des Jubil\u00e4umsjahres bildete ein festlicher Ball im Bruchsaler B\u00fcrgerzentrum, zu dem der Schulleiter Hanspeter Gaal zahlreiche G\u00e4ste begr\u00fc\u00dfen konnte, u.a. den mehrfach preisgekr\u00f6nten Pianist und ehemaligen Sch\u00fcler Dom\u00ednik Stadler. Er\u00f6ffnet wurde der Jubil\u00e4umsball von der JKG-Bigband, die mit Hits wie &#8222;I Will Survive&#8220; das Publikum zum Tanzen aninierte, was im weiteren Verlauf des Abends der Band &#8222;The Moonlights&#8220; ebenfalls gelang.<\/p>\n<p><a href=\"https:\/\/www.jkg-bruchsal.de\/?page_id=5199#Jubil\u00e4umsball\" class=\"btn btn-primary\" style=\"float:right\">Weiterlesen&nbsp; <span class=\"glyphicon glyphicon-arrow-right\"><\/span><\/a><\/p>\n<\/p><\/div>\n<\/p><\/div>\n<p>&nbsp;<\/p>\n<hr>\n<h2><a name=\"Projekte\"><\/a>Projekte und Aktivit\u00e4ten im Jubil\u00e4umsjahr<\/h2>\n<h3>Projekt &#8222;Zeitkapsel&#8220;<\/h3>\n<div class=\"col-md-12\">\n<div class=\"row\">\n<div class=\"col-md-3 bootstrapfloat\">\n      <a href=\"https:\/\/www.jkg-bruchsal.de\/wordpress\/inhalte\/uploads\/2015\/08\/k-Zeitkapsel-April-2017.jpg\" data-rel=\"lightbox-image-9\" data-rl_title=\"\" data-rl_caption=\"\" title=\"\"><img decoding=\"async\" class=\"img-responsive\" src=\"https:\/\/www.jkg-bruchsal.de\/wordpress\/inhalte\/uploads\/2015\/08\/k-Zeitkapsel-April-2017.jpg\" alt=\"Zeitkapsel\" \/><\/a>\n    <\/div>\n<p>Im Jahr des 125-j\u00e4hrigen Jubil\u00e4ums der Schule wollten die Sch\u00fcler der 8. Klassen in ihrem Jahresprojekt &#8222;bleibende Eindr\u00fccke&#8220; hinterlassen und entwickelten die Idee einer Zeitkapsel, die mit aktuellen Zeitdokumenten best\u00fcckt und im JKG-Rasen vor dem Schulhaus versenkt werden sollte. Dies geschah nun am letzten Schultag vor den Osterferien und alle Sch\u00fcler sowie Lehrer waren eingeladen, diesem Ereignis beizuwohnen. <\/p>\n<p><a href=\"https:\/\/www.jkg-bruchsal.de\/?page_id=1368#Zeitkapsel\" class=\"btn btn-primary\" style=\"float:right\">Weiterlesen&nbsp; <span class=\"glyphicon glyphicon-arrow-right\"><\/span><\/a><\/p>\n<\/p><\/div>\n<\/p><\/div>\n<p>&nbsp;<\/p>\n<hr>\n<h3>125 Meter lange &#8222;Gelbe Linie&#8220;<\/h3>\n<div class=\"col-md-12\">\n<div class=\"row\">\n<div class=\"col-md-3 bootstrapfloat\">\n      <a href=\"https:\/\/www.jkg-bruchsal.de\/wordpress\/inhalte\/uploads\/2015\/07\/k-HP-Zeitstrahl-2-Eh.jpg\" data-rel=\"lightbox-image-10\" data-rl_title=\"\" data-rl_caption=\"\" title=\"\"><img decoding=\"async\" class=\"img-responsive\" src=\"https:\/\/www.jkg-bruchsal.de\/wordpress\/inhalte\/uploads\/2015\/07\/k-HP-Zeitstrahl-2-Eh.jpg\" alt=\"Zeitstrahl\" \/><\/a>\n    <\/div>\n<p>Eine Projektgruppe der Kursstufe 1 hat im Rahmen des Thementages &#8222;125 Jahre JKG&#8220; die wichtigsten Daten aus der Geschichte unserer Schule zusammengetragen. Quer \u00fcber unseren Schulhof verl\u00e4uft die &#8222;Gelbe Linie&#8220;, an der Besucher die p\u00e4dagogischen, organisatorischen und baulichen Ver\u00e4nderungen unserer Schule in den letzten 125 Jahren Revue passieren lassen k\u00f6nnen.<\/p>\n<\/p><\/div>\n<\/p><\/div>\n<p>&nbsp;<\/p>\n<hr>\n<h3>\u201eHier bei uns am JKG\u201c<\/h3>\n<div class=\"col-md-12\">\n<div class=\"row\">\n<div class=\"col-md-3 bootstrapfloat\">\n      <a href=\"https:\/\/www.jkg-bruchsal.de\/wordpress\/inhalte\/uploads\/2015\/07\/k-Festakt-M\u00e4rz-2017-Sand-8.jpg\" data-rel=\"lightbox-image-11\" data-rl_title=\"\" data-rl_caption=\"\" title=\"\"><img decoding=\"async\" class=\"img-responsive\" src=\"https:\/\/www.jkg-bruchsal.de\/wordpress\/inhalte\/uploads\/2015\/07\/k-Festakt-M\u00e4rz-2017-Sand-8.jpg\" alt=\"Festakt Unterstufenchor\" \/><\/a>\n    <\/div>\n<p>Die 125-j\u00e4hrige Geschichte unserer Schule ist kompliziert \u2013 und sie zu erz\u00e4hlen dauert ganz sch\u00f6n lange. Unser Unterstufenchor schaffte Abhilfe: Frau Doppelbauer und die jungen S\u00e4ngerinnen und S\u00e4nger haben die wichtigsten Stationen der Schulchronik zusammengefasst und in einen witzigen Liedtext gepackt. Heraus kam ein Song, der schon nach einigen Veranstaltungen zum Hit wurde und das Publikum zum Mitsingen animierte. Der Text (selbstgedichtet, alles andere als \u201enur geklaut\u201c) kann im unten stehenden PDF nachgelesen werden. Mitsingen erlaubt!<\/p>\n<p><a href=\"https:\/\/www.jkg-bruchsal.de\/wordpress\/inhalte\/uploads\/2015\/07\/Hier-bei-uns-am-JKG-125.pdf\" target=\"_blank\">Liedtext \u201eHier bei uns am JKG\u201c (PDF)<\/a><\/p><\/div>\n<\/p><\/div>\n<p>&nbsp;<\/p>\n<hr>\n<h3>Urauff\u00fchrung mit 125 Sch\u00fclerInnen<\/h3>\n<div class=\"col-md-12\">\n<div class=\"row\">\n<div class=\"col-md-3 bootstrapfloat\">\n      <a href=\"https:\/\/www.jkg-bruchsal.de\/wordpress\/inhalte\/uploads\/2016\/01\/k-Festakt-M\u00e4rz-2017-Sand-2.jpg\" data-rel=\"lightbox-image-12\" data-rl_title=\"\" data-rl_caption=\"\" title=\"\"><img decoding=\"async\" class=\"img-responsive\" src=\"https:\/\/www.jkg-bruchsal.de\/wordpress\/inhalte\/uploads\/2016\/01\/k-Festakt-M\u00e4rz-2017-Sand-2.jpg\" alt=\"Festakt Musikst\u00fcck\" \/><\/a>\n    <\/div>\n<p>Zur offiziellen Festveranstaltung am 9. M\u00e4rz 2017 f\u00fchrte Herr Kowollik mit 125 Sch\u00fclerinnen und Sch\u00fclern ein selbst komponiertes Musikst\u00fcck auf. Es bringt das Schuljubil\u00e4um in doppelter Hinsicht zum klingen, denn zum einen besteht die Melodie aus dem 1., 2. und 5. Ton der Tonleiter. Zum anderen werden auch die Buchstaben \u201eJ-K-G\u201c in T\u00f6ne verwandelt, indem ihre Stellung im Alphabet auf die Tonstufen \u00fcbertragen wird (z.B. aus dem 10. Buchstabe \u201eJ\u201c wird der 10. Ton in der Tonleiter). Weitere Details k\u00f6nnen dem Bauplan der Komposition entnommen werden. Aufgef\u00fchrt wurde das St\u00fcck mit vielen Xylophonen, Glockenspielen, Schlaginstrumenten, Boomwhackers und der Bigband des JKG.<\/p>\n<p><a href=\"https:\/\/www.jkg-bruchsal.de\/wordpress\/inhalte\/uploads\/2015\/07\/Musikst\u00fcck-zum-125j\u00e4hrigen-Schuljubil\u00e4um.pdf\" target=\"_blank\">Bauplan des Musikst\u00fccks zum 125-j\u00e4hrigen Schuljubil\u00e4um (PDF)<\/a><\/p><\/div>\n<\/p><\/div>\n<p>&nbsp;<\/p>\n<hr>\n<p><em>Text: Kow (November 2017)<br \/>\nFotos: Siehe jew. Link<\/em><\/p>\n","protected":false},"excerpt":{"rendered":"<p>125 Jahre Justus-Knecht-Gymnasium Das Justus-Knecht-Gymnasium feiert im Jahr 2017 sein 125-j\u00e4hriges Jubil\u00e4um. Herzlichen Gl\u00fcckwunsch! Auf dieser Seite sind alle Veranstaltungen und Projekte beschrieben, die im Jubil\u00e4umsjahr stattfinden. \u00dcbersicht Geschichte Veranstaltungen Projekte Das Hauptgeb\u00e4ude des Justus-Knecht-Gymnasiums im Jubil\u00e4umsjahr (Foto: Eh, M\u00e4rz 2017) &nbsp; Geschichte unserer Schule Mit der Gr\u00fcndung der staatlichen Realschule im Jahr 1892 beginnt [&hellip;]<\/p>\n","protected":false},"author":2,"featured_media":0,"parent":38,"menu_order":10,"comment_status":"open","ping_status":"open","template":"","meta":{"footnotes":""},"class_list":["post-56","page","type-page","status-publish","hentry"],"_links":{"self":[{"href":"https:\/\/www.jkg-bruchsal.de\/index.php?rest_route=\/wp\/v2\/pages\/56","targetHints":{"allow":["GET"]}}],"collection":[{"href":"https:\/\/www.jkg-bruchsal.de\/index.php?rest_route=\/wp\/v2\/pages"}],"about":[{"href":"https:\/\/www.jkg-bruchsal.de\/index.php?rest_route=\/wp\/v2\/types\/page"}],"author":[{"embeddable":true,"href":"https:\/\/www.jkg-bruchsal.de\/index.php?rest_route=\/wp\/v2\/users\/2"}],"replies":[{"embeddable":true,"href":"https:\/\/www.jkg-bruchsal.de\/index.php?rest_route=%2Fwp%2Fv2%2Fcomments&post=56"}],"version-history":[{"count":0,"href":"https:\/\/www.jkg-bruchsal.de\/index.php?rest_route=\/wp\/v2\/pages\/56\/revisions"}],"up":[{"embeddable":true,"href":"https:\/\/www.jkg-bruchsal.de\/index.php?rest_route=\/wp\/v2\/pages\/38"}],"wp:attachment":[{"href":"https:\/\/www.jkg-bruchsal.de\/index.php?rest_route=%2Fwp%2Fv2%2Fmedia&parent=56"}],"curies":[{"name":"wp","href":"https:\/\/api.w.org\/{rel}","templated":true}]}}