{"id":561,"date":"2015-07-31T11:04:28","date_gmt":"2015-07-31T09:04:28","guid":{"rendered":"https:\/\/www.jkg-bruchsal.de\/wordpress\/?page_id=561"},"modified":"2026-04-15T17:09:28","modified_gmt":"2026-04-15T15:09:28","slug":"unterstufe","status":"publish","type":"page","link":"https:\/\/www.jkg-bruchsal.de\/?page_id=561","title":{"rendered":"Unterstufenkonzept"},"content":{"rendered":"<div class=\"row\">\n<div class=\"col-md-6\">\n    <a class=\"btn btn-primary\" style=\"float:left;\" href=\"https:\/\/www.jkg-bruchsal.de\/?page_id=108\"><span class=\"hidden-xs\"><< Profile \/ G8 \/ G9<\/span><i class=\"glyphicon glyphicon-arrow-left visible-xs\"><\/i><\/a>\n  <\/div>\n<div class=\"col-md-6\">\n    <a class=\"btn btn-primary\" style=\"float:right;\" href=\"https:\/\/www.jkg-bruchsal.de\/?page_id=120\"><span class=\"hidden-xs\">Angehende F\u00fcnftkl\u00e4ssler >><\/span><i class=\"glyphicon glyphicon-arrow-right visible-xs\"><\/i><\/a>\n  <\/div>\n<\/div>\n<hr>\n<h3>P\u00e4dagogisches Konzept der Klassen 5 und 6<\/h3>\n<p><\/br><\/p>\n<h4>Was erwartet F\u00fcnftkl\u00e4ssler am JKG?<\/h4>\n<h4><a name=\"Einf\u00fchrungstage\"><\/a>Einf\u00fchrungstage<\/h4>\n<p>Die neuen F\u00fcnftkl\u00e4ssler*innen starten ihr gymnasiale Schullaufbahn mit einer zentralen Begr\u00fc\u00dfungsveranstaltung in der Aula. W\u00e4hrend der Einf\u00fchrungstage absolvieren sie ein Programm, bei dem sie die Schule und ihre Abl\u00e4ufe kennenlernen. Sie beginnen als Klasse eine Gemeinschaft zu bilden und sich auf das Lernen vorbereiten.<\/p>\n<p><\/br><\/p>\n<p>Typischer Ablauf und Inhalte sind:<\/p>\n<p>1.) Begr\u00fc\u00dfungsveranstaltung:<\/p>\n<li>Begr\u00fc\u00dfung der Sch\u00fclerinnen und Sch\u00fcler der neuen 5. Klassen in der Aula <\/li>\n<li>Klasseneinteilung und Gang in das neue Klassenzimmer mit dem Klassenlehrerteam <\/li>\n<li>Bekanntgabe des Stundenplans und verschiedener Informationen <\/li>\n<p><\/br><\/p>\n<p>F\u00fcr die Eltern organisiert w\u00e4hrenddessen ein engagiertes Team aus Eltern h\u00f6herer Klassen ein Programm, bei dem sich Eltern der neuen Klasse 5 klassenweise treffen. Es werden verschiedene Informationen an die neue Elternschaft weitergeben und viele Fragen beantwortet.<\/p>\n<p><\/br><\/p>\n<p>2.) Der Unterricht findet w\u00e4hrend der Einf\u00fchrungstagen in Einheiten zu verschiedenen Themen statt:<\/p>\n<li>Kennenlernen der Klassenkamerad*innen <\/li>\n<li>Kennenlernen der Schulgeb\u00e4ude und der Schulordnung <\/li>\n<li>Gestaltung des Klassenzimmers <\/li>\n<li>Aufgaben in der Klasse \u00fcbernehmen <\/li>\n<li>B\u00fccherausgabe <\/li>\n<li>Materialien bereithalten, Lerntipps etc. <\/li>\n<p><\/br><\/p>\n<div class=\"col-md-12\">\n<div class=\"row\">\n<div class=\"col-md-5 bootstrapfloat\">\n      <a href=\"https:\/\/www.jkg-bruchsal.de\/wordpress\/inhalte\/uploads\/2026\/04\/k-26-04-15-09-34-59-2047-rotated.jpg\" data-rel=\"lightbox-image-0\" data-rl_title=\"\" data-rl_caption=\"\" title=\"\"><img decoding=\"async\" class=\"img-responsive\" src=\"https:\/\/www.jkg-bruchsal.de\/wordpress\/inhalte\/uploads\/2026\/04\/k-26-04-15-09-34-59-2047-rotated.jpg\" alt=\" Schulhof 2026\" \/><\/a>\n    <\/div>\n<h4><a name=\"KL\"><\/a>Klassenlehrer-Methodenstunde<\/h4>\n<p>Eine sehr wichtige Rolle f\u00fcr die Sch\u00fclerinnen und Sch\u00fcler der Klassen 5 und 6 spielt das Klassenlehrerteam. Damit aus der neu zusammengew\u00fcrfelten Sch\u00fclerschar eine funktionierende Klassengemeinschaft erwachsen kann, verf\u00fcgt das Klassenlehrerteam neben seinem Fachunterricht \u00fcber eine Klassenlehrerstunde, die besonders diesem Ziel gewidmet ist. Die Gestaltung des Klassenlebens im Jahresverlauf, die Planung gemeinsamer Vorhaben aber auch die Besprechung von konflikttr\u00e4chtigen Situationen hat hier ihren Platz.<\/p>\n<p>Eine weitere wichtige S\u00e4ule der Klassenlehrerstunde ist das \u201e<a href=\"https:\/\/www.jkg-bruchsal.de\/?page_id=1040\">Methodixprogramm<\/a>\u201c, in dem es darum geht, kompetent Lernen zu lernen. Die einzelnen Bausteine des Programms k\u00f6nnen Sie dem o.g. Link entnehmen.<\/p>\n<p><\/br><\/p>\n<h4><a name=\"Streitschlichter\"><\/a>Streitschlichter\/Klassenpaten<\/h4>\n<p>Bereits in der ersten Unterrichtswoche lernen die Sch\u00fclerInnen der 5. Klassen ihre <a href=\"https:\/\/www.jkg-bruchsal.de\/?page_id=1755\">KlassenpatInnen<\/a> kennen. Jeder Klasse sind zwei \u00e4ltere Sch\u00fclerInnen zugeteilt, die gleichzeitig \u00fcber eine Ausbildung als <a href=\"https:\/\/www.jkg-bruchsal.de\/?page_id=206\">StreitschlichterInnen<\/a> verf\u00fcgen. Sie besuchen die F\u00fcnftkl\u00e4ssler einmal pro Woche in der gro\u00dfen Pause, sind f\u00fcr Sorgen, Probleme, aber auch einfach als weitere Gespr\u00e4chspartner ansprechbar, planen gemeinsame Unternehmungen und begleiten die Kinder bei ihren ersten Schritten in der neuen Umgebung. Im Streitfall sind die Patinnen und Paten auch in der Lage als Mediatoren t\u00e4tig zu werden und leisten so durch ihre Arbeit einen wichtigen Beitrag zur Gewaltpr\u00e4vention.<\/p>\n<p><\/br><\/p><\/div>\n<\/p><\/div>\n<p><\/br><\/p>\n<h4>Arbeitsgemeinschaften <\/h4>\n<p>Das beschriebene F\u00fcnftkl\u00e4sslerprogramm wird abgerundet durch ein breitgef\u00e4chertes Angebot an <a href=\"https:\/\/www.jkg-bruchsal.de\/?page_id=112\">Arbeitsgemeinschaften<\/a> wie z.B. Unterstufenchor, Jazz Kids\u00b4 Gang, Unterstufen-Theater-AG usw.<\/p>\n<p><\/br><\/p>\n<p><em>Text: N.N.<\/em><\/p>\n","protected":false},"excerpt":{"rendered":"<p>> P\u00e4dagogisches Konzept der Klassen 5 und 6 Was erwartet F\u00fcnftkl\u00e4ssler am JKG? Einf\u00fchrungstage Die neuen F\u00fcnftkl\u00e4ssler*innen starten ihr gymnasiale Schullaufbahn mit einer zentralen Begr\u00fc\u00dfungsveranstaltung in der Aula. W\u00e4hrend der Einf\u00fchrungstage absolvieren sie ein Programm, bei dem sie die Schule und ihre Abl\u00e4ufe kennenlernen. Sie beginnen als Klasse eine Gemeinschaft zu bilden und sich auf [&hellip;]<\/p>\n","protected":false},"author":2,"featured_media":0,"parent":44,"menu_order":50,"comment_status":"closed","ping_status":"closed","template":"","meta":{"footnotes":""},"class_list":["post-561","page","type-page","status-publish","hentry"],"_links":{"self":[{"href":"https:\/\/www.jkg-bruchsal.de\/index.php?rest_route=\/wp\/v2\/pages\/561","targetHints":{"allow":["GET"]}}],"collection":[{"href":"https:\/\/www.jkg-bruchsal.de\/index.php?rest_route=\/wp\/v2\/pages"}],"about":[{"href":"https:\/\/www.jkg-bruchsal.de\/index.php?rest_route=\/wp\/v2\/types\/page"}],"author":[{"embeddable":true,"href":"https:\/\/www.jkg-bruchsal.de\/index.php?rest_route=\/wp\/v2\/users\/2"}],"replies":[{"embeddable":true,"href":"https:\/\/www.jkg-bruchsal.de\/index.php?rest_route=%2Fwp%2Fv2%2Fcomments&post=561"}],"version-history":[{"count":7,"href":"https:\/\/www.jkg-bruchsal.de\/index.php?rest_route=\/wp\/v2\/pages\/561\/revisions"}],"predecessor-version":[{"id":16967,"href":"https:\/\/www.jkg-bruchsal.de\/index.php?rest_route=\/wp\/v2\/pages\/561\/revisions\/16967"}],"up":[{"embeddable":true,"href":"https:\/\/www.jkg-bruchsal.de\/index.php?rest_route=\/wp\/v2\/pages\/44"}],"wp:attachment":[{"href":"https:\/\/www.jkg-bruchsal.de\/index.php?rest_route=%2Fwp%2Fv2%2Fmedia&parent=561"}],"curies":[{"name":"wp","href":"https:\/\/api.w.org\/{rel}","templated":true}]}}