{"id":572,"date":"2015-07-31T11:11:51","date_gmt":"2015-07-31T09:11:51","guid":{"rendered":"https:\/\/www.jkg-bruchsal.de\/wordpress\/?page_id=572"},"modified":"2026-02-25T19:49:01","modified_gmt":"2026-02-25T18:49:01","slug":"abitur-2017","status":"publish","type":"page","link":"https:\/\/www.jkg-bruchsal.de\/?page_id=572","title":{"rendered":"Abitur 2026"},"content":{"rendered":"<div class=\"row\">\n<div class=\"col-md-6\"><a class=\"btn btn-primary\" style=\"float: left;\" href=\"https:\/\/www.jkg-bruchsal.de\/?page_id=568\"><span class=\"hidden-xs\">&lt;&lt; Allgemeine Informationen zur Oberstufe<\/span><\/a><\/div>\n<div class=\"col-md-6\"><a class=\"btn btn-primary\" style=\"float: right;\" href=\"https:\/\/www.jkg-bruchsal.de\/?page_id=574\"><span class=\"hidden-xs\">Abitur 2027 &gt;&gt;<\/span><\/a><\/div>\n<\/div>\n<div><\/div>\n<div><\/div>\n<hr \/>\n<p>Alle wichtigen Informationen f\u00fcr Sch\u00fclerinnen und Sch\u00fcler des Abiturjahrgangs 2026 werden im <strong>moodle-Kurs Abitur 2026<\/strong> ver\u00f6ffentlicht. Bitte dort regelm\u00e4\u00dfig nachlesen.<\/p>\n<hr \/>\n<h3>Informationen und Dokumente f\u00fcr den Abiturjahrgang 2026<\/h3>\n<p><a href=\"https:\/\/www.jkg-bruchsal.de\/wordpress\/inhalte\/uploads\/2024\/03\/GO2026JKG-Elterninfo.pptx\" target=\"_blank\" rel=\"noopener noreferrer\">Allgemeine Informationen zur Kursstufe (Powerpoint-Pr\u00e4sentation vom Elternabend in der Aula)<\/a><br \/>\n<a href=\"https:\/\/km.baden-wuerttemberg.de\/fileadmin\/redaktion\/m-km\/intern\/PDF\/Dateien\/Gymnasium\/Dokumente_Abitur\/Abitur_2026\/2023_Leitfaden_fuer_die_gymnasiale_Oberstufe_Abitur_2026.pdf\" target=\"_blank\" rel=\"noopener noreferrer\">Leitfaden Abitur 2026 (externer Link)<\/a><br \/>\n<a href=\"https:\/\/km.baden-wuerttemberg.de\/fileadmin\/redaktion\/m-km\/intern\/PDF\/Dateien\/Gymnasium\/Dokumente_Abitur\/Abitur_2026\/Facherlasse_2026_Stand_01.10.2024.pdf\" target=\"_blank\" rel=\"noopener noreferrer\">Facherlass Abitur 2026 (externer Link)<\/a><br \/>\n<a href=\"https:\/\/km.baden-wuerttemberg.de\/fileadmin\/redaktion\/m-km\/intern\/PDF\/Dateien\/Gymnasium\/Dokumente_Abitur\/Abitur_2026\/Anl_1b_2026_Detailplan_Stand_25.06.2024.pdf\" target=\"_blank\" rel=\"noopener noreferrer\">Schriftliches Abitur 2026 &#8211; Pr\u00fcfungstermine (externer Link)<\/a><\/p>\n","protected":false},"excerpt":{"rendered":"<p>&lt;&lt; Allgemeine Informationen zur Oberstufe Abitur 2027 &gt;&gt; Alle wichtigen Informationen f\u00fcr Sch\u00fclerinnen und Sch\u00fcler des Abiturjahrgangs 2026 werden im moodle-Kurs Abitur 2026 ver\u00f6ffentlicht. Bitte dort regelm\u00e4\u00dfig nachlesen. Informationen und Dokumente f\u00fcr den Abiturjahrgang 2026 Allgemeine Informationen zur Kursstufe (Powerpoint-Pr\u00e4sentation vom Elternabend in der Aula) Leitfaden Abitur 2026 (externer Link) Facherlass Abitur 2026 (externer Link) [&hellip;]<\/p>\n","protected":false},"author":7,"featured_media":0,"parent":106,"menu_order":30,"comment_status":"closed","ping_status":"closed","template":"","meta":{"footnotes":""},"class_list":["post-572","page","type-page","status-publish","hentry"],"_links":{"self":[{"href":"https:\/\/www.jkg-bruchsal.de\/index.php?rest_route=\/wp\/v2\/pages\/572","targetHints":{"allow":["GET"]}}],"collection":[{"href":"https:\/\/www.jkg-bruchsal.de\/index.php?rest_route=\/wp\/v2\/pages"}],"about":[{"href":"https:\/\/www.jkg-bruchsal.de\/index.php?rest_route=\/wp\/v2\/types\/page"}],"author":[{"embeddable":true,"href":"https:\/\/www.jkg-bruchsal.de\/index.php?rest_route=\/wp\/v2\/users\/7"}],"replies":[{"embeddable":true,"href":"https:\/\/www.jkg-bruchsal.de\/index.php?rest_route=%2Fwp%2Fv2%2Fcomments&post=572"}],"version-history":[{"count":18,"href":"https:\/\/www.jkg-bruchsal.de\/index.php?rest_route=\/wp\/v2\/pages\/572\/revisions"}],"predecessor-version":[{"id":16867,"href":"https:\/\/www.jkg-bruchsal.de\/index.php?rest_route=\/wp\/v2\/pages\/572\/revisions\/16867"}],"up":[{"embeddable":true,"href":"https:\/\/www.jkg-bruchsal.de\/index.php?rest_route=\/wp\/v2\/pages\/106"}],"wp:attachment":[{"href":"https:\/\/www.jkg-bruchsal.de\/index.php?rest_route=%2Fwp%2Fv2%2Fmedia&parent=572"}],"curies":[{"name":"wp","href":"https:\/\/api.w.org\/{rel}","templated":true}]}}