{"id":5793,"date":"2016-04-17T12:32:26","date_gmt":"2016-04-17T10:32:26","guid":{"rendered":"https:\/\/www.jkg-bruchsal.de\/?page_id=5793"},"modified":"2022-07-28T09:37:24","modified_gmt":"2022-07-28T07:37:24","slug":"hoffnungslauf","status":"publish","type":"page","link":"https:\/\/www.jkg-bruchsal.de\/?page_id=5793","title":{"rendered":"Hoffnungslauf"},"content":{"rendered":"<div class=\"row\">\n<div class=\"col-md-6\">\n    <a class=\"btn btn-primary\" style=\"float:left;\" href=\"https:\/\/www.jkg-bruchsal.de\/?page_id=1165\"><span class=\"hidden-xs\"><< Sport<\/span><i class=\"glyphicon glyphicon-arrow-left visible-xs\"><\/i><\/a>\n  <\/div>\n<div class=\"col-md-6\">\n    <a class=\"btn btn-primary\" style=\"float:right;\" href=\"https:\/\/www.jkg-bruchsal.de\/?page_id=5813\"><span class=\"hidden-xs\">Jugend trainiert f\u00fcr Olympia>><\/span><i class=\"glyphicon glyphicon-arrow-right visible-xs\"><\/i><\/a>\n  <\/div>\n<\/div>\n<p><\/p>\n<hr>\n<h3>\u00dcber 800 Euro Spenden durch Laufen gesammelt<\/h3>\n<h4>Die Klassen 5s und 5v belegen beim Hoffnungslauf 2022 einen tollen 3. Platz<\/h4>\n<div class=\"col-md-12\">\n<div class=\"row\">\n<div class=\"col-md-4 bootstrapfloat\">\n      <a href=\"https:\/\/www.jkg-bruchsal.de\/wordpress\/inhalte\/uploads\/2022\/07\/k-3.-Platz-JKG1.jpg\" data-rel=\"lightbox-image-0\" data-rl_title=\"\" data-rl_caption=\"\" title=\"\"><img decoding=\"async\" class=\"img-responsive\" src=\"https:\/\/www.jkg-bruchsal.de\/wordpress\/inhalte\/uploads\/2022\/07\/k-3.-Platz-JKG1.jpg\" alt=\"Hoffnungslauf-2022\" \/><\/a>\n    <\/div>\n<p>Liebe Schulgemeinschaft,<\/p>\n<p>ich freue mich sehr, euch mitteilen zu k\u00f6nnen, dass das JKG-Team beim diesj\u00e4hrigen Hoffnungslauf-Schulpreis vom Mai den 3. Platz belegt hat.<\/p>\n<p>Am 20. Juli durfte daher eine kleine Delegation aus tapferen L\u00e4uferinnen und L\u00e4ufern der Klassen 5s und 5v zusammen mit Herrn Bauer zur Siegerehrung an der Stirumschule marschieren und den flei\u00dfig erlaufenen Scheck \u00fcber 100 Euro abholen.<\/p>\n<p>Unsere Daten: 1041,9 erlaufene Kilometer; 894,3 Euro Spende; 53 Teilnehmer*innen!<\/li>\n<p>Ich bedanke mich vor allem bei den engagierten L\u00e4uferinnen und L\u00e4ufern aus der Unterstufe, die unsere Schulgemeinschaft w\u00fcrdig vertreten haben.<\/p>\n<p>Lasst uns diesen Tatendrang weiter ausweiten, um uns selbst fit und bei Laune zu halten und durch soziales Engagement die Welt ein bisschen zu verbessern!<\/p>\n<p>Liebe Gr\u00fc\u00dfe<br \/>\nJanina Klecker<\/p>\n<p><em>Text und Foto: Kle (Juli 2022)<\/em><\/p>\n<hr><\/div>\n<\/p><\/div>\n<h3>\u201eWir laufen getrennt und hoffen zusammen!\u201c &#8211; Hoffnungslauf 2020<\/h3>\n<h4>JKG spendet \u00fcber 3000 Euro f\u00fcr soziale Projekte des Caritasverbandes<\/h4>\n<div class=\"col-md-12\">\n<div class=\"row\">\n<div class=\"col-md-4 bootstrapfloat\">\n      <a href=\"https:\/\/www.jkg-bruchsal.de\/wordpress\/inhalte\/uploads\/2020\/11\/k-48-Hoffnungslauf.jpg\" data-rel=\"lightbox-image-1\" data-rl_title=\"\" data-rl_caption=\"\" title=\"\"><img decoding=\"async\" class=\"img-responsive\" src=\"https:\/\/www.jkg-bruchsal.de\/wordpress\/inhalte\/uploads\/2020\/11\/k-48-Hoffnungslauf.jpg\" alt=\"Hoffnungslauf-2020\" \/><\/a>\n    <\/div>\n<p>In diesem Jahr hie\u00df es beim Hoffnungslauf des Caritasverbandes \u201eWir laufen getrennt und hoffen zusammen!\u201c. Auch 168 Sch\u00fclerinnen und Sch\u00fcler des JKG nahmen vom 12. bis 18. Oktober daran teil und sammelten als Schulmannschaft flei\u00dfig Lauf-Kilometer beim Joggen, Walken, Wandern oder Spazierengehen. Frau Janina Klecker, die betreuende Lehrerin, freute sich am Ende \u00fcber eine Gesamtlaufleistung von 3056,23 Kilometern, die die Kinder und Jugendlichen zur\u00fcckgelegt hatten. So konnte vom JKG aus der stolze Betrag von \u20ac 3059,57 an den Caritasverband \u00fcberwiesen werden, wie J\u00fcrgen Burkhardtsmaier vom Orga-Team mitteilte. Mit den Spenden wurde die Starthilfe f\u00fcr wohnungslose Menschen ebenso unterst\u00fctzt, wie Einzelfallhilfen f\u00fcr Menschen in Not. Sozialer und sportlicher Bereich \u201eliefen\u201c beim Hoffnungslauf Hand in Hand, was f\u00fcr die Schulgemeinschaft des JKG \u2013 gerade in dieser besonderen Zeit \u2013 ein \u00e4u\u00dferst wertvoller Aspekt ist.<\/p>\n<p><em>Text: Wip (November 2020)<br \/>\nFoto: pixabay.com<\/em><\/p>\n<hr><\/div>\n<\/p><\/div>\n<h3>JKG dabei beim 21. Bruchsaler Hoffnungslauf<\/h3>\n<h4>Rund 200 L\u00e4uferinnen und L\u00e4ufer vom Justus-Knecht-Gymnasium nehmen teil<\/h4>\n<p>Am Samstag, dem 21. April 2018 fand der 21. Bruchsaler Hoffnungslauf statt. Bei herrlichem Sommerwetter bereiteten sich ca. 200 JKG-ler ab 14 Uhr auf den Lauf im Schulhof vor. Das Organisationsteam um Carolin Balduf hatte in kurzer Vorbereitungszeit hervorragende Arbeit geleistet und den Neubau kurzerhand zum Wettkampfb\u00fcro umfunktioniert. Hier konnten sich die angemeldeten L\u00e4uferinnen und L\u00e4ufer ihre Startnummern abholen und sie dann an das blaue Laufshirt mit Sicherheitsnadeln anheften. Die Klassenzimmer wurden als Umkleiden genutzt und das Gep\u00e4ck konnte hier auch deponiert werden. Um 14.45 Uhr bat der Hoffotograf zum Fototermin und StD. Klaus Monz begr\u00fc\u00dfte im Auftrag der Schulleitung die Laufgemeinschaft und gab die letzten Informationen an die Teilnehmer weiter.<\/p>\n<p><\/br><\/p>\n<div class=\"row\">\n<div class=\"col-md-6\">\n  <a href=\"https:\/\/www.jkg-bruchsal.de\/wordpress\/inhalte\/uploads\/2018\/05\/k-Hoffnungslauf-2018-Eh-1.jpg\" data-rel=\"lightbox-image-2\" data-rl_title=\"\" data-rl_caption=\"\" title=\"\"><img decoding=\"async\" style=\"margin-bottom: 20px\" class=\"img-responsive\" src=\"https:\/\/www.jkg-bruchsal.de\/wordpress\/inhalte\/uploads\/2018\/05\/k-Hoffnungslauf-2018-Eh-1.jpg\" alt=\"Hoffnungslauf-2018\" \/><\/a>\n<\/div>\n<div class=\"col-md-6\">\n  <a href=\"https:\/\/www.jkg-bruchsal.de\/wordpress\/inhalte\/uploads\/2018\/05\/k-Hoffnungslauf-2018-Bm-1.jpg\" data-rel=\"lightbox-image-3\" data-rl_title=\"\" data-rl_caption=\"\" title=\"\"><img decoding=\"async\" style=\"margin-bottom: 20px\" class=\"img-responsive\" src=\"https:\/\/www.jkg-bruchsal.de\/wordpress\/inhalte\/uploads\/2018\/05\/k-Hoffnungslauf-2018-Bm-1.jpg\" alt=\"Hoffnungslauf-2018-1\" \/><\/a>\n<\/div>\n<\/div>\n<p><em>Text: Eh (Mai 2018)<br \/>\nFotos: Eh (links), Bm (rechts)<\/em><\/p>\n<hr>\n<h3>Das JKG siegt beim 20. Hoffnungslauf in Bruchsal souver\u00e4n<\/h3>\n<h4>Schulgemeinschaft spendet 3800 Euro f\u00fcr soziale Projekte des Caritasverbandes<\/h4>\n<div class=\"col-md-12\">\n<div class=\"row\">\n<div class=\"col-md-4 bootstrapfloat\">\n      <a href=\"https:\/\/www.jkg-bruchsal.de\/wordpress\/inhalte\/uploads\/2016\/04\/k-Siegerehrung-Hoffnungslauf-Juli-2017-1.jpg\" data-rel=\"lightbox-image-4\" data-rl_title=\"\" data-rl_caption=\"\" title=\"\"><img decoding=\"async\" class=\"img-responsive\" src=\"https:\/\/www.jkg-bruchsal.de\/wordpress\/inhalte\/uploads\/2016\/04\/k-Siegerehrung-Hoffnungslauf-Juli-2017-1.jpg\" alt=\"Hoffnungslauf-2017\" \/><\/a>\n    <\/div>\n<p>Die JKG-Mannschaft belegte beim Jubil\u00e4ums-Hoffnungslauf 2017 in der Kategorie Schulpreis Engagement vor dem Sch\u00f6nborn-Gymnasium und dem Heisenberg-Gymnasium souver\u00e4n den ersten Platz. Der stellvertretende Schulleiter, Studiendirektor J\u00fcrgen Braun, konnte bei der Siegerehrung in der Aula den Siegerscheck in H\u00f6he von 500 Euro entgegen nehmen. Die Vorstandsvorsitzende des Caritasverbandes von Bruchsal, Frau Stemann-Fuchs, und die Vertreterin des Hauptsponsors Sparkasse Kraichgau, Gwendolyn Kutscha, gratulierten dem JKG-Team ganz herzlich. 278 JKG-L\u00e4ufer hatten mit 1149 gelaufenen Runden ca. 3800 Euro erlaufen, die nun Menschen in akuten Notsituationen zugute kommen sollen, getreu dem Motto des Hoffnungslaufes &#8222;Laufend helfen&#8220;.<\/p>\n<p><\/br><\/p>\n<div class=\"row\">\n<div class=\"col-md-6\">\n  <a href=\"https:\/\/www.jkg-bruchsal.de\/wordpress\/inhalte\/uploads\/2016\/04\/k-Hoffnungslauf-2017-Eh.jpg\" data-rel=\"lightbox-image-5\" data-rl_title=\"\" data-rl_caption=\"\" title=\"\"><img decoding=\"async\" style=\"margin-bottom: 20px\" class=\"img-responsive\" src=\"https:\/\/www.jkg-bruchsal.de\/wordpress\/inhalte\/uploads\/2016\/04\/k-Hoffnungslauf-2017-Eh.jpg\" alt=\"Hoffnungslauf-2017\" \/><\/a>\n<\/div>\n<div class=\"col-md-6\">\n  <a href=\"https:\/\/www.jkg-bruchsal.de\/wordpress\/inhalte\/uploads\/2016\/04\/k-Hoffnungslauf-2017-1-Eh.jpg\" data-rel=\"lightbox-image-6\" data-rl_title=\"\" data-rl_caption=\"\" title=\"\"><img decoding=\"async\" style=\"margin-bottom: 20px\" class=\"img-responsive\" src=\"https:\/\/www.jkg-bruchsal.de\/wordpress\/inhalte\/uploads\/2016\/04\/k-Hoffnungslauf-2017-1-Eh.jpg\" alt=\"Hoffnungslauf-2017-1\" \/><\/a>\n<\/div>\n<\/div>\n<p><em>Text: Cornelia Bl\u00fcmle (Juli 2017)<br \/>\nFotos: Rebecca Sand (oben), Eh (unten)<\/em><\/p>\n<hr><\/div>\n<\/p><\/div>\n","protected":false},"excerpt":{"rendered":"<p>> \u00dcber 800 Euro Spenden durch Laufen gesammelt Die Klassen 5s und 5v belegen beim Hoffnungslauf 2022 einen tollen 3. Platz Liebe Schulgemeinschaft, ich freue mich sehr, euch mitteilen zu k\u00f6nnen, dass das JKG-Team beim diesj\u00e4hrigen Hoffnungslauf-Schulpreis vom Mai den 3. Platz belegt hat. Am 20. Juli durfte daher eine kleine Delegation aus tapferen L\u00e4uferinnen [&hellip;]<\/p>\n","protected":false},"author":2,"featured_media":0,"parent":1165,"menu_order":0,"comment_status":"closed","ping_status":"closed","template":"","meta":{"footnotes":""},"class_list":["post-5793","page","type-page","status-publish","hentry"],"_links":{"self":[{"href":"https:\/\/www.jkg-bruchsal.de\/index.php?rest_route=\/wp\/v2\/pages\/5793","targetHints":{"allow":["GET"]}}],"collection":[{"href":"https:\/\/www.jkg-bruchsal.de\/index.php?rest_route=\/wp\/v2\/pages"}],"about":[{"href":"https:\/\/www.jkg-bruchsal.de\/index.php?rest_route=\/wp\/v2\/types\/page"}],"author":[{"embeddable":true,"href":"https:\/\/www.jkg-bruchsal.de\/index.php?rest_route=\/wp\/v2\/users\/2"}],"replies":[{"embeddable":true,"href":"https:\/\/www.jkg-bruchsal.de\/index.php?rest_route=%2Fwp%2Fv2%2Fcomments&post=5793"}],"version-history":[{"count":4,"href":"https:\/\/www.jkg-bruchsal.de\/index.php?rest_route=\/wp\/v2\/pages\/5793\/revisions"}],"predecessor-version":[{"id":14619,"href":"https:\/\/www.jkg-bruchsal.de\/index.php?rest_route=\/wp\/v2\/pages\/5793\/revisions\/14619"}],"up":[{"embeddable":true,"href":"https:\/\/www.jkg-bruchsal.de\/index.php?rest_route=\/wp\/v2\/pages\/1165"}],"wp:attachment":[{"href":"https:\/\/www.jkg-bruchsal.de\/index.php?rest_route=%2Fwp%2Fv2%2Fmedia&parent=5793"}],"curies":[{"name":"wp","href":"https:\/\/api.w.org\/{rel}","templated":true}]}}