{"id":5912,"date":"2016-05-16T22:39:07","date_gmt":"2016-05-16T20:39:07","guid":{"rendered":"https:\/\/www.jkg-bruchsal.de\/?page_id=5912"},"modified":"2025-04-09T11:38:47","modified_gmt":"2025-04-09T09:38:47","slug":"sportveranstaltungen","status":"publish","type":"page","link":"https:\/\/www.jkg-bruchsal.de\/?page_id=5912","title":{"rendered":"Sportveranstaltungen"},"content":{"rendered":"<div class=\"row\">\n<div class=\"col-md-6\">\n    <a class=\"btn btn-primary\" style=\"float:left;\" href=\"https:\/\/www.jkg-bruchsal.de\/?page_id=1165\"><span class=\"hidden-xs\"><< Sport<\/span><i class=\"glyphicon glyphicon-arrow-left visible-xs\"><\/i><\/a>\n  <\/div>\n<div class=\"col-md-6\">\n    <a class=\"btn btn-primary\" style=\"float:right;\" href=\"https:\/\/www.jkg-bruchsal.de\/?page_id=5793\"><span class=\"hidden-xs\">Hoffnungslauf >><\/span><i class=\"glyphicon glyphicon-arrow-right visible-xs\"><\/i><\/a>\n  <\/div>\n<\/div>\n<p><\/p>\n<hr>\n<h3><a name=\"Zumba2025\"><\/a>Tanz, Spa\u00df und Energie<\/h3>\n<h4>Lateinamerikanisches Zumba-Workout begeistert M\u00e4dchen der 10. und 11. Klasse<\/h4>\n<div class=\"col-md-12\">\n<div class=\"row\">\n<div class=\"col-md-5 bootstrapfloat\">\n      <a href=\"https:\/\/www.jkg-bruchsal.de\/wordpress\/inhalte\/uploads\/2025\/04\/k-Zumba2025-3-3.jpg\" data-rel=\"lightbox-image-0\" data-rl_title=\"\" data-rl_caption=\"\" title=\"\"><img decoding=\"async\" class=\"img-responsive\" src=\"https:\/\/www.jkg-bruchsal.de\/wordpress\/inhalte\/uploads\/2025\/04\/k-Zumba2025-3-3.jpg\" alt=\"Zumba\" \/><\/a>\n    <\/div>\n<p>Am 10.03.2025 war am JKG ordentlich Bewegung angesagt! Unser besonderer Gast Benjamin Eiermann, extra azs Mannheim eingereist, tanzte gemeinsam mit den M\u00e4dchen der 10. und 11. Stufe Zumba. Dies ist ein lateinamerikanisch inspiriertes Tanz- und Fitnessworkout. Mit Zumba wurde f\u00fcr jede Menge Spa\u00df und Motivation gesorgt. Die Sch\u00fclerinnen waren sofort begeistert und total mit dabei. Nicht nur k\u00f6rperliche Fitness stand im Mittelpunkt, sondern auch das Gemeinschaftsgef\u00fchl und die Freude am Tanzen. Danach waren sich alle einig: Es war anstrengend, aber total cool!<\/p>\n<p>Ein gro\u00dfes Dankesch\u00f6n an Benjamin f\u00fcr diese tolle Erfahrung! Vielleicht gibt es ja bald ein Wiederholung? Ebenfalls ein herzliches Dankesch\u00f6n an den Freundeskreis der Schule, der diese &#8222;andere Sportstunde&#8220; finanziell unterst\u00fctzt hat.\n<\/p>\n<\/p><\/div>\n<\/p><\/div>\n<p>Text: Elif (11t) \/ Fth<br \/>\nFoto: Fth<\/p>\n<p><\/p>\n<hr>\n<h3><a name=\"JKG-Fu\u00dfballturnier\"><\/a>Gemeinsam kicken am JKG \u2013 eine runde Sache<\/h3>\n<h4>Fussballturnier f\u00fcr Eltern, Sch\u00fclerInnen, Lehrkr\u00e4fte<\/h4>\n<div class=\"col-md-12\">\n<div class=\"row\">\n<div class=\"col-md-5 bootstrapfloat\">\n      <a href=\"https:\/\/www.jkg-bruchsal.de\/wordpress\/inhalte\/uploads\/2023\/07\/iMG-001.jpg\" data-rel=\"lightbox-image-1\" data-rl_title=\"\" data-rl_caption=\"\" title=\"\"><img decoding=\"async\" class=\"img-responsive\" src=\"https:\/\/www.jkg-bruchsal.de\/wordpress\/inhalte\/uploads\/2023\/07\/iMG-001.jpg\" alt=\"Fu\u00dfbalturnier\" \/><\/a>\n    <\/div>\n<p>Richtig rund ging es am 19. Mai 2023 beim ersten JKG-Fussballturnier in bunt gemischten Teams. Unter den etwa 45 Kickenden musste man zwar sehr genau hinsehen, um ein paar Eltern zu ersp\u00e4hen, doch die 6 Teams bestehend aus Sch\u00fclerinnen und Sch\u00fclern quer durch alle Klassen (ab Klasse 8) waren gespickt mit zahlreichen Lehrkr\u00e4ften. Lustig ging es da zu, wenn die \u201eBodenwischer\u201c gegen \u201eTeam Staubsauger\u201c antraten oder der \u201eKSC\u201c gegen \u201eTribal \u2013 ohne mein Team\u201c. Neben dem Sportlichen ging es vor allem um den Spass und die Gemeinschaft \u2013 und von beidem gab es reichlich. So hatten die Zuschauer ihre Freude daran, wenn die Lehrer mal einen Beinschuss kassierten oder aber die Lehrerin den Dribbler stoppte. Viele \u2013 auch weibliche \u2013 begabte Ballsportler verzauberten mit gelungen Aktionen und nicht nur die Lehrer waren erstaunt, was da bei manche einer noch f\u00fcr Talente verborgen sind. Angefeuert von zahlreichen Schaulustigen, aktuellen oder ehemaligen Sch\u00fclern, Ehepartnern mit Kindern und ja, auch Eltern, lief vor allem der \u201eFC Englisch LK\u201c zu H\u00f6chstleistungen auf. In einem letztlich einseitigen Finale, wurde das Team \u201eOffene Sohle\u201c klar bezwungen.<\/p>\n<p>Traurig war aber niemand, denn neben der leckeren Verpflegung der Kursstufensch\u00fcler, waren die Begegnungen mit anderen JKGlern der Grund, warum alle als Sieger den Platz verlie\u00dfen. Nach der Siegerehrung gab es noch das obligatorische Gruppenfoto. Es gab niemanden, der ohne neue Bekanntschaften vom Turnier nach Hause ging. Und eine weitere Erkenntnis war: wie gut, dass es am JKG so viele hilfsbereite Helferinnen und Helfer gibt, von Schiedsrichtern bis zu den Sanit\u00e4tern, dem DJ bis zum Fotographen \u2013 durch euch wurde das Ganze \u2013 ein runde Sache!<\/p>\n<p>Der Wanderpokal samt Bildergalerie ist im Schaukasten vor der Direktion zu bestaunen und wartet darauf auch im n\u00e4chsten Jahr einem Siegerteam verliehen zu werden. Allen JKGlern \u2013 besonders den Eltern \u2013 schon jetzt eine herzliche Einladung dazu!<\/p>\n<p>Hintergrund: Das von der Schulseelsorge initiierte Projekt sollte vor allem die Gemeinschaft st\u00e4rken, Spass machen und daf\u00fcr sensibilisieren, wie wertvoll das Miteinander ist. Denn in der Schule geht es, wie im Leben, um weit mehr als die Leistung. Diesen Gedanken greifen \u2013 zum Gl\u00fcck \u2013 auch viele andere JKGler in vielf\u00e4ltiger Weise auf. Weiter so! <\/p>\n<\/p><\/div>\n<\/p><\/div>\n<p><em>Text und Foto: Gy (Juni 2023)<\/em><\/p>\n<p><\/p>\n<hr>\n<h3><a name=\"Zumba\"><\/a>Fitness mit Rhythmus<\/h3>\n<h4>Zumba-Workout in Klasse 11 mit Trainer Benjamin<\/h4>\n<div class=\"col-md-12\">\n<div class=\"row\">\n<div class=\"col-md-5 bootstrapfloat\">\n      <a href=\"https:\/\/www.jkg-bruchsal.de\/wordpress\/inhalte\/uploads\/2022\/12\/k-Zumba2.jpg\" data-rel=\"lightbox-image-2\" data-rl_title=\"\" data-rl_caption=\"\" title=\"\"><img decoding=\"async\" class=\"img-responsive\" src=\"https:\/\/www.jkg-bruchsal.de\/wordpress\/inhalte\/uploads\/2022\/12\/k-Zumba2.jpg\" alt=\"Zumba\" \/><\/a>\n    <\/div>\n<p>Am 21.11.2022 kam der Zumba Trainer Benjamin zum Sportunterricht der M\u00e4dchen der Klassen 11v und 11t des JKGs. Angefangen hat er mit einer Warm-Up-Choreographie, die den M\u00e4dchen sichtlich Spa\u00df bereitete. Das eigentliche Workout begann danach; es war abwechslungsreich und energiegeladen. Auch die Sportlehrerin, Frau Fath, nahm teil.<\/p>\n<p>Die Choreographien waren von Lied zu Lied unterschiedlich schnell und kompliziert, was auch die Sch\u00fclerinnen ins Schwitzen brachte. Zum Abschluss wurde noch ein f\u00fcnfmin\u00fctiger Cooldown durchgef\u00fchrt, welcher sich aus verschiedenen Dehnungs\u00fcbungen zusammensetzte. <\/p>\n<p>Hinterher haben alle Sch\u00fclerinnen auf Nachfrage best\u00e4tigt, dass sie Spa\u00df hatten und die neue Erfahrung genossen haben. Wir bedanken uns deshalb recht herzlich beim Freudeskreis der Schule, der uns diese &#8222;andere Sportstunde&#8220; erm\u00f6glicht hat.<\/p>\n<\/p><\/div>\n<\/p><\/div>\n<p>Text: C\u00e1t\u00e1lina (11t) \/ Fth<br \/>\nFoto: Fth<\/p>\n<p><\/p>\n<hr>\n","protected":false},"excerpt":{"rendered":"<p>> Tanz, Spa\u00df und Energie Lateinamerikanisches Zumba-Workout begeistert M\u00e4dchen der 10. und 11. Klasse Am 10.03.2025 war am JKG ordentlich Bewegung angesagt! Unser besonderer Gast Benjamin Eiermann, extra azs Mannheim eingereist, tanzte gemeinsam mit den M\u00e4dchen der 10. und 11. Stufe Zumba. Dies ist ein lateinamerikanisch inspiriertes Tanz- und Fitnessworkout. Mit Zumba wurde f\u00fcr jede [&hellip;]<\/p>\n","protected":false},"author":2,"featured_media":0,"parent":1165,"menu_order":0,"comment_status":"closed","ping_status":"closed","template":"","meta":{"footnotes":""},"class_list":["post-5912","page","type-page","status-publish","hentry"],"_links":{"self":[{"href":"https:\/\/www.jkg-bruchsal.de\/index.php?rest_route=\/wp\/v2\/pages\/5912","targetHints":{"allow":["GET"]}}],"collection":[{"href":"https:\/\/www.jkg-bruchsal.de\/index.php?rest_route=\/wp\/v2\/pages"}],"about":[{"href":"https:\/\/www.jkg-bruchsal.de\/index.php?rest_route=\/wp\/v2\/types\/page"}],"author":[{"embeddable":true,"href":"https:\/\/www.jkg-bruchsal.de\/index.php?rest_route=\/wp\/v2\/users\/2"}],"replies":[{"embeddable":true,"href":"https:\/\/www.jkg-bruchsal.de\/index.php?rest_route=%2Fwp%2Fv2%2Fcomments&post=5912"}],"version-history":[{"count":5,"href":"https:\/\/www.jkg-bruchsal.de\/index.php?rest_route=\/wp\/v2\/pages\/5912\/revisions"}],"predecessor-version":[{"id":16394,"href":"https:\/\/www.jkg-bruchsal.de\/index.php?rest_route=\/wp\/v2\/pages\/5912\/revisions\/16394"}],"up":[{"embeddable":true,"href":"https:\/\/www.jkg-bruchsal.de\/index.php?rest_route=\/wp\/v2\/pages\/1165"}],"wp:attachment":[{"href":"https:\/\/www.jkg-bruchsal.de\/index.php?rest_route=%2Fwp%2Fv2%2Fmedia&parent=5912"}],"curies":[{"name":"wp","href":"https:\/\/api.w.org\/{rel}","templated":true}]}}