{"id":5939,"date":"2016-05-17T21:20:51","date_gmt":"2016-05-17T19:20:51","guid":{"rendered":"https:\/\/www.jkg-bruchsal.de\/?page_id=5939"},"modified":"2016-05-18T10:32:51","modified_gmt":"2016-05-18T08:32:51","slug":"probenfahrten","status":"publish","type":"page","link":"https:\/\/www.jkg-bruchsal.de\/?page_id=5939","title":{"rendered":"Probenfahrten"},"content":{"rendered":"<div class=\"row\">\n<div class=\"col-md-6\">\n    <a class=\"btn btn-primary\" style=\"float:left;\" href=\"https:\/\/www.jkg-bruchsal.de\/?page_id=1147\"><span class=\"hidden-xs\"><< Musik<\/span><i class=\"glyphicon glyphicon-arrow-left visible-xs\"><\/i><\/a><\/br>\n  <\/div>\n<div class=\"col-md-6\">\n    <a class=\"btn btn-primary\" style=\"float:right;\" href=\"https:\/\/www.jkg-bruchsal.de\/?page_id=112\"><span class=\"hidden-xs\">Arbeitsgemeinschaften >><\/span><i class=\"glyphicon glyphicon-arrow-right visible-xs\"><\/i><\/a>\n  <\/div>\n<\/div>\n<hr>\n<h3>K\u00fcrnbach 2.0<\/h3>\n<h4>Intensivprobentage im Schloss Unter\u00f6wisheim<\/h4>\n<div class=\"col-md-12\">\n<div class=\"row\">\n<div class=\"col-md-5 bootstrapfloat\">\n      <a href=\"https:\/\/www.jkg-bruchsal.de\/wordpress\/inhalte\/uploads\/2016\/04\/k-Schloss-U\u00d6.jpg\" data-rel=\"lightbox-image-0\" data-rl_title=\"\" data-rl_caption=\"\" title=\"\"><img decoding=\"async\" class=\"img-responsive\" src=\"https:\/\/www.jkg-bruchsal.de\/wordpress\/inhalte\/uploads\/2016\/04\/k-Schloss-U\u00d6.jpg\" alt=\"Schloss Unnerroise\" \/><\/a>\n    <\/div>\n<p>Nach der Schlie\u00dfung der <a href=\"https:\/\/www.jkg-bruchsal.de\/?p=5070\">Musikakademie K\u00fcrnbach<\/a> suchten die Arbeitsgemeinschaften des JKG nach einem neuen Quartier f\u00fcr die j\u00e4hrlichen Intensivprobentage. Die Theater-AG, das Schulorchester und die Big Band probten im April 2016 zum ersten Mal im <a href=\"http:\/\/www.schloss-unteroewisheim.de\" target=\"_blank\">CVJM-Lebenshaus<\/a> in Unter\u00f6wisheim (externer Link). Das alte Schloss mit moderner Ausstattung sowie herrliches Fr\u00fchlingswetter sorgten f\u00fcr eine angenehme Arbeitsatmosph\u00e4re fernab vom Schulalltag. <\/p>\n<p>Die <a href=\"https:\/\/www.jkg-bruchsal.de\/?page_id=1739\">Theater-AG<\/a> unter der Leitung von Herrn Noll probte das St\u00fcck \u201eDer Sturm\u201c von William Shakespeare. Die selbst entwickelte Inszenierung wurde im Juli 2016 am JKG aufgef\u00fchrt. Das Schulorchester mit Herrn Blum und die <a href=\"https:\/\/www.jkg-bruchsal.de\/?page_id=1751\">Big Band<\/a> mit Herrn Kowollik nutzten die Probenfahrt zum Einstudieren ihres neuen Programms f\u00fcr das traditionelle Schulkonzert mit Vernissage im Mai.<\/p>\n<p><\/br>\n  <\/div>\n<\/div>\n<p><\/br><\/p>\n<div class=\"row\">\n<div class=\"col-md-4\">\n  <a href=\"https:\/\/www.jkg-bruchsal.de\/wordpress\/inhalte\/uploads\/2016\/04\/k-U\u00d6-2016-Theater.jpg\" data-rel=\"lightbox-image-1\" data-rl_title=\"\" data-rl_caption=\"\" title=\"\"><img decoding=\"async\" style=\"margin-bottom: 20px\" class=\"img-responsive\" src=\"https:\/\/www.jkg-bruchsal.de\/wordpress\/inhalte\/uploads\/2016\/04\/k-U\u00d6-2016-Theater.jpg\" alt=\"Theater-AG pr\u00fcgelt sich in Unnerroise\" \/><\/a>\n<\/div>\n<div class=\"col-md-4\">\n  <a href=\"https:\/\/www.jkg-bruchsal.de\/wordpress\/inhalte\/uploads\/2016\/04\/k-DSC02943.jpg\" data-rel=\"lightbox-image-2\" data-rl_title=\"\" data-rl_caption=\"\" title=\"\"><img decoding=\"async\" style=\"margin-bottom: 20px\" class=\"img-responsive\" src=\"https:\/\/www.jkg-bruchsal.de\/wordpress\/inhalte\/uploads\/2016\/04\/k-DSC02943.jpg\" alt=\"Schulorchester fidelt in Unnerroise\" \/><\/a> <\/div>\n<div class=\"col-md-4\">\n  <a href=\"https:\/\/www.jkg-bruchsal.de\/wordpress\/inhalte\/uploads\/2016\/04\/k-DSC02937.jpg\" data-rel=\"lightbox-image-3\" data-rl_title=\"\" data-rl_caption=\"\" title=\"\"><img decoding=\"async\" style=\"margin-bottom: 20px\" class=\"img-responsive\" src=\"https:\/\/www.jkg-bruchsal.de\/wordpress\/inhalte\/uploads\/2016\/04\/k-DSC02937.jpg\" alt=\"Big Bernd dudelt in Unnerroise\" \/><\/a>\n<\/div>\n<\/div>\n<p><\/br><\/p>\n<p><em>Text: Db, Kow (April 2016)<br \/>\nFotos: Db<\/em><\/p>\n<hr>\n<h3>K\u00fcrnbach Ade! &#8211; JKG sagt DANKE!<\/h3>\n<h4>Letzte Probenfahrt unserer Schule in die Musikakademie vor Schlie\u00dfung<\/h4>\n<p><\/p>\n<div class=\"col-md-12\">\n<div class=\"row\">\n<div class=\"col-md-5 bootstrapfloat\">\n      <a href=\"https:\/\/www.jkg-bruchsal.de\/wordpress\/inhalte\/uploads\/2015\/11\/K\u00fcrnbach-Nov-2015-4.jpg\" data-rel=\"lightbox-image-4\" data-rl_title=\"\" data-rl_caption=\"\" title=\"\"><img decoding=\"async\" class=\"img-responsive\" src=\"https:\/\/www.jkg-bruchsal.de\/wordpress\/inhalte\/uploads\/2015\/11\/K\u00fcrnbach-Nov-2015-4.jpg\" alt=\"K\u00fcrnbach 2015-1\" \/><\/a>\n    <\/div>\n<p>Der Unterstufenchor und die Jazz Kids\u00b4 Gang unserer Schule kamen Ende November 2015 zum letzten Mal in den Genuss, f\u00fcr eine Intensiv-Probenphase mit einer \u00dcbernachtung in die Musikakademie K\u00fcrnbach reisen zu d\u00fcrfen. Die Ensembles probten dort flei\u00dfig f\u00fcr das anstehende KlassenKultKonzert sowie f\u00fcr eine Musical-Auff\u00fchrung im M\u00e4rz (oberes Foto).<\/p>\n<p>Am 30. M\u00e4rz 2016 soll die Einrichtung geschlossen werden. Vom JKG kann diese Entscheidung niemand so recht verstehen: Die gut ausgestattete Akademie bietet freundliche Prober\u00e4ume mit \u00dcbernachtungsm\u00f6glichkeit f\u00fcr verschiedenste Musikgruppen.  <\/p>\n<p>    <!--more--> <\/div>\n<\/p><\/div>\n<div class=\"col-md-12\">\n<div class=\"row\">\n<div class=\"col-md-5 bootstrapfloat\">\n      <a href=\"https:\/\/www.jkg-bruchsal.de\/wordpress\/inhalte\/uploads\/2015\/11\/K\u00fcrnbach-Team-Nov-2015-2.jpg\" data-rel=\"lightbox-image-5\" data-rl_title=\"\" data-rl_caption=\"\" title=\"\"><img decoding=\"async\" class=\"img-responsive\" src=\"https:\/\/www.jkg-bruchsal.de\/wordpress\/inhalte\/uploads\/2015\/11\/K\u00fcrnbach-Team-Nov-2015-2.jpg\" alt=\"K\u00fcrnbach 2015-2\" \/><\/a>\n    <\/div>\n<p>F\u00fcr unsere Theater-, Orchester-, Bigband- und Chor-AG ist K\u00fcrnbach der optimale Ort zum intensiven \u00dcben f\u00fcr Schulkonzerte, Theaterpremieren oder Benefizkonzerte &#8211; wie f\u00fcr viele Schulen und Vereine im n\u00f6rdlichen Baden-W\u00fcrttemberg. Vom Neubau in Plochingen, den der Blasmusikverband plant, hat wohl von den meisten G\u00e4sten der immer ausgebuchten Akademie im Kraichgau niemand etwas.<\/p>\n<p>So ganz hat der Leiter der Akademie, Georg Lernbass (im unteren Bild hinten rechts), die Hoffnung noch nicht aufgegeben: Vielleicht findet sich noch eine L\u00f6sung, mit welcher das Haus weiter betrieben werden kann. Die Musiklehrkr\u00e4fte des Justus-Knecht-Gymnasiums, Frau Doppelbauer und Herr Kowollik sowie der Pension\u00e4r Herr Merz (vorne im Bild), bedankten sich jedenfalls herzlich beim Team der Akademie f\u00fcr die stets unkomplizierte Beherbergung in angenehmer Atmosph\u00e4re!<\/p>\n<\/div><\/div>\n<p><em>Text: Kow<br \/>\nFotos: S. Schopf, T. Hofmann<\/em><\/p>\n","protected":false},"excerpt":{"rendered":"<p>> K\u00fcrnbach 2.0 Intensivprobentage im Schloss Unter\u00f6wisheim Nach der Schlie\u00dfung der Musikakademie K\u00fcrnbach suchten die Arbeitsgemeinschaften des JKG nach einem neuen Quartier f\u00fcr die j\u00e4hrlichen Intensivprobentage. Die Theater-AG, das Schulorchester und die Big Band probten im April 2016 zum ersten Mal im CVJM-Lebenshaus in Unter\u00f6wisheim (externer Link). Das alte Schloss mit moderner Ausstattung sowie herrliches [&hellip;]<\/p>\n","protected":false},"author":2,"featured_media":0,"parent":1147,"menu_order":0,"comment_status":"closed","ping_status":"closed","template":"","meta":{"footnotes":""},"class_list":["post-5939","page","type-page","status-publish","hentry"],"_links":{"self":[{"href":"https:\/\/www.jkg-bruchsal.de\/index.php?rest_route=\/wp\/v2\/pages\/5939","targetHints":{"allow":["GET"]}}],"collection":[{"href":"https:\/\/www.jkg-bruchsal.de\/index.php?rest_route=\/wp\/v2\/pages"}],"about":[{"href":"https:\/\/www.jkg-bruchsal.de\/index.php?rest_route=\/wp\/v2\/types\/page"}],"author":[{"embeddable":true,"href":"https:\/\/www.jkg-bruchsal.de\/index.php?rest_route=\/wp\/v2\/users\/2"}],"replies":[{"embeddable":true,"href":"https:\/\/www.jkg-bruchsal.de\/index.php?rest_route=%2Fwp%2Fv2%2Fcomments&post=5939"}],"version-history":[{"count":0,"href":"https:\/\/www.jkg-bruchsal.de\/index.php?rest_route=\/wp\/v2\/pages\/5939\/revisions"}],"up":[{"embeddable":true,"href":"https:\/\/www.jkg-bruchsal.de\/index.php?rest_route=\/wp\/v2\/pages\/1147"}],"wp:attachment":[{"href":"https:\/\/www.jkg-bruchsal.de\/index.php?rest_route=%2Fwp%2Fv2%2Fmedia&parent=5939"}],"curies":[{"name":"wp","href":"https:\/\/api.w.org\/{rel}","templated":true}]}}