{"id":60,"date":"2015-07-17T14:14:26","date_gmt":"2015-07-17T12:14:26","guid":{"rendered":"http:\/\/www.jkg-bruchsal.de\/wordpress\/?page_id=60"},"modified":"2026-04-15T17:28:01","modified_gmt":"2026-04-15T15:28:01","slug":"anfahrt","status":"publish","type":"page","link":"https:\/\/www.jkg-bruchsal.de\/?page_id=60","title":{"rendered":"Anfahrt und Schulweg"},"content":{"rendered":"<h3>Wege ans JKG<\/h3>\n<ul>\n<li>Einen \u00dcberblick \u00fcber unsere Standorte und eine Skizze finden Sie <a href=\"https:\/\/www.jkg-bruchsal.de\/?page_id=149\">hier<\/a>.<\/li>\n<li>Die Adressen unserer Schulgeb\u00e4ude sind im Bereich <a href=\"https:\/\/www.jkg-bruchsal.de\/?page_id=87\">Sekretariat<\/a> zusammengestellt.<\/li>\n<li>Informationen des Landkreises Karlsruhe zur Sch\u00fclerbef\u00f6rderung mit \u00d6PNV sind <a href=\"https:\/\/www.landkreis-karlsruhe.de\/Service-Verwaltung\/Themen-Projekte\/Stra%C3%9Fen-Verkehr\/Sch%C3%BClerbef%C3%B6rderung\" target=\"_blank\" rel=\"noopener noreferrer\">hier<\/a> zu finden (externer Link).<\/li>\n<li>Das Ordnungsamt Bruchsal stellt regelm\u00e4\u00dfig <a href=\"#Schulwege\">Informationen zu den Schulwegen<\/a> zusammen und erstellt Schulwegepl\u00e4ne.<\/li>\n<\/ul>\n<p><\/br><\/p>\n<hr>\n<h3><a name=\"Schulwege\"><\/a>Schulwegepl\u00e4ne<\/h3>\n<p> Es gibt f\u00fcr das Justus-Knecht-Gymnasium je einen Schulwegeplan f\u00fcr Fu\u00dfg\u00e4nger und f\u00fcr Radfahrer, jeweils f\u00fcr den Weg zum Hauptgeb\u00e4ude in der Moltkestra\u00dfe und f\u00fcr die Strecke zum Campus, insgesamt also vier Pl\u00e4ne. Sie k\u00f6nnen auf dieser Seite (s.u.) oder auf der Homepage der <a href=\"https:\/\/www.bruchsal.de\/leben\/bildung\/schulen\/schulwegplaene\" target=\"_blank\" rel=\"noopener noreferrer\">Stadt Bruchsal (externer Link)<\/a> eingesehen bzw. heruntergeladen werden. Die Pl\u00e4ne enthalten Empfehlungen wie Fu\u00dfg\u00e4nger und Radfahrer m\u00f6glichst sicher zur Schule gelangen und weisen auf kritische oder schwierige Verkehrssituationen hin.<\/p>\n","protected":false},"excerpt":{"rendered":"<p>Wege ans JKG Einen \u00dcberblick \u00fcber unsere Standorte und eine Skizze finden Sie hier. Die Adressen unserer Schulgeb\u00e4ude sind im Bereich Sekretariat zusammengestellt. Informationen des Landkreises Karlsruhe zur Sch\u00fclerbef\u00f6rderung mit \u00d6PNV sind hier zu finden (externer Link). Das Ordnungsamt Bruchsal stellt regelm\u00e4\u00dfig Informationen zu den Schulwegen zusammen und erstellt Schulwegepl\u00e4ne. Schulwegepl\u00e4ne Es gibt f\u00fcr das [&hellip;]<\/p>\n","protected":false},"author":2,"featured_media":0,"parent":38,"menu_order":30,"comment_status":"open","ping_status":"open","template":"","meta":{"footnotes":""},"class_list":["post-60","page","type-page","status-publish","hentry"],"_links":{"self":[{"href":"https:\/\/www.jkg-bruchsal.de\/index.php?rest_route=\/wp\/v2\/pages\/60","targetHints":{"allow":["GET"]}}],"collection":[{"href":"https:\/\/www.jkg-bruchsal.de\/index.php?rest_route=\/wp\/v2\/pages"}],"about":[{"href":"https:\/\/www.jkg-bruchsal.de\/index.php?rest_route=\/wp\/v2\/types\/page"}],"author":[{"embeddable":true,"href":"https:\/\/www.jkg-bruchsal.de\/index.php?rest_route=\/wp\/v2\/users\/2"}],"replies":[{"embeddable":true,"href":"https:\/\/www.jkg-bruchsal.de\/index.php?rest_route=%2Fwp%2Fv2%2Fcomments&post=60"}],"version-history":[{"count":4,"href":"https:\/\/www.jkg-bruchsal.de\/index.php?rest_route=\/wp\/v2\/pages\/60\/revisions"}],"predecessor-version":[{"id":16973,"href":"https:\/\/www.jkg-bruchsal.de\/index.php?rest_route=\/wp\/v2\/pages\/60\/revisions\/16973"}],"up":[{"embeddable":true,"href":"https:\/\/www.jkg-bruchsal.de\/index.php?rest_route=\/wp\/v2\/pages\/38"}],"wp:attachment":[{"href":"https:\/\/www.jkg-bruchsal.de\/index.php?rest_route=%2Fwp%2Fv2%2Fmedia&parent=60"}],"curies":[{"name":"wp","href":"https:\/\/api.w.org\/{rel}","templated":true}]}}