{"id":6039,"date":"2016-06-20T09:52:35","date_gmt":"2016-06-20T07:52:35","guid":{"rendered":"https:\/\/www.jkg-bruchsal.de\/?page_id=6039"},"modified":"2016-07-19T20:04:40","modified_gmt":"2016-07-19T18:04:40","slug":"weitere-veranstaltungen","status":"publish","type":"page","link":"https:\/\/www.jkg-bruchsal.de\/?page_id=6039","title":{"rendered":"Weitere Veranstaltungen"},"content":{"rendered":"<div class=\"row\">\n<div class=\"col-md-6\">\n    <a class=\"btn btn-primary\" style=\"float:left;\" href=\"https:\/\/www.jkg-bruchsal.de\/?page_id=2965\"><span class=\"hidden-xs\"><< Konzerte<\/span><i class=\"glyphicon glyphicon-arrow-left visible-xs\"><\/i><\/a><\/br><br \/>\n    <a class=\"btn btn-primary\" style=\"float:left;\" href=\"https:\/\/www.jkg-bruchsal.de\/?page_id=1147\"><span class=\"hidden-xs\"><< Musik<\/span><i class=\"glyphicon glyphicon-arrow-left visible-xs\"><\/i><\/a>\n  <\/div>\n<div class=\"col-md-6\">\n    <a class=\"btn btn-primary\" style=\"float:right;\" href=\"https:\/\/www.jkg-bruchsal.de\/?page_id=1751\"><span class=\"hidden-xs\">Big Band >><\/span><i class=\"glyphicon glyphicon-arrow-right visible-xs\"><\/i><\/a>\n  <\/div>\n<\/div>\n<a href=\"https:\/\/www.jkg-bruchsal.de\/wordpress\/inhalte\/uploads\/2015\/08\/Melodie.jpg\" data-rel=\"lightbox-image-0\" data-rl_title=\"\" data-rl_caption=\"\" title=\"\"><img decoding=\"async\" class=\"img-responsive\" src=\"https:\/\/www.jkg-bruchsal.de\/wordpress\/inhalte\/uploads\/2015\/08\/Melodie.jpg\" alt=\"Melodie\" \/><\/a>\n<hr>\n<h3><a name=\"Dieb\"><\/a>Der Dieb singt<\/h3>\n<h4>Krimioper im Kunstraum<\/h4>\n<div class=\"col-md-12\">\n<div class=\"row\">\n<div class=\"col-md-3 bootstrapfloat\">\n      <a href=\"https:\/\/www.jkg-bruchsal.de\/wordpress\/inhalte\/uploads\/2016\/06\/k-dieb_032.jpg\" data-rel=\"lightbox-image-1\" data-rl_title=\"\" data-rl_caption=\"\" title=\"\"><img decoding=\"async\" class=\"img-responsive\" src=\"https:\/\/www.jkg-bruchsal.de\/wordpress\/inhalte\/uploads\/2016\/06\/k-dieb_032.jpg\" alt=\"Mixed-Generations\" \/><\/a>\n    <\/div>\n<p>\u201eWer war denn schon mal in einer Oper?\u201c Schweigen in der 6u. Theaterp\u00e4dagogin Sarah Mode\u00df fragt freundlich weiter: \u201eWer war denn schon mal bei uns im Theater in Karlsruhe?\u201c Jetzt gehen viele H\u00e4nde nach oben: \u201eWir waren in einem Konz\u2026\u201c B\u00c4M! Die T\u00fcr fliegt auf, hinein st\u00fcrmen zwei merkw\u00fcrdige Gestalten und schleppen ein altmodisches Klavier in den Kunstraum. Mucksm\u00e4uschenstill sitzt die Klasse. Schnell ist sie mitten in der Geschichte von Meisterdieb Fabrizio und seinem Freund Dupin, kongenial dargestellt vom spanischen Operns\u00e4nger Gabriel Urrutia Benet und dem australischen Pianisten Steven Moore.<\/p>\n<p>Mit ihrer Pr\u00e4senz f\u00fcllen beide den Kunstraum, vor allem Benet beeindruckt die Sch\u00fclerinnen und Sch\u00fcler mit seiner ausdrucksstarken Stimme. Dass die Melodie von Rossini stammt, als Dieb Fabrizio seine Vergangenheit als Barbier schildert, d\u00fcrfte die Klasse weniger interessieren als die witzige Frisur, die er beim Singen einer Mitsch\u00fclerin verpasst. Ber\u00fchrungs\u00e4ngste gibt es keine und genau das ist es, was das Projekt \u201eKlassenzimmeroper\u201c des Badischen Staatstheaters erreichen m\u00f6chte. <\/p>\n<p>Das ganze Team, zu dem neben S\u00e4nger, Pianist und Theaterp\u00e4dagogin noch der Requisiteur geh\u00f6rt, ist im Nachgespr\u00e4ch offen f\u00fcr alle Fragen: \u201eWie lange probt man f\u00fcr dieses St\u00fcck?\u201c, \u201eHaben Sie oft Halsweh?\u201c und \u201eWie war das mit dem Stimmbruch?\u201c Mit tosendem Applaus bedankt sich die Klasse 6u schlie\u00dflich f\u00fcr eine hautnahe, spannende Begegnung mit echten Opern-Profis. Ein herzlicher Dank gilt auch dem Kunstlehrer Rainer Benz, der als Opernfreund dieses Erlebnis anregte und gro\u00dfz\u00fcgig unterst\u00fctzte.<\/p>\n<\/div>\n<\/div>\n<p><em>Text: Anne Doppelbauer (Juli 2016)<br \/>\nFoto: Jochen Klenk (Badisches Staatstheater Karlsruhe)<\/em><\/p>\n<hr>\n<h3><a name=\"Jazz erkl\u00e4rt von Profis\"><\/a>Jazz erkl\u00e4rt von Profis<\/h3>\n<h4>Gespr\u00e4chskonzert des \u201eMixed Generations Trio\u201c in der JKG-Aula<\/h4>\n<div class=\"col-md-12\">\n<div class=\"row\">\n<div class=\"col-md-5 bootstrapfloat\">\n      <a href=\"https:\/\/www.jkg-bruchsal.de\/wordpress\/inhalte\/uploads\/2016\/06\/k-Mixed-Generations-Trio.jpg\" data-rel=\"lightbox-image-2\" data-rl_title=\"\" data-rl_caption=\"\" title=\"\"><img decoding=\"async\" class=\"img-responsive\" src=\"https:\/\/www.jkg-bruchsal.de\/wordpress\/inhalte\/uploads\/2016\/06\/k-Mixed-Generations-Trio.jpg\" alt=\"Mixed-Generations\" \/><\/a>\n    <\/div>\n<p>Eine Musikstunde der besonderen Art fand in der Aula des Justus-Knecht-Gymnasiums statt. Das \u201eMixed Generations Trio\u201c brachte den Sch\u00fclerinnen und Sch\u00fclern aus mehreren Bruchsaler Gymnasien auf unterhaltsame Weise die Welt des Jazz n\u00e4her. Der New Yorker Bebop-Schlagzeuger Jimmy Wormworth, inzwischen 78 Jahre alt, spielte schon mit Jazzlegenden wie John Coltrane oder Thelonious Monk. Die jungen Zuh\u00f6rer waren fasziniert von seiner Lebensfreude und den humorvollen Erl\u00e4uterungen zur Rolle des Drummers im Jazz. Der ebenso schlagfertige Pianist des Trios, William Evans aus Detroit, ist Professor f\u00fcr Jazzklavier in der Schweiz. Er demonstrierte anhand einiger Jazzstandards das Zusammenspiel von harmonischer Begleitung, Thema und Soloimprovisation.<\/p>\n<p>Initiator der Veranstaltung und j\u00fcngstes Mitglied der Band ist Tilman Oberbeck aus Kraichtal. Der Kontrabassist studiert Jazz in Hamburg und ist Mitglied des Bundesjazzorchesters. Anschaulich erkl\u00e4rte er die Funktionen der einzelnen Instrumente in einem Jazz-Trio, verdeutlichte den Unterschied zwischen Swing- und Latin-Feeling und beantwortete zahlreiche Fragen der interessierten Jugendlichen. Mit Jazzklassikern und eigenen Kompositionen des 24j\u00e4hrigen tourte das Trio eine Woche lang durch Deutschland. Trotz oder vielleicht wegen des gro\u00dfen Altersunterschiedes harmonierte die Band hervorragend und zeigte auf eindrucksvolle Art und Weise, dass die Sprache des Jazz Generationen miteinander verbinden kann.<\/p>\n<p><em>Text: Kow (Juni 2016)<br \/>\nFoto: Reiner Oberbeck<\/em><\/p>\n<\/p><\/div>\n<\/p><\/div>\n<p><\/br><\/p>\n<hr>\n","protected":false},"excerpt":{"rendered":"<p>Der Dieb singt Krimioper im Kunstraum \u201eWer war denn schon mal in einer Oper?\u201c Schweigen in der 6u. Theaterp\u00e4dagogin Sarah Mode\u00df fragt freundlich weiter: \u201eWer war denn schon mal bei uns im Theater in Karlsruhe?\u201c Jetzt gehen viele H\u00e4nde nach oben: \u201eWir waren in einem Konz\u2026\u201c B\u00c4M! Die T\u00fcr fliegt auf, hinein st\u00fcrmen zwei merkw\u00fcrdige [&hellip;]<\/p>\n","protected":false},"author":2,"featured_media":0,"parent":2965,"menu_order":100,"comment_status":"closed","ping_status":"closed","template":"","meta":{"footnotes":""},"class_list":["post-6039","page","type-page","status-publish","hentry"],"_links":{"self":[{"href":"https:\/\/www.jkg-bruchsal.de\/index.php?rest_route=\/wp\/v2\/pages\/6039","targetHints":{"allow":["GET"]}}],"collection":[{"href":"https:\/\/www.jkg-bruchsal.de\/index.php?rest_route=\/wp\/v2\/pages"}],"about":[{"href":"https:\/\/www.jkg-bruchsal.de\/index.php?rest_route=\/wp\/v2\/types\/page"}],"author":[{"embeddable":true,"href":"https:\/\/www.jkg-bruchsal.de\/index.php?rest_route=\/wp\/v2\/users\/2"}],"replies":[{"embeddable":true,"href":"https:\/\/www.jkg-bruchsal.de\/index.php?rest_route=%2Fwp%2Fv2%2Fcomments&post=6039"}],"version-history":[{"count":0,"href":"https:\/\/www.jkg-bruchsal.de\/index.php?rest_route=\/wp\/v2\/pages\/6039\/revisions"}],"up":[{"embeddable":true,"href":"https:\/\/www.jkg-bruchsal.de\/index.php?rest_route=\/wp\/v2\/pages\/2965"}],"wp:attachment":[{"href":"https:\/\/www.jkg-bruchsal.de\/index.php?rest_route=%2Fwp%2Fv2%2Fmedia&parent=6039"}],"curies":[{"name":"wp","href":"https:\/\/api.w.org\/{rel}","templated":true}]}}