{"id":77,"date":"2015-07-17T14:23:19","date_gmt":"2015-07-17T12:23:19","guid":{"rendered":"http:\/\/www.jkg-bruchsal.de\/wordpress\/?page_id=77"},"modified":"2025-09-10T16:02:10","modified_gmt":"2025-09-10T14:02:10","slug":"schulleitung","status":"publish","type":"page","link":"https:\/\/www.jkg-bruchsal.de\/?page_id=77","title":{"rendered":"Schulleitung"},"content":{"rendered":"<h3>Liebe Schulgemeinschaft des Justus-Knecht-Gymnasiums,<\/h3>\n<p><strong>ich freue mich alle ganz herzlich im Schuljahr 2025\/26 begr\u00fc\u00dfen zu k\u00f6nnen.<\/strong><\/p>\n<div class=\"row\">\n<div class=\"col-md-4\">\n     <a href=\"https:\/\/www.jkg-bruchsal.de\/wordpress\/inhalte\/uploads\/2020\/07\/Frau-Mutter.jpg\" data-rel=\"lightbox-image-0\" data-rl_title=\"\" data-rl_caption=\"\" title=\"\"><img decoding=\"async\" class=\"img-responsive\" src=\"https:\/\/www.jkg-bruchsal.de\/wordpress\/inhalte\/uploads\/2020\/07\/Frau-Mutter.jpg\" alt=\"Frau Andrea Mutter\" \/><\/a>\n  <\/div>\n<div class=\"col-md-8\">\n<p>Digitalisierung ist eines der Schwerpunktthemen der Bildungspolitik und in diesem Schuljahr auch ein zentrales Thema im Rahmen der Schul- und Unterrichtsentwicklung am Justus-Knecht-Gymnasium. Im Rahmen eines p\u00e4dagogischen Tages werden wir als Schulgemeinschaft das Thema gemeinsam weiterdenken und die Digitalisierung bei und am JKG voranbringen.<\/p>\n<p>Im digitalen Zeitalter d\u00fcrfen wir die Bedeutung von Schule und Unterricht als zentralem Lernort nicht aus dem Blick verlieren. Neben der Vermittlung von Wissen und von Lernf\u00e4higkeit hat Schule auch die Aufgabe zur M\u00fcndigkeit zu erziehen.<\/p>\n<p>Damit muss zum einen digitale Kompetenz in allen F\u00e4chern verankert werden. Der Einsatz verschiedener digitaler Werkzeuge muss reflektiert geschehen, da ansonsten die Gefahr besteht, dass sich die Unterrichtsqualit\u00e4t nicht verbessert.<\/p>\n<p>Neben der Vermittlung digitaler Kompetenzen kommt der Schule zum anderen eine besondere Rolle bei der Vermittlung von emotional-sozialen Kompetenzen zu. Dies ist ein weiteres Schwerpunkthema. Digitale Kompetenz muss mit der Pers\u00f6nlichkeitsbildung kombiniert werden. F\u00fcr die Zukunft wird es wichtig sein, unsere Sch\u00fclerinnen und Sch\u00fcler hierbei zu unterst\u00fctzen. In der Schule werden Beziehungen gekn\u00fcpft und soziale Kompetenzen erworben, die sp\u00e4ter unsere Sch\u00fclerinnen und Sch\u00fcler bef\u00e4higen, Verantwortung zu \u00fcbernehmen und m\u00fcndig zu sein.<\/p>\n<p>Ich nutze die Gelegenheit, die gesamte Schulgemeinschaft herzlich einzuladen sich auch in diesem Schuljahr wieder aktiv und kreativ in das Schulleben einzubringen und so die vielf\u00e4ltigen neuen Herausforderungen anzugehen und gemeinsam L\u00f6sungen f\u00fcr die vielen kleineren und gr\u00f6\u00dferen Probleme zu finden.<\/p>\n<p>Ich freue mich auf eine gute Zusammenarbeit und offene Kommunikation.<\/p>\n<p>Mit besten Gr\u00fc\u00dfen<\/p>\n<p>Andrea Mutter, OStD&#8217;in<br \/>\nSchulleiterin JKG<\/p>\n<p><\/br><\/p><\/div>\n<\/div>\n","protected":false},"excerpt":{"rendered":"<p>Liebe Schulgemeinschaft des Justus-Knecht-Gymnasiums, ich freue mich alle ganz herzlich im Schuljahr 2025\/26 begr\u00fc\u00dfen zu k\u00f6nnen. Digitalisierung ist eines der Schwerpunktthemen der Bildungspolitik und in diesem Schuljahr auch ein zentrales Thema im Rahmen der Schul- und Unterrichtsentwicklung am Justus-Knecht-Gymnasium. Im Rahmen eines p\u00e4dagogischen Tages werden wir als Schulgemeinschaft das Thema gemeinsam weiterdenken und die Digitalisierung [&hellip;]<\/p>\n","protected":false},"author":2,"featured_media":0,"parent":41,"menu_order":10,"comment_status":"open","ping_status":"open","template":"","meta":{"footnotes":""},"class_list":["post-77","page","type-page","status-publish","hentry"],"_links":{"self":[{"href":"https:\/\/www.jkg-bruchsal.de\/index.php?rest_route=\/wp\/v2\/pages\/77","targetHints":{"allow":["GET"]}}],"collection":[{"href":"https:\/\/www.jkg-bruchsal.de\/index.php?rest_route=\/wp\/v2\/pages"}],"about":[{"href":"https:\/\/www.jkg-bruchsal.de\/index.php?rest_route=\/wp\/v2\/types\/page"}],"author":[{"embeddable":true,"href":"https:\/\/www.jkg-bruchsal.de\/index.php?rest_route=\/wp\/v2\/users\/2"}],"replies":[{"embeddable":true,"href":"https:\/\/www.jkg-bruchsal.de\/index.php?rest_route=%2Fwp%2Fv2%2Fcomments&post=77"}],"version-history":[{"count":5,"href":"https:\/\/www.jkg-bruchsal.de\/index.php?rest_route=\/wp\/v2\/pages\/77\/revisions"}],"predecessor-version":[{"id":16546,"href":"https:\/\/www.jkg-bruchsal.de\/index.php?rest_route=\/wp\/v2\/pages\/77\/revisions\/16546"}],"up":[{"embeddable":true,"href":"https:\/\/www.jkg-bruchsal.de\/index.php?rest_route=\/wp\/v2\/pages\/41"}],"wp:attachment":[{"href":"https:\/\/www.jkg-bruchsal.de\/index.php?rest_route=%2Fwp%2Fv2%2Fmedia&parent=77"}],"curies":[{"name":"wp","href":"https:\/\/api.w.org\/{rel}","templated":true}]}}