{"id":7827,"date":"2017-09-18T11:46:06","date_gmt":"2017-09-18T09:46:06","guid":{"rendered":"https:\/\/www.jkg-bruchsal.de\/?page_id=7827"},"modified":"2023-12-05T20:23:09","modified_gmt":"2023-12-05T19:23:09","slug":"schulmaskottchen","status":"publish","type":"page","link":"https:\/\/www.jkg-bruchsal.de\/?page_id=7827","title":{"rendered":"Schulmaskottchen"},"content":{"rendered":"<div class=\"col-md-12\">\n<div class=\"row\">\n<div class=\"col-md-5 bootstrapfloat\">\n      <a href=\"https:\/\/www.jkg-bruchsal.de\/wordpress\/inhalte\/uploads\/2022\/09\/justi-shw-rgb.jpg\" data-rel=\"lightbox-image-0\" data-rl_title=\"\" data-rl_caption=\"\" title=\"\"><img decoding=\"async\" class=\"img-responsive\" src=\"https:\/\/www.jkg-bruchsal.de\/wordpress\/inhalte\/uploads\/2022\/09\/justi-shw-rgb.jpg\" alt=\"Justi Knecht\" \/><\/a>\n    <\/div>\n<p>Liebe Sch\u00fclerinnen und Sch\u00fcler! <\/p>\n<p>Mein Name ist &#8222;Justi&#8220;, und ich bin ein Axolotl. Und nebenbei bin ich auch noch das Maskottchen des Justus-Knecht-Gymnasiums in Bruchsal. <\/p>\n<p>Als Axolotl &#8211; oder auch mexikanischer Schwanzlurch &#8211; geh\u00f6re ich zur Familie der Querzahnmolche und zur biologischen Klasse der Amphibien. Mein wissenschaftlicher Name Axolotl stammt aus der Sprache der Azteken in Mexiko. Dort galt ich als besonderes, ja heiliges Tier. Und etwas Besonderes bin ich, weil ich Teile meines K\u00f6rpers wieder herstellen, regenerieren kann. Ein Bein verloren &#8211; schwupp die wupp &#8211; und schon ist es wieder nachgewachsen! <\/p>\n<p>So schnell geht es nat\u00fcrlich nicht. Aber nach einiger Zeit ist mein K\u00f6rper wieder komplett, so als ob nichts gewesen w\u00e4re. Warum ich das kann, wei\u00df ich nicht. Deshalb untersuchen viele Biologinnen und Mediziner meine Artgenossen. Vielleicht kann meine besondere Regenerationsf\u00e4higkeit irgendwann auch f\u00fcr Euch Menschen n\u00fctzlich sein. <\/p>\n<p>Als Maskottchen gibt es mich schon seit einiger Zeit. Bei einem Schulfest hat man mir den Namen &#8222;Justi&#8220; gegeben. Passt doch, oder? Ich werde dich jedenfalls an deiner Schule begleiten. <\/p>\n<\/p><\/div>\n<\/p><\/div>\n<p>Viele Gr\u00fc\u00dfe <\/p>\n<p>Dein Justi <\/p>\n<p><\/br><\/p>\n<hr>\n<h3>Justi feiert 1. Geburtstag<\/h3>\n<div class=\"col-md-12\">\n<div class=\"row\">\n<div class=\"col-md-5 bootstrapfloat\">\n      <a href=\"https:\/\/www.jkg-bruchsal.de\/wordpress\/inhalte\/uploads\/2018\/09\/Justi_1.-Geburtstag.jpg\" data-rel=\"lightbox-image-1\" data-rl_title=\"\" data-rl_caption=\"\" title=\"\"><img decoding=\"async\" class=\"img-responsive\" src=\"https:\/\/www.jkg-bruchsal.de\/wordpress\/inhalte\/uploads\/2018\/09\/Justi_1.-Geburtstag.jpg\" \/><\/a>\n    <\/div>\n<p> Vor einem Jahr hat das Justus-Knecht-Gymnasium mit Justi ein Schulmaskottchen erhalten. Aus einem Sch\u00fclerprojekt entstanden, durfte die gesamte Schulgemeinschaft am Schulfest im Juli 2017 \u00fcber den Namen des Maskottchens abstimmen.<\/p>\n<p> Seitdem hat sich Justi weiterentwickelt. So gibt es Justi mittlerweile als Oster- oder Weihnachtsversion. Auch sportlich ist Justi bereits aktiv und nat\u00fcrlich gibt es auch einen Grill- und Ferienjusti f\u00fcr die Sommerzeit. Des Weiteren besitzt das JKG nun Roll-up Displays und sogar eine Stoffversion, die bei \u00f6ffentlichen Veranstaltungen die Schule repr\u00e4sentieren sollen. Insbesondere f\u00fcr die j\u00fcngeren Sch\u00fclerinnen und Sch\u00fcler wurden Ausmalbilder von Justi sowie Sticker produziert. <\/p>\n<\/p><\/div>\n<\/p><\/div>\n<div class=\"col-md-12\">\n<div class=\"row\">\n<div class=\"col-md-5 bootstrapfloat\">\n      <a href=\"https:\/\/www.jkg-bruchsal.de\/wordpress\/inhalte\/uploads\/2018\/10\/Justi-Varianten-Homepage-rgb.jpg\" data-rel=\"lightbox-image-2\" data-rl_title=\"\" data-rl_caption=\"\" title=\"\"><img decoding=\"async\" class=\"img-responsive\" src=\"https:\/\/www.jkg-bruchsal.de\/wordpress\/inhalte\/uploads\/2018\/10\/Justi-Varianten-Homepage-rgb.jpg\" \/><\/a>\n    <\/div>\n<p> In Zusammenarbeit mit vielen Sch\u00fclerinnen und Sch\u00fclern sollen  in den n\u00e4chsten Jahren noch weitere Ideen mit Justi verwirklicht werden. Wir freuen uns auf Eure Vorschl\u00e4ge. <\/p>\n<p> An dieser Stelle m\u00f6chten wir uns nochmals bei dem bekannten Illustrator Wolfgang Looskyll bedanken, der unsere Projektideen zeichnerisch umsetzt.  <\/p>\n<p> Viele Gr\u00fc\u00dfe, <\/p>\n<p>das Justi-Projektteam\n <\/p>\n<p><em>Text: Fu (September 2018)<\/em><br \/>\n<em>Foto: Max Trinter (Juli 2018)<\/em><\/p>\n<p><\/br><\/p>\n<hr><\/div>\n<\/p><\/div>\n<h3>Justi \u2013 wir haben ein Maskottchen<\/h3>\n<div class=\"col-md-12\">\n<div class=\"row\">\n<div class=\"col-md-3 bootstrapfloat\">\n      <a href=\"https:\/\/www.jkg-bruchsal.de\/wordpress\/inhalte\/uploads\/2017\/10\/Justi-normal.jpg\" data-rel=\"lightbox-image-3\" data-rl_title=\"\" data-rl_caption=\"\" title=\"\"><img decoding=\"async\" class=\"img-responsive\" src=\"https:\/\/www.jkg-bruchsal.de\/wordpress\/inhalte\/uploads\/2017\/10\/Justi-normal.jpg\" alt=\"Justus Knecht\" \/><\/a>\n    <\/div>\n<p> Just zum 125-j\u00e4hrigen Jubil\u00e4um erhielt das JKG-Bruchsal mit \u201eJusti\u201c ein Maskottchen. Im Rahmen des Jubil\u00e4umsprojekttages (125 Jahre JKG \u2013 Schule fr\u00fcher-heute-morgen) erarbeitete die Klasse 10c unter der Leitung von Dominik Petko, Mathias Fuchs und Susanne Bertl ein Konzept f\u00fcr ein Maskottchen, das die Schule in Zukunft repr\u00e4sentieren wird. Dabei steht im Fokus, dass das Maskottchen bei dem gro\u00dfen JKG mit drei Standorten ein noch st\u00e4rkeres \u201eWir\u201c-Gef\u00fchl vermittelt. Das Credo lautete, \u201enicht schon wieder einen L\u00f6wen, Adler oder Tiger\u201c als Maskottchen zu w\u00e4hlen.<\/p>\n<p> In Anbetracht der Tatsache, dass das JKG zahlreiche Partnerschaften und Austauschprojekte mit Schulen auf der ganzen Welt betreibt, blickte man \u00fcber den Tellerrand hinaus und fand in Mexiko den Axolotl. Dieses Tier, das die F\u00e4higkeit besitzt, verletzte K\u00f6rperteile nachbilden zu k\u00f6nnen, wird auch in der menschlichen Zukunftsforschung immer wichtiger und steht somit symbolhaft f\u00fcr die Zukunft. <\/p>\n<\/p><\/div>\n<\/div>\n<div class=\"col-md-12\">\n<div class=\"row\">\n<div class=\"col-md-3 bootstrapfloatright\" style=\"float:right;\">\n      <center><a href=\"https:\/\/www.jkg-bruchsal.de\/wordpress\/inhalte\/uploads\/2017\/10\/Jklotl.jpg\" data-rel=\"lightbox-image-4\" data-rl_title=\"\" data-rl_caption=\"\" title=\"\"><img decoding=\"async\" class=\"img-responsive\" src=\"https:\/\/www.jkg-bruchsal.de\/wordpress\/inhalte\/uploads\/2017\/10\/Jklotl.jpg\" alt=\"Justi Entwurf\" \/><\/a><\/center>\n    <\/div>\n<p> Bereits die ersten Zeichnungen unseres Maskottchens, die von Sarah Will (10c) angefertigt wurden, lie\u00dfen erahnen, in welchen Bereichen ein solches Maskottchen \u00fcberall einsetzbar w\u00e4re. Nach Absprache mit Bettina Bastian (Verbindungslehrerin), Stefan Joachim, J\u00fcrgen Burkhardtsmaier sowie der Schulleitung haben wir uns dazu entschieden, das Projekt professionell anzugehen. Die Schule konnte daf\u00fcr den bekannten Illustrator Wolfgang Looskyll aus der Eifel gewinnen, zu dessen Repertoire viele Charaktere wie z. B.  Wickie, Heidi, Benjamin Bl\u00fcmchen, Bibi Blocksberg, Bibi &amp; Tina, Safiras sowie der Rofulino geh\u00f6ren. Er kreierte unseren \u201eJusti\u201c im JKG-Blau mit den badischen Farben gelb und rot als Kleidung. <\/p>\n<\/p><\/div>\n<\/div>\n<p>Looskyll best\u00e4tigte, dass ihm die Arbeit an \u201eJusti\u201c viel Spa\u00df gemacht habe und er ist sich sicher, dass \u201edieser kleine Kerl das JKG hervorragend pr\u00e4sentieren wird.\u201c<\/p>\n<p> Unter dem Motto \u201eWir wollen mehr Demokratie wagen\u201c organisierte die Klasse 10c unter der Leitung von Julia Otto und Isabella Leitz am Jubil\u00e4umsschulfest eine Namenswahl f\u00fcr das Maskottchen. Alle Sch\u00fclerinnen und Sch\u00fcler sowie alle Lehrerinnen und Lehrer durften daran teilnehmen. Mit gro\u00dfem Abstand entschied sich die Schulgemeinschaft f\u00fcr den Namen \u201eJusti\u201c. <\/p>\n<p> Mit einer lebenden Variante am JKG wollen wir \u2013 wie im Bildungsplan vorgesehen \u2013 zudem einen Beitrag f\u00fcr nachhaltige Entwicklung leisten und das vom Aussterben bedrohte Tier in den Fokus r\u00fccken. Der Leiter der Bio-AG, Marcel Rawiel, arbeitet bereits an der Umsetzung.<\/p>\n<figure>\n<div class=\"row\">\n<div class=\"col-md-6\">\n      <a href=\"https:\/\/www.jkg-bruchsal.de\/wordpress\/inhalte\/uploads\/2017\/10\/Planung-Jklotl-1.jpg\" data-rel=\"lightbox-image-5\" data-rl_title=\"\" data-rl_caption=\"\" title=\"\"><img decoding=\"async\" class=\"img-responsive\" src=\"https:\/\/www.jkg-bruchsal.de\/wordpress\/inhalte\/uploads\/2017\/10\/Planung-Jklotl-1.jpg\" alt=\"Entwurfsphase Maskottchen\" \/><\/a>\n    <\/div>\n<div class=\"col-md-6\">\n      <a href=\"https:\/\/www.jkg-bruchsal.de\/wordpress\/inhalte\/uploads\/2017\/10\/Projektklasse-Justi.jpg\" data-rel=\"lightbox-image-6\" data-rl_title=\"\" data-rl_caption=\"\" title=\"\"><img decoding=\"async\" class=\"img-responsive\" src=\"https:\/\/www.jkg-bruchsal.de\/wordpress\/inhalte\/uploads\/2017\/10\/Projektklasse-Justi.jpg\" alt=\"Projektklasse 10c\" \/><\/a>\n    <\/div>\n<\/p><\/div><figcaption>\n    links: Planung und Zeichnung (Sarah Will) ; rechts: Projektklasse 10c mit der Klassenleitung (Frau Bertl, Herr Fuchs);<br \/>\n  <\/figcaption><\/figure>\n<p><em>Justi-Entwurf: Sarah Will (Februar 2017)<\/em><br \/>\n<em>Justi: Wolfgang Looskyll (Juli 2017)<\/em><br \/>\n<em>Text: Fu (Oktober 2017)<\/em><br \/>\n<em>Foto: Fu (Oktober 2017)<\/em><\/p>\n","protected":false},"excerpt":{"rendered":"<p>Liebe Sch\u00fclerinnen und Sch\u00fcler! Mein Name ist &#8222;Justi&#8220;, und ich bin ein Axolotl. Und nebenbei bin ich auch noch das Maskottchen des Justus-Knecht-Gymnasiums in Bruchsal. Als Axolotl &#8211; oder auch mexikanischer Schwanzlurch &#8211; geh\u00f6re ich zur Familie der Querzahnmolche und zur biologischen Klasse der Amphibien. Mein wissenschaftlicher Name Axolotl stammt aus der Sprache der Azteken [&hellip;]<\/p>\n","protected":false},"author":2,"featured_media":0,"parent":38,"menu_order":90,"comment_status":"closed","ping_status":"closed","template":"","meta":{"footnotes":""},"class_list":["post-7827","page","type-page","status-publish","hentry"],"_links":{"self":[{"href":"https:\/\/www.jkg-bruchsal.de\/index.php?rest_route=\/wp\/v2\/pages\/7827","targetHints":{"allow":["GET"]}}],"collection":[{"href":"https:\/\/www.jkg-bruchsal.de\/index.php?rest_route=\/wp\/v2\/pages"}],"about":[{"href":"https:\/\/www.jkg-bruchsal.de\/index.php?rest_route=\/wp\/v2\/types\/page"}],"author":[{"embeddable":true,"href":"https:\/\/www.jkg-bruchsal.de\/index.php?rest_route=\/wp\/v2\/users\/2"}],"replies":[{"embeddable":true,"href":"https:\/\/www.jkg-bruchsal.de\/index.php?rest_route=%2Fwp%2Fv2%2Fcomments&post=7827"}],"version-history":[{"count":2,"href":"https:\/\/www.jkg-bruchsal.de\/index.php?rest_route=\/wp\/v2\/pages\/7827\/revisions"}],"predecessor-version":[{"id":15542,"href":"https:\/\/www.jkg-bruchsal.de\/index.php?rest_route=\/wp\/v2\/pages\/7827\/revisions\/15542"}],"up":[{"embeddable":true,"href":"https:\/\/www.jkg-bruchsal.de\/index.php?rest_route=\/wp\/v2\/pages\/38"}],"wp:attachment":[{"href":"https:\/\/www.jkg-bruchsal.de\/index.php?rest_route=%2Fwp%2Fv2%2Fmedia&parent=7827"}],"curies":[{"name":"wp","href":"https:\/\/api.w.org\/{rel}","templated":true}]}}