{"id":79,"date":"2015-07-17T14:23:39","date_gmt":"2015-07-17T12:23:39","guid":{"rendered":"http:\/\/www.jkg-bruchsal.de\/wordpress\/?page_id=79"},"modified":"2026-04-28T16:49:49","modified_gmt":"2026-04-28T14:49:49","slug":"lehrkraefte","status":"publish","type":"page","link":"https:\/\/www.jkg-bruchsal.de\/?page_id=79","title":{"rendered":"Lehrkr\u00e4fte"},"content":{"rendered":"<ul class=\"nav nav-tabs nav-justified\">\n<li role=\"presentation\" class=\"active\"><a href=\"#\">Das Kollegium im Schuljahr 2025\/26<\/a><\/li>\n<li role=\"presentation\"><a href=\"#Kontakt zu Lehrkr\u00e4ften\">Kontakt zu Lehrkr\u00e4ften<\/a><\/li>\n<\/ul>\n<div class=\"nav-rule\">\n<hr>\n<\/div>\n<h3><a name=\"Das Kollegium im Schuljahr 2025\/26\"><\/a>Das Kollegium im Schuljahr 2025\/26<\/h3>\n<div class=\"table-responsive\">\n<table class=\"table table-hover table-striped table-bordered table-jkg\">\n<thead>\n<tr>\n<th><\/th>\n<th>Name<\/th>\n<th>K\u00fcrzel<\/th>\n<th>F\u00e4cher<\/th>\n<th>Sprechstunde<\/th>\n<\/tr>\n<\/thead>\n<tr>\n<td rowspan=\"3\">A<\/td>\n<td>Frau Alkan<\/td>\n<td>Ak<\/td>\n<td>Deutsch, Englisch<\/td>\n<td>n.V.<\/td>\n<\/tr>\n<tr>\n<td>Frau Alongi<\/td>\n<td>Al<\/td>\n<td>Deutsch, Bildende Kunst<\/td>\n<td>n.V.<\/td>\n<\/tr>\n<tr>\n<td>Frau Ayas<\/td>\n<td>Ay<\/td>\n<td>Deutsch, Englisch<\/td>\n<td>n.V.<\/td>\n<\/tr>\n<tr>\n<td rowspan=\"21\">B<\/td>\n<td>Herr Baader<\/td>\n<td>Ba<\/td>\n<td> Geschichte, kath. Religion, Deutsch<\/td>\n<td>n.V.<\/td>\n<\/tr>\n<tr>\n<td>Frau Bachmayer<\/td>\n<td>Bm<\/td>\n<td>Mathematik, Sport<\/td>\n<td>n.V.<\/td>\n<\/tr>\n<tr>\n<td>Frau Bader<\/td>\n<td>Bad<\/td>\n<td>Franz\u00f6sisch, Latein<\/td>\n<td>n.V.<\/td>\n<\/tr>\n<tr>\n<td>Frau Bail<\/td>\n<td>Bai<\/td>\n<td> Englisch, Franz\u00f6sisch, Deutsch<\/td>\n<td>n.V.<\/td>\n<\/tr>\n<tr>\n<td>Frau Bangemann<\/td>\n<td>Bg<\/td>\n<td>Mathematik, Physik<\/td>\n<td>n.V.<\/td>\n<\/tr>\n<tr>\n<td>Frau Bastian<\/td>\n<td>Bas<\/td>\n<td>Deutsch, Geographie<\/td>\n<td>n.V.<\/td>\n<\/tr>\n<tr>\n<td>Frau Bauer, A.<\/td>\n<td>Bae<\/td>\n<td>Englisch, Franz\u00f6sisch<\/td>\n<td>n.V.<\/td>\n<\/tr>\n<tr>\n<td>Herr Bauer, M.<\/td>\n<td>Bau<\/td>\n<td>Englisch, Sport<\/td>\n<td>n.V.<\/td>\n<\/tr>\n<tr>\n<td>Frau Bechtler<\/td>\n<td>Bct<\/td>\n<td>Englisch, Biologie<\/td>\n<td>n.V.<\/td>\n<\/tr>\n<tr>\n<td>Herr Becker<\/td>\n<td>Bek<\/td>\n<td>Mathematik, Physik<\/td>\n<td>n.V.<\/td>\n<\/tr>\n<tr>\n<td>Frau Bertl<\/td>\n<td>Btl<\/td>\n<td>Englisch, Geschichte<\/td>\n<td>n.V.<\/td>\n<\/tr>\n<tr>\n<td>Herr Binder-Liesching<\/td>\n<td>Bdr<\/td>\n<td>ev. Religion, Spanisch<\/td>\n<td>n.V.<\/td>\n<\/tr>\n<tr>\n<td>Frau Bjelanovi\u0107<\/td>\n<td>Bje<\/td>\n<td>Mathematik, Sport<\/td>\n<td>n.V.<\/td>\n<\/tr>\n<tr>\n<td>Herr Blaser<\/td>\n<td>Bla<\/td>\n<td>Englisch, Franz\u00f6sisch<\/td>\n<td>n.V.<\/td>\n<\/tr>\n<tr>\n<td>Herr Blum<\/td>\n<td>Blu<\/td>\n<td>Mathematik, Musik<\/td>\n<td>n.V.<\/td>\n<\/tr>\n<tr>\n<td>Frau Bopp<\/td>\n<td>Bpp<\/td>\n<td>Deutsch, Sport<\/td>\n<td>n.V.<\/td>\n<\/tr>\n<tr>\n<td>Frau Br\u00e4utigam, E.<\/td>\n<td>Bt<\/td>\n<td>Mathematik, Sport<\/td>\n<td>n.V.<\/td>\n<\/tr>\n<tr>\n<td>Herr Br\u00e4utigam, J.<\/td>\n<td>Bam<\/td>\n<td>Geographie, Sport<\/td>\n<td>n.V.<\/td>\n<\/tr>\n<tr>\n<td>Frau Bregler<\/td>\n<td>Bgl<\/td>\n<td>Mathematik, Musik<\/td>\n<td>n.V.<\/td>\n<\/tr>\n<tr>\n<td>Frau Burckhart-Dreyer<\/td>\n<td>Bud<\/td>\n<td>Englisch, Franz\u00f6sisch<\/td>\n<td>n.V.<\/td>\n<\/tr>\n<tr>\n<td>Herr Butterer<\/td>\n<td>Btt<\/td>\n<td>Chemie, Biologie<\/td>\n<td>n.V.<\/td>\n<\/tr>\n<tr>\n<td rowspan=\"5\">D<\/td>\n<td>Frau Dalli<\/td>\n<td>Dal<\/td>\n<td>Chemie, NwT<\/td>\n<td>n.V.<\/td>\n<\/tr>\n<tr>\n<td>Frau Dehoust<\/td>\n<td>De<\/td>\n<td>Franz\u00f6sisch, ev. Religion<\/td>\n<td>n.V.<\/td>\n<\/tr>\n<tr>\n<td>Frau Derbel<\/td>\n<td>Drb<\/td>\n<td>Ethik, Wirtschaft<\/td>\n<td>n.V.<\/td>\n<\/tr>\n<tr>\n<td>Frau Dewald<\/td>\n<td>Dwd<\/td>\n<td>Biologie, Wirtschaft<\/td>\n<td>n.V.<\/td>\n<\/tr>\n<tr>\n<td>Frau Doppelbauer<\/td>\n<td>Db<\/td>\n<td>Deutsch, Musik<\/td>\n<td>n.V.<\/td>\n<\/tr>\n<tr>\n<td rowspan=\"1\">E<\/td>\n<td>Frau Engel<\/td>\n<td>En<\/td>\n<td>Bildende Kunst, Deutsch<\/td>\n<\/td>\n<td>n.V.<\/td>\n<\/tr>\n<tr>\n<td rowspan=\"7\">F<\/td>\n<td>Frau Fath, Annick<\/td>\n<td>Fth<\/td>\n<td>Deutsch, Franz\u00f6sisch, Sport<\/td>\n<td>n.V.<\/td>\n<\/tr>\n<tr>\n<td>Frau Fath, Antje<\/td>\n<td>Fa<\/td>\n<td>Deutsch, Sport<\/td>\n<td>n.V.<\/td>\n<\/tr>\n<tr>\n<td>Herr Fels<\/td>\n<td>Fs<\/td>\n<td>Geschichte, Gemeinschaftskunde, Geographie<\/td>\n<td>n.V.<\/td>\n<\/tr>\n<tr>\n<td>Frau Ferber<\/td>\n<td>Fer<\/td>\n<td>Englisch, Mathematik<\/td>\n<td>n.V.<\/td>\n<\/tr>\n<tr>\n<td>Herr Fischer<\/td>\n<td>Fis<\/td>\n<td> Geographie, kath. Religion, Sport<\/td>\n<td>n.V.<\/td>\n<\/tr>\n<tr>\n<td>Herr Fl\u00fcgel<\/td>\n<td>Flg<\/td>\n<td>Mathematik, Physik<\/td>\n<td>n.V.<\/td>\n<\/tr>\n<tr>\n<td>Herr Fuchs<\/td>\n<td>Fu<\/td>\n<td>Geschichte, Gemeinschaftskunde<\/td>\n<td>n.V.<\/td>\n<\/tr>\n<tr>\n<td rowspan=\"3\">G<\/td>\n<td>Herr Gayer<\/td>\n<td>Gy<\/td>\n<td>Englisch, kath. Religion<\/td>\n<td>n.V.<\/td>\n<\/tr>\n<tr>\n<td>Frau Gro\u00dfmann-Schygulla<\/td>\n<td>Gma<\/td>\n<td>Deutsch, Geschichte<\/td>\n<td>n.V.<\/td>\n<\/tr>\n<tr>\n<td>Frau Grundel<\/td>\n<td>Grn<\/td>\n<td>Mathematik, Sport<\/td>\n<td>n.V.<\/td>\n<\/tr>\n<tr>\n<td rowspan=\"5\">H<\/td>\n<td>Frau Haag<\/td>\n<td>Hag<\/td>\n<td>Bildende Kunst, Sport<\/td>\n<td>n.V.<\/td>\n<\/tr>\n<tr>\n<td>Herr StD Hanke<\/td>\n<td>Han<\/td>\n<td>Englisch, Chemie, Geschichte<\/td>\n<td>n.V.<\/td>\n<\/tr>\n<tr>\n<td>Herr Hartwig<\/td>\n<td>Htw<\/td>\n<td>Deutsch, Ethik, Geschichte<\/td>\n<td>n.V.<\/td>\n<\/tr>\n<tr>\n<td>Herr Heger<\/td>\n<td>Hgr<\/td>\n<td>Sport, Geographie<\/td>\n<td>n.V.<\/td>\n<\/tr>\n<tr>\n<td>Frau Hooks<\/td>\n<td>Ho<\/td>\n<td>Deutsch, Franz\u00f6sisch<\/td>\n<td>n.V.<\/td>\n<\/tr>\n<tr>\n<td rowspan=\"1\">I<\/td>\n<td>Frau Ichters<\/td>\n<td>Ict<\/td>\n<td>Mathematik, Biologie<\/td>\n<td>n.V.<\/td>\n<\/tr>\n<tr>\n<td rowspan=\"1\">J<\/td>\n<td>Herr Jung<\/td>\n<td>Jg<\/td>\n<td>Deutsch, Mathematik, Geschichte<\/td>\n<td>n.V.<\/td>\n<\/tr>\n<tr>\n<td rowspan=\"14\">K<\/td>\n<td>Herr Kadura<\/td>\n<td>Kdr<\/td>\n<td>Mathematik, Physik<\/td>\n<td>n.V.<\/td>\n<\/tr>\n<tr>\n<td>Frau Kalb<\/td>\n<td>Ka<\/td>\n<td>Englisch, Franz\u00f6sisch<\/td>\n<td>n.V.<\/td>\n<\/tr>\n<tr>\n<td>Frau Kammerer<\/td>\n<td>Kam<\/td>\n<td>Biologie, Chemie<\/td>\n<td>n.V.<\/td>\n<\/tr>\n<tr>\n<td>Herr Keibl<\/td>\n<td>Kbl<\/td>\n<td>Mathematik, Physik<\/td>\n<td>n.V.<\/td>\n<\/tr>\n<tr>\n<td>Frau Keilbach<\/td>\n<td>Kl<\/td>\n<td>Biologie, Chemie<\/td>\n<td>n.V.<\/td>\n<\/tr>\n<tr>\n<td>Frau Kemm<\/td>\n<td>Kem<\/td>\n<td>Mathematik, Geschichte<\/td>\n<td>n.V.<\/td>\n<\/tr>\n<tr>\n<td>Herr Kern<\/td>\n<td>Krn<\/td>\n<td>Mathematik, Physik<\/td>\n<td>n.V.<\/td>\n<\/tr>\n<tr>\n<td>Frau Ketzel<\/td>\n<td>Ktz<\/td>\n<td>Mathematik, Chemie<\/td>\n<td>n.V.<\/td>\n<\/tr>\n<tr>\n<td>Frau Klecker<\/td>\n<td>Kle<\/td>\n<td>Deutsch, Geschichte<\/td>\n<td>n.V.<\/td>\n<\/tr>\n<tr>\n<td>Herr Kolb<\/td>\n<td>Kob<\/td>\n<td>Mathematik, Physik<\/td>\n<td>n.V.<\/td>\n<\/tr>\n<tr>\n<td>Herr Koopmann<\/td>\n<td>Kop<\/td>\n<td>Deutsch, Geschichte<\/td>\n<td>n.V.<\/td>\n<\/tr>\n<tr>\n<td>Herr Kowollik<\/td>\n<td>Kow<\/td>\n<td>Musik, Geographie<\/td>\n<td>n.V.<\/td>\n<\/tr>\n<tr>\n<td>Frau Kramer<\/td>\n<td>Krm<\/td>\n<td>Spanisch, Biologie<\/td>\n<td>n.V.<\/td>\n<\/tr>\n<tr>\n<td>Frau Krug<\/td>\n<td>Krg<\/td>\n<td>Deutsch, Gemeinschaftskunde<\/td>\n<td>n.V.<\/td>\n<\/tr>\n<tr>\n<td rowspan=\"3\">L<\/td>\n<td>Herr Lakus<\/td>\n<td>Lak<\/td>\n<td>Englisch, Sport<\/td>\n<td>n.V.<\/td>\n<\/tr>\n<tr>\n<td>Herr Leber<\/td>\n<td>Lbr<\/td>\n<td>Physik, Informatik<\/td>\n<td>n.V.<\/td>\n<\/tr>\n<tr>\n<td>Frau Liebermeister<\/td>\n<td>Lbm<\/td>\n<td>Mathematik, Franz\u00f6sisch<\/td>\n<td>n.V.<\/td>\n<\/tr>\n<tr>\n<td rowspan=\"5\">M<\/td>\n<td>Frau Merten<\/td>\n<td>Mer<\/td>\n<td>Deutsch, Latein<\/td>\n<td>n.V.<\/td>\n<\/tr>\n<tr>\n<td>Herr M\u00fcgendt<\/td>\n<td>Mgd<\/td>\n<td>Sport, Geographie<\/td>\n<td>n.V.<\/td>\n<\/tr>\n<tr>\n<td>Frau M\u00fcller, L.<\/td>\n<td>Mue<\/td>\n<td>Deutsch, Englisch<\/td>\n<td>n.V.<\/td>\n<\/tr>\n<tr>\n<td>Frau M\u00fcller, M.<\/td>\n<td>Mlr<\/td>\n<td>Chemie, Geschichte<\/td>\n<td>n.V.<\/td>\n<\/tr>\n<tr>\n<td>Frau OStD&#8217;in Mutter<\/td>\n<td>Mut<\/td>\n<td>Mathematik, Physik<\/td>\n<td>n.V.<\/td>\n<\/tr>\n<tr>\n<td rowspan=\"3\">N<\/td>\n<td>Herr Noll<\/td>\n<td>Nl<\/td>\n<td>Deutsch, Geschichte<\/td>\n<td>n.V.<\/td>\n<\/tr>\n<tr>\n<td>Frau Nordberg<\/td>\n<td>Nb<\/td>\n<td>Deutsch, Franz\u00f6sisch<\/td>\n<td>n.V.<\/td>\n<\/tr>\n<tr>\n<td>Frau Nortmeyer<\/td>\n<td>Nom<\/td>\n<td>Deutsch, Geschichte, Latein, Ethik<\/td>\n<td>n.V.<\/td>\n<\/tr>\n<tr>\n<td rowspan=\"1\">P<\/td>\n<td>Herr Petko<\/td>\n<td>Pe<\/td>\n<td>Deutsch, Geschichte, Gemeinschaftskunde<\/td>\n<td>n.V.<\/td>\n<\/tr>\n<tr>\n<td rowspan=\"2\">R<\/p>\n<td>Frau Reske<\/td>\n<td>Res<\/td>\n<td>Englisch, Franz\u00f6sisch<\/td>\n<td>n.V.<\/td>\n<\/tr>\n<tr>\n<td>Herr Rezic<\/td>\n<td>Rez<\/td>\n<td> Deutsch, Gemeinschaftskunde, Wirtschaft<\/td>\n<td>n.V.<\/td>\n<\/tr>\n<tr>\n<td rowspan=\"8\">S<\/td>\n<td>Frau Scharnweber<\/td>\n<td>Sw<\/td>\n<td>Biologie, ev. Religion<\/td>\n<td>n.V.<\/td>\n<\/tr>\n<tr>\n<td>Frau Schmidt<\/td>\n<td>Smd<\/td>\n<td>Mathematik, Englisch<\/td>\n<td>n.V.<\/td>\n<\/tr>\n<tr>\n<td>Frau Schuster<\/td>\n<td>Shu<\/td>\n<td>Bildende Kunst, Geographie<\/td>\n<td>n.V.<\/td>\n<\/tr>\n<tr>\n<td>Frau Seidel<\/td>\n<td>Sei<\/td>\n<td>Deutsch, Geographie<\/td>\n<td>n.V.<\/td>\n<\/tr>\n<tr>\n<td>Frau Seitz<\/td>\n<td>Stz<\/td>\n<td>Franz\u00f6sisch, Spanisch<\/td>\n<td>n.V.<\/td>\n<\/tr>\n<tr>\n<td>Frau Stamogiannis<\/td>\n<td>Stg<\/td>\n<td>Deusch, Latein<\/td>\n<td>n.V.<\/td>\n<\/tr>\n<tr>\n<td>Frau Steiner<\/td>\n<td>Ste<\/td>\n<td>Franz\u00f6sisch, Latein<\/td>\n<td>n.V.<\/td>\n<\/tr>\n<tr>\n<td>Herr Steinm\u00fcller<\/td>\n<td>Stm<\/td>\n<td>Englisch, Geschichte<\/td>\n<td>n.V.<\/td>\n<\/tr>\n<tr>\n<td rowspan=\"2\">T<\/td>\n<td>Frau Tataru-Mihai<\/td>\n<td>Ta<\/td>\n<td>Mathematik, Physik<\/td>\n<td>n.V.<\/td>\n<\/tr>\n<tr>\n<td>Herr Theurer<\/td>\n<td>Thr<\/td>\n<td>Biologie, Chemie<\/td>\n<td>n.V.<\/td>\n<\/tr>\n<tr>\n<td rowspan=\"2\">U<\/td>\n<td>Herr Umstadt<\/td>\n<td>Ust<\/td>\n<td>Mathematik, Sport<\/td>\n<td>n.V.<\/td>\n<\/tr>\n<tr>\n<td>Frau Utech<\/td>\n<td>Ut<\/td>\n<td>Deutsch, Mathematik<\/td>\n<td>n.V.<\/td>\n<\/tr>\n<tr>\n<td rowspan=\"6\">W<\/p>\n<td>Frau Walter<\/td>\n<td>Wlt<\/td>\n<td>Bildende Kunst, Deutsch<\/td>\n<td>n.V.<\/td>\n<\/tr>\n<tr>\n<td>Herr Westermann<\/td>\n<td>Wes<\/td>\n<td>Latein, Musik<\/td>\n<td>n.V.<\/td>\n<\/tr>\n<tr>\n<td>Frau Wieder<\/td>\n<td>Wdr<\/td>\n<td>Deutsch, Franz\u00f6sisch<\/td>\n<td>n.V.<\/td>\n<\/tr>\n<tr>\n<td>Frau Winkenwerder<\/td>\n<td>Win<\/td>\n<td>Deutsch, Sport<\/td>\n<td>n.V.<\/td>\n<\/tr>\n<tr>\n<td>Herr Wippel<\/td>\n<td>Wip<\/td>\n<td>Englisch, Musik<\/td>\n<td>n.V.<\/td>\n<\/tr>\n<tr>\n<td>Frau W\u00f6ffler<\/td>\n<td>Woe<\/td>\n<td>Englisch, Biologie<\/td>\n<td>n.V.<\/td>\n<\/tr>\n<\/tbody>\n<\/table>\n<\/div>\n<p><\/br><\/p>\n<hr>\n<h3><a name=\"Kontakt zu Lehrkr\u00e4ften\"><\/a>Kontakt zu Lehrkr\u00e4ften<\/h3>\n<p>Lehrkr\u00e4fte sind in unserem gro\u00dfen Schulgel\u00e4nde jeden Tag in verschiedenen Stockwerken und Geb\u00e4uden unterwegs und daher nicht immer ganz leicht auffindbar. Deswegen haben wir hier ein paar Tipps zusammengestellt, wie man Lehrkr\u00e4fte am besten erreichen kann.<\/p>\n<p><\/br><\/p>\n<h4>1. F\u00fcr Eltern: Die Kommunikation mit Lehrkr\u00e4ften<\/h4>\n<p>Vereinbaren Sie auf jeden Fall einen Termin. Die Terminvereinbarung sollte am besten \u00fcber ihr Kind oder per Mail erfolgen. <strong>Die Mailadresse der Lehrkr\u00e4fte besteht aus dem Lehrerk\u00fcrzel und der Adresse der Schule (Schema: K\u00fcrzel@jkg-bruchsal.de)<\/strong>. Dies ist allerdings nicht bei allen Adressen m\u00f6glich. Das Lehrerk\u00fcrzel ist der oben stehenden Tabelle zu entnehmen.<\/p>\n<p>Vergessen Sie nicht, einen genauen Treffpunkt zu vereinbaren, damit es an unserer gro\u00dfen Schule nicht zu Missverst\u00e4ndnissen kommt.<\/p>\n<p>Beachten Sie f\u00fcr Gespr\u00e4che und Mails unseren <a href=\"https:\/\/www.jkg-bruchsal.de\/?page_id=1289\">Justus-Kommunikations-Guide<\/a> und den <a href=\"https:\/\/www.jkg-bruchsal.de\/?page_id=1294\">E-Mail-Knigge<\/a>.<\/p>\n<p><\/br><\/p>\n<h4>2. F\u00fcr Sch\u00fclerInnen: Die Kommunikation mit Lehrkr\u00e4ften<\/h4>\n<p>Bei Fragen und Problemen aller Art ist immer das pers\u00f6nliche Gespr\u00e4ch mit der Lehrkraft am besten. Hebt euch eure Fragen also wenn m\u00f6glich auf, bis ihr den Lehrer oder die Lehrerin wieder im Unterricht habt. Sollte die Zeit vor oder nach der Schulstunde nicht ausreichen, k\u00f6nnt ihr auch einen Termin vereinbaren (z.B. \u201ein der gro\u00dfen Pause an den Stehtischen vor der Aula im Hauptgeb\u00e4ude\u201c).<\/p>\n<p>Manchmal m\u00fcsst ihr Hefte, Zettel oder andere Sachen bei einer Lehrkraft abgeben. Auch hier gilt: Am besten der Lehrerin oder dem Lehrer direkt geben, wenn ihr sie\/ihn im Unterricht habt!<\/p>\n<p>In dringenden Ausnahmef\u00e4llen k\u00f6nnt ihr auch Dinge f\u00fcr eine Lehrkraft abgeben, und zwar im Sekretariat. Alles, was im Sekretariat des Hauptgeb\u00e4udes vor 11:15 Uhr abgegeben wird, erreicht das Postfach eurer Lehrerin \/ eures Lehrers in der Regel noch am selben Tag.<\/p>\n<p>In seltenen Notf\u00e4llen muss man vielleicht auch mal spontan eine Lehrkraft aufsuchen. Schaut hierf\u00fcr zun\u00e4chst im Stundenplan, wo sich die Lehrerin \/ der Lehrer gerade aufh\u00e4lt. Der Stundenplan ist im Sekretariat f\u00fcr jeden zug\u00e4nglich. Schaut danach am Vertretungsplan, ob die Lehrkraft vielleicht krank ist oder sich ihr Unterricht ver\u00e4ndert hat. Danach k\u00f6nnt ihr am Lehrerzimmer klopfen und nach der Lehrkraft fragen (beim Lehrerzimmer des Hauptgeb\u00e4udes: beachtet die Schilder, an welcher T\u00fcr welche Lehrkraft zu finden ist).<\/p>\n<p>Beachtet f\u00fcr Gespr\u00e4che unseren <a href=\"https:\/\/www.jkg-bruchsal.de\/?page_id=1289\">Justus-Kommunikations-Guide<\/a>. Wenn ihr die Mailadresse Eurer Lehrkraft habt und eine Mail schreibt, beachtet auch den <a href=\"https:\/\/www.jkg-bruchsal.de\/?page_id=1294\">E-Mail-Knigge<\/a>.<\/p>\n<p><\/br><br \/>\n<em>Text: Kow (August 2015)<\/em><\/p>\n","protected":false},"excerpt":{"rendered":"<p>Das Kollegium im Schuljahr 2025\/26 Kontakt zu Lehrkr\u00e4ften Das Kollegium im Schuljahr 2025\/26 Name K\u00fcrzel F\u00e4cher Sprechstunde A Frau Alkan Ak Deutsch, Englisch n.V. Frau Alongi Al Deutsch, Bildende Kunst n.V. Frau Ayas Ay Deutsch, Englisch n.V. B Herr Baader Ba Geschichte, kath. Religion, Deutsch n.V. Frau Bachmayer Bm Mathematik, Sport n.V. Frau Bader Bad [&hellip;]<\/p>\n","protected":false},"author":2,"featured_media":0,"parent":41,"menu_order":20,"comment_status":"open","ping_status":"open","template":"","meta":{"footnotes":""},"class_list":["post-79","page","type-page","status-publish","hentry"],"_links":{"self":[{"href":"https:\/\/www.jkg-bruchsal.de\/index.php?rest_route=\/wp\/v2\/pages\/79","targetHints":{"allow":["GET"]}}],"collection":[{"href":"https:\/\/www.jkg-bruchsal.de\/index.php?rest_route=\/wp\/v2\/pages"}],"about":[{"href":"https:\/\/www.jkg-bruchsal.de\/index.php?rest_route=\/wp\/v2\/types\/page"}],"author":[{"embeddable":true,"href":"https:\/\/www.jkg-bruchsal.de\/index.php?rest_route=\/wp\/v2\/users\/2"}],"replies":[{"embeddable":true,"href":"https:\/\/www.jkg-bruchsal.de\/index.php?rest_route=%2Fwp%2Fv2%2Fcomments&post=79"}],"version-history":[{"count":28,"href":"https:\/\/www.jkg-bruchsal.de\/index.php?rest_route=\/wp\/v2\/pages\/79\/revisions"}],"predecessor-version":[{"id":14753,"href":"https:\/\/www.jkg-bruchsal.de\/index.php?rest_route=\/wp\/v2\/pages\/79\/revisions\/14753"}],"up":[{"embeddable":true,"href":"https:\/\/www.jkg-bruchsal.de\/index.php?rest_route=\/wp\/v2\/pages\/41"}],"wp:attachment":[{"href":"https:\/\/www.jkg-bruchsal.de\/index.php?rest_route=%2Fwp%2Fv2%2Fmedia&parent=79"}],"curies":[{"name":"wp","href":"https:\/\/api.w.org\/{rel}","templated":true}]}}