{"id":81,"date":"2015-07-17T14:24:00","date_gmt":"2015-07-17T12:24:00","guid":{"rendered":"http:\/\/www.jkg-bruchsal.de\/wordpress\/?page_id=81"},"modified":"2024-10-24T14:31:22","modified_gmt":"2024-10-24T12:31:22","slug":"schuelerinnen","status":"publish","type":"page","link":"https:\/\/www.jkg-bruchsal.de\/?page_id=81","title":{"rendered":"Sch\u00fclerInnen"},"content":{"rendered":"<h3>Sch\u00fclermitverantwortung (SMV)<\/h3>\n<p>Die SMV setzt sich zusammen aus Sch\u00fclerinnen und Sch\u00fclern des JKG, die sich in verschiedenen Aktionen aktiv am Schulleben beteiligen. An der Spitze der SMV stehen die Sch\u00fclersprecher, sowie die Mittel- und Unterstufensprecher. Alle Beteiligten der SMV werden von den Verbindungslehrern unterst\u00fctzt.<\/p>\n<p><\/br><\/p>\n<h4>Unsere Sch\u00fclersprecherInnen &#038; VerbindungslehrerInnen<\/h4>\n<p>Unsere Sch\u00fclersprecherin im Schuljahr 2024\/25: Jesper Willmann (10v)<\/p>\n<p>Unsere Verbindungslehrer im Schuljahr 2024\/25: Herr Wippel, Herr Gayer<\/p>\n<p><\/br><\/p>\n<h4>Unserer Logo<\/h4>\n<a href=\"https:\/\/www.jkg-bruchsal.de\/wordpress\/inhalte\/uploads\/2022\/03\/SMV-Logo.jpg\" data-rel=\"lightbox-image-0\" data-rl_title=\"\" data-rl_caption=\"\" title=\"\"><img decoding=\"async\" class=\"img-responsive\" src=\"https:\/\/www.jkg-bruchsal.de\/wordpress\/inhalte\/uploads\/2022\/03\/SMV-Logo.jpg\" alt=\"SMV\" \/><\/a>\n<p><\/br><\/p>\n<h4>Die SMV stellt sich vor<\/h4>\n<p>Wer wir sind, was wir machen und wie man uns erreichen kann: <a href=\"https:\/\/www.jkg-bruchsal.de\/wordpress\/inhalte\/uploads\/2022\/03\/SMV-Seite-Schuljahresplaner-21-22.pdf\" rel=\"noopener\" target=\"_blank\">Die SMV stellt sich vor (PDF)<\/a><\/p>\n","protected":false},"excerpt":{"rendered":"<p>Sch\u00fclermitverantwortung (SMV) Die SMV setzt sich zusammen aus Sch\u00fclerinnen und Sch\u00fclern des JKG, die sich in verschiedenen Aktionen aktiv am Schulleben beteiligen. An der Spitze der SMV stehen die Sch\u00fclersprecher, sowie die Mittel- und Unterstufensprecher. Alle Beteiligten der SMV werden von den Verbindungslehrern unterst\u00fctzt. Unsere Sch\u00fclersprecherInnen &#038; VerbindungslehrerInnen Unsere Sch\u00fclersprecherin im Schuljahr 2024\/25: Jesper Willmann [&hellip;]<\/p>\n","protected":false},"author":2,"featured_media":0,"parent":41,"menu_order":30,"comment_status":"open","ping_status":"open","template":"","meta":{"footnotes":""},"class_list":["post-81","page","type-page","status-publish","hentry"],"_links":{"self":[{"href":"https:\/\/www.jkg-bruchsal.de\/index.php?rest_route=\/wp\/v2\/pages\/81","targetHints":{"allow":["GET"]}}],"collection":[{"href":"https:\/\/www.jkg-bruchsal.de\/index.php?rest_route=\/wp\/v2\/pages"}],"about":[{"href":"https:\/\/www.jkg-bruchsal.de\/index.php?rest_route=\/wp\/v2\/types\/page"}],"author":[{"embeddable":true,"href":"https:\/\/www.jkg-bruchsal.de\/index.php?rest_route=\/wp\/v2\/users\/2"}],"replies":[{"embeddable":true,"href":"https:\/\/www.jkg-bruchsal.de\/index.php?rest_route=%2Fwp%2Fv2%2Fcomments&post=81"}],"version-history":[{"count":4,"href":"https:\/\/www.jkg-bruchsal.de\/index.php?rest_route=\/wp\/v2\/pages\/81\/revisions"}],"predecessor-version":[{"id":15132,"href":"https:\/\/www.jkg-bruchsal.de\/index.php?rest_route=\/wp\/v2\/pages\/81\/revisions\/15132"}],"up":[{"embeddable":true,"href":"https:\/\/www.jkg-bruchsal.de\/index.php?rest_route=\/wp\/v2\/pages\/41"}],"wp:attachment":[{"href":"https:\/\/www.jkg-bruchsal.de\/index.php?rest_route=%2Fwp%2Fv2%2Fmedia&parent=81"}],"curies":[{"name":"wp","href":"https:\/\/api.w.org\/{rel}","templated":true}]}}