{"id":87,"date":"2015-07-17T14:25:13","date_gmt":"2015-07-17T12:25:13","guid":{"rendered":"http:\/\/www.jkg-bruchsal.de\/wordpress\/?page_id=87"},"modified":"2026-04-20T19:25:45","modified_gmt":"2026-04-20T17:25:45","slug":"sekretariat","status":"publish","type":"page","link":"https:\/\/www.jkg-bruchsal.de\/?page_id=87","title":{"rendered":"Sekretariat"},"content":{"rendered":"<div class=\"row\">\n<div class=\"col-md-4\">\n<\/br><\/p>\n<a href=\"https:\/\/www.jkg-bruchsal.de\/wordpress\/inhalte\/uploads\/2026\/04\/k-26-04-17-10-02-35-2074-rotated.jpg\" data-rel=\"lightbox-image-0\" data-rl_title=\"\" data-rl_caption=\"\" title=\"\"><img decoding=\"async\" class=\"img-responsive\" src=\"https:\/\/www.jkg-bruchsal.de\/wordpress\/inhalte\/uploads\/2026\/04\/k-26-04-17-10-02-35-2074-rotated.jpg\" alt=\"Sekretariat\" \/><\/a><\/div>\n<div class=\"col-md-8\">\n<h4>Sekretariat Hauptgeb\u00e4ude<\/h4>\n<p>Das Sekretariat f\u00fcr den <strong>Standort Moltkestra\u00dfe<\/strong> befindet sich im Erdgeschoss des Hauptgeb\u00e4udes.<\/p>\n<p><\/p>\n<p><strong>Frau K\u00f6hler-Knodel, Frau Yildirim <\/strong><\/p>\n<p>Regul\u00e4re \u00d6ffnungszeiten:<br \/>\nMontag, Dienstag und Donnerstag von 7.00 \u2013 15.30 Uhr<br \/>\nMittwoch und Freitag von 7.00 \u2013 14.00 Uhr<\/p>\n<p>Tel:&nbsp;07251&nbsp;\/&nbsp;7956-0<\/p>\n<p>Abweichende \u00d6ffnungszeiten sind, wenn vorhanden, auf der <a href=\"https:\/\/www.jkg-bruchsal.de\/\" rel=\"noopener noreferrer\" target=\"_blank\">Startseite <\/a>zu finden.<\/p>\n<p>Mail:&nbsp;sekretariat@jkg-bruchsal.de<\/p>\n<p>Postanschrift: Postfach&nbsp;1767, 76607&nbsp;Bruchsal<br \/>\nHausanschrift: Moltkestr.&nbsp;33, 76646&nbsp;Bruchsal<\/p>\n<p><strong>&#x2192; F\u00fcr die Krankmeldung von Sch\u00fclerInnen an allen Standorten bitte die <a href=\"https:\/\/www.jkg-bruchsal.de\/?page_id=899\">Krankmeldung \u00fcber WebUntis<\/a> nutzen.<\/strong><\/p>\n<\/p><\/div>\n<\/p><\/div>\n<p><\/br><\/p>\n<h4>Sekretariat Campus<\/h4>\n<p>Das Sekretariat f\u00fcr die Au\u00dfenstelle am <strong>Standort Campus<\/strong> befindet sich im Erdgeschoss des Geb\u00e4udes Campus 6.<\/p>\n<p><\/p>\n<p><strong>Frau Grimm<\/strong><br \/>\n\u00d6ffnungszeiten: Mo&nbsp;&#8211;&nbsp;Fr von 7.30&nbsp;&#8211;&nbsp;11.15&nbsp;Uhr<br \/>\nTel: 07251&nbsp;\/&nbsp;7956-60<br \/>\nMail: sekretariat-campus@jkg-bruchsal.de<\/p>\n<p>Postanschrift Campus: Campus&nbsp;6, 76646&nbsp;Bruchsal<\/p>\n<p><\/br><\/p>\n","protected":false},"excerpt":{"rendered":"<p>Sekretariat Hauptgeb\u00e4ude Das Sekretariat f\u00fcr den Standort Moltkestra\u00dfe befindet sich im Erdgeschoss des Hauptgeb\u00e4udes. Frau K\u00f6hler-Knodel, Frau Yildirim Regul\u00e4re \u00d6ffnungszeiten: Montag, Dienstag und Donnerstag von 7.00 \u2013 15.30 Uhr Mittwoch und Freitag von 7.00 \u2013 14.00 Uhr Tel:&nbsp;07251&nbsp;\/&nbsp;7956-0 Abweichende \u00d6ffnungszeiten sind, wenn vorhanden, auf der Startseite zu finden. Mail:&nbsp;sekretariat@jkg-bruchsal.de Postanschrift: Postfach&nbsp;1767, 76607&nbsp;Bruchsal Hausanschrift: Moltkestr.&nbsp;33, 76646&nbsp;Bruchsal [&hellip;]<\/p>\n","protected":false},"author":2,"featured_media":0,"parent":41,"menu_order":60,"comment_status":"open","ping_status":"open","template":"","meta":{"footnotes":""},"class_list":["post-87","page","type-page","status-publish","hentry"],"_links":{"self":[{"href":"https:\/\/www.jkg-bruchsal.de\/index.php?rest_route=\/wp\/v2\/pages\/87","targetHints":{"allow":["GET"]}}],"collection":[{"href":"https:\/\/www.jkg-bruchsal.de\/index.php?rest_route=\/wp\/v2\/pages"}],"about":[{"href":"https:\/\/www.jkg-bruchsal.de\/index.php?rest_route=\/wp\/v2\/types\/page"}],"author":[{"embeddable":true,"href":"https:\/\/www.jkg-bruchsal.de\/index.php?rest_route=\/wp\/v2\/users\/2"}],"replies":[{"embeddable":true,"href":"https:\/\/www.jkg-bruchsal.de\/index.php?rest_route=%2Fwp%2Fv2%2Fcomments&post=87"}],"version-history":[{"count":11,"href":"https:\/\/www.jkg-bruchsal.de\/index.php?rest_route=\/wp\/v2\/pages\/87\/revisions"}],"predecessor-version":[{"id":14993,"href":"https:\/\/www.jkg-bruchsal.de\/index.php?rest_route=\/wp\/v2\/pages\/87\/revisions\/14993"}],"up":[{"embeddable":true,"href":"https:\/\/www.jkg-bruchsal.de\/index.php?rest_route=\/wp\/v2\/pages\/41"}],"wp:attachment":[{"href":"https:\/\/www.jkg-bruchsal.de\/index.php?rest_route=%2Fwp%2Fv2%2Fmedia&parent=87"}],"curies":[{"name":"wp","href":"https:\/\/api.w.org\/{rel}","templated":true}]}}