{"id":91,"date":"2015-07-17T14:27:01","date_gmt":"2015-07-17T12:27:01","guid":{"rendered":"http:\/\/www.jkg-bruchsal.de\/wordpress\/?page_id=91"},"modified":"2025-09-17T08:25:15","modified_gmt":"2025-09-17T06:25:15","slug":"kooperationspartner","status":"publish","type":"page","link":"https:\/\/www.jkg-bruchsal.de\/?page_id=91","title":{"rendered":"Kooperationspartner"},"content":{"rendered":"<p>Seit vielen Jahren ist die Zusammenarbeit des Justus-Knecht-Gymnasiums mit au\u00dferschulischen Partnern sehr vielf\u00e4ltig. Sie erweitert die M\u00f6glichkeiten bei der Gestaltung von Unterricht, bei au\u00dferunterrichtlichen Veranstaltungen und vielen Aktivit\u00e4ten in und um die Schule.<\/p>\n<p>Nachdem die Industrie- und Handelskammer Karlsruhe mit ihrem damaligen Pr\u00e4sidenten Bernd Bechtold die Kampagne \u201eWirtschaft macht Schule\u201c ins Leben gerufen hatte, entstand sehr schnell der Wunsch, die Zusammenarbeit mit den au\u00dferschulischen Partnern zu festigen und zu vertiefen und entsprechende Kooperationsvereinbarungen zu unterzeichnen.<\/p>\n<div class=\"col-md-12\">\n<div class=\"row\">\n<div class=\"col-md-5 bootstrapfloat\">\n      <a href=\"https:\/\/www.jkg-bruchsal.de\/wordpress\/inhalte\/uploads\/2015\/07\/k-Kooperationen-Juli-2017-1.jpg\" data-rel=\"lightbox-image-0\" data-rl_title=\"\" data-rl_caption=\"\" title=\"\"><img decoding=\"async\" class=\"img-responsive\" src=\"https:\/\/www.jkg-bruchsal.de\/wordpress\/inhalte\/uploads\/2015\/07\/k-Kooperationen-Juli-2017-1.jpg\" alt=\"Kooperationspartner 2017\" \/><\/a>\n    <\/div>\n<p>So wurden bereits im Jahr 2011 Kooperationsvereinbarungen mit der damaligen Bereitschaftspolizeidirektion Bruchsal, dem Caritasverband Bruchsal, dem KIT Campus Nord und der Sparkasse Kraichgau abgeschlossen. Am 13. M\u00e4rz 2013 folgten die Volksbank Bruchsal-Bretten eG und die Fa. SEW-EURODRIVE.<\/p>\n<p>Die fr\u00fchere Bereitschaftspolizeidirektion Bruchsal und insb. die fr\u00fchere Polizeischule unterst\u00fctzten unsere Schule beim Deutsch-Israelischen Sch\u00fcleraustausch. Dar\u00fcber hinaus wurden gemeinsame Projekte von Polizeisch\u00fclern und Kursstufensch\u00fclern durchgef\u00fchrt. Eine Lehrkraft des JKG, Herr Kessler, war an die ehem. Polizeischule teilabgeordnet und fungierte als \u201eVerbindungsmann\u201c. Heute wird die Kooperation vom Institutsbereich Ausbildung der Hochschule f\u00fcr Polizei getragen und in bew\u00e4hrter Weise fortgef\u00fchrt.<\/p>\n<p>Neben Projekten im Religions- und Gemeinschaftskundeunterricht, die der Caritasverband Bruchsal  z.B.  durch den Besuch von Fachfrauen und Fachm\u00e4nnern  im Unterricht unterst\u00fctzt, besteht f\u00fcr Sch\u00fclerinnen und Sch\u00fcler des JKG die M\u00f6glichkeit, ein Sozialpraktikum im Rahmen der Berufsorientierung am Gymnasium zu absolvieren. Die Teilnahme am allj\u00e4hrlich stattfindenden Hoffnungslauf  rundet  die gute  Zusammenarbeit mit dem Caritasverband ab, die von Herrn Kessler im Bereich des Religionsunterrichts und Herrn Eberhardt f\u00fcr den Hoffnungslauf koordiniert wird.<\/p>\n<p>Regelm\u00e4\u00dfig besuchen Sch\u00fclerinnen und Sch\u00fcler der Biologie- und Chemiekurse das Fortbildungszentrum f\u00fcr Technik und Umwelt beim KIT Campus Nord. Insbesondere die Arbeit mit gentechnisch ver\u00e4nderten Mikroorganismen im S1-Labor wird h\u00e4ufig genutzt. Ausgew\u00e4hlte Sch\u00fclerinnen und Sch\u00fcler belegen dar\u00fcber hinaus Vorlesungen und Seminare am KIT Campus S\u00fcd und beteiligen sich regelm\u00e4\u00dfig am Tag der Mathematik. Der Vertiefungskurs Mathematik nimmt an entsprechenden Zertifikatsklausuren teil. <\/p>\n<p>Federf\u00fchrend t\u00e4tig sind die Beauftragten der jeweiligen F\u00e4cher, die Damen und Herren Utech, Butterer, Koch und Monz.<\/p>\n<p>Beim Bewerbertraining am Ende der Klasse 9, beim BOGY in Klasse 10 und projektbezogen beispielsweise im Seminarkurs unterst\u00fctzt die Sparkasse Kraichgau unsere Schule.<\/p>\n<p>Dar\u00fcber hinaus stiftet sie allj\u00e4hrlich den Preis f\u00fcr besonderes soziales Engagement, der im Rahmen der Abiturfeier \u00fcbergeben wird. F\u00fcr die Koordination der Aktivit\u00e4ten in Zusammenarbeit mit der Sparkasse Kraichgau zeichnen Frau Umlauff und Herr Aupperle verantwortlich.<\/p>\n<p>Im Jahr 2013 kamen zwei weitere Kooperationspartner hinzu. Die 10. Klassen absolvierten den so gen. Berufsnavigator und ggf. das Betriebspraktikum bei der Volksbank Bruchsal-Bretten. Im Rahmen des BOGY  betreuen auch Frau Umlauff und Herr Aupperle die Kooperation mit der Volksbank.<\/p>\n<p>Auf Anregung des KIT arbeitet unsere Schule intensiv mit der Fa. SEW-Eurodrive zusammen. An mehreren Tagen sind die neunten Klassen des naturwissenschaftlichen Profils in den Werkst\u00e4tten des Bruchsaler Unternehmens und besch\u00e4ftigen sich mit der Funktionsweise von Getrieben. Frau Kammerer und Herr Butterer zeichnen f\u00fcr die Zusammenarbeit verantwortlich.<\/p>\n<p>Am Mittwoch, den 17. Februar 2016 fand ein Treffen mit Vertretern aller Kooperationspartner statt. Frau Auer vom KIT, Herr Fauth und Herr Schillo von der Fa. SEW-EURODRIVE, Herr G\u00e4rtner vom Caritasverband, Frau J\u00e4ger, Volksbank Bruchsal-Bretten, Frau Kutscha, Sparkasse Kraichgau, und Herr Krau\u00df als Vertreter des Institutsbereichs Ausbildung der Polizei in Bruchsal sprachen in Anwesenheit von Frau Herzog, IHK Karlsruhe, \u00fcber bisherige und k\u00fcnftige Aktivit\u00e4ten und Formen der erfolgreichen Zusammenarbeit.<\/p>\n<\/p><\/div>\n<\/p><\/div>\n<p><\/br><br \/>\n<em>Text: Ga (April 2016)<br \/>\nFoto: Eh (Juli 2017)<\/em><\/p>\n<hr>\n","protected":false},"excerpt":{"rendered":"<p>Seit vielen Jahren ist die Zusammenarbeit des Justus-Knecht-Gymnasiums mit au\u00dferschulischen Partnern sehr vielf\u00e4ltig. Sie erweitert die M\u00f6glichkeiten bei der Gestaltung von Unterricht, bei au\u00dferunterrichtlichen Veranstaltungen und vielen Aktivit\u00e4ten in und um die Schule. Nachdem die Industrie- und Handelskammer Karlsruhe mit ihrem damaligen Pr\u00e4sidenten Bernd Bechtold die Kampagne \u201eWirtschaft macht Schule\u201c ins Leben gerufen hatte, entstand [&hellip;]<\/p>\n","protected":false},"author":2,"featured_media":0,"parent":41,"menu_order":110,"comment_status":"open","ping_status":"open","template":"","meta":{"footnotes":""},"class_list":["post-91","page","type-page","status-publish","hentry"],"_links":{"self":[{"href":"https:\/\/www.jkg-bruchsal.de\/index.php?rest_route=\/wp\/v2\/pages\/91","targetHints":{"allow":["GET"]}}],"collection":[{"href":"https:\/\/www.jkg-bruchsal.de\/index.php?rest_route=\/wp\/v2\/pages"}],"about":[{"href":"https:\/\/www.jkg-bruchsal.de\/index.php?rest_route=\/wp\/v2\/types\/page"}],"author":[{"embeddable":true,"href":"https:\/\/www.jkg-bruchsal.de\/index.php?rest_route=\/wp\/v2\/users\/2"}],"replies":[{"embeddable":true,"href":"https:\/\/www.jkg-bruchsal.de\/index.php?rest_route=%2Fwp%2Fv2%2Fcomments&post=91"}],"version-history":[{"count":1,"href":"https:\/\/www.jkg-bruchsal.de\/index.php?rest_route=\/wp\/v2\/pages\/91\/revisions"}],"predecessor-version":[{"id":16586,"href":"https:\/\/www.jkg-bruchsal.de\/index.php?rest_route=\/wp\/v2\/pages\/91\/revisions\/16586"}],"up":[{"embeddable":true,"href":"https:\/\/www.jkg-bruchsal.de\/index.php?rest_route=\/wp\/v2\/pages\/41"}],"wp:attachment":[{"href":"https:\/\/www.jkg-bruchsal.de\/index.php?rest_route=%2Fwp%2Fv2%2Fmedia&parent=91"}],"curies":[{"name":"wp","href":"https:\/\/api.w.org\/{rel}","templated":true}]}}