{"id":93,"date":"2015-07-17T14:27:23","date_gmt":"2015-07-17T12:27:23","guid":{"rendered":"http:\/\/www.jkg-bruchsal.de\/wordpress\/?page_id=93"},"modified":"2016-08-23T21:35:05","modified_gmt":"2016-08-23T19:35:05","slug":"ehemalige","status":"publish","type":"page","link":"https:\/\/www.jkg-bruchsal.de\/?page_id=93","title":{"rendered":"Ehemalige"},"content":{"rendered":"<ul class=\"nav nav-tabs nav-justified\">\n<li role=\"presentation\" class=\"active\"><a href=\"#\">Abiturjahrg\u00e4nge<\/a><\/li>\n<li role=\"presentation\"><a href=\"#Kontakte zu Ehemaligen\">Kontakte zu Ehemaligen<\/a><\/li>\n<li role=\"presentation\"><a href=\"#Abi-Mottos\">Abi-Mottos<\/a><\/li>\n<\/ul>\n<div class=\"nav-rule\">\n<hr>\n<\/div>\n<h3><a name=\"Abiturjahrg\u00e4nge\"><\/a>Abiturjahrg\u00e4nge<\/h3>\n<figure>\n  <a href=\"https:\/\/www.jkg-bruchsal.de\/wordpress\/inhalte\/uploads\/2015\/07\/AbiturientInnen-am-JKG.jpg\" data-rel=\"lightbox-image-0\" data-rl_title=\"\" data-rl_caption=\"\" title=\"\"><img decoding=\"async\" class=\"img-responsive\" src=\"https:\/\/www.jkg-bruchsal.de\/wordpress\/inhalte\/uploads\/2015\/07\/AbiturientInnen-am-JKG.jpg\" alt=\"AbiturientInnen am JKG\" \/><\/a><figcaption>\n    Anzahl der AbiturientInnen am JKG von 1913 bis 2014 (Zusammenstellung: Florian Jung; Grafische Darstellung: Sch\u00fclerInnen der 8. Klasse im Rahmen des ITG-Unterrichts)<br \/>\n  <\/figcaption><\/figure>\n<p>Weitere Infos: <a href=\"https:\/\/www.jkg-bruchsal.de\/wordpress\/inhalte\/uploads\/2015\/07\/JKG-Abiturienten-Jahrg\u00e4nge.pdf\" target=\"_blank\">AbiturientInnen-Jahrg\u00e4nge und Verweise zu den Textstellen im Jahresbericht (PDF)<\/a><\/p>\n<p><\/br><\/p>\n<hr>\n<h3><a name=\"Kontakte zu Ehemaligen\"><\/a>Kontakte zu Ehemaligen<\/h3>\n<div class=\"table-responsive\">\n<table class=\"table table-hover table-striped table-bordered table-jkg\">\n<thead>\n<tr>\n<th>Jahrgang<\/th>\n<th>Kontaktperson<\/th>\n<th>Kontaktadresse<\/th>\n<\/tr>\n<\/thead>\n<tbody>\n<tr>\n<td>Abitur 1983<\/td>\n<td>Ulrich Koch<\/td>\n<td>uli.koch@gmx.de<\/td>\n<\/tr>\n<tr>\n<td>Abitur 1993<\/td>\n<td>Volker Sengler<\/td>\n<td><a href=\"http:\/\/www.abi-93-jkg.de\" target=\"_blank\">Website des Jahrgangs 1993 (externer Link)<\/a><\/td>\n<\/tr>\n<\/tbody>\n<\/table>\n<\/div>\n<p><a href=\"http:\/\/www.freundeskreis-jkg.de\/\" target=\"_blank\">Freundeskreis des Justus-Knecht-Gymnasiums (externer Link)<\/a><\/p>\n<p><\/br><\/p>\n<hr>\n<h3><a name=\"Abi-Mottos\"><\/a>Abi-Mottos<\/h3>\n<div id=\"myCarouselAbi\" class=\"carousel slide\" data-ride=\"carousel\">\n  <!-- Indicators --><\/p>\n<ol class=\"carousel-indicators\">\n<li data-target=\"#myCarouselAbi\" data-slide-to=\"0\" class=\"active\"><\/li>\n<li data-target=\"#myCarouselAbi\" data-slide-to=\"1\"><\/li>\n<li data-target=\"#myCarouselAbi\" data-slide-to=\"2\"><\/li>\n<li data-target=\"#myCarouselAbi\" data-slide-to=\"3\"><\/li>\n<li data-target=\"#myCarouselAbi\" data-slide-to=\"4\"><\/li>\n<li data-target=\"#myCarouselAbi\" data-slide-to=\"5\"><\/li>\n<li data-target=\"#myCarouselAbi\" data-slide-to=\"6\"><\/li>\n<\/ol>\n<p>  <!-- Wrapper for slides --><\/p>\n<div class=\"carousel-inner\" role=\"listbox\">\n<div class=\"item active\">\n      <a href=\"https:\/\/www.jkg-bruchsal.de\/wordpress\/inhalte\/uploads\/2015\/07\/Abi-1994.jpg\" data-rel=\"lightbox-image-1\" data-rl_title=\"\" data-rl_caption=\"\" title=\"\"><img decoding=\"async\" class=\"img-responsive\" src=\"https:\/\/www.jkg-bruchsal.de\/wordpress\/inhalte\/uploads\/2015\/07\/Abi-1994.jpg\" alt=\"Abitur 1994\" \/><\/a>\n    <\/div>\n<div class=\"item\">\n      <a href=\"https:\/\/www.jkg-bruchsal.de\/wordpress\/inhalte\/uploads\/2015\/07\/Abi-1995.jpg\" data-rel=\"lightbox-image-2\" data-rl_title=\"\" data-rl_caption=\"\" title=\"\"><img decoding=\"async\" class=\"img-responsive\" src=\"https:\/\/www.jkg-bruchsal.de\/wordpress\/inhalte\/uploads\/2015\/07\/Abi-1995.jpg\" alt=\"Abitur 1995\" \/><\/a>\n    <\/div>\n<div class=\"item\">\n      <a href=\"https:\/\/www.jkg-bruchsal.de\/wordpress\/inhalte\/uploads\/2015\/07\/Abi-1998.jpg\" data-rel=\"lightbox-image-3\" data-rl_title=\"\" data-rl_caption=\"\" title=\"\"><img decoding=\"async\" class=\"img-responsive\" src=\"https:\/\/www.jkg-bruchsal.de\/wordpress\/inhalte\/uploads\/2015\/07\/Abi-1998.jpg\" alt=\"Abitur 1998\" \/><\/a>\n    <\/div>\n<div class=\"item\">\n      <a href=\"https:\/\/www.jkg-bruchsal.de\/wordpress\/inhalte\/uploads\/2015\/07\/Abi-2005.jpg\" data-rel=\"lightbox-image-4\" data-rl_title=\"\" data-rl_caption=\"\" title=\"\"><img decoding=\"async\" class=\"img-responsive\" src=\"https:\/\/www.jkg-bruchsal.de\/wordpress\/inhalte\/uploads\/2015\/07\/Abi-2005.jpg\" alt=\"Abitur 2005\" \/><\/a>\n    <\/div>\n<div class=\"item\">\n      <a href=\"https:\/\/www.jkg-bruchsal.de\/wordpress\/inhalte\/uploads\/2015\/07\/Abi-2008.jpg\" data-rel=\"lightbox-image-5\" data-rl_title=\"\" data-rl_caption=\"\" title=\"\"><img decoding=\"async\" class=\"img-responsive\" src=\"https:\/\/www.jkg-bruchsal.de\/wordpress\/inhalte\/uploads\/2015\/07\/Abi-2008.jpg\" alt=\"Abitur 2008\" \/><\/a>\n    <\/div>\n<div class=\"item\">\n      <a href=\"https:\/\/www.jkg-bruchsal.de\/wordpress\/inhalte\/uploads\/2015\/07\/Abi-2010.jpg\" data-rel=\"lightbox-image-6\" data-rl_title=\"\" data-rl_caption=\"\" title=\"\"><img decoding=\"async\" class=\"img-responsive\" src=\"https:\/\/www.jkg-bruchsal.de\/wordpress\/inhalte\/uploads\/2015\/07\/Abi-2010.jpg\" alt=\"Abitur 2010 (1)\" \/><\/a>\n    <\/div>\n<div class=\"item\">\n      <a href=\"https:\/\/www.jkg-bruchsal.de\/wordpress\/inhalte\/uploads\/2015\/07\/Abison-Crusoe.jpg\" data-rel=\"lightbox-image-7\" data-rl_title=\"\" data-rl_caption=\"\" title=\"\"><img decoding=\"async\" class=\"img-responsive\" src=\"https:\/\/www.jkg-bruchsal.de\/wordpress\/inhalte\/uploads\/2015\/07\/Abison-Crusoe.jpg\" alt=\"Abitur 2010 (2)\" \/><\/a>\n    <\/div>\n<\/p><\/div>\n<p>  <!-- Left and right controls --><br \/>\n  <a class=\"left carousel-control\" href=\"#myCarouselAbi\" role=\"button\" data-slide=\"prev\"><br \/>\n    <span class=\"glyphicon glyphicon-chevron-left\"><\/span><br \/>\n  <\/a><br \/>\n  <a class=\"right carousel-control\" href=\"#myCarouselAbi\" role=\"button\" data-slide=\"next\"><br \/>\n    <span class=\"glyphicon glyphicon-chevron-right\"><\/span><br \/>\n  <\/a>\n<\/div>\n<p><em>Fotos: Kow (2015)<\/em><\/p>\n","protected":false},"excerpt":{"rendered":"<p>Abiturjahrg\u00e4nge Kontakte zu Ehemaligen Abi-Mottos Abiturjahrg\u00e4nge Anzahl der AbiturientInnen am JKG von 1913 bis 2014 (Zusammenstellung: Florian Jung; Grafische Darstellung: Sch\u00fclerInnen der 8. Klasse im Rahmen des ITG-Unterrichts) Weitere Infos: AbiturientInnen-Jahrg\u00e4nge und Verweise zu den Textstellen im Jahresbericht (PDF) Kontakte zu Ehemaligen Jahrgang Kontaktperson Kontaktadresse Abitur 1983 Ulrich Koch uli.koch@gmx.de Abitur 1993 Volker Sengler Website [&hellip;]<\/p>\n","protected":false},"author":2,"featured_media":0,"parent":41,"menu_order":120,"comment_status":"open","ping_status":"open","template":"","meta":{"footnotes":""},"class_list":["post-93","page","type-page","status-publish","hentry"],"_links":{"self":[{"href":"https:\/\/www.jkg-bruchsal.de\/index.php?rest_route=\/wp\/v2\/pages\/93","targetHints":{"allow":["GET"]}}],"collection":[{"href":"https:\/\/www.jkg-bruchsal.de\/index.php?rest_route=\/wp\/v2\/pages"}],"about":[{"href":"https:\/\/www.jkg-bruchsal.de\/index.php?rest_route=\/wp\/v2\/types\/page"}],"author":[{"embeddable":true,"href":"https:\/\/www.jkg-bruchsal.de\/index.php?rest_route=\/wp\/v2\/users\/2"}],"replies":[{"embeddable":true,"href":"https:\/\/www.jkg-bruchsal.de\/index.php?rest_route=%2Fwp%2Fv2%2Fcomments&post=93"}],"version-history":[{"count":0,"href":"https:\/\/www.jkg-bruchsal.de\/index.php?rest_route=\/wp\/v2\/pages\/93\/revisions"}],"up":[{"embeddable":true,"href":"https:\/\/www.jkg-bruchsal.de\/index.php?rest_route=\/wp\/v2\/pages\/41"}],"wp:attachment":[{"href":"https:\/\/www.jkg-bruchsal.de\/index.php?rest_route=%2Fwp%2Fv2%2Fmedia&parent=93"}],"curies":[{"name":"wp","href":"https:\/\/api.w.org\/{rel}","templated":true}]}}